{"id":16784,"date":"2021-09-08T21:50:55","date_gmt":"2021-09-08T18:50:55","guid":{"rendered":"https:\/\/obender.eu\/?post_type=product&#038;p=16784"},"modified":"2026-04-22T10:00:49","modified_gmt":"2026-04-22T07:00:49","slug":"pealamp-entac-10w-li-ion-sensor-punane-led","status":"publish","type":"product","link":"https:\/\/obender.eu\/en\/toode\/pealamp-entac-10w-li-ion-sensor-punane-led\/","title":{"rendered":"Headlight Entac 10W Li-ion + motion sensor + red LED"},"content":{"rendered":"<p>Headlight Entac EHL-ZH-10W-R<\/p>\n<p>10W Li-ion + motion sensor + red LED<\/p>\n<p>Zoomable headlamp Entac with motion sensor<\/p>\n<p>Light source: 10W XHP50 LED 1200lm<\/p>\n<p>Beam range: 300m<\/p>\n<p>2x red LED&#8217;s<\/p>\n<p>Resistance class IP65<\/p>\n<p>Built-in battery Li-ion 2200mAh and Micro USB charging cable<\/p>\n","protected":false},"excerpt":{"rendered":"<p>Headlight Entac EHL-ZH-10W-R 10W Li-ion + motion sensor + red LED Zoomable headlamp Entac with motion sensor Light source: 10W<\/p>\n","protected":false},"featured_media":16792,"template":"","meta":[],"product_brand":[],"product_cat":[320],"product_tag":[603,624,625],"class_list":{"0":"post-16784","1":"product","2":"type-product","3":"status-publish","4":"has-post-thumbnail","6":"product_cat-headlamps","7":"product_tag-entac-en","8":"product_tag-headlamp","9":"product_tag-pealamp","11":"first","12":"instock","13":"taxable","14":"shipping-taxable","15":"purchasable","16":"product-type-simple"},"yoast_head":"<!-- This site is optimized with the Yoast SEO Premium plugin v20.0 (Yoast SEO v27.4) - https:\/\/yoast.com\/product\/yoast-seo-premium-wordpress\/ -->\n<title>Headlight Entac 10W Li-ion + motion sensor + red LED - Obender<\/title>\n<meta name=\"robots\" content=\"index, follow, max-snippet:-1, max-image-preview:large, max-video-preview:-1\" \/>\n<link rel=\"canonical\" href=\"https:\/\/obender.eu\/en\/toode\/pealamp-entac-10w-li-ion-sensor-punane-led\/\" \/>\n<meta property=\"og:locale\" content=\"en_US\" \/>\n<meta property=\"og:type\" content=\"article\" \/>\n<meta property=\"og:title\" content=\"Headlight Entac 10W Li-ion + motion sensor + red LED\" \/>\n<meta property=\"og:description\" content=\"Headlight Entac EHL-ZH-10W-R 10W Li-ion + motion sensor + red LED Zoomable headlamp Entac with motion sensor Light source: 10W\" \/>\n<meta property=\"og:url\" content=\"https:\/\/obender.eu\/en\/toode\/pealamp-entac-10w-li-ion-sensor-punane-led\/\" \/>\n<meta property=\"og:site_name\" content=\"Obender\" \/>\n<meta property=\"article:modified_time\" content=\"2026-04-22T07:00:49+00:00\" \/>\n<meta property=\"og:image\" content=\"https:\/\/obender.eu\/wp-content\/uploads\/2021\/09\/5999097984346.jpg\" \/>\n\t<meta property=\"og:image:width\" content=\"578\" \/>\n\t<meta property=\"og:image:height\" content=\"500\" \/>\n\t<meta property=\"og:image:type\" content=\"image\/jpeg\" \/>\n<meta name=\"twitter:card\" content=\"summary_large_image\" \/>\n<meta name=\"twitter:label1\" content=\"Est. reading time\" \/>\n\t<meta name=\"twitter:data1\" content=\"1 minute\" \/>\n<script type=\"application\/ld+json\" class=\"yoast-schema-graph\">{\"@context\":\"https:\\\/\\\/schema.org\",\"@graph\":[{\"@type\":\"WebPage\",\"@id\":\"https:\\\/\\\/obender.eu\\\/en\\\/toode\\\/pealamp-entac-10w-li-ion-sensor-punane-led\\\/\",\"url\":\"https:\\\/\\\/obender.eu\\\/en\\\/toode\\\/pealamp-entac-10w-li-ion-sensor-punane-led\\\/\",\"name\":\"Headlight Entac 10W Li-ion + motion sensor + red LED - Obender\",\"isPartOf\":{\"@id\":\"https:\\\/\\\/www.obender.eu\\\/#website\"},\"primaryImageOfPage\":{\"@id\":\"https:\\\/\\\/obender.eu\\\/en\\\/toode\\\/pealamp-entac-10w-li-ion-sensor-punane-led\\\/#primaryimage\"},\"image\":{\"@id\":\"https:\\\/\\\/obender.eu\\\/en\\\/toode\\\/pealamp-entac-10w-li-ion-sensor-punane-led\\\/#primaryimage\"},\"thumbnailUrl\":\"https:\\\/\\\/obender.eu\\\/wp-content\\\/uploads\\\/2021\\\/09\\\/5999097984346.jpg\",\"datePublished\":\"2021-09-08T18:50:55+00:00\",\"dateModified\":\"2026-04-22T07:00:49+00:00\",\"breadcrumb\":{\"@id\":\"https:\\\/\\\/obender.eu\\\/en\\\/toode\\\/pealamp-entac-10w-li-ion-sensor-punane-led\\\/#breadcrumb\"},\"inLanguage\":\"en-US\",\"potentialAction\":[{\"@type\":\"ReadAction\",\"target\":[\"https:\\\/\\\/obender.eu\\\/en\\\/toode\\\/pealamp-entac-10w-li-ion-sensor-punane-led\\\/\"]}]},{\"@type\":\"ImageObject\",\"inLanguage\":\"en-US\",\"@id\":\"https:\\\/\\\/obender.eu\\\/en\\\/toode\\\/pealamp-entac-10w-li-ion-sensor-punane-led\\\/#primaryimage\",\"url\":\"https:\\\/\\\/obender.eu\\\/wp-content\\\/uploads\\\/2021\\\/09\\\/5999097984346.jpg\",\"contentUrl\":\"https:\\\/\\\/obender.eu\\\/wp-content\\\/uploads\\\/2021\\\/09\\\/5999097984346.jpg\",\"width\":578,\"height\":500},{\"@type\":\"BreadcrumbList\",\"@id\":\"https:\\\/\\\/obender.eu\\\/en\\\/toode\\\/pealamp-entac-10w-li-ion-sensor-punane-led\\\/#breadcrumb\",\"itemListElement\":[{\"@type\":\"ListItem\",\"position\":1,\"name\":\"Home\",\"item\":\"https:\\\/\\\/obender.eu\\\/en\\\/\"},{\"@type\":\"ListItem\",\"position\":2,\"name\":\"Tooted\",\"item\":\"https:\\\/\\\/www.obender.eu\\\/tooted\\\/\"},{\"@type\":\"ListItem\",\"position\":3,\"name\":\"Headlight Entac 10W Li-ion + motion sensor + red LED\"}]},{\"@type\":\"WebSite\",\"@id\":\"https:\\\/\\\/www.obender.eu\\\/#website\",\"url\":\"https:\\\/\\\/www.obender.eu\\\/\",\"name\":\"Obender\",\"description\":\"T\u00f6\u00f6stuskaupade hulgim\u00fc\u00fck\",\"potentialAction\":[{\"@type\":\"SearchAction\",\"target\":{\"@type\":\"EntryPoint\",\"urlTemplate\":\"https:\\\/\\\/www.obender.eu\\\/?s={search_term_string}\"},\"query-input\":{\"@type\":\"PropertyValueSpecification\",\"valueRequired\":true,\"valueName\":\"search_term_string\"}}],\"inLanguage\":\"en-US\"}]}<\/script>\n<!-- \/ Yoast SEO Premium plugin. -->","yoast_head_json":{"title":"Headlight Entac 10W Li-ion + motion sensor + red LED - Obender","robots":{"index":"index","follow":"follow","max-snippet":"max-snippet:-1","max-image-preview":"max-image-preview:large","max-video-preview":"max-video-preview:-1"},"canonical":"https:\/\/obender.eu\/en\/toode\/pealamp-entac-10w-li-ion-sensor-punane-led\/","og_locale":"en_US","og_type":"article","og_title":"Headlight Entac 10W Li-ion + motion sensor + red LED","og_description":"Headlight Entac EHL-ZH-10W-R 10W Li-ion + motion sensor + red LED Zoomable headlamp Entac with motion sensor Light source: 10W","og_url":"https:\/\/obender.eu\/en\/toode\/pealamp-entac-10w-li-ion-sensor-punane-led\/","og_site_name":"Obender","article_modified_time":"2026-04-22T07:00:49+00:00","og_image":[{"width":578,"height":500,"url":"https:\/\/obender.eu\/wp-content\/uploads\/2021\/09\/5999097984346.jpg","type":"image\/jpeg"}],"twitter_card":"summary_large_image","twitter_misc":{"Est. reading time":"1 minute"},"schema":{"@context":"https:\/\/schema.org","@graph":[{"@type":"WebPage","@id":"https:\/\/obender.eu\/en\/toode\/pealamp-entac-10w-li-ion-sensor-punane-led\/","url":"https:\/\/obender.eu\/en\/toode\/pealamp-entac-10w-li-ion-sensor-punane-led\/","name":"Headlight Entac 10W Li-ion + motion sensor + red LED - Obender","isPartOf":{"@id":"https:\/\/www.obender.eu\/#website"},"primaryImageOfPage":{"@id":"https:\/\/obender.eu\/en\/toode\/pealamp-entac-10w-li-ion-sensor-punane-led\/#primaryimage"},"image":{"@id":"https:\/\/obender.eu\/en\/toode\/pealamp-entac-10w-li-ion-sensor-punane-led\/#primaryimage"},"thumbnailUrl":"https:\/\/obender.eu\/wp-content\/uploads\/2021\/09\/5999097984346.jpg","datePublished":"2021-09-08T18:50:55+00:00","dateModified":"2026-04-22T07:00:49+00:00","breadcrumb":{"@id":"https:\/\/obender.eu\/en\/toode\/pealamp-entac-10w-li-ion-sensor-punane-led\/#breadcrumb"},"inLanguage":"en-US","potentialAction":[{"@type":"ReadAction","target":["https:\/\/obender.eu\/en\/toode\/pealamp-entac-10w-li-ion-sensor-punane-led\/"]}]},{"@type":"ImageObject","inLanguage":"en-US","@id":"https:\/\/obender.eu\/en\/toode\/pealamp-entac-10w-li-ion-sensor-punane-led\/#primaryimage","url":"https:\/\/obender.eu\/wp-content\/uploads\/2021\/09\/5999097984346.jpg","contentUrl":"https:\/\/obender.eu\/wp-content\/uploads\/2021\/09\/5999097984346.jpg","width":578,"height":500},{"@type":"BreadcrumbList","@id":"https:\/\/obender.eu\/en\/toode\/pealamp-entac-10w-li-ion-sensor-punane-led\/#breadcrumb","itemListElement":[{"@type":"ListItem","position":1,"name":"Home","item":"https:\/\/obender.eu\/en\/"},{"@type":"ListItem","position":2,"name":"Tooted","item":"https:\/\/www.obender.eu\/tooted\/"},{"@type":"ListItem","position":3,"name":"Headlight Entac 10W Li-ion + motion sensor + red LED"}]},{"@type":"WebSite","@id":"https:\/\/www.obender.eu\/#website","url":"https:\/\/www.obender.eu\/","name":"Obender","description":"T\u00f6\u00f6stuskaupade hulgim\u00fc\u00fck","potentialAction":[{"@type":"SearchAction","target":{"@type":"EntryPoint","urlTemplate":"https:\/\/www.obender.eu\/?s={search_term_string}"},"query-input":{"@type":"PropertyValueSpecification","valueRequired":true,"valueName":"search_term_string"}}],"inLanguage":"en-US"}]}},"_links":{"self":[{"href":"https:\/\/obender.eu\/en\/wp-json\/wp\/v2\/product\/16784","targetHints":{"allow":["GET"]}}],"collection":[{"href":"https:\/\/obender.eu\/en\/wp-json\/wp\/v2\/product"}],"about":[{"href":"https:\/\/obender.eu\/en\/wp-json\/wp\/v2\/types\/product"}],"version-history":[{"count":5,"href":"https:\/\/obender.eu\/en\/wp-json\/wp\/v2\/product\/16784\/revisions"}],"predecessor-version":[{"id":29607,"href":"https:\/\/obender.eu\/en\/wp-json\/wp\/v2\/product\/16784\/revisions\/29607"}],"wp:featuredmedia":[{"embeddable":true,"href":"https:\/\/obender.eu\/en\/wp-json\/wp\/v2\/media\/16792"}],"wp:attachment":[{"href":"https:\/\/obender.eu\/en\/wp-json\/wp\/v2\/media?parent=16784"}],"wp:term":[{"taxonomy":"product_brand","embeddable":true,"href":"https:\/\/obender.eu\/en\/wp-json\/wp\/v2\/product_brand?post=16784"},{"taxonomy":"product_cat","embeddable":true,"href":"https:\/\/obender.eu\/en\/wp-json\/wp\/v2\/product_cat?post=16784"},{"taxonomy":"product_tag","embeddable":true,"href":"https:\/\/obender.eu\/en\/wp-json\/wp\/v2\/product_tag?post=16784"}],"curies":[{"name":"wp","href":"https:\/\/api.w.org\/{rel}","templated":true}]}}