{"id":16801,"date":"2021-09-08T22:26:17","date_gmt":"2021-09-08T19:26:17","guid":{"rendered":"https:\/\/obender.eu\/toode\/usb-kaabel-emos-sm7006w-10m-micro-usb\/"},"modified":"2026-05-03T05:01:22","modified_gmt":"2026-05-03T02:01:22","slug":"usb-kaabel-emos-sm7006w-10m-micro-usb","status":"publish","type":"product","link":"https:\/\/obender.eu\/en\/toode\/usb-kaabel-emos-sm7006w-10m-micro-usb\/","title":{"rendered":"Data cable Benson 1,0m USB-A Micro USB"},"content":{"rendered":"<p>Data cable Benson 1,0m USB-A Micro USB<\/p>\n<p>EAN: 8720195791638<\/p>\n<p>USB 2.1<\/p>\n<p>Data transfer rate 480 MBit\/s<\/p>\n","protected":false},"excerpt":{"rendered":"<p>Data cable Benson 1,0m USB-A Micro USB EAN: 8720195791638 USB 2.1 Data transfer rate 480 MBit\/s<\/p>\n","protected":false},"featured_media":23617,"template":"","meta":[],"product_brand":[],"product_cat":[299,393],"product_tag":[505,540,500,1248],"class_list":{"0":"post-16801","1":"product","2":"type-product","3":"status-publish","4":"has-post-thumbnail","6":"product_cat-phone-holders-and-chargers","7":"product_cat-smartphone-cables","8":"product_tag-benson-en","9":"product_tag-data-cable-2-en","10":"product_tag-data-cable","11":"product_tag-datakaabel-en","13":"first","14":"instock","15":"sold-individually","16":"taxable","17":"shipping-taxable","18":"purchasable","19":"product-type-simple"},"yoast_head":"<!-- This site is optimized with the Yoast SEO Premium plugin v20.0 (Yoast SEO v27.5) - https:\/\/yoast.com\/product\/yoast-seo-premium-wordpress\/ -->\n<title>Data cable Benson 1,0m USB-A Micro USB - Obender<\/title>\n<meta name=\"robots\" content=\"index, follow, max-snippet:-1, max-image-preview:large, max-video-preview:-1\" \/>\n<link rel=\"canonical\" href=\"https:\/\/obender.eu\/en\/toode\/usb-kaabel-emos-sm7006w-10m-micro-usb\/\" \/>\n<meta property=\"og:locale\" content=\"en_US\" \/>\n<meta property=\"og:type\" content=\"article\" \/>\n<meta property=\"og:title\" content=\"Data cable Benson 1,0m USB-A Micro USB\" \/>\n<meta property=\"og:description\" content=\"Data cable Benson 1,0m USB-A Micro USB EAN: 8720195791638 USB 2.1 Data transfer rate 480 MBit\/s\" \/>\n<meta property=\"og:url\" content=\"https:\/\/obender.eu\/en\/toode\/usb-kaabel-emos-sm7006w-10m-micro-usb\/\" \/>\n<meta property=\"og:site_name\" content=\"Obender\" \/>\n<meta property=\"article:modified_time\" content=\"2026-05-03T02:01:22+00:00\" \/>\n<meta property=\"og:image\" content=\"https:\/\/obender.eu\/wp-content\/uploads\/2021\/09\/8720195791638.jpg\" \/>\n\t<meta property=\"og:image:width\" content=\"1000\" \/>\n\t<meta property=\"og:image:height\" content=\"1000\" \/>\n\t<meta property=\"og:image:type\" content=\"image\/jpeg\" \/>\n<meta name=\"twitter:card\" content=\"summary_large_image\" \/>\n<meta name=\"twitter:label1\" content=\"Est. reading time\" \/>\n\t<meta name=\"twitter:data1\" content=\"1 minute\" \/>\n<script type=\"application\/ld+json\" class=\"yoast-schema-graph\">{\"@context\":\"https:\\\/\\\/schema.org\",\"@graph\":[{\"@type\":\"WebPage\",\"@id\":\"https:\\\/\\\/obender.eu\\\/en\\\/toode\\\/usb-kaabel-emos-sm7006w-10m-micro-usb\\\/\",\"url\":\"https:\\\/\\\/obender.eu\\\/en\\\/toode\\\/usb-kaabel-emos-sm7006w-10m-micro-usb\\\/\",\"name\":\"Data cable Benson 1,0m USB-A Micro USB - Obender\",\"isPartOf\":{\"@id\":\"https:\\\/\\\/www.obender.eu\\\/#website\"},\"primaryImageOfPage\":{\"@id\":\"https:\\\/\\\/obender.eu\\\/en\\\/toode\\\/usb-kaabel-emos-sm7006w-10m-micro-usb\\\/#primaryimage\"},\"image\":{\"@id\":\"https:\\\/\\\/obender.eu\\\/en\\\/toode\\\/usb-kaabel-emos-sm7006w-10m-micro-usb\\\/#primaryimage\"},\"thumbnailUrl\":\"https:\\\/\\\/obender.eu\\\/wp-content\\\/uploads\\\/2021\\\/09\\\/8720195791638.jpg\",\"datePublished\":\"2021-09-08T19:26:17+00:00\",\"dateModified\":\"2026-05-03T02:01:22+00:00\",\"breadcrumb\":{\"@id\":\"https:\\\/\\\/obender.eu\\\/en\\\/toode\\\/usb-kaabel-emos-sm7006w-10m-micro-usb\\\/#breadcrumb\"},\"inLanguage\":\"en-US\",\"potentialAction\":[{\"@type\":\"ReadAction\",\"target\":[\"https:\\\/\\\/obender.eu\\\/en\\\/toode\\\/usb-kaabel-emos-sm7006w-10m-micro-usb\\\/\"]}]},{\"@type\":\"ImageObject\",\"inLanguage\":\"en-US\",\"@id\":\"https:\\\/\\\/obender.eu\\\/en\\\/toode\\\/usb-kaabel-emos-sm7006w-10m-micro-usb\\\/#primaryimage\",\"url\":\"https:\\\/\\\/obender.eu\\\/wp-content\\\/uploads\\\/2021\\\/09\\\/8720195791638.jpg\",\"contentUrl\":\"https:\\\/\\\/obender.eu\\\/wp-content\\\/uploads\\\/2021\\\/09\\\/8720195791638.jpg\",\"width\":1000,\"height\":1000},{\"@type\":\"BreadcrumbList\",\"@id\":\"https:\\\/\\\/obender.eu\\\/en\\\/toode\\\/usb-kaabel-emos-sm7006w-10m-micro-usb\\\/#breadcrumb\",\"itemListElement\":[{\"@type\":\"ListItem\",\"position\":1,\"name\":\"Home\",\"item\":\"https:\\\/\\\/obender.eu\\\/en\\\/\"},{\"@type\":\"ListItem\",\"position\":2,\"name\":\"Tooted\",\"item\":\"https:\\\/\\\/www.obender.eu\\\/tooted\\\/\"},{\"@type\":\"ListItem\",\"position\":3,\"name\":\"Data cable Benson 1,0m USB-A Micro USB\"}]},{\"@type\":\"WebSite\",\"@id\":\"https:\\\/\\\/www.obender.eu\\\/#website\",\"url\":\"https:\\\/\\\/www.obender.eu\\\/\",\"name\":\"Obender\",\"description\":\"T\u00f6\u00f6stuskaupade hulgim\u00fc\u00fck\",\"potentialAction\":[{\"@type\":\"SearchAction\",\"target\":{\"@type\":\"EntryPoint\",\"urlTemplate\":\"https:\\\/\\\/www.obender.eu\\\/?s={search_term_string}\"},\"query-input\":{\"@type\":\"PropertyValueSpecification\",\"valueRequired\":true,\"valueName\":\"search_term_string\"}}],\"inLanguage\":\"en-US\"}]}<\/script>\n<!-- \/ Yoast SEO Premium plugin. -->","yoast_head_json":{"title":"Data cable Benson 1,0m USB-A Micro USB - Obender","robots":{"index":"index","follow":"follow","max-snippet":"max-snippet:-1","max-image-preview":"max-image-preview:large","max-video-preview":"max-video-preview:-1"},"canonical":"https:\/\/obender.eu\/en\/toode\/usb-kaabel-emos-sm7006w-10m-micro-usb\/","og_locale":"en_US","og_type":"article","og_title":"Data cable Benson 1,0m USB-A Micro USB","og_description":"Data cable Benson 1,0m USB-A Micro USB EAN: 8720195791638 USB 2.1 Data transfer rate 480 MBit\/s","og_url":"https:\/\/obender.eu\/en\/toode\/usb-kaabel-emos-sm7006w-10m-micro-usb\/","og_site_name":"Obender","article_modified_time":"2026-05-03T02:01:22+00:00","og_image":[{"width":1000,"height":1000,"url":"https:\/\/obender.eu\/wp-content\/uploads\/2021\/09\/8720195791638.jpg","type":"image\/jpeg"}],"twitter_card":"summary_large_image","twitter_misc":{"Est. reading time":"1 minute"},"schema":{"@context":"https:\/\/schema.org","@graph":[{"@type":"WebPage","@id":"https:\/\/obender.eu\/en\/toode\/usb-kaabel-emos-sm7006w-10m-micro-usb\/","url":"https:\/\/obender.eu\/en\/toode\/usb-kaabel-emos-sm7006w-10m-micro-usb\/","name":"Data cable Benson 1,0m USB-A Micro USB - Obender","isPartOf":{"@id":"https:\/\/www.obender.eu\/#website"},"primaryImageOfPage":{"@id":"https:\/\/obender.eu\/en\/toode\/usb-kaabel-emos-sm7006w-10m-micro-usb\/#primaryimage"},"image":{"@id":"https:\/\/obender.eu\/en\/toode\/usb-kaabel-emos-sm7006w-10m-micro-usb\/#primaryimage"},"thumbnailUrl":"https:\/\/obender.eu\/wp-content\/uploads\/2021\/09\/8720195791638.jpg","datePublished":"2021-09-08T19:26:17+00:00","dateModified":"2026-05-03T02:01:22+00:00","breadcrumb":{"@id":"https:\/\/obender.eu\/en\/toode\/usb-kaabel-emos-sm7006w-10m-micro-usb\/#breadcrumb"},"inLanguage":"en-US","potentialAction":[{"@type":"ReadAction","target":["https:\/\/obender.eu\/en\/toode\/usb-kaabel-emos-sm7006w-10m-micro-usb\/"]}]},{"@type":"ImageObject","inLanguage":"en-US","@id":"https:\/\/obender.eu\/en\/toode\/usb-kaabel-emos-sm7006w-10m-micro-usb\/#primaryimage","url":"https:\/\/obender.eu\/wp-content\/uploads\/2021\/09\/8720195791638.jpg","contentUrl":"https:\/\/obender.eu\/wp-content\/uploads\/2021\/09\/8720195791638.jpg","width":1000,"height":1000},{"@type":"BreadcrumbList","@id":"https:\/\/obender.eu\/en\/toode\/usb-kaabel-emos-sm7006w-10m-micro-usb\/#breadcrumb","itemListElement":[{"@type":"ListItem","position":1,"name":"Home","item":"https:\/\/obender.eu\/en\/"},{"@type":"ListItem","position":2,"name":"Tooted","item":"https:\/\/www.obender.eu\/tooted\/"},{"@type":"ListItem","position":3,"name":"Data cable Benson 1,0m USB-A Micro USB"}]},{"@type":"WebSite","@id":"https:\/\/www.obender.eu\/#website","url":"https:\/\/www.obender.eu\/","name":"Obender","description":"T\u00f6\u00f6stuskaupade hulgim\u00fc\u00fck","potentialAction":[{"@type":"SearchAction","target":{"@type":"EntryPoint","urlTemplate":"https:\/\/www.obender.eu\/?s={search_term_string}"},"query-input":{"@type":"PropertyValueSpecification","valueRequired":true,"valueName":"search_term_string"}}],"inLanguage":"en-US"}]}},"_links":{"self":[{"href":"https:\/\/obender.eu\/en\/wp-json\/wp\/v2\/product\/16801","targetHints":{"allow":["GET"]}}],"collection":[{"href":"https:\/\/obender.eu\/en\/wp-json\/wp\/v2\/product"}],"about":[{"href":"https:\/\/obender.eu\/en\/wp-json\/wp\/v2\/types\/product"}],"version-history":[{"count":3,"href":"https:\/\/obender.eu\/en\/wp-json\/wp\/v2\/product\/16801\/revisions"}],"predecessor-version":[{"id":23619,"href":"https:\/\/obender.eu\/en\/wp-json\/wp\/v2\/product\/16801\/revisions\/23619"}],"wp:featuredmedia":[{"embeddable":true,"href":"https:\/\/obender.eu\/en\/wp-json\/wp\/v2\/media\/23617"}],"wp:attachment":[{"href":"https:\/\/obender.eu\/en\/wp-json\/wp\/v2\/media?parent=16801"}],"wp:term":[{"taxonomy":"product_brand","embeddable":true,"href":"https:\/\/obender.eu\/en\/wp-json\/wp\/v2\/product_brand?post=16801"},{"taxonomy":"product_cat","embeddable":true,"href":"https:\/\/obender.eu\/en\/wp-json\/wp\/v2\/product_cat?post=16801"},{"taxonomy":"product_tag","embeddable":true,"href":"https:\/\/obender.eu\/en\/wp-json\/wp\/v2\/product_tag?post=16801"}],"curies":[{"name":"wp","href":"https:\/\/api.w.org\/{rel}","templated":true}]}}