{"id":17174,"date":"2022-03-14T21:15:45","date_gmt":"2022-03-14T19:15:45","guid":{"rendered":"https:\/\/obender.eu\/?post_type=product&#038;p=17174"},"modified":"2026-04-19T13:00:04","modified_gmt":"2026-04-19T10:00:04","slug":"taskulamp-entac-tactical-5w-poordpeaga","status":"publish","type":"product","link":"https:\/\/obender.eu\/en\/toode\/taskulamp-entac-tactical-5w-poordpeaga\/","title":{"rendered":"Flashlight Entac Tactical 5W with swivel head"},"content":{"rendered":"<p>Flashlight Entac EFL-90-T6-ALU<\/p>\n<p>Tactical Entac flashlight with 90\u00b0 swivel head, reinforced aluminium body.<\/p>\n<p>Flashlight is equiped with belt clip and strong magnet.<\/p>\n<p>Light source CREE XM-L T6 COB 5W LED 500lm.<\/p>\n<p>Flashlight has 4 light modes.<\/p>\n<p>IP44 resistance class<\/p>\n<p>Flashlight works with 3xAAA batteries (recommended alkaline) or can be replaced with Li-ion battery LS18650.<\/p>\n<p>Flashlight size 40*140mm.<\/p>\n<p>EAN: 5999097982069<\/p>\n","protected":false},"excerpt":{"rendered":"<p>Flashlight Entac EFL-90-T6-ALU Tactical Entac flashlight with 90\u00b0 swivel head, reinforced aluminium body. Flashlight is equiped with belt clip and<\/p>\n","protected":false},"featured_media":17147,"template":"","meta":[],"product_brand":[],"product_cat":[307,335,308],"product_tag":[603,605,604],"class_list":{"0":"post-17174","1":"product","2":"type-product","3":"status-publish","4":"has-post-thumbnail","6":"product_cat-flashlights","7":"product_cat-sports-and-leisure","8":"product_cat-industrial-luminaires","9":"product_tag-entac-en","10":"product_tag-flashlight-en","11":"product_tag-taskulamp-en","13":"first","14":"instock","15":"taxable","16":"shipping-taxable","17":"purchasable","18":"product-type-simple"},"yoast_head":"<!-- This site is optimized with the Yoast SEO Premium plugin v20.0 (Yoast SEO v27.4) - https:\/\/yoast.com\/product\/yoast-seo-premium-wordpress\/ -->\n<title>Flashlight Entac Tactical 5W with swivel head - Obender<\/title>\n<meta name=\"robots\" content=\"index, follow, max-snippet:-1, max-image-preview:large, max-video-preview:-1\" \/>\n<link rel=\"canonical\" href=\"https:\/\/obender.eu\/en\/toode\/taskulamp-entac-tactical-5w-poordpeaga\/\" \/>\n<meta property=\"og:locale\" content=\"en_US\" \/>\n<meta property=\"og:type\" content=\"article\" \/>\n<meta property=\"og:title\" content=\"Flashlight Entac Tactical 5W with swivel head\" \/>\n<meta property=\"og:description\" content=\"Flashlight Entac EFL-90-T6-ALU Tactical Entac flashlight with 90\u00b0 swivel head, reinforced aluminium body. Flashlight is equiped with belt clip and\" \/>\n<meta property=\"og:url\" content=\"https:\/\/obender.eu\/en\/toode\/taskulamp-entac-tactical-5w-poordpeaga\/\" \/>\n<meta property=\"og:site_name\" content=\"Obender\" \/>\n<meta property=\"article:modified_time\" content=\"2026-04-19T10:00:04+00:00\" \/>\n<meta property=\"og:image\" content=\"https:\/\/obender.eu\/wp-content\/uploads\/2022\/03\/5999097982069-3.jpg\" \/>\n\t<meta property=\"og:image:width\" content=\"600\" \/>\n\t<meta property=\"og:image:height\" content=\"600\" \/>\n\t<meta property=\"og:image:type\" content=\"image\/jpeg\" \/>\n<meta name=\"twitter:card\" content=\"summary_large_image\" \/>\n<meta name=\"twitter:label1\" content=\"Est. reading time\" \/>\n\t<meta name=\"twitter:data1\" content=\"1 minute\" \/>\n<script type=\"application\/ld+json\" class=\"yoast-schema-graph\">{\"@context\":\"https:\\\/\\\/schema.org\",\"@graph\":[{\"@type\":\"WebPage\",\"@id\":\"https:\\\/\\\/obender.eu\\\/en\\\/toode\\\/taskulamp-entac-tactical-5w-poordpeaga\\\/\",\"url\":\"https:\\\/\\\/obender.eu\\\/en\\\/toode\\\/taskulamp-entac-tactical-5w-poordpeaga\\\/\",\"name\":\"Flashlight Entac Tactical 5W with swivel head - Obender\",\"isPartOf\":{\"@id\":\"https:\\\/\\\/www.obender.eu\\\/#website\"},\"primaryImageOfPage\":{\"@id\":\"https:\\\/\\\/obender.eu\\\/en\\\/toode\\\/taskulamp-entac-tactical-5w-poordpeaga\\\/#primaryimage\"},\"image\":{\"@id\":\"https:\\\/\\\/obender.eu\\\/en\\\/toode\\\/taskulamp-entac-tactical-5w-poordpeaga\\\/#primaryimage\"},\"thumbnailUrl\":\"https:\\\/\\\/obender.eu\\\/wp-content\\\/uploads\\\/2022\\\/03\\\/5999097982069-3.jpg\",\"datePublished\":\"2022-03-14T19:15:45+00:00\",\"dateModified\":\"2026-04-19T10:00:04+00:00\",\"breadcrumb\":{\"@id\":\"https:\\\/\\\/obender.eu\\\/en\\\/toode\\\/taskulamp-entac-tactical-5w-poordpeaga\\\/#breadcrumb\"},\"inLanguage\":\"en-US\",\"potentialAction\":[{\"@type\":\"ReadAction\",\"target\":[\"https:\\\/\\\/obender.eu\\\/en\\\/toode\\\/taskulamp-entac-tactical-5w-poordpeaga\\\/\"]}]},{\"@type\":\"ImageObject\",\"inLanguage\":\"en-US\",\"@id\":\"https:\\\/\\\/obender.eu\\\/en\\\/toode\\\/taskulamp-entac-tactical-5w-poordpeaga\\\/#primaryimage\",\"url\":\"https:\\\/\\\/obender.eu\\\/wp-content\\\/uploads\\\/2022\\\/03\\\/5999097982069-3.jpg\",\"contentUrl\":\"https:\\\/\\\/obender.eu\\\/wp-content\\\/uploads\\\/2022\\\/03\\\/5999097982069-3.jpg\",\"width\":600,\"height\":600},{\"@type\":\"BreadcrumbList\",\"@id\":\"https:\\\/\\\/obender.eu\\\/en\\\/toode\\\/taskulamp-entac-tactical-5w-poordpeaga\\\/#breadcrumb\",\"itemListElement\":[{\"@type\":\"ListItem\",\"position\":1,\"name\":\"Home\",\"item\":\"https:\\\/\\\/obender.eu\\\/en\\\/\"},{\"@type\":\"ListItem\",\"position\":2,\"name\":\"Tooted\",\"item\":\"https:\\\/\\\/www.obender.eu\\\/tooted\\\/\"},{\"@type\":\"ListItem\",\"position\":3,\"name\":\"Flashlight Entac Tactical 5W with swivel head\"}]},{\"@type\":\"WebSite\",\"@id\":\"https:\\\/\\\/www.obender.eu\\\/#website\",\"url\":\"https:\\\/\\\/www.obender.eu\\\/\",\"name\":\"Obender\",\"description\":\"T\u00f6\u00f6stuskaupade hulgim\u00fc\u00fck\",\"potentialAction\":[{\"@type\":\"SearchAction\",\"target\":{\"@type\":\"EntryPoint\",\"urlTemplate\":\"https:\\\/\\\/www.obender.eu\\\/?s={search_term_string}\"},\"query-input\":{\"@type\":\"PropertyValueSpecification\",\"valueRequired\":true,\"valueName\":\"search_term_string\"}}],\"inLanguage\":\"en-US\"}]}<\/script>\n<!-- \/ Yoast SEO Premium plugin. -->","yoast_head_json":{"title":"Flashlight Entac Tactical 5W with swivel head - Obender","robots":{"index":"index","follow":"follow","max-snippet":"max-snippet:-1","max-image-preview":"max-image-preview:large","max-video-preview":"max-video-preview:-1"},"canonical":"https:\/\/obender.eu\/en\/toode\/taskulamp-entac-tactical-5w-poordpeaga\/","og_locale":"en_US","og_type":"article","og_title":"Flashlight Entac Tactical 5W with swivel head","og_description":"Flashlight Entac EFL-90-T6-ALU Tactical Entac flashlight with 90\u00b0 swivel head, reinforced aluminium body. Flashlight is equiped with belt clip and","og_url":"https:\/\/obender.eu\/en\/toode\/taskulamp-entac-tactical-5w-poordpeaga\/","og_site_name":"Obender","article_modified_time":"2026-04-19T10:00:04+00:00","og_image":[{"width":600,"height":600,"url":"https:\/\/obender.eu\/wp-content\/uploads\/2022\/03\/5999097982069-3.jpg","type":"image\/jpeg"}],"twitter_card":"summary_large_image","twitter_misc":{"Est. reading time":"1 minute"},"schema":{"@context":"https:\/\/schema.org","@graph":[{"@type":"WebPage","@id":"https:\/\/obender.eu\/en\/toode\/taskulamp-entac-tactical-5w-poordpeaga\/","url":"https:\/\/obender.eu\/en\/toode\/taskulamp-entac-tactical-5w-poordpeaga\/","name":"Flashlight Entac Tactical 5W with swivel head - Obender","isPartOf":{"@id":"https:\/\/www.obender.eu\/#website"},"primaryImageOfPage":{"@id":"https:\/\/obender.eu\/en\/toode\/taskulamp-entac-tactical-5w-poordpeaga\/#primaryimage"},"image":{"@id":"https:\/\/obender.eu\/en\/toode\/taskulamp-entac-tactical-5w-poordpeaga\/#primaryimage"},"thumbnailUrl":"https:\/\/obender.eu\/wp-content\/uploads\/2022\/03\/5999097982069-3.jpg","datePublished":"2022-03-14T19:15:45+00:00","dateModified":"2026-04-19T10:00:04+00:00","breadcrumb":{"@id":"https:\/\/obender.eu\/en\/toode\/taskulamp-entac-tactical-5w-poordpeaga\/#breadcrumb"},"inLanguage":"en-US","potentialAction":[{"@type":"ReadAction","target":["https:\/\/obender.eu\/en\/toode\/taskulamp-entac-tactical-5w-poordpeaga\/"]}]},{"@type":"ImageObject","inLanguage":"en-US","@id":"https:\/\/obender.eu\/en\/toode\/taskulamp-entac-tactical-5w-poordpeaga\/#primaryimage","url":"https:\/\/obender.eu\/wp-content\/uploads\/2022\/03\/5999097982069-3.jpg","contentUrl":"https:\/\/obender.eu\/wp-content\/uploads\/2022\/03\/5999097982069-3.jpg","width":600,"height":600},{"@type":"BreadcrumbList","@id":"https:\/\/obender.eu\/en\/toode\/taskulamp-entac-tactical-5w-poordpeaga\/#breadcrumb","itemListElement":[{"@type":"ListItem","position":1,"name":"Home","item":"https:\/\/obender.eu\/en\/"},{"@type":"ListItem","position":2,"name":"Tooted","item":"https:\/\/www.obender.eu\/tooted\/"},{"@type":"ListItem","position":3,"name":"Flashlight Entac Tactical 5W with swivel head"}]},{"@type":"WebSite","@id":"https:\/\/www.obender.eu\/#website","url":"https:\/\/www.obender.eu\/","name":"Obender","description":"T\u00f6\u00f6stuskaupade hulgim\u00fc\u00fck","potentialAction":[{"@type":"SearchAction","target":{"@type":"EntryPoint","urlTemplate":"https:\/\/www.obender.eu\/?s={search_term_string}"},"query-input":{"@type":"PropertyValueSpecification","valueRequired":true,"valueName":"search_term_string"}}],"inLanguage":"en-US"}]}},"_links":{"self":[{"href":"https:\/\/obender.eu\/en\/wp-json\/wp\/v2\/product\/17174","targetHints":{"allow":["GET"]}}],"collection":[{"href":"https:\/\/obender.eu\/en\/wp-json\/wp\/v2\/product"}],"about":[{"href":"https:\/\/obender.eu\/en\/wp-json\/wp\/v2\/types\/product"}],"version-history":[{"count":4,"href":"https:\/\/obender.eu\/en\/wp-json\/wp\/v2\/product\/17174\/revisions"}],"predecessor-version":[{"id":23312,"href":"https:\/\/obender.eu\/en\/wp-json\/wp\/v2\/product\/17174\/revisions\/23312"}],"wp:featuredmedia":[{"embeddable":true,"href":"https:\/\/obender.eu\/en\/wp-json\/wp\/v2\/media\/17147"}],"wp:attachment":[{"href":"https:\/\/obender.eu\/en\/wp-json\/wp\/v2\/media?parent=17174"}],"wp:term":[{"taxonomy":"product_brand","embeddable":true,"href":"https:\/\/obender.eu\/en\/wp-json\/wp\/v2\/product_brand?post=17174"},{"taxonomy":"product_cat","embeddable":true,"href":"https:\/\/obender.eu\/en\/wp-json\/wp\/v2\/product_cat?post=17174"},{"taxonomy":"product_tag","embeddable":true,"href":"https:\/\/obender.eu\/en\/wp-json\/wp\/v2\/product_tag?post=17174"}],"curies":[{"name":"wp","href":"https:\/\/api.w.org\/{rel}","templated":true}]}}