{"id":17293,"date":"2022-03-19T13:38:14","date_gmt":"2022-03-19T11:38:14","guid":{"rendered":"https:\/\/obender.eu\/toode\/varta-longlife-power-4912-6100mah-3lr12-45v\/"},"modified":"2026-04-13T01:00:27","modified_gmt":"2026-04-12T22:00:27","slug":"varta-longlife-power-4912-6100mah-3lr12-45v","status":"publish","type":"product","link":"https:\/\/obender.eu\/en\/toode\/varta-longlife-power-4912-6100mah-3lr12-45v\/","title":{"rendered":"Varta Longlife Power battery 4912 3LR12 4,5V"},"content":{"rendered":"<p>Varta Longlife Power battery 4912 3LR12 4,5V<\/p>\n<p>SKU: 4912121411<\/p>\n<p>EAN: 4008496559947<\/p>\n<p>Capacity 6100mAh 4,5V<\/p>\n<p>MN1203, alkaline, 3LR12<\/p>\n<p>Life time 10 years<\/p>\n","protected":false},"excerpt":{"rendered":"<p>Varta Longlife Power battery 4912 3LR12 4,5V SKU: 4912121411 EAN: 4008496559947 Capacity 6100mAh 4,5V MN1203, alkaline, 3LR12 Life time 10<\/p>\n","protected":false},"featured_media":17291,"template":"","meta":[],"product_brand":[],"product_cat":[287,286],"product_tag":[685,680,873,874,494],"class_list":{"0":"post-17293","1":"product","2":"type-product","3":"status-publish","4":"has-post-thumbnail","6":"product_cat-alkaline-batteries","7":"product_cat-batteries","8":"product_tag-3lr12-en","9":"product_tag-alkaline-en","10":"product_tag-battery-en","11":"product_tag-patarei-en","12":"product_tag-varta-en","14":"first","15":"instock","16":"taxable","17":"shipping-taxable","18":"purchasable","19":"product-type-simple"},"yoast_head":"<!-- This site is optimized with the Yoast SEO Premium plugin v20.0 (Yoast SEO v27.3) - https:\/\/yoast.com\/product\/yoast-seo-premium-wordpress\/ -->\n<title>Varta Longlife Power battery 4912 3LR12 4,5V - Obender<\/title>\n<meta name=\"robots\" content=\"index, follow, max-snippet:-1, max-image-preview:large, max-video-preview:-1\" \/>\n<link rel=\"canonical\" href=\"https:\/\/obender.eu\/en\/toode\/varta-longlife-power-4912-6100mah-3lr12-45v\/\" \/>\n<meta property=\"og:locale\" content=\"en_US\" \/>\n<meta property=\"og:type\" content=\"article\" \/>\n<meta property=\"og:title\" content=\"Varta Longlife Power battery 4912 3LR12 4,5V\" \/>\n<meta property=\"og:description\" content=\"Varta Longlife Power battery 4912 3LR12 4,5V SKU: 4912121411 EAN: 4008496559947 Capacity 6100mAh 4,5V MN1203, alkaline, 3LR12 Life time 10\" \/>\n<meta property=\"og:url\" content=\"https:\/\/obender.eu\/en\/toode\/varta-longlife-power-4912-6100mah-3lr12-45v\/\" \/>\n<meta property=\"og:site_name\" content=\"Obender\" \/>\n<meta property=\"article:modified_time\" content=\"2026-04-12T22:00:27+00:00\" \/>\n<meta property=\"og:image\" content=\"https:\/\/obender.eu\/wp-content\/uploads\/2022\/03\/4008496559947.jpg\" \/>\n\t<meta property=\"og:image:width\" content=\"600\" \/>\n\t<meta property=\"og:image:height\" content=\"600\" \/>\n\t<meta property=\"og:image:type\" content=\"image\/jpeg\" \/>\n<meta name=\"twitter:card\" content=\"summary_large_image\" \/>\n<meta name=\"twitter:label1\" content=\"Est. reading time\" \/>\n\t<meta name=\"twitter:data1\" content=\"1 minute\" \/>\n<script type=\"application\/ld+json\" class=\"yoast-schema-graph\">{\"@context\":\"https:\\\/\\\/schema.org\",\"@graph\":[{\"@type\":\"WebPage\",\"@id\":\"https:\\\/\\\/obender.eu\\\/en\\\/toode\\\/varta-longlife-power-4912-6100mah-3lr12-45v\\\/\",\"url\":\"https:\\\/\\\/obender.eu\\\/en\\\/toode\\\/varta-longlife-power-4912-6100mah-3lr12-45v\\\/\",\"name\":\"Varta Longlife Power battery 4912 3LR12 4,5V - Obender\",\"isPartOf\":{\"@id\":\"https:\\\/\\\/www.obender.eu\\\/#website\"},\"primaryImageOfPage\":{\"@id\":\"https:\\\/\\\/obender.eu\\\/en\\\/toode\\\/varta-longlife-power-4912-6100mah-3lr12-45v\\\/#primaryimage\"},\"image\":{\"@id\":\"https:\\\/\\\/obender.eu\\\/en\\\/toode\\\/varta-longlife-power-4912-6100mah-3lr12-45v\\\/#primaryimage\"},\"thumbnailUrl\":\"https:\\\/\\\/obender.eu\\\/wp-content\\\/uploads\\\/2022\\\/03\\\/4008496559947.jpg\",\"datePublished\":\"2022-03-19T11:38:14+00:00\",\"dateModified\":\"2026-04-12T22:00:27+00:00\",\"breadcrumb\":{\"@id\":\"https:\\\/\\\/obender.eu\\\/en\\\/toode\\\/varta-longlife-power-4912-6100mah-3lr12-45v\\\/#breadcrumb\"},\"inLanguage\":\"en-US\",\"potentialAction\":[{\"@type\":\"ReadAction\",\"target\":[\"https:\\\/\\\/obender.eu\\\/en\\\/toode\\\/varta-longlife-power-4912-6100mah-3lr12-45v\\\/\"]}]},{\"@type\":\"ImageObject\",\"inLanguage\":\"en-US\",\"@id\":\"https:\\\/\\\/obender.eu\\\/en\\\/toode\\\/varta-longlife-power-4912-6100mah-3lr12-45v\\\/#primaryimage\",\"url\":\"https:\\\/\\\/obender.eu\\\/wp-content\\\/uploads\\\/2022\\\/03\\\/4008496559947.jpg\",\"contentUrl\":\"https:\\\/\\\/obender.eu\\\/wp-content\\\/uploads\\\/2022\\\/03\\\/4008496559947.jpg\",\"width\":600,\"height\":600},{\"@type\":\"BreadcrumbList\",\"@id\":\"https:\\\/\\\/obender.eu\\\/en\\\/toode\\\/varta-longlife-power-4912-6100mah-3lr12-45v\\\/#breadcrumb\",\"itemListElement\":[{\"@type\":\"ListItem\",\"position\":1,\"name\":\"Home\",\"item\":\"https:\\\/\\\/obender.eu\\\/en\\\/\"},{\"@type\":\"ListItem\",\"position\":2,\"name\":\"Tooted\",\"item\":\"https:\\\/\\\/www.obender.eu\\\/tooted\\\/\"},{\"@type\":\"ListItem\",\"position\":3,\"name\":\"Varta Longlife Power battery 4912 3LR12 4,5V\"}]},{\"@type\":\"WebSite\",\"@id\":\"https:\\\/\\\/www.obender.eu\\\/#website\",\"url\":\"https:\\\/\\\/www.obender.eu\\\/\",\"name\":\"Obender\",\"description\":\"T\u00f6\u00f6stuskaupade hulgim\u00fc\u00fck\",\"potentialAction\":[{\"@type\":\"SearchAction\",\"target\":{\"@type\":\"EntryPoint\",\"urlTemplate\":\"https:\\\/\\\/www.obender.eu\\\/?s={search_term_string}\"},\"query-input\":{\"@type\":\"PropertyValueSpecification\",\"valueRequired\":true,\"valueName\":\"search_term_string\"}}],\"inLanguage\":\"en-US\"}]}<\/script>\n<!-- \/ Yoast SEO Premium plugin. -->","yoast_head_json":{"title":"Varta Longlife Power battery 4912 3LR12 4,5V - Obender","robots":{"index":"index","follow":"follow","max-snippet":"max-snippet:-1","max-image-preview":"max-image-preview:large","max-video-preview":"max-video-preview:-1"},"canonical":"https:\/\/obender.eu\/en\/toode\/varta-longlife-power-4912-6100mah-3lr12-45v\/","og_locale":"en_US","og_type":"article","og_title":"Varta Longlife Power battery 4912 3LR12 4,5V","og_description":"Varta Longlife Power battery 4912 3LR12 4,5V SKU: 4912121411 EAN: 4008496559947 Capacity 6100mAh 4,5V MN1203, alkaline, 3LR12 Life time 10","og_url":"https:\/\/obender.eu\/en\/toode\/varta-longlife-power-4912-6100mah-3lr12-45v\/","og_site_name":"Obender","article_modified_time":"2026-04-12T22:00:27+00:00","og_image":[{"width":600,"height":600,"url":"https:\/\/obender.eu\/wp-content\/uploads\/2022\/03\/4008496559947.jpg","type":"image\/jpeg"}],"twitter_card":"summary_large_image","twitter_misc":{"Est. reading time":"1 minute"},"schema":{"@context":"https:\/\/schema.org","@graph":[{"@type":"WebPage","@id":"https:\/\/obender.eu\/en\/toode\/varta-longlife-power-4912-6100mah-3lr12-45v\/","url":"https:\/\/obender.eu\/en\/toode\/varta-longlife-power-4912-6100mah-3lr12-45v\/","name":"Varta Longlife Power battery 4912 3LR12 4,5V - Obender","isPartOf":{"@id":"https:\/\/www.obender.eu\/#website"},"primaryImageOfPage":{"@id":"https:\/\/obender.eu\/en\/toode\/varta-longlife-power-4912-6100mah-3lr12-45v\/#primaryimage"},"image":{"@id":"https:\/\/obender.eu\/en\/toode\/varta-longlife-power-4912-6100mah-3lr12-45v\/#primaryimage"},"thumbnailUrl":"https:\/\/obender.eu\/wp-content\/uploads\/2022\/03\/4008496559947.jpg","datePublished":"2022-03-19T11:38:14+00:00","dateModified":"2026-04-12T22:00:27+00:00","breadcrumb":{"@id":"https:\/\/obender.eu\/en\/toode\/varta-longlife-power-4912-6100mah-3lr12-45v\/#breadcrumb"},"inLanguage":"en-US","potentialAction":[{"@type":"ReadAction","target":["https:\/\/obender.eu\/en\/toode\/varta-longlife-power-4912-6100mah-3lr12-45v\/"]}]},{"@type":"ImageObject","inLanguage":"en-US","@id":"https:\/\/obender.eu\/en\/toode\/varta-longlife-power-4912-6100mah-3lr12-45v\/#primaryimage","url":"https:\/\/obender.eu\/wp-content\/uploads\/2022\/03\/4008496559947.jpg","contentUrl":"https:\/\/obender.eu\/wp-content\/uploads\/2022\/03\/4008496559947.jpg","width":600,"height":600},{"@type":"BreadcrumbList","@id":"https:\/\/obender.eu\/en\/toode\/varta-longlife-power-4912-6100mah-3lr12-45v\/#breadcrumb","itemListElement":[{"@type":"ListItem","position":1,"name":"Home","item":"https:\/\/obender.eu\/en\/"},{"@type":"ListItem","position":2,"name":"Tooted","item":"https:\/\/www.obender.eu\/tooted\/"},{"@type":"ListItem","position":3,"name":"Varta Longlife Power battery 4912 3LR12 4,5V"}]},{"@type":"WebSite","@id":"https:\/\/www.obender.eu\/#website","url":"https:\/\/www.obender.eu\/","name":"Obender","description":"T\u00f6\u00f6stuskaupade hulgim\u00fc\u00fck","potentialAction":[{"@type":"SearchAction","target":{"@type":"EntryPoint","urlTemplate":"https:\/\/www.obender.eu\/?s={search_term_string}"},"query-input":{"@type":"PropertyValueSpecification","valueRequired":true,"valueName":"search_term_string"}}],"inLanguage":"en-US"}]}},"_links":{"self":[{"href":"https:\/\/obender.eu\/en\/wp-json\/wp\/v2\/product\/17293","targetHints":{"allow":["GET"]}}],"collection":[{"href":"https:\/\/obender.eu\/en\/wp-json\/wp\/v2\/product"}],"about":[{"href":"https:\/\/obender.eu\/en\/wp-json\/wp\/v2\/types\/product"}],"version-history":[{"count":4,"href":"https:\/\/obender.eu\/en\/wp-json\/wp\/v2\/product\/17293\/revisions"}],"predecessor-version":[{"id":27494,"href":"https:\/\/obender.eu\/en\/wp-json\/wp\/v2\/product\/17293\/revisions\/27494"}],"wp:featuredmedia":[{"embeddable":true,"href":"https:\/\/obender.eu\/en\/wp-json\/wp\/v2\/media\/17291"}],"wp:attachment":[{"href":"https:\/\/obender.eu\/en\/wp-json\/wp\/v2\/media?parent=17293"}],"wp:term":[{"taxonomy":"product_brand","embeddable":true,"href":"https:\/\/obender.eu\/en\/wp-json\/wp\/v2\/product_brand?post=17293"},{"taxonomy":"product_cat","embeddable":true,"href":"https:\/\/obender.eu\/en\/wp-json\/wp\/v2\/product_cat?post=17293"},{"taxonomy":"product_tag","embeddable":true,"href":"https:\/\/obender.eu\/en\/wp-json\/wp\/v2\/product_tag?post=17293"}],"curies":[{"name":"wp","href":"https:\/\/api.w.org\/{rel}","templated":true}]}}