{"id":17796,"date":"2022-03-23T11:55:22","date_gmt":"2022-03-23T09:55:23","guid":{"rendered":"https:\/\/obender.eu\/?post_type=product&#038;p=17796"},"modified":"2026-04-19T19:00:39","modified_gmt":"2026-04-19T16:00:39","slug":"autolaadija-varta-57931-24w-2xusb-12v-micro-usb-kaabel","status":"publish","type":"product","link":"https:\/\/obender.eu\/en\/toode\/autolaadija-varta-57931-24w-2xusb-12v-micro-usb-kaabel\/","title":{"rendered":"Varta USB charger 57931 17W 2xUSB 12V + Micro USB cable"},"content":{"rendered":"<p><strong>Varta USB charger 57931<\/strong><\/p>\n<p>Voltage 24V<\/p>\n<p>2xUSB-A 2,4A 5V<\/p>\n<p>Micro USB cable included<\/p>\n<p>EAN: 4008496810215<\/p>\n","protected":false},"excerpt":{"rendered":"<p>Varta USB charger 57931 Voltage 24V 2xUSB-A 2,4A 5V Micro USB cable included EAN: 4008496810215<\/p>\n","protected":false},"featured_media":17657,"template":"","meta":[],"product_brand":[],"product_cat":[299,390],"product_tag":[976,494],"class_list":{"0":"post-17796","1":"product","2":"type-product","3":"status-publish","4":"has-post-thumbnail","6":"product_cat-phone-holders-and-chargers","7":"product_cat-smartphone-chargers-12v-240v","8":"product_tag-charger-en-2","9":"product_tag-varta-en","11":"first","12":"instock","13":"taxable","14":"shipping-taxable","15":"purchasable","16":"product-type-simple"},"yoast_head":"<!-- This site is optimized with the Yoast SEO Premium plugin v20.0 (Yoast SEO v27.4) - https:\/\/yoast.com\/product\/yoast-seo-premium-wordpress\/ -->\n<title>Varta USB charger 57931 17W 2xUSB 12V + Micro USB cable - Obender<\/title>\n<meta name=\"robots\" content=\"index, follow, max-snippet:-1, max-image-preview:large, max-video-preview:-1\" \/>\n<link rel=\"canonical\" href=\"https:\/\/obender.eu\/en\/toode\/autolaadija-varta-57931-24w-2xusb-12v-micro-usb-kaabel\/\" \/>\n<meta property=\"og:locale\" content=\"en_US\" \/>\n<meta property=\"og:type\" content=\"article\" \/>\n<meta property=\"og:title\" content=\"Varta USB charger 57931 17W 2xUSB 12V + Micro USB cable\" \/>\n<meta property=\"og:description\" content=\"Varta USB charger 57931 Voltage 24V 2xUSB-A 2,4A 5V Micro USB cable included EAN: 4008496810215\" \/>\n<meta property=\"og:url\" content=\"https:\/\/obender.eu\/en\/toode\/autolaadija-varta-57931-24w-2xusb-12v-micro-usb-kaabel\/\" \/>\n<meta property=\"og:site_name\" content=\"Obender\" \/>\n<meta property=\"article:modified_time\" content=\"2026-04-19T16:00:39+00:00\" \/>\n<meta property=\"og:image\" content=\"https:\/\/obender.eu\/wp-content\/uploads\/2022\/03\/4008496810215.jpg\" \/>\n\t<meta property=\"og:image:width\" content=\"800\" \/>\n\t<meta property=\"og:image:height\" content=\"800\" \/>\n\t<meta property=\"og:image:type\" content=\"image\/jpeg\" \/>\n<meta name=\"twitter:card\" content=\"summary_large_image\" \/>\n<meta name=\"twitter:label1\" content=\"Est. reading time\" \/>\n\t<meta name=\"twitter:data1\" content=\"1 minute\" \/>\n<script type=\"application\/ld+json\" class=\"yoast-schema-graph\">{\"@context\":\"https:\\\/\\\/schema.org\",\"@graph\":[{\"@type\":\"WebPage\",\"@id\":\"https:\\\/\\\/obender.eu\\\/en\\\/toode\\\/autolaadija-varta-57931-24w-2xusb-12v-micro-usb-kaabel\\\/\",\"url\":\"https:\\\/\\\/obender.eu\\\/en\\\/toode\\\/autolaadija-varta-57931-24w-2xusb-12v-micro-usb-kaabel\\\/\",\"name\":\"Varta USB charger 57931 17W 2xUSB 12V + Micro USB cable - Obender\",\"isPartOf\":{\"@id\":\"https:\\\/\\\/www.obender.eu\\\/#website\"},\"primaryImageOfPage\":{\"@id\":\"https:\\\/\\\/obender.eu\\\/en\\\/toode\\\/autolaadija-varta-57931-24w-2xusb-12v-micro-usb-kaabel\\\/#primaryimage\"},\"image\":{\"@id\":\"https:\\\/\\\/obender.eu\\\/en\\\/toode\\\/autolaadija-varta-57931-24w-2xusb-12v-micro-usb-kaabel\\\/#primaryimage\"},\"thumbnailUrl\":\"https:\\\/\\\/obender.eu\\\/wp-content\\\/uploads\\\/2022\\\/03\\\/4008496810215.jpg\",\"datePublished\":\"2022-03-23T09:55:23+00:00\",\"dateModified\":\"2026-04-19T16:00:39+00:00\",\"breadcrumb\":{\"@id\":\"https:\\\/\\\/obender.eu\\\/en\\\/toode\\\/autolaadija-varta-57931-24w-2xusb-12v-micro-usb-kaabel\\\/#breadcrumb\"},\"inLanguage\":\"en-US\",\"potentialAction\":[{\"@type\":\"ReadAction\",\"target\":[\"https:\\\/\\\/obender.eu\\\/en\\\/toode\\\/autolaadija-varta-57931-24w-2xusb-12v-micro-usb-kaabel\\\/\"]}]},{\"@type\":\"ImageObject\",\"inLanguage\":\"en-US\",\"@id\":\"https:\\\/\\\/obender.eu\\\/en\\\/toode\\\/autolaadija-varta-57931-24w-2xusb-12v-micro-usb-kaabel\\\/#primaryimage\",\"url\":\"https:\\\/\\\/obender.eu\\\/wp-content\\\/uploads\\\/2022\\\/03\\\/4008496810215.jpg\",\"contentUrl\":\"https:\\\/\\\/obender.eu\\\/wp-content\\\/uploads\\\/2022\\\/03\\\/4008496810215.jpg\",\"width\":800,\"height\":800},{\"@type\":\"BreadcrumbList\",\"@id\":\"https:\\\/\\\/obender.eu\\\/en\\\/toode\\\/autolaadija-varta-57931-24w-2xusb-12v-micro-usb-kaabel\\\/#breadcrumb\",\"itemListElement\":[{\"@type\":\"ListItem\",\"position\":1,\"name\":\"Home\",\"item\":\"https:\\\/\\\/obender.eu\\\/en\\\/\"},{\"@type\":\"ListItem\",\"position\":2,\"name\":\"Tooted\",\"item\":\"https:\\\/\\\/www.obender.eu\\\/tooted\\\/\"},{\"@type\":\"ListItem\",\"position\":3,\"name\":\"Varta USB charger 57931 17W 2xUSB 12V + Micro USB cable\"}]},{\"@type\":\"WebSite\",\"@id\":\"https:\\\/\\\/www.obender.eu\\\/#website\",\"url\":\"https:\\\/\\\/www.obender.eu\\\/\",\"name\":\"Obender\",\"description\":\"T\u00f6\u00f6stuskaupade hulgim\u00fc\u00fck\",\"potentialAction\":[{\"@type\":\"SearchAction\",\"target\":{\"@type\":\"EntryPoint\",\"urlTemplate\":\"https:\\\/\\\/www.obender.eu\\\/?s={search_term_string}\"},\"query-input\":{\"@type\":\"PropertyValueSpecification\",\"valueRequired\":true,\"valueName\":\"search_term_string\"}}],\"inLanguage\":\"en-US\"}]}<\/script>\n<!-- \/ Yoast SEO Premium plugin. -->","yoast_head_json":{"title":"Varta USB charger 57931 17W 2xUSB 12V + Micro USB cable - Obender","robots":{"index":"index","follow":"follow","max-snippet":"max-snippet:-1","max-image-preview":"max-image-preview:large","max-video-preview":"max-video-preview:-1"},"canonical":"https:\/\/obender.eu\/en\/toode\/autolaadija-varta-57931-24w-2xusb-12v-micro-usb-kaabel\/","og_locale":"en_US","og_type":"article","og_title":"Varta USB charger 57931 17W 2xUSB 12V + Micro USB cable","og_description":"Varta USB charger 57931 Voltage 24V 2xUSB-A 2,4A 5V Micro USB cable included EAN: 4008496810215","og_url":"https:\/\/obender.eu\/en\/toode\/autolaadija-varta-57931-24w-2xusb-12v-micro-usb-kaabel\/","og_site_name":"Obender","article_modified_time":"2026-04-19T16:00:39+00:00","og_image":[{"width":800,"height":800,"url":"https:\/\/obender.eu\/wp-content\/uploads\/2022\/03\/4008496810215.jpg","type":"image\/jpeg"}],"twitter_card":"summary_large_image","twitter_misc":{"Est. reading time":"1 minute"},"schema":{"@context":"https:\/\/schema.org","@graph":[{"@type":"WebPage","@id":"https:\/\/obender.eu\/en\/toode\/autolaadija-varta-57931-24w-2xusb-12v-micro-usb-kaabel\/","url":"https:\/\/obender.eu\/en\/toode\/autolaadija-varta-57931-24w-2xusb-12v-micro-usb-kaabel\/","name":"Varta USB charger 57931 17W 2xUSB 12V + Micro USB cable - Obender","isPartOf":{"@id":"https:\/\/www.obender.eu\/#website"},"primaryImageOfPage":{"@id":"https:\/\/obender.eu\/en\/toode\/autolaadija-varta-57931-24w-2xusb-12v-micro-usb-kaabel\/#primaryimage"},"image":{"@id":"https:\/\/obender.eu\/en\/toode\/autolaadija-varta-57931-24w-2xusb-12v-micro-usb-kaabel\/#primaryimage"},"thumbnailUrl":"https:\/\/obender.eu\/wp-content\/uploads\/2022\/03\/4008496810215.jpg","datePublished":"2022-03-23T09:55:23+00:00","dateModified":"2026-04-19T16:00:39+00:00","breadcrumb":{"@id":"https:\/\/obender.eu\/en\/toode\/autolaadija-varta-57931-24w-2xusb-12v-micro-usb-kaabel\/#breadcrumb"},"inLanguage":"en-US","potentialAction":[{"@type":"ReadAction","target":["https:\/\/obender.eu\/en\/toode\/autolaadija-varta-57931-24w-2xusb-12v-micro-usb-kaabel\/"]}]},{"@type":"ImageObject","inLanguage":"en-US","@id":"https:\/\/obender.eu\/en\/toode\/autolaadija-varta-57931-24w-2xusb-12v-micro-usb-kaabel\/#primaryimage","url":"https:\/\/obender.eu\/wp-content\/uploads\/2022\/03\/4008496810215.jpg","contentUrl":"https:\/\/obender.eu\/wp-content\/uploads\/2022\/03\/4008496810215.jpg","width":800,"height":800},{"@type":"BreadcrumbList","@id":"https:\/\/obender.eu\/en\/toode\/autolaadija-varta-57931-24w-2xusb-12v-micro-usb-kaabel\/#breadcrumb","itemListElement":[{"@type":"ListItem","position":1,"name":"Home","item":"https:\/\/obender.eu\/en\/"},{"@type":"ListItem","position":2,"name":"Tooted","item":"https:\/\/www.obender.eu\/tooted\/"},{"@type":"ListItem","position":3,"name":"Varta USB charger 57931 17W 2xUSB 12V + Micro USB cable"}]},{"@type":"WebSite","@id":"https:\/\/www.obender.eu\/#website","url":"https:\/\/www.obender.eu\/","name":"Obender","description":"T\u00f6\u00f6stuskaupade hulgim\u00fc\u00fck","potentialAction":[{"@type":"SearchAction","target":{"@type":"EntryPoint","urlTemplate":"https:\/\/www.obender.eu\/?s={search_term_string}"},"query-input":{"@type":"PropertyValueSpecification","valueRequired":true,"valueName":"search_term_string"}}],"inLanguage":"en-US"}]}},"_links":{"self":[{"href":"https:\/\/obender.eu\/en\/wp-json\/wp\/v2\/product\/17796","targetHints":{"allow":["GET"]}}],"collection":[{"href":"https:\/\/obender.eu\/en\/wp-json\/wp\/v2\/product"}],"about":[{"href":"https:\/\/obender.eu\/en\/wp-json\/wp\/v2\/types\/product"}],"version-history":[{"count":4,"href":"https:\/\/obender.eu\/en\/wp-json\/wp\/v2\/product\/17796\/revisions"}],"predecessor-version":[{"id":23271,"href":"https:\/\/obender.eu\/en\/wp-json\/wp\/v2\/product\/17796\/revisions\/23271"}],"wp:featuredmedia":[{"embeddable":true,"href":"https:\/\/obender.eu\/en\/wp-json\/wp\/v2\/media\/17657"}],"wp:attachment":[{"href":"https:\/\/obender.eu\/en\/wp-json\/wp\/v2\/media?parent=17796"}],"wp:term":[{"taxonomy":"product_brand","embeddable":true,"href":"https:\/\/obender.eu\/en\/wp-json\/wp\/v2\/product_brand?post=17796"},{"taxonomy":"product_cat","embeddable":true,"href":"https:\/\/obender.eu\/en\/wp-json\/wp\/v2\/product_cat?post=17796"},{"taxonomy":"product_tag","embeddable":true,"href":"https:\/\/obender.eu\/en\/wp-json\/wp\/v2\/product_tag?post=17796"}],"curies":[{"name":"wp","href":"https:\/\/api.w.org\/{rel}","templated":true}]}}