{"id":18474,"date":"2022-04-10T11:46:00","date_gmt":"2022-04-10T08:46:00","guid":{"rendered":"https:\/\/obender.eu\/toode\/stanley-s742-042-outdoor-30mm-pika-aasaga-tabalukk\/"},"modified":"2026-04-11T00:01:03","modified_gmt":"2026-04-10T21:01:03","slug":"stanley-s742-042-outdoor-30mm-pika-aasaga-tabalukk","status":"publish","type":"product","link":"https:\/\/obender.eu\/en\/toode\/stanley-s742-042-outdoor-30mm-pika-aasaga-tabalukk\/","title":{"rendered":"Padlock Stanley S742-042 30mm long shackle"},"content":{"rendered":"<p>Padlock Stanley S742-042 30mm<\/p>\n<p>Solid brass body, stainless steel pins and springs<\/p>\n<p>Size 30*66*12,7mm<\/p>\n<p>Weight 78,1g<\/p>\n<p>Set includes 3 keys<\/p>\n<p>EAN: 4260709170268<\/p>\n","protected":false},"excerpt":{"rendered":"<p>Padlock Stanley S742-042 30mm Solid brass body, stainless steel pins and springs Size 30*66*12,7mm Weight 78,1g Set includes 3 keys<\/p>\n","protected":false},"featured_media":18443,"template":"","meta":[],"product_brand":[],"product_cat":[277,282],"product_tag":[520,671,519],"class_list":{"0":"post-18474","1":"product","2":"type-product","3":"status-publish","4":"has-post-thumbnail","6":"product_cat-locks","7":"product_cat-padlocks-with-key","8":"product_tag-padlock-en","9":"product_tag-stanley-en","10":"product_tag-tabalukk-en","12":"first","13":"instock","14":"taxable","15":"shipping-taxable","16":"purchasable","17":"product-type-simple"},"yoast_head":"<!-- This site is optimized with the Yoast SEO Premium plugin v20.0 (Yoast SEO v27.3) - https:\/\/yoast.com\/product\/yoast-seo-premium-wordpress\/ -->\n<title>Padlock Stanley S742-042 30mm long shackle - Obender<\/title>\n<meta name=\"robots\" content=\"index, follow, max-snippet:-1, max-image-preview:large, max-video-preview:-1\" \/>\n<link rel=\"canonical\" href=\"https:\/\/obender.eu\/en\/toode\/stanley-s742-042-outdoor-30mm-pika-aasaga-tabalukk\/\" \/>\n<meta property=\"og:locale\" content=\"en_US\" \/>\n<meta property=\"og:type\" content=\"article\" \/>\n<meta property=\"og:title\" content=\"Padlock Stanley S742-042 30mm long shackle\" \/>\n<meta property=\"og:description\" content=\"Padlock Stanley S742-042 30mm Solid brass body, stainless steel pins and springs Size 30*66*12,7mm Weight 78,1g Set includes 3 keys\" \/>\n<meta property=\"og:url\" content=\"https:\/\/obender.eu\/en\/toode\/stanley-s742-042-outdoor-30mm-pika-aasaga-tabalukk\/\" \/>\n<meta property=\"og:site_name\" content=\"Obender\" \/>\n<meta property=\"article:modified_time\" content=\"2026-04-10T21:01:03+00:00\" \/>\n<meta property=\"og:image\" content=\"https:\/\/obender.eu\/wp-content\/uploads\/2022\/04\/S742-042.jpg\" \/>\n\t<meta property=\"og:image:width\" content=\"600\" \/>\n\t<meta property=\"og:image:height\" content=\"600\" \/>\n\t<meta property=\"og:image:type\" content=\"image\/jpeg\" \/>\n<meta name=\"twitter:card\" content=\"summary_large_image\" \/>\n<meta name=\"twitter:label1\" content=\"Est. reading time\" \/>\n\t<meta name=\"twitter:data1\" content=\"1 minute\" \/>\n<script type=\"application\/ld+json\" class=\"yoast-schema-graph\">{\"@context\":\"https:\\\/\\\/schema.org\",\"@graph\":[{\"@type\":\"WebPage\",\"@id\":\"https:\\\/\\\/obender.eu\\\/en\\\/toode\\\/stanley-s742-042-outdoor-30mm-pika-aasaga-tabalukk\\\/\",\"url\":\"https:\\\/\\\/obender.eu\\\/en\\\/toode\\\/stanley-s742-042-outdoor-30mm-pika-aasaga-tabalukk\\\/\",\"name\":\"Padlock Stanley S742-042 30mm long shackle - Obender\",\"isPartOf\":{\"@id\":\"https:\\\/\\\/www.obender.eu\\\/#website\"},\"primaryImageOfPage\":{\"@id\":\"https:\\\/\\\/obender.eu\\\/en\\\/toode\\\/stanley-s742-042-outdoor-30mm-pika-aasaga-tabalukk\\\/#primaryimage\"},\"image\":{\"@id\":\"https:\\\/\\\/obender.eu\\\/en\\\/toode\\\/stanley-s742-042-outdoor-30mm-pika-aasaga-tabalukk\\\/#primaryimage\"},\"thumbnailUrl\":\"https:\\\/\\\/obender.eu\\\/wp-content\\\/uploads\\\/2022\\\/04\\\/S742-042.jpg\",\"datePublished\":\"2022-04-10T08:46:00+00:00\",\"dateModified\":\"2026-04-10T21:01:03+00:00\",\"breadcrumb\":{\"@id\":\"https:\\\/\\\/obender.eu\\\/en\\\/toode\\\/stanley-s742-042-outdoor-30mm-pika-aasaga-tabalukk\\\/#breadcrumb\"},\"inLanguage\":\"en-US\",\"potentialAction\":[{\"@type\":\"ReadAction\",\"target\":[\"https:\\\/\\\/obender.eu\\\/en\\\/toode\\\/stanley-s742-042-outdoor-30mm-pika-aasaga-tabalukk\\\/\"]}]},{\"@type\":\"ImageObject\",\"inLanguage\":\"en-US\",\"@id\":\"https:\\\/\\\/obender.eu\\\/en\\\/toode\\\/stanley-s742-042-outdoor-30mm-pika-aasaga-tabalukk\\\/#primaryimage\",\"url\":\"https:\\\/\\\/obender.eu\\\/wp-content\\\/uploads\\\/2022\\\/04\\\/S742-042.jpg\",\"contentUrl\":\"https:\\\/\\\/obender.eu\\\/wp-content\\\/uploads\\\/2022\\\/04\\\/S742-042.jpg\",\"width\":600,\"height\":600},{\"@type\":\"BreadcrumbList\",\"@id\":\"https:\\\/\\\/obender.eu\\\/en\\\/toode\\\/stanley-s742-042-outdoor-30mm-pika-aasaga-tabalukk\\\/#breadcrumb\",\"itemListElement\":[{\"@type\":\"ListItem\",\"position\":1,\"name\":\"Home\",\"item\":\"https:\\\/\\\/obender.eu\\\/en\\\/\"},{\"@type\":\"ListItem\",\"position\":2,\"name\":\"Tooted\",\"item\":\"https:\\\/\\\/www.obender.eu\\\/tooted\\\/\"},{\"@type\":\"ListItem\",\"position\":3,\"name\":\"Padlock Stanley S742-042 30mm long shackle\"}]},{\"@type\":\"WebSite\",\"@id\":\"https:\\\/\\\/www.obender.eu\\\/#website\",\"url\":\"https:\\\/\\\/www.obender.eu\\\/\",\"name\":\"Obender\",\"description\":\"T\u00f6\u00f6stuskaupade hulgim\u00fc\u00fck\",\"potentialAction\":[{\"@type\":\"SearchAction\",\"target\":{\"@type\":\"EntryPoint\",\"urlTemplate\":\"https:\\\/\\\/www.obender.eu\\\/?s={search_term_string}\"},\"query-input\":{\"@type\":\"PropertyValueSpecification\",\"valueRequired\":true,\"valueName\":\"search_term_string\"}}],\"inLanguage\":\"en-US\"}]}<\/script>\n<!-- \/ Yoast SEO Premium plugin. -->","yoast_head_json":{"title":"Padlock Stanley S742-042 30mm long shackle - Obender","robots":{"index":"index","follow":"follow","max-snippet":"max-snippet:-1","max-image-preview":"max-image-preview:large","max-video-preview":"max-video-preview:-1"},"canonical":"https:\/\/obender.eu\/en\/toode\/stanley-s742-042-outdoor-30mm-pika-aasaga-tabalukk\/","og_locale":"en_US","og_type":"article","og_title":"Padlock Stanley S742-042 30mm long shackle","og_description":"Padlock Stanley S742-042 30mm Solid brass body, stainless steel pins and springs Size 30*66*12,7mm Weight 78,1g Set includes 3 keys","og_url":"https:\/\/obender.eu\/en\/toode\/stanley-s742-042-outdoor-30mm-pika-aasaga-tabalukk\/","og_site_name":"Obender","article_modified_time":"2026-04-10T21:01:03+00:00","og_image":[{"width":600,"height":600,"url":"https:\/\/obender.eu\/wp-content\/uploads\/2022\/04\/S742-042.jpg","type":"image\/jpeg"}],"twitter_card":"summary_large_image","twitter_misc":{"Est. reading time":"1 minute"},"schema":{"@context":"https:\/\/schema.org","@graph":[{"@type":"WebPage","@id":"https:\/\/obender.eu\/en\/toode\/stanley-s742-042-outdoor-30mm-pika-aasaga-tabalukk\/","url":"https:\/\/obender.eu\/en\/toode\/stanley-s742-042-outdoor-30mm-pika-aasaga-tabalukk\/","name":"Padlock Stanley S742-042 30mm long shackle - Obender","isPartOf":{"@id":"https:\/\/www.obender.eu\/#website"},"primaryImageOfPage":{"@id":"https:\/\/obender.eu\/en\/toode\/stanley-s742-042-outdoor-30mm-pika-aasaga-tabalukk\/#primaryimage"},"image":{"@id":"https:\/\/obender.eu\/en\/toode\/stanley-s742-042-outdoor-30mm-pika-aasaga-tabalukk\/#primaryimage"},"thumbnailUrl":"https:\/\/obender.eu\/wp-content\/uploads\/2022\/04\/S742-042.jpg","datePublished":"2022-04-10T08:46:00+00:00","dateModified":"2026-04-10T21:01:03+00:00","breadcrumb":{"@id":"https:\/\/obender.eu\/en\/toode\/stanley-s742-042-outdoor-30mm-pika-aasaga-tabalukk\/#breadcrumb"},"inLanguage":"en-US","potentialAction":[{"@type":"ReadAction","target":["https:\/\/obender.eu\/en\/toode\/stanley-s742-042-outdoor-30mm-pika-aasaga-tabalukk\/"]}]},{"@type":"ImageObject","inLanguage":"en-US","@id":"https:\/\/obender.eu\/en\/toode\/stanley-s742-042-outdoor-30mm-pika-aasaga-tabalukk\/#primaryimage","url":"https:\/\/obender.eu\/wp-content\/uploads\/2022\/04\/S742-042.jpg","contentUrl":"https:\/\/obender.eu\/wp-content\/uploads\/2022\/04\/S742-042.jpg","width":600,"height":600},{"@type":"BreadcrumbList","@id":"https:\/\/obender.eu\/en\/toode\/stanley-s742-042-outdoor-30mm-pika-aasaga-tabalukk\/#breadcrumb","itemListElement":[{"@type":"ListItem","position":1,"name":"Home","item":"https:\/\/obender.eu\/en\/"},{"@type":"ListItem","position":2,"name":"Tooted","item":"https:\/\/www.obender.eu\/tooted\/"},{"@type":"ListItem","position":3,"name":"Padlock Stanley S742-042 30mm long shackle"}]},{"@type":"WebSite","@id":"https:\/\/www.obender.eu\/#website","url":"https:\/\/www.obender.eu\/","name":"Obender","description":"T\u00f6\u00f6stuskaupade hulgim\u00fc\u00fck","potentialAction":[{"@type":"SearchAction","target":{"@type":"EntryPoint","urlTemplate":"https:\/\/www.obender.eu\/?s={search_term_string}"},"query-input":{"@type":"PropertyValueSpecification","valueRequired":true,"valueName":"search_term_string"}}],"inLanguage":"en-US"}]}},"_links":{"self":[{"href":"https:\/\/obender.eu\/en\/wp-json\/wp\/v2\/product\/18474","targetHints":{"allow":["GET"]}}],"collection":[{"href":"https:\/\/obender.eu\/en\/wp-json\/wp\/v2\/product"}],"about":[{"href":"https:\/\/obender.eu\/en\/wp-json\/wp\/v2\/types\/product"}],"version-history":[{"count":4,"href":"https:\/\/obender.eu\/en\/wp-json\/wp\/v2\/product\/18474\/revisions"}],"predecessor-version":[{"id":23207,"href":"https:\/\/obender.eu\/en\/wp-json\/wp\/v2\/product\/18474\/revisions\/23207"}],"wp:featuredmedia":[{"embeddable":true,"href":"https:\/\/obender.eu\/en\/wp-json\/wp\/v2\/media\/18443"}],"wp:attachment":[{"href":"https:\/\/obender.eu\/en\/wp-json\/wp\/v2\/media?parent=18474"}],"wp:term":[{"taxonomy":"product_brand","embeddable":true,"href":"https:\/\/obender.eu\/en\/wp-json\/wp\/v2\/product_brand?post=18474"},{"taxonomy":"product_cat","embeddable":true,"href":"https:\/\/obender.eu\/en\/wp-json\/wp\/v2\/product_cat?post=18474"},{"taxonomy":"product_tag","embeddable":true,"href":"https:\/\/obender.eu\/en\/wp-json\/wp\/v2\/product_tag?post=18474"}],"curies":[{"name":"wp","href":"https:\/\/api.w.org\/{rel}","templated":true}]}}