{"id":18557,"date":"2022-04-10T13:09:01","date_gmt":"2022-04-10T10:09:01","guid":{"rendered":"https:\/\/obender.eu\/toode\/stanley-s744-031-karabiinlukk-18m-vedrukaabli-ja-numbrikoodiga\/"},"modified":"2026-04-14T07:01:04","modified_gmt":"2026-04-14T04:01:04","slug":"stanley-s744-031-karabiinlukk-18m-vedrukaabli-ja-numbrikoodiga","status":"publish","type":"product","link":"https:\/\/obender.eu\/en\/toode\/stanley-s744-031-karabiinlukk-18m-vedrukaabli-ja-numbrikoodiga\/","title":{"rendered":"Stanley S744-031 combination carabiner lock 85mm"},"content":{"rendered":"<p>Stanley S744-031 helmet carabiner lock<\/p>\n<p>Ideal locking for backbags, bikes, baby buggies, trolleys, bicycle helmets<\/p>\n<p>180cm flexible spring cable<\/p>\n<p>Weight 70g<\/p>\n<p>Zinced steel body<\/p>\n<p>EAN: 4008496831036<\/p>\n","protected":false},"excerpt":{"rendered":"<p>Stanley S744-031 helmet carabiner lock Ideal locking for backbags, bikes, baby buggies, trolleys, bicycle helmets 180cm flexible spring cable Weight<\/p>\n","protected":false},"featured_media":18545,"template":"","meta":[],"product_brand":[],"product_cat":[410,337,277,335,280],"product_tag":[939,938,671],"class_list":{"0":"post-18557","1":"product","2":"type-product","3":"status-publish","4":"has-post-thumbnail","6":"product_cat-bicycle-helmets","7":"product_cat-bicycle-locks","8":"product_cat-locks","9":"product_cat-sports-and-leisure","10":"product_cat-wheel-locks","11":"product_tag-helmet-en","12":"product_tag-kiiver-en","13":"product_tag-stanley-en","15":"first","16":"instock","17":"taxable","18":"shipping-taxable","19":"purchasable","20":"product-type-simple"},"yoast_head":"<!-- This site is optimized with the Yoast SEO Premium plugin v20.0 (Yoast SEO v27.3) - https:\/\/yoast.com\/product\/yoast-seo-premium-wordpress\/ -->\n<title>Stanley S744-031 combination carabiner lock 85mm - Obender<\/title>\n<meta name=\"robots\" content=\"index, follow, max-snippet:-1, max-image-preview:large, max-video-preview:-1\" \/>\n<link rel=\"canonical\" href=\"https:\/\/obender.eu\/en\/toode\/stanley-s744-031-karabiinlukk-18m-vedrukaabli-ja-numbrikoodiga\/\" \/>\n<meta property=\"og:locale\" content=\"en_US\" \/>\n<meta property=\"og:type\" content=\"article\" \/>\n<meta property=\"og:title\" content=\"Stanley S744-031 combination carabiner lock 85mm\" \/>\n<meta property=\"og:description\" content=\"Stanley S744-031 helmet carabiner lock Ideal locking for backbags, bikes, baby buggies, trolleys, bicycle helmets 180cm flexible spring cable Weight\" \/>\n<meta property=\"og:url\" content=\"https:\/\/obender.eu\/en\/toode\/stanley-s744-031-karabiinlukk-18m-vedrukaabli-ja-numbrikoodiga\/\" \/>\n<meta property=\"og:site_name\" content=\"Obender\" \/>\n<meta property=\"article:modified_time\" content=\"2026-04-14T04:01:04+00:00\" \/>\n<meta property=\"og:image\" content=\"https:\/\/obender.eu\/wp-content\/uploads\/2022\/04\/S744-031-1.jpg\" \/>\n\t<meta property=\"og:image:width\" content=\"600\" \/>\n\t<meta property=\"og:image:height\" content=\"600\" \/>\n\t<meta property=\"og:image:type\" content=\"image\/jpeg\" \/>\n<meta name=\"twitter:card\" content=\"summary_large_image\" \/>\n<meta name=\"twitter:label1\" content=\"Est. reading time\" \/>\n\t<meta name=\"twitter:data1\" content=\"1 minute\" \/>\n<script type=\"application\/ld+json\" class=\"yoast-schema-graph\">{\"@context\":\"https:\\\/\\\/schema.org\",\"@graph\":[{\"@type\":\"WebPage\",\"@id\":\"https:\\\/\\\/obender.eu\\\/en\\\/toode\\\/stanley-s744-031-karabiinlukk-18m-vedrukaabli-ja-numbrikoodiga\\\/\",\"url\":\"https:\\\/\\\/obender.eu\\\/en\\\/toode\\\/stanley-s744-031-karabiinlukk-18m-vedrukaabli-ja-numbrikoodiga\\\/\",\"name\":\"Stanley S744-031 combination carabiner lock 85mm - Obender\",\"isPartOf\":{\"@id\":\"https:\\\/\\\/www.obender.eu\\\/#website\"},\"primaryImageOfPage\":{\"@id\":\"https:\\\/\\\/obender.eu\\\/en\\\/toode\\\/stanley-s744-031-karabiinlukk-18m-vedrukaabli-ja-numbrikoodiga\\\/#primaryimage\"},\"image\":{\"@id\":\"https:\\\/\\\/obender.eu\\\/en\\\/toode\\\/stanley-s744-031-karabiinlukk-18m-vedrukaabli-ja-numbrikoodiga\\\/#primaryimage\"},\"thumbnailUrl\":\"https:\\\/\\\/obender.eu\\\/wp-content\\\/uploads\\\/2022\\\/04\\\/S744-031-1.jpg\",\"datePublished\":\"2022-04-10T10:09:01+00:00\",\"dateModified\":\"2026-04-14T04:01:04+00:00\",\"breadcrumb\":{\"@id\":\"https:\\\/\\\/obender.eu\\\/en\\\/toode\\\/stanley-s744-031-karabiinlukk-18m-vedrukaabli-ja-numbrikoodiga\\\/#breadcrumb\"},\"inLanguage\":\"en-US\",\"potentialAction\":[{\"@type\":\"ReadAction\",\"target\":[\"https:\\\/\\\/obender.eu\\\/en\\\/toode\\\/stanley-s744-031-karabiinlukk-18m-vedrukaabli-ja-numbrikoodiga\\\/\"]}]},{\"@type\":\"ImageObject\",\"inLanguage\":\"en-US\",\"@id\":\"https:\\\/\\\/obender.eu\\\/en\\\/toode\\\/stanley-s744-031-karabiinlukk-18m-vedrukaabli-ja-numbrikoodiga\\\/#primaryimage\",\"url\":\"https:\\\/\\\/obender.eu\\\/wp-content\\\/uploads\\\/2022\\\/04\\\/S744-031-1.jpg\",\"contentUrl\":\"https:\\\/\\\/obender.eu\\\/wp-content\\\/uploads\\\/2022\\\/04\\\/S744-031-1.jpg\",\"width\":600,\"height\":600},{\"@type\":\"BreadcrumbList\",\"@id\":\"https:\\\/\\\/obender.eu\\\/en\\\/toode\\\/stanley-s744-031-karabiinlukk-18m-vedrukaabli-ja-numbrikoodiga\\\/#breadcrumb\",\"itemListElement\":[{\"@type\":\"ListItem\",\"position\":1,\"name\":\"Home\",\"item\":\"https:\\\/\\\/obender.eu\\\/en\\\/\"},{\"@type\":\"ListItem\",\"position\":2,\"name\":\"Tooted\",\"item\":\"https:\\\/\\\/www.obender.eu\\\/tooted\\\/\"},{\"@type\":\"ListItem\",\"position\":3,\"name\":\"Stanley S744-031 combination carabiner lock 85mm\"}]},{\"@type\":\"WebSite\",\"@id\":\"https:\\\/\\\/www.obender.eu\\\/#website\",\"url\":\"https:\\\/\\\/www.obender.eu\\\/\",\"name\":\"Obender\",\"description\":\"T\u00f6\u00f6stuskaupade hulgim\u00fc\u00fck\",\"potentialAction\":[{\"@type\":\"SearchAction\",\"target\":{\"@type\":\"EntryPoint\",\"urlTemplate\":\"https:\\\/\\\/www.obender.eu\\\/?s={search_term_string}\"},\"query-input\":{\"@type\":\"PropertyValueSpecification\",\"valueRequired\":true,\"valueName\":\"search_term_string\"}}],\"inLanguage\":\"en-US\"}]}<\/script>\n<!-- \/ Yoast SEO Premium plugin. -->","yoast_head_json":{"title":"Stanley S744-031 combination carabiner lock 85mm - Obender","robots":{"index":"index","follow":"follow","max-snippet":"max-snippet:-1","max-image-preview":"max-image-preview:large","max-video-preview":"max-video-preview:-1"},"canonical":"https:\/\/obender.eu\/en\/toode\/stanley-s744-031-karabiinlukk-18m-vedrukaabli-ja-numbrikoodiga\/","og_locale":"en_US","og_type":"article","og_title":"Stanley S744-031 combination carabiner lock 85mm","og_description":"Stanley S744-031 helmet carabiner lock Ideal locking for backbags, bikes, baby buggies, trolleys, bicycle helmets 180cm flexible spring cable Weight","og_url":"https:\/\/obender.eu\/en\/toode\/stanley-s744-031-karabiinlukk-18m-vedrukaabli-ja-numbrikoodiga\/","og_site_name":"Obender","article_modified_time":"2026-04-14T04:01:04+00:00","og_image":[{"width":600,"height":600,"url":"https:\/\/obender.eu\/wp-content\/uploads\/2022\/04\/S744-031-1.jpg","type":"image\/jpeg"}],"twitter_card":"summary_large_image","twitter_misc":{"Est. reading time":"1 minute"},"schema":{"@context":"https:\/\/schema.org","@graph":[{"@type":"WebPage","@id":"https:\/\/obender.eu\/en\/toode\/stanley-s744-031-karabiinlukk-18m-vedrukaabli-ja-numbrikoodiga\/","url":"https:\/\/obender.eu\/en\/toode\/stanley-s744-031-karabiinlukk-18m-vedrukaabli-ja-numbrikoodiga\/","name":"Stanley S744-031 combination carabiner lock 85mm - Obender","isPartOf":{"@id":"https:\/\/www.obender.eu\/#website"},"primaryImageOfPage":{"@id":"https:\/\/obender.eu\/en\/toode\/stanley-s744-031-karabiinlukk-18m-vedrukaabli-ja-numbrikoodiga\/#primaryimage"},"image":{"@id":"https:\/\/obender.eu\/en\/toode\/stanley-s744-031-karabiinlukk-18m-vedrukaabli-ja-numbrikoodiga\/#primaryimage"},"thumbnailUrl":"https:\/\/obender.eu\/wp-content\/uploads\/2022\/04\/S744-031-1.jpg","datePublished":"2022-04-10T10:09:01+00:00","dateModified":"2026-04-14T04:01:04+00:00","breadcrumb":{"@id":"https:\/\/obender.eu\/en\/toode\/stanley-s744-031-karabiinlukk-18m-vedrukaabli-ja-numbrikoodiga\/#breadcrumb"},"inLanguage":"en-US","potentialAction":[{"@type":"ReadAction","target":["https:\/\/obender.eu\/en\/toode\/stanley-s744-031-karabiinlukk-18m-vedrukaabli-ja-numbrikoodiga\/"]}]},{"@type":"ImageObject","inLanguage":"en-US","@id":"https:\/\/obender.eu\/en\/toode\/stanley-s744-031-karabiinlukk-18m-vedrukaabli-ja-numbrikoodiga\/#primaryimage","url":"https:\/\/obender.eu\/wp-content\/uploads\/2022\/04\/S744-031-1.jpg","contentUrl":"https:\/\/obender.eu\/wp-content\/uploads\/2022\/04\/S744-031-1.jpg","width":600,"height":600},{"@type":"BreadcrumbList","@id":"https:\/\/obender.eu\/en\/toode\/stanley-s744-031-karabiinlukk-18m-vedrukaabli-ja-numbrikoodiga\/#breadcrumb","itemListElement":[{"@type":"ListItem","position":1,"name":"Home","item":"https:\/\/obender.eu\/en\/"},{"@type":"ListItem","position":2,"name":"Tooted","item":"https:\/\/www.obender.eu\/tooted\/"},{"@type":"ListItem","position":3,"name":"Stanley S744-031 combination carabiner lock 85mm"}]},{"@type":"WebSite","@id":"https:\/\/www.obender.eu\/#website","url":"https:\/\/www.obender.eu\/","name":"Obender","description":"T\u00f6\u00f6stuskaupade hulgim\u00fc\u00fck","potentialAction":[{"@type":"SearchAction","target":{"@type":"EntryPoint","urlTemplate":"https:\/\/www.obender.eu\/?s={search_term_string}"},"query-input":{"@type":"PropertyValueSpecification","valueRequired":true,"valueName":"search_term_string"}}],"inLanguage":"en-US"}]}},"_links":{"self":[{"href":"https:\/\/obender.eu\/en\/wp-json\/wp\/v2\/product\/18557","targetHints":{"allow":["GET"]}}],"collection":[{"href":"https:\/\/obender.eu\/en\/wp-json\/wp\/v2\/product"}],"about":[{"href":"https:\/\/obender.eu\/en\/wp-json\/wp\/v2\/types\/product"}],"version-history":[{"count":5,"href":"https:\/\/obender.eu\/en\/wp-json\/wp\/v2\/product\/18557\/revisions"}],"predecessor-version":[{"id":23044,"href":"https:\/\/obender.eu\/en\/wp-json\/wp\/v2\/product\/18557\/revisions\/23044"}],"wp:featuredmedia":[{"embeddable":true,"href":"https:\/\/obender.eu\/en\/wp-json\/wp\/v2\/media\/18545"}],"wp:attachment":[{"href":"https:\/\/obender.eu\/en\/wp-json\/wp\/v2\/media?parent=18557"}],"wp:term":[{"taxonomy":"product_brand","embeddable":true,"href":"https:\/\/obender.eu\/en\/wp-json\/wp\/v2\/product_brand?post=18557"},{"taxonomy":"product_cat","embeddable":true,"href":"https:\/\/obender.eu\/en\/wp-json\/wp\/v2\/product_cat?post=18557"},{"taxonomy":"product_tag","embeddable":true,"href":"https:\/\/obender.eu\/en\/wp-json\/wp\/v2\/product_tag?post=18557"}],"curies":[{"name":"wp","href":"https:\/\/api.w.org\/{rel}","templated":true}]}}