{"id":19048,"date":"2022-05-13T19:16:06","date_gmt":"2022-05-13T16:16:06","guid":{"rendered":"https:\/\/obender.eu\/?post_type=product&#038;p=19048"},"modified":"2026-04-22T08:00:36","modified_gmt":"2026-04-22T05:00:36","slug":"rattakiiver-abus-kids-m-50-55cm-roosa-2","status":"publish","type":"product","link":"https:\/\/obender.eu\/en\/toode\/rattakiiver-abus-kids-m-50-55cm-roosa-2\/","title":{"rendered":"Bike helmet  Abus Kids M (50-55cm) pink"},"content":{"rendered":"<p>Abus bicycle helmet<\/p>\n<p><span>In today&#8217;s traffic, a helmet is essential when cycling.\u00a0Especially with children.\u00a0Helmet wearers are safer on the bike &#8211; be it for sporty riding or in everyday life.\u00a0ABUS helmets stand for high-quality material, state-of-the-art production and top design.\u00a0The current ABUS helmets are characterized by high-quality materials, the latest production processes and professional design.<\/span><br \/>\n<span>ABUS has been known for its children&#8217;s collection for many years.\u00a0We constantly strive to raise awareness about cycling helmets.\u00a0Our cooperation with numerous multipliers such as the ADFC, the German Road Safety Service or the Federal Association of Children&#8217;s Neurology Aid show our responsibility beyond the sales pitch.<\/span><\/p>\n","protected":false},"excerpt":{"rendered":"<p>Abus bicycle helmet In today&#8217;s traffic, a helmet is essential when cycling.\u00a0Especially with children.\u00a0Helmet wearers are safer on the bike<\/p>\n","protected":false},"featured_media":19009,"template":"","meta":[],"product_brand":[],"product_cat":[410,335],"product_tag":[635,939,938],"class_list":{"0":"post-19048","1":"product","2":"type-product","3":"status-publish","4":"has-post-thumbnail","6":"product_cat-bicycle-helmets","7":"product_cat-sports-and-leisure","8":"product_tag-abus-en","9":"product_tag-helmet-en","10":"product_tag-kiiver-en","12":"first","13":"instock","14":"taxable","15":"shipping-taxable","16":"purchasable","17":"product-type-simple"},"yoast_head":"<!-- This site is optimized with the Yoast SEO Premium plugin v20.0 (Yoast SEO v27.4) - https:\/\/yoast.com\/product\/yoast-seo-premium-wordpress\/ -->\n<title>Bike helmet Abus Kids M (50-55cm) pink - Obender<\/title>\n<meta name=\"robots\" content=\"index, follow, max-snippet:-1, max-image-preview:large, max-video-preview:-1\" \/>\n<link rel=\"canonical\" href=\"https:\/\/obender.eu\/en\/toode\/rattakiiver-abus-kids-m-50-55cm-roosa-2\/\" \/>\n<meta property=\"og:locale\" content=\"en_US\" \/>\n<meta property=\"og:type\" content=\"article\" \/>\n<meta property=\"og:title\" content=\"Bike helmet Abus Kids M (50-55cm) pink\" \/>\n<meta property=\"og:description\" content=\"Abus bicycle helmet In today&#8217;s traffic, a helmet is essential when cycling.\u00a0Especially with children.\u00a0Helmet wearers are safer on the bike\" \/>\n<meta property=\"og:url\" content=\"https:\/\/obender.eu\/en\/toode\/rattakiiver-abus-kids-m-50-55cm-roosa-2\/\" \/>\n<meta property=\"og:site_name\" content=\"Obender\" \/>\n<meta property=\"article:modified_time\" content=\"2026-04-22T05:00:36+00:00\" \/>\n<meta property=\"og:image\" content=\"https:\/\/obender.eu\/wp-content\/uploads\/2022\/05\/helmet-kids-pink.jpg\" \/>\n\t<meta property=\"og:image:width\" content=\"600\" \/>\n\t<meta property=\"og:image:height\" content=\"600\" \/>\n\t<meta property=\"og:image:type\" content=\"image\/jpeg\" \/>\n<meta name=\"twitter:card\" content=\"summary_large_image\" \/>\n<meta name=\"twitter:label1\" content=\"Est. reading time\" \/>\n\t<meta name=\"twitter:data1\" content=\"1 minute\" \/>\n<script type=\"application\/ld+json\" class=\"yoast-schema-graph\">{\"@context\":\"https:\\\/\\\/schema.org\",\"@graph\":[{\"@type\":\"WebPage\",\"@id\":\"https:\\\/\\\/obender.eu\\\/en\\\/toode\\\/rattakiiver-abus-kids-m-50-55cm-roosa-2\\\/\",\"url\":\"https:\\\/\\\/obender.eu\\\/en\\\/toode\\\/rattakiiver-abus-kids-m-50-55cm-roosa-2\\\/\",\"name\":\"Bike helmet Abus Kids M (50-55cm) pink - Obender\",\"isPartOf\":{\"@id\":\"https:\\\/\\\/www.obender.eu\\\/#website\"},\"primaryImageOfPage\":{\"@id\":\"https:\\\/\\\/obender.eu\\\/en\\\/toode\\\/rattakiiver-abus-kids-m-50-55cm-roosa-2\\\/#primaryimage\"},\"image\":{\"@id\":\"https:\\\/\\\/obender.eu\\\/en\\\/toode\\\/rattakiiver-abus-kids-m-50-55cm-roosa-2\\\/#primaryimage\"},\"thumbnailUrl\":\"https:\\\/\\\/obender.eu\\\/wp-content\\\/uploads\\\/2022\\\/05\\\/helmet-kids-pink.jpg\",\"datePublished\":\"2022-05-13T16:16:06+00:00\",\"dateModified\":\"2026-04-22T05:00:36+00:00\",\"breadcrumb\":{\"@id\":\"https:\\\/\\\/obender.eu\\\/en\\\/toode\\\/rattakiiver-abus-kids-m-50-55cm-roosa-2\\\/#breadcrumb\"},\"inLanguage\":\"en-US\",\"potentialAction\":[{\"@type\":\"ReadAction\",\"target\":[\"https:\\\/\\\/obender.eu\\\/en\\\/toode\\\/rattakiiver-abus-kids-m-50-55cm-roosa-2\\\/\"]}]},{\"@type\":\"ImageObject\",\"inLanguage\":\"en-US\",\"@id\":\"https:\\\/\\\/obender.eu\\\/en\\\/toode\\\/rattakiiver-abus-kids-m-50-55cm-roosa-2\\\/#primaryimage\",\"url\":\"https:\\\/\\\/obender.eu\\\/wp-content\\\/uploads\\\/2022\\\/05\\\/helmet-kids-pink.jpg\",\"contentUrl\":\"https:\\\/\\\/obender.eu\\\/wp-content\\\/uploads\\\/2022\\\/05\\\/helmet-kids-pink.jpg\",\"width\":600,\"height\":600},{\"@type\":\"BreadcrumbList\",\"@id\":\"https:\\\/\\\/obender.eu\\\/en\\\/toode\\\/rattakiiver-abus-kids-m-50-55cm-roosa-2\\\/#breadcrumb\",\"itemListElement\":[{\"@type\":\"ListItem\",\"position\":1,\"name\":\"Home\",\"item\":\"https:\\\/\\\/obender.eu\\\/en\\\/\"},{\"@type\":\"ListItem\",\"position\":2,\"name\":\"Tooted\",\"item\":\"https:\\\/\\\/www.obender.eu\\\/tooted\\\/\"},{\"@type\":\"ListItem\",\"position\":3,\"name\":\"Bike helmet Abus Kids M (50-55cm) pink\"}]},{\"@type\":\"WebSite\",\"@id\":\"https:\\\/\\\/www.obender.eu\\\/#website\",\"url\":\"https:\\\/\\\/www.obender.eu\\\/\",\"name\":\"Obender\",\"description\":\"T\u00f6\u00f6stuskaupade hulgim\u00fc\u00fck\",\"potentialAction\":[{\"@type\":\"SearchAction\",\"target\":{\"@type\":\"EntryPoint\",\"urlTemplate\":\"https:\\\/\\\/www.obender.eu\\\/?s={search_term_string}\"},\"query-input\":{\"@type\":\"PropertyValueSpecification\",\"valueRequired\":true,\"valueName\":\"search_term_string\"}}],\"inLanguage\":\"en-US\"}]}<\/script>\n<!-- \/ Yoast SEO Premium plugin. -->","yoast_head_json":{"title":"Bike helmet Abus Kids M (50-55cm) pink - Obender","robots":{"index":"index","follow":"follow","max-snippet":"max-snippet:-1","max-image-preview":"max-image-preview:large","max-video-preview":"max-video-preview:-1"},"canonical":"https:\/\/obender.eu\/en\/toode\/rattakiiver-abus-kids-m-50-55cm-roosa-2\/","og_locale":"en_US","og_type":"article","og_title":"Bike helmet Abus Kids M (50-55cm) pink","og_description":"Abus bicycle helmet In today&#8217;s traffic, a helmet is essential when cycling.\u00a0Especially with children.\u00a0Helmet wearers are safer on the bike","og_url":"https:\/\/obender.eu\/en\/toode\/rattakiiver-abus-kids-m-50-55cm-roosa-2\/","og_site_name":"Obender","article_modified_time":"2026-04-22T05:00:36+00:00","og_image":[{"width":600,"height":600,"url":"https:\/\/obender.eu\/wp-content\/uploads\/2022\/05\/helmet-kids-pink.jpg","type":"image\/jpeg"}],"twitter_card":"summary_large_image","twitter_misc":{"Est. reading time":"1 minute"},"schema":{"@context":"https:\/\/schema.org","@graph":[{"@type":"WebPage","@id":"https:\/\/obender.eu\/en\/toode\/rattakiiver-abus-kids-m-50-55cm-roosa-2\/","url":"https:\/\/obender.eu\/en\/toode\/rattakiiver-abus-kids-m-50-55cm-roosa-2\/","name":"Bike helmet Abus Kids M (50-55cm) pink - Obender","isPartOf":{"@id":"https:\/\/www.obender.eu\/#website"},"primaryImageOfPage":{"@id":"https:\/\/obender.eu\/en\/toode\/rattakiiver-abus-kids-m-50-55cm-roosa-2\/#primaryimage"},"image":{"@id":"https:\/\/obender.eu\/en\/toode\/rattakiiver-abus-kids-m-50-55cm-roosa-2\/#primaryimage"},"thumbnailUrl":"https:\/\/obender.eu\/wp-content\/uploads\/2022\/05\/helmet-kids-pink.jpg","datePublished":"2022-05-13T16:16:06+00:00","dateModified":"2026-04-22T05:00:36+00:00","breadcrumb":{"@id":"https:\/\/obender.eu\/en\/toode\/rattakiiver-abus-kids-m-50-55cm-roosa-2\/#breadcrumb"},"inLanguage":"en-US","potentialAction":[{"@type":"ReadAction","target":["https:\/\/obender.eu\/en\/toode\/rattakiiver-abus-kids-m-50-55cm-roosa-2\/"]}]},{"@type":"ImageObject","inLanguage":"en-US","@id":"https:\/\/obender.eu\/en\/toode\/rattakiiver-abus-kids-m-50-55cm-roosa-2\/#primaryimage","url":"https:\/\/obender.eu\/wp-content\/uploads\/2022\/05\/helmet-kids-pink.jpg","contentUrl":"https:\/\/obender.eu\/wp-content\/uploads\/2022\/05\/helmet-kids-pink.jpg","width":600,"height":600},{"@type":"BreadcrumbList","@id":"https:\/\/obender.eu\/en\/toode\/rattakiiver-abus-kids-m-50-55cm-roosa-2\/#breadcrumb","itemListElement":[{"@type":"ListItem","position":1,"name":"Home","item":"https:\/\/obender.eu\/en\/"},{"@type":"ListItem","position":2,"name":"Tooted","item":"https:\/\/www.obender.eu\/tooted\/"},{"@type":"ListItem","position":3,"name":"Bike helmet Abus Kids M (50-55cm) pink"}]},{"@type":"WebSite","@id":"https:\/\/www.obender.eu\/#website","url":"https:\/\/www.obender.eu\/","name":"Obender","description":"T\u00f6\u00f6stuskaupade hulgim\u00fc\u00fck","potentialAction":[{"@type":"SearchAction","target":{"@type":"EntryPoint","urlTemplate":"https:\/\/www.obender.eu\/?s={search_term_string}"},"query-input":{"@type":"PropertyValueSpecification","valueRequired":true,"valueName":"search_term_string"}}],"inLanguage":"en-US"}]}},"_links":{"self":[{"href":"https:\/\/obender.eu\/en\/wp-json\/wp\/v2\/product\/19048","targetHints":{"allow":["GET"]}}],"collection":[{"href":"https:\/\/obender.eu\/en\/wp-json\/wp\/v2\/product"}],"about":[{"href":"https:\/\/obender.eu\/en\/wp-json\/wp\/v2\/types\/product"}],"version-history":[{"count":4,"href":"https:\/\/obender.eu\/en\/wp-json\/wp\/v2\/product\/19048\/revisions"}],"predecessor-version":[{"id":23013,"href":"https:\/\/obender.eu\/en\/wp-json\/wp\/v2\/product\/19048\/revisions\/23013"}],"wp:featuredmedia":[{"embeddable":true,"href":"https:\/\/obender.eu\/en\/wp-json\/wp\/v2\/media\/19009"}],"wp:attachment":[{"href":"https:\/\/obender.eu\/en\/wp-json\/wp\/v2\/media?parent=19048"}],"wp:term":[{"taxonomy":"product_brand","embeddable":true,"href":"https:\/\/obender.eu\/en\/wp-json\/wp\/v2\/product_brand?post=19048"},{"taxonomy":"product_cat","embeddable":true,"href":"https:\/\/obender.eu\/en\/wp-json\/wp\/v2\/product_cat?post=19048"},{"taxonomy":"product_tag","embeddable":true,"href":"https:\/\/obender.eu\/en\/wp-json\/wp\/v2\/product_tag?post=19048"}],"curies":[{"name":"wp","href":"https:\/\/api.w.org\/{rel}","templated":true}]}}