{"id":19114,"date":"2022-05-14T11:16:27","date_gmt":"2022-05-14T08:16:27","guid":{"rendered":"https:\/\/obender.eu\/?post_type=product&#038;p=19114"},"modified":"2026-04-18T17:00:01","modified_gmt":"2026-04-18T14:00:01","slug":"usb-kaabel-emos-sm7031w-10m-usb-2-0-lightning","status":"publish","type":"product","link":"https:\/\/obender.eu\/en\/toode\/usb-kaabel-emos-sm7031w-10m-usb-2-0-lightning\/","title":{"rendered":"Data cable Emos 1,0m USB 2.0 &#8211; Lightning"},"content":{"rendered":"<p>Emos SM7031W<\/p>\n<p>USB-A &#8211; Lightning, 2.0, 2A<\/p>\n<p>EAN: 8592920015575<\/p>\n","protected":false},"excerpt":{"rendered":"<p>Emos SM7031W USB-A &#8211; Lightning, 2.0, 2A EAN: 8592920015575<\/p>\n","protected":false},"featured_media":19113,"template":"","meta":[],"product_brand":[],"product_cat":[299,393],"product_tag":[500,540,1248,667],"class_list":{"0":"post-19114","1":"product","2":"type-product","3":"status-publish","4":"has-post-thumbnail","6":"product_cat-phone-holders-and-chargers","7":"product_cat-smartphone-cables","8":"product_tag-data-cable","9":"product_tag-data-cable-2-en","10":"product_tag-datakaabel-en","11":"product_tag-emos-en","13":"first","14":"instock","15":"sale","16":"taxable","17":"shipping-taxable","18":"purchasable","19":"product-type-simple"},"yoast_head":"<!-- This site is optimized with the Yoast SEO Premium plugin v20.0 (Yoast SEO v27.4) - https:\/\/yoast.com\/product\/yoast-seo-premium-wordpress\/ -->\n<title>Data cable Emos 1,0m USB 2.0 - Lightning - Obender<\/title>\n<meta name=\"robots\" content=\"index, follow, max-snippet:-1, max-image-preview:large, max-video-preview:-1\" \/>\n<link rel=\"canonical\" href=\"https:\/\/obender.eu\/en\/toode\/usb-kaabel-emos-sm7031w-10m-usb-2-0-lightning\/\" \/>\n<meta property=\"og:locale\" content=\"en_US\" \/>\n<meta property=\"og:type\" content=\"article\" \/>\n<meta property=\"og:title\" content=\"Data cable Emos 1,0m USB 2.0 - Lightning\" \/>\n<meta property=\"og:description\" content=\"Emos SM7031W USB-A &#8211; Lightning, 2.0, 2A EAN: 8592920015575\" \/>\n<meta property=\"og:url\" content=\"https:\/\/obender.eu\/en\/toode\/usb-kaabel-emos-sm7031w-10m-usb-2-0-lightning\/\" \/>\n<meta property=\"og:site_name\" content=\"Obender\" \/>\n<meta property=\"article:modified_time\" content=\"2026-04-18T14:00:01+00:00\" \/>\n<meta property=\"og:image\" content=\"https:\/\/obender.eu\/wp-content\/uploads\/2022\/05\/8592920015575.jpg\" \/>\n\t<meta property=\"og:image:width\" content=\"800\" \/>\n\t<meta property=\"og:image:height\" content=\"800\" \/>\n\t<meta property=\"og:image:type\" content=\"image\/jpeg\" \/>\n<meta name=\"twitter:card\" content=\"summary_large_image\" \/>\n<meta name=\"twitter:label1\" content=\"Est. reading time\" \/>\n\t<meta name=\"twitter:data1\" content=\"1 minute\" \/>\n<script type=\"application\/ld+json\" class=\"yoast-schema-graph\">{\"@context\":\"https:\\\/\\\/schema.org\",\"@graph\":[{\"@type\":\"WebPage\",\"@id\":\"https:\\\/\\\/obender.eu\\\/en\\\/toode\\\/usb-kaabel-emos-sm7031w-10m-usb-2-0-lightning\\\/\",\"url\":\"https:\\\/\\\/obender.eu\\\/en\\\/toode\\\/usb-kaabel-emos-sm7031w-10m-usb-2-0-lightning\\\/\",\"name\":\"Data cable Emos 1,0m USB 2.0 - Lightning - Obender\",\"isPartOf\":{\"@id\":\"https:\\\/\\\/www.obender.eu\\\/#website\"},\"primaryImageOfPage\":{\"@id\":\"https:\\\/\\\/obender.eu\\\/en\\\/toode\\\/usb-kaabel-emos-sm7031w-10m-usb-2-0-lightning\\\/#primaryimage\"},\"image\":{\"@id\":\"https:\\\/\\\/obender.eu\\\/en\\\/toode\\\/usb-kaabel-emos-sm7031w-10m-usb-2-0-lightning\\\/#primaryimage\"},\"thumbnailUrl\":\"https:\\\/\\\/obender.eu\\\/wp-content\\\/uploads\\\/2022\\\/05\\\/8592920015575.jpg\",\"datePublished\":\"2022-05-14T08:16:27+00:00\",\"dateModified\":\"2026-04-18T14:00:01+00:00\",\"breadcrumb\":{\"@id\":\"https:\\\/\\\/obender.eu\\\/en\\\/toode\\\/usb-kaabel-emos-sm7031w-10m-usb-2-0-lightning\\\/#breadcrumb\"},\"inLanguage\":\"en-US\",\"potentialAction\":[{\"@type\":\"ReadAction\",\"target\":[\"https:\\\/\\\/obender.eu\\\/en\\\/toode\\\/usb-kaabel-emos-sm7031w-10m-usb-2-0-lightning\\\/\"]}]},{\"@type\":\"ImageObject\",\"inLanguage\":\"en-US\",\"@id\":\"https:\\\/\\\/obender.eu\\\/en\\\/toode\\\/usb-kaabel-emos-sm7031w-10m-usb-2-0-lightning\\\/#primaryimage\",\"url\":\"https:\\\/\\\/obender.eu\\\/wp-content\\\/uploads\\\/2022\\\/05\\\/8592920015575.jpg\",\"contentUrl\":\"https:\\\/\\\/obender.eu\\\/wp-content\\\/uploads\\\/2022\\\/05\\\/8592920015575.jpg\",\"width\":800,\"height\":800},{\"@type\":\"BreadcrumbList\",\"@id\":\"https:\\\/\\\/obender.eu\\\/en\\\/toode\\\/usb-kaabel-emos-sm7031w-10m-usb-2-0-lightning\\\/#breadcrumb\",\"itemListElement\":[{\"@type\":\"ListItem\",\"position\":1,\"name\":\"Home\",\"item\":\"https:\\\/\\\/obender.eu\\\/en\\\/\"},{\"@type\":\"ListItem\",\"position\":2,\"name\":\"Tooted\",\"item\":\"https:\\\/\\\/www.obender.eu\\\/tooted\\\/\"},{\"@type\":\"ListItem\",\"position\":3,\"name\":\"Data cable Emos 1,0m USB 2.0 &#8211; Lightning\"}]},{\"@type\":\"WebSite\",\"@id\":\"https:\\\/\\\/www.obender.eu\\\/#website\",\"url\":\"https:\\\/\\\/www.obender.eu\\\/\",\"name\":\"Obender\",\"description\":\"T\u00f6\u00f6stuskaupade hulgim\u00fc\u00fck\",\"potentialAction\":[{\"@type\":\"SearchAction\",\"target\":{\"@type\":\"EntryPoint\",\"urlTemplate\":\"https:\\\/\\\/www.obender.eu\\\/?s={search_term_string}\"},\"query-input\":{\"@type\":\"PropertyValueSpecification\",\"valueRequired\":true,\"valueName\":\"search_term_string\"}}],\"inLanguage\":\"en-US\"}]}<\/script>\n<!-- \/ Yoast SEO Premium plugin. -->","yoast_head_json":{"title":"Data cable Emos 1,0m USB 2.0 - Lightning - Obender","robots":{"index":"index","follow":"follow","max-snippet":"max-snippet:-1","max-image-preview":"max-image-preview:large","max-video-preview":"max-video-preview:-1"},"canonical":"https:\/\/obender.eu\/en\/toode\/usb-kaabel-emos-sm7031w-10m-usb-2-0-lightning\/","og_locale":"en_US","og_type":"article","og_title":"Data cable Emos 1,0m USB 2.0 - Lightning","og_description":"Emos SM7031W USB-A &#8211; Lightning, 2.0, 2A EAN: 8592920015575","og_url":"https:\/\/obender.eu\/en\/toode\/usb-kaabel-emos-sm7031w-10m-usb-2-0-lightning\/","og_site_name":"Obender","article_modified_time":"2026-04-18T14:00:01+00:00","og_image":[{"width":800,"height":800,"url":"https:\/\/obender.eu\/wp-content\/uploads\/2022\/05\/8592920015575.jpg","type":"image\/jpeg"}],"twitter_card":"summary_large_image","twitter_misc":{"Est. reading time":"1 minute"},"schema":{"@context":"https:\/\/schema.org","@graph":[{"@type":"WebPage","@id":"https:\/\/obender.eu\/en\/toode\/usb-kaabel-emos-sm7031w-10m-usb-2-0-lightning\/","url":"https:\/\/obender.eu\/en\/toode\/usb-kaabel-emos-sm7031w-10m-usb-2-0-lightning\/","name":"Data cable Emos 1,0m USB 2.0 - Lightning - Obender","isPartOf":{"@id":"https:\/\/www.obender.eu\/#website"},"primaryImageOfPage":{"@id":"https:\/\/obender.eu\/en\/toode\/usb-kaabel-emos-sm7031w-10m-usb-2-0-lightning\/#primaryimage"},"image":{"@id":"https:\/\/obender.eu\/en\/toode\/usb-kaabel-emos-sm7031w-10m-usb-2-0-lightning\/#primaryimage"},"thumbnailUrl":"https:\/\/obender.eu\/wp-content\/uploads\/2022\/05\/8592920015575.jpg","datePublished":"2022-05-14T08:16:27+00:00","dateModified":"2026-04-18T14:00:01+00:00","breadcrumb":{"@id":"https:\/\/obender.eu\/en\/toode\/usb-kaabel-emos-sm7031w-10m-usb-2-0-lightning\/#breadcrumb"},"inLanguage":"en-US","potentialAction":[{"@type":"ReadAction","target":["https:\/\/obender.eu\/en\/toode\/usb-kaabel-emos-sm7031w-10m-usb-2-0-lightning\/"]}]},{"@type":"ImageObject","inLanguage":"en-US","@id":"https:\/\/obender.eu\/en\/toode\/usb-kaabel-emos-sm7031w-10m-usb-2-0-lightning\/#primaryimage","url":"https:\/\/obender.eu\/wp-content\/uploads\/2022\/05\/8592920015575.jpg","contentUrl":"https:\/\/obender.eu\/wp-content\/uploads\/2022\/05\/8592920015575.jpg","width":800,"height":800},{"@type":"BreadcrumbList","@id":"https:\/\/obender.eu\/en\/toode\/usb-kaabel-emos-sm7031w-10m-usb-2-0-lightning\/#breadcrumb","itemListElement":[{"@type":"ListItem","position":1,"name":"Home","item":"https:\/\/obender.eu\/en\/"},{"@type":"ListItem","position":2,"name":"Tooted","item":"https:\/\/www.obender.eu\/tooted\/"},{"@type":"ListItem","position":3,"name":"Data cable Emos 1,0m USB 2.0 &#8211; Lightning"}]},{"@type":"WebSite","@id":"https:\/\/www.obender.eu\/#website","url":"https:\/\/www.obender.eu\/","name":"Obender","description":"T\u00f6\u00f6stuskaupade hulgim\u00fc\u00fck","potentialAction":[{"@type":"SearchAction","target":{"@type":"EntryPoint","urlTemplate":"https:\/\/www.obender.eu\/?s={search_term_string}"},"query-input":{"@type":"PropertyValueSpecification","valueRequired":true,"valueName":"search_term_string"}}],"inLanguage":"en-US"}]}},"_links":{"self":[{"href":"https:\/\/obender.eu\/en\/wp-json\/wp\/v2\/product\/19114","targetHints":{"allow":["GET"]}}],"collection":[{"href":"https:\/\/obender.eu\/en\/wp-json\/wp\/v2\/product"}],"about":[{"href":"https:\/\/obender.eu\/en\/wp-json\/wp\/v2\/types\/product"}],"version-history":[{"count":4,"href":"https:\/\/obender.eu\/en\/wp-json\/wp\/v2\/product\/19114\/revisions"}],"predecessor-version":[{"id":22984,"href":"https:\/\/obender.eu\/en\/wp-json\/wp\/v2\/product\/19114\/revisions\/22984"}],"wp:featuredmedia":[{"embeddable":true,"href":"https:\/\/obender.eu\/en\/wp-json\/wp\/v2\/media\/19113"}],"wp:attachment":[{"href":"https:\/\/obender.eu\/en\/wp-json\/wp\/v2\/media?parent=19114"}],"wp:term":[{"taxonomy":"product_brand","embeddable":true,"href":"https:\/\/obender.eu\/en\/wp-json\/wp\/v2\/product_brand?post=19114"},{"taxonomy":"product_cat","embeddable":true,"href":"https:\/\/obender.eu\/en\/wp-json\/wp\/v2\/product_cat?post=19114"},{"taxonomy":"product_tag","embeddable":true,"href":"https:\/\/obender.eu\/en\/wp-json\/wp\/v2\/product_tag?post=19114"}],"curies":[{"name":"wp","href":"https:\/\/api.w.org\/{rel}","templated":true}]}}