{"id":19321,"date":"2022-06-11T12:33:22","date_gmt":"2022-06-11T09:33:22","guid":{"rendered":"https:\/\/obender.eu\/?post_type=product&#038;p=19321"},"modified":"2026-04-19T13:01:06","modified_gmt":"2026-04-19T10:01:06","slug":"pikendusjuhe-5p-50m-3g10-10a-lulitiga-entac","status":"publish","type":"product","link":"https:\/\/obender.eu\/en\/toode\/pikendusjuhe-5p-50m-3g10-10a-lulitiga-entac\/","title":{"rendered":"Extension cord 5 socket 5,0M 3G1,5 16A with switch Entac"},"content":{"rendered":"<p>Extension cord with switch Entac ESE1.5G5-5-SW<\/p>\n<p>5 socket, 5m<\/p>\n<p>Cable 3&#215;1,5mm<\/p>\n<p>16A<\/p>\n<p>EAN: 5999097980324<\/p>\n","protected":false},"excerpt":{"rendered":"<p>Extension cord with switch Entac ESE1.5G5-5-SW 5 socket, 5m Cable 3&#215;1,5mm 16A EAN: 5999097980324<\/p>\n","protected":false},"featured_media":0,"template":"","meta":[],"product_brand":[],"product_cat":[295,293],"product_tag":[603,664,663],"class_list":{"0":"post-19321","1":"product","2":"type-product","3":"status-publish","5":"product_cat-extension-cords-en","6":"product_cat-power-extension","7":"product_tag-entac-en","8":"product_tag-extension-cord-en","9":"product_tag-pikendusjuhe-en","11":"first","12":"instock","13":"taxable","14":"shipping-taxable","15":"purchasable","16":"product-type-simple"},"yoast_head":"<!-- This site is optimized with the Yoast SEO Premium plugin v20.0 (Yoast SEO v27.4) - https:\/\/yoast.com\/product\/yoast-seo-premium-wordpress\/ -->\n<title>Extension cord 5 socket 5,0M 3G1,5 16A with switch Entac - Obender<\/title>\n<meta name=\"robots\" content=\"index, follow, max-snippet:-1, max-image-preview:large, max-video-preview:-1\" \/>\n<link rel=\"canonical\" href=\"https:\/\/obender.eu\/en\/toode\/pikendusjuhe-5p-50m-3g10-10a-lulitiga-entac\/\" \/>\n<meta property=\"og:locale\" content=\"en_US\" \/>\n<meta property=\"og:type\" content=\"article\" \/>\n<meta property=\"og:title\" content=\"Extension cord 5 socket 5,0M 3G1,5 16A with switch Entac\" \/>\n<meta property=\"og:description\" content=\"Extension cord with switch Entac ESE1.5G5-5-SW 5 socket, 5m Cable 3&#215;1,5mm 16A EAN: 5999097980324\" \/>\n<meta property=\"og:url\" content=\"https:\/\/obender.eu\/en\/toode\/pikendusjuhe-5p-50m-3g10-10a-lulitiga-entac\/\" \/>\n<meta property=\"og:site_name\" content=\"Obender\" \/>\n<meta property=\"article:modified_time\" content=\"2026-04-19T10:01:06+00:00\" \/>\n<meta property=\"og:image\" content=\"https:\/\/obender.eu\/wp-content\/uploads\/2020\/09\/5999571540068.jpg\" \/>\n\t<meta property=\"og:image:width\" content=\"800\" \/>\n\t<meta property=\"og:image:height\" content=\"800\" \/>\n\t<meta property=\"og:image:type\" content=\"image\/jpeg\" \/>\n<meta name=\"twitter:card\" content=\"summary_large_image\" \/>\n<meta name=\"twitter:label1\" content=\"Est. reading time\" \/>\n\t<meta name=\"twitter:data1\" content=\"1 minute\" \/>\n<script type=\"application\/ld+json\" class=\"yoast-schema-graph\">{\"@context\":\"https:\\\/\\\/schema.org\",\"@graph\":[{\"@type\":\"WebPage\",\"@id\":\"https:\\\/\\\/obender.eu\\\/en\\\/toode\\\/pikendusjuhe-5p-50m-3g10-10a-lulitiga-entac\\\/\",\"url\":\"https:\\\/\\\/obender.eu\\\/en\\\/toode\\\/pikendusjuhe-5p-50m-3g10-10a-lulitiga-entac\\\/\",\"name\":\"Extension cord 5 socket 5,0M 3G1,5 16A with switch Entac - Obender\",\"isPartOf\":{\"@id\":\"https:\\\/\\\/www.obender.eu\\\/#website\"},\"datePublished\":\"2022-06-11T09:33:22+00:00\",\"dateModified\":\"2026-04-19T10:01:06+00:00\",\"breadcrumb\":{\"@id\":\"https:\\\/\\\/obender.eu\\\/en\\\/toode\\\/pikendusjuhe-5p-50m-3g10-10a-lulitiga-entac\\\/#breadcrumb\"},\"inLanguage\":\"en-US\",\"potentialAction\":[{\"@type\":\"ReadAction\",\"target\":[\"https:\\\/\\\/obender.eu\\\/en\\\/toode\\\/pikendusjuhe-5p-50m-3g10-10a-lulitiga-entac\\\/\"]}]},{\"@type\":\"BreadcrumbList\",\"@id\":\"https:\\\/\\\/obender.eu\\\/en\\\/toode\\\/pikendusjuhe-5p-50m-3g10-10a-lulitiga-entac\\\/#breadcrumb\",\"itemListElement\":[{\"@type\":\"ListItem\",\"position\":1,\"name\":\"Home\",\"item\":\"https:\\\/\\\/obender.eu\\\/en\\\/\"},{\"@type\":\"ListItem\",\"position\":2,\"name\":\"Tooted\",\"item\":\"https:\\\/\\\/www.obender.eu\\\/tooted\\\/\"},{\"@type\":\"ListItem\",\"position\":3,\"name\":\"Extension cord 5 socket 5,0M 3G1,5 16A with switch Entac\"}]},{\"@type\":\"WebSite\",\"@id\":\"https:\\\/\\\/www.obender.eu\\\/#website\",\"url\":\"https:\\\/\\\/www.obender.eu\\\/\",\"name\":\"Obender\",\"description\":\"T\u00f6\u00f6stuskaupade hulgim\u00fc\u00fck\",\"potentialAction\":[{\"@type\":\"SearchAction\",\"target\":{\"@type\":\"EntryPoint\",\"urlTemplate\":\"https:\\\/\\\/www.obender.eu\\\/?s={search_term_string}\"},\"query-input\":{\"@type\":\"PropertyValueSpecification\",\"valueRequired\":true,\"valueName\":\"search_term_string\"}}],\"inLanguage\":\"en-US\"}]}<\/script>\n<!-- \/ Yoast SEO Premium plugin. -->","yoast_head_json":{"title":"Extension cord 5 socket 5,0M 3G1,5 16A with switch Entac - Obender","robots":{"index":"index","follow":"follow","max-snippet":"max-snippet:-1","max-image-preview":"max-image-preview:large","max-video-preview":"max-video-preview:-1"},"canonical":"https:\/\/obender.eu\/en\/toode\/pikendusjuhe-5p-50m-3g10-10a-lulitiga-entac\/","og_locale":"en_US","og_type":"article","og_title":"Extension cord 5 socket 5,0M 3G1,5 16A with switch Entac","og_description":"Extension cord with switch Entac ESE1.5G5-5-SW 5 socket, 5m Cable 3&#215;1,5mm 16A EAN: 5999097980324","og_url":"https:\/\/obender.eu\/en\/toode\/pikendusjuhe-5p-50m-3g10-10a-lulitiga-entac\/","og_site_name":"Obender","article_modified_time":"2026-04-19T10:01:06+00:00","og_image":[{"width":800,"height":800,"url":"https:\/\/obender.eu\/wp-content\/uploads\/2020\/09\/5999571540068.jpg","type":"image\/jpeg"}],"twitter_card":"summary_large_image","twitter_misc":{"Est. reading time":"1 minute"},"schema":{"@context":"https:\/\/schema.org","@graph":[{"@type":"WebPage","@id":"https:\/\/obender.eu\/en\/toode\/pikendusjuhe-5p-50m-3g10-10a-lulitiga-entac\/","url":"https:\/\/obender.eu\/en\/toode\/pikendusjuhe-5p-50m-3g10-10a-lulitiga-entac\/","name":"Extension cord 5 socket 5,0M 3G1,5 16A with switch Entac - Obender","isPartOf":{"@id":"https:\/\/www.obender.eu\/#website"},"datePublished":"2022-06-11T09:33:22+00:00","dateModified":"2026-04-19T10:01:06+00:00","breadcrumb":{"@id":"https:\/\/obender.eu\/en\/toode\/pikendusjuhe-5p-50m-3g10-10a-lulitiga-entac\/#breadcrumb"},"inLanguage":"en-US","potentialAction":[{"@type":"ReadAction","target":["https:\/\/obender.eu\/en\/toode\/pikendusjuhe-5p-50m-3g10-10a-lulitiga-entac\/"]}]},{"@type":"BreadcrumbList","@id":"https:\/\/obender.eu\/en\/toode\/pikendusjuhe-5p-50m-3g10-10a-lulitiga-entac\/#breadcrumb","itemListElement":[{"@type":"ListItem","position":1,"name":"Home","item":"https:\/\/obender.eu\/en\/"},{"@type":"ListItem","position":2,"name":"Tooted","item":"https:\/\/www.obender.eu\/tooted\/"},{"@type":"ListItem","position":3,"name":"Extension cord 5 socket 5,0M 3G1,5 16A with switch Entac"}]},{"@type":"WebSite","@id":"https:\/\/www.obender.eu\/#website","url":"https:\/\/www.obender.eu\/","name":"Obender","description":"T\u00f6\u00f6stuskaupade hulgim\u00fc\u00fck","potentialAction":[{"@type":"SearchAction","target":{"@type":"EntryPoint","urlTemplate":"https:\/\/www.obender.eu\/?s={search_term_string}"},"query-input":{"@type":"PropertyValueSpecification","valueRequired":true,"valueName":"search_term_string"}}],"inLanguage":"en-US"}]}},"_links":{"self":[{"href":"https:\/\/obender.eu\/en\/wp-json\/wp\/v2\/product\/19321","targetHints":{"allow":["GET"]}}],"collection":[{"href":"https:\/\/obender.eu\/en\/wp-json\/wp\/v2\/product"}],"about":[{"href":"https:\/\/obender.eu\/en\/wp-json\/wp\/v2\/types\/product"}],"version-history":[{"count":5,"href":"https:\/\/obender.eu\/en\/wp-json\/wp\/v2\/product\/19321\/revisions"}],"predecessor-version":[{"id":26211,"href":"https:\/\/obender.eu\/en\/wp-json\/wp\/v2\/product\/19321\/revisions\/26211"}],"wp:attachment":[{"href":"https:\/\/obender.eu\/en\/wp-json\/wp\/v2\/media?parent=19321"}],"wp:term":[{"taxonomy":"product_brand","embeddable":true,"href":"https:\/\/obender.eu\/en\/wp-json\/wp\/v2\/product_brand?post=19321"},{"taxonomy":"product_cat","embeddable":true,"href":"https:\/\/obender.eu\/en\/wp-json\/wp\/v2\/product_cat?post=19321"},{"taxonomy":"product_tag","embeddable":true,"href":"https:\/\/obender.eu\/en\/wp-json\/wp\/v2\/product_tag?post=19321"}],"curies":[{"name":"wp","href":"https:\/\/api.w.org\/{rel}","templated":true}]}}