{"id":19415,"date":"2022-06-11T17:20:02","date_gmt":"2022-06-11T14:20:02","guid":{"rendered":"https:\/\/obender.eu\/?post_type=product&#038;p=19415"},"modified":"2026-04-20T05:01:01","modified_gmt":"2026-04-20T02:01:01","slug":"lesta-textile-cleaner-500ml","status":"publish","type":"product","link":"https:\/\/obender.eu\/en\/toode\/lesta-textile-cleaner-500ml\/","title":{"rendered":"Lesta Textile Cleaner 500ml"},"content":{"rendered":"<p>Produst code: LES-AKL-TEXTI\/0.5<\/p>\n<p>EAN: 4770202393533<\/p>\n<p>Enhanced Textile Cleanser and Odour Remover. Textile and upholstery cleaner with air refresher technology. Removes unpleasant absorbed odours and leaves a light fresh scent. Suitable for all types of car upholstery and carpeting. Returns the original colour. Leaves no stains. _x000D_<br \/>\nUsage: Spray on a small area to be cleaned and wipe with a brush. In case of higher contamination, wait a few minutes before scrubbing to allow the product to absorb more dirt. After cleaning, dry with a cloth. Cleaning the entire surface is recommended.<\/p>\n<p>Textile Cleaner 2in1 500 ml<\/p>\n","protected":false},"excerpt":{"rendered":"<p>Produst code: LES-AKL-TEXTI\/0.5 EAN: 4770202393533 Enhanced Textile Cleanser and Odour Remover. Textile and upholstery cleaner with air refresher technology. Removes<\/p>\n","protected":false},"featured_media":22923,"template":"","meta":[],"product_brand":[],"product_cat":[270,274],"product_tag":[905,912,913],"class_list":{"0":"post-19415","1":"product","2":"type-product","3":"status-publish","4":"has-post-thumbnail","6":"product_cat-chemical-products","7":"product_cat-lesta-cleaners","8":"product_tag-lesta-en","9":"product_tag-tekstiil-en","10":"product_tag-textile-en","12":"first","13":"instock","14":"taxable","15":"shipping-taxable","16":"purchasable","17":"product-type-simple"},"yoast_head":"<!-- This site is optimized with the Yoast SEO Premium plugin v20.0 (Yoast SEO v27.4) - https:\/\/yoast.com\/product\/yoast-seo-premium-wordpress\/ -->\n<title>Lesta Textile Cleaner 500ml - Obender<\/title>\n<meta name=\"robots\" content=\"index, follow, max-snippet:-1, max-image-preview:large, max-video-preview:-1\" \/>\n<link rel=\"canonical\" href=\"https:\/\/obender.eu\/en\/toode\/lesta-textile-cleaner-500ml\/\" \/>\n<meta property=\"og:locale\" content=\"en_US\" \/>\n<meta property=\"og:type\" content=\"article\" \/>\n<meta property=\"og:title\" content=\"Lesta Textile Cleaner 500ml\" \/>\n<meta property=\"og:description\" content=\"Produst code: LES-AKL-TEXTI\/0.5 EAN: 4770202393533 Enhanced Textile Cleanser and Odour Remover. Textile and upholstery cleaner with air refresher technology. Removes\" \/>\n<meta property=\"og:url\" content=\"https:\/\/obender.eu\/en\/toode\/lesta-textile-cleaner-500ml\/\" \/>\n<meta property=\"og:site_name\" content=\"Obender\" \/>\n<meta property=\"article:modified_time\" content=\"2026-04-20T02:01:01+00:00\" \/>\n<meta property=\"og:image\" content=\"https:\/\/obender.eu\/wp-content\/uploads\/2022\/06\/4770202393533.jpg\" \/>\n\t<meta property=\"og:image:width\" content=\"700\" \/>\n\t<meta property=\"og:image:height\" content=\"700\" \/>\n\t<meta property=\"og:image:type\" content=\"image\/jpeg\" \/>\n<meta name=\"twitter:card\" content=\"summary_large_image\" \/>\n<meta name=\"twitter:label1\" content=\"Est. reading time\" \/>\n\t<meta name=\"twitter:data1\" content=\"1 minute\" \/>\n<script type=\"application\/ld+json\" class=\"yoast-schema-graph\">{\"@context\":\"https:\\\/\\\/schema.org\",\"@graph\":[{\"@type\":\"WebPage\",\"@id\":\"https:\\\/\\\/obender.eu\\\/en\\\/toode\\\/lesta-textile-cleaner-500ml\\\/\",\"url\":\"https:\\\/\\\/obender.eu\\\/en\\\/toode\\\/lesta-textile-cleaner-500ml\\\/\",\"name\":\"Lesta Textile Cleaner 500ml - Obender\",\"isPartOf\":{\"@id\":\"https:\\\/\\\/www.obender.eu\\\/#website\"},\"primaryImageOfPage\":{\"@id\":\"https:\\\/\\\/obender.eu\\\/en\\\/toode\\\/lesta-textile-cleaner-500ml\\\/#primaryimage\"},\"image\":{\"@id\":\"https:\\\/\\\/obender.eu\\\/en\\\/toode\\\/lesta-textile-cleaner-500ml\\\/#primaryimage\"},\"thumbnailUrl\":\"https:\\\/\\\/obender.eu\\\/wp-content\\\/uploads\\\/2022\\\/06\\\/4770202393533.jpg\",\"datePublished\":\"2022-06-11T14:20:02+00:00\",\"dateModified\":\"2026-04-20T02:01:01+00:00\",\"breadcrumb\":{\"@id\":\"https:\\\/\\\/obender.eu\\\/en\\\/toode\\\/lesta-textile-cleaner-500ml\\\/#breadcrumb\"},\"inLanguage\":\"en-US\",\"potentialAction\":[{\"@type\":\"ReadAction\",\"target\":[\"https:\\\/\\\/obender.eu\\\/en\\\/toode\\\/lesta-textile-cleaner-500ml\\\/\"]}]},{\"@type\":\"ImageObject\",\"inLanguage\":\"en-US\",\"@id\":\"https:\\\/\\\/obender.eu\\\/en\\\/toode\\\/lesta-textile-cleaner-500ml\\\/#primaryimage\",\"url\":\"https:\\\/\\\/obender.eu\\\/wp-content\\\/uploads\\\/2022\\\/06\\\/4770202393533.jpg\",\"contentUrl\":\"https:\\\/\\\/obender.eu\\\/wp-content\\\/uploads\\\/2022\\\/06\\\/4770202393533.jpg\",\"width\":700,\"height\":700},{\"@type\":\"BreadcrumbList\",\"@id\":\"https:\\\/\\\/obender.eu\\\/en\\\/toode\\\/lesta-textile-cleaner-500ml\\\/#breadcrumb\",\"itemListElement\":[{\"@type\":\"ListItem\",\"position\":1,\"name\":\"Home\",\"item\":\"https:\\\/\\\/obender.eu\\\/en\\\/\"},{\"@type\":\"ListItem\",\"position\":2,\"name\":\"Tooted\",\"item\":\"https:\\\/\\\/www.obender.eu\\\/tooted\\\/\"},{\"@type\":\"ListItem\",\"position\":3,\"name\":\"Lesta Textile Cleaner 500ml\"}]},{\"@type\":\"WebSite\",\"@id\":\"https:\\\/\\\/www.obender.eu\\\/#website\",\"url\":\"https:\\\/\\\/www.obender.eu\\\/\",\"name\":\"Obender\",\"description\":\"T\u00f6\u00f6stuskaupade hulgim\u00fc\u00fck\",\"potentialAction\":[{\"@type\":\"SearchAction\",\"target\":{\"@type\":\"EntryPoint\",\"urlTemplate\":\"https:\\\/\\\/www.obender.eu\\\/?s={search_term_string}\"},\"query-input\":{\"@type\":\"PropertyValueSpecification\",\"valueRequired\":true,\"valueName\":\"search_term_string\"}}],\"inLanguage\":\"en-US\"}]}<\/script>\n<!-- \/ Yoast SEO Premium plugin. -->","yoast_head_json":{"title":"Lesta Textile Cleaner 500ml - Obender","robots":{"index":"index","follow":"follow","max-snippet":"max-snippet:-1","max-image-preview":"max-image-preview:large","max-video-preview":"max-video-preview:-1"},"canonical":"https:\/\/obender.eu\/en\/toode\/lesta-textile-cleaner-500ml\/","og_locale":"en_US","og_type":"article","og_title":"Lesta Textile Cleaner 500ml","og_description":"Produst code: LES-AKL-TEXTI\/0.5 EAN: 4770202393533 Enhanced Textile Cleanser and Odour Remover. Textile and upholstery cleaner with air refresher technology. Removes","og_url":"https:\/\/obender.eu\/en\/toode\/lesta-textile-cleaner-500ml\/","og_site_name":"Obender","article_modified_time":"2026-04-20T02:01:01+00:00","og_image":[{"width":700,"height":700,"url":"https:\/\/obender.eu\/wp-content\/uploads\/2022\/06\/4770202393533.jpg","type":"image\/jpeg"}],"twitter_card":"summary_large_image","twitter_misc":{"Est. reading time":"1 minute"},"schema":{"@context":"https:\/\/schema.org","@graph":[{"@type":"WebPage","@id":"https:\/\/obender.eu\/en\/toode\/lesta-textile-cleaner-500ml\/","url":"https:\/\/obender.eu\/en\/toode\/lesta-textile-cleaner-500ml\/","name":"Lesta Textile Cleaner 500ml - Obender","isPartOf":{"@id":"https:\/\/www.obender.eu\/#website"},"primaryImageOfPage":{"@id":"https:\/\/obender.eu\/en\/toode\/lesta-textile-cleaner-500ml\/#primaryimage"},"image":{"@id":"https:\/\/obender.eu\/en\/toode\/lesta-textile-cleaner-500ml\/#primaryimage"},"thumbnailUrl":"https:\/\/obender.eu\/wp-content\/uploads\/2022\/06\/4770202393533.jpg","datePublished":"2022-06-11T14:20:02+00:00","dateModified":"2026-04-20T02:01:01+00:00","breadcrumb":{"@id":"https:\/\/obender.eu\/en\/toode\/lesta-textile-cleaner-500ml\/#breadcrumb"},"inLanguage":"en-US","potentialAction":[{"@type":"ReadAction","target":["https:\/\/obender.eu\/en\/toode\/lesta-textile-cleaner-500ml\/"]}]},{"@type":"ImageObject","inLanguage":"en-US","@id":"https:\/\/obender.eu\/en\/toode\/lesta-textile-cleaner-500ml\/#primaryimage","url":"https:\/\/obender.eu\/wp-content\/uploads\/2022\/06\/4770202393533.jpg","contentUrl":"https:\/\/obender.eu\/wp-content\/uploads\/2022\/06\/4770202393533.jpg","width":700,"height":700},{"@type":"BreadcrumbList","@id":"https:\/\/obender.eu\/en\/toode\/lesta-textile-cleaner-500ml\/#breadcrumb","itemListElement":[{"@type":"ListItem","position":1,"name":"Home","item":"https:\/\/obender.eu\/en\/"},{"@type":"ListItem","position":2,"name":"Tooted","item":"https:\/\/www.obender.eu\/tooted\/"},{"@type":"ListItem","position":3,"name":"Lesta Textile Cleaner 500ml"}]},{"@type":"WebSite","@id":"https:\/\/www.obender.eu\/#website","url":"https:\/\/www.obender.eu\/","name":"Obender","description":"T\u00f6\u00f6stuskaupade hulgim\u00fc\u00fck","potentialAction":[{"@type":"SearchAction","target":{"@type":"EntryPoint","urlTemplate":"https:\/\/www.obender.eu\/?s={search_term_string}"},"query-input":{"@type":"PropertyValueSpecification","valueRequired":true,"valueName":"search_term_string"}}],"inLanguage":"en-US"}]}},"_links":{"self":[{"href":"https:\/\/obender.eu\/en\/wp-json\/wp\/v2\/product\/19415","targetHints":{"allow":["GET"]}}],"collection":[{"href":"https:\/\/obender.eu\/en\/wp-json\/wp\/v2\/product"}],"about":[{"href":"https:\/\/obender.eu\/en\/wp-json\/wp\/v2\/types\/product"}],"version-history":[{"count":2,"href":"https:\/\/obender.eu\/en\/wp-json\/wp\/v2\/product\/19415\/revisions"}],"predecessor-version":[{"id":22925,"href":"https:\/\/obender.eu\/en\/wp-json\/wp\/v2\/product\/19415\/revisions\/22925"}],"wp:featuredmedia":[{"embeddable":true,"href":"https:\/\/obender.eu\/en\/wp-json\/wp\/v2\/media\/22923"}],"wp:attachment":[{"href":"https:\/\/obender.eu\/en\/wp-json\/wp\/v2\/media?parent=19415"}],"wp:term":[{"taxonomy":"product_brand","embeddable":true,"href":"https:\/\/obender.eu\/en\/wp-json\/wp\/v2\/product_brand?post=19415"},{"taxonomy":"product_cat","embeddable":true,"href":"https:\/\/obender.eu\/en\/wp-json\/wp\/v2\/product_cat?post=19415"},{"taxonomy":"product_tag","embeddable":true,"href":"https:\/\/obender.eu\/en\/wp-json\/wp\/v2\/product_tag?post=19415"}],"curies":[{"name":"wp","href":"https:\/\/api.w.org\/{rel}","templated":true}]}}