{"id":19567,"date":"2022-11-27T09:46:29","date_gmt":"2022-11-27T07:46:29","guid":{"rendered":"https:\/\/obender.eu\/toode\/abus-tabalukk-717al-45-ilmastikukindel-kollane\/"},"modified":"2026-04-18T17:00:40","modified_gmt":"2026-04-18T14:00:40","slug":"abus-tabalukk-717al-45-ilmastikukindel-kollane","status":"publish","type":"product","link":"https:\/\/obender.eu\/en\/toode\/abus-tabalukk-717al-45-ilmastikukindel-kollane\/","title":{"rendered":"Abus 717AL\/45 padlock, yellow"},"content":{"rendered":"<p>Abus 717AL\/45 padlock<\/p>\n<p>45mm aluminium body covered with plastic to protect delicate surface<\/p>\n<p>Key hole and Core is protected and covered from water and dirt<\/p>\n<p>Stainless inner elements<\/p>\n<p>Core is serializable<\/p>\n<p>Security class 4<\/p>\n<p>2 keys included<\/p>\n<p>EAN: 4003318527036<\/p>\n","protected":false},"excerpt":{"rendered":"<p>Abus 717AL\/45 padlock 45mm aluminium body covered with plastic to protect delicate surface Key hole and Core is protected and<\/p>\n","protected":false},"featured_media":19551,"template":"","meta":[],"product_brand":[],"product_cat":[277,282],"product_tag":[635,520,519],"class_list":{"0":"post-19567","1":"product","2":"type-product","3":"status-publish","4":"has-post-thumbnail","6":"product_cat-locks","7":"product_cat-padlocks-with-key","8":"product_tag-abus-en","9":"product_tag-padlock-en","10":"product_tag-tabalukk-en","12":"first","13":"instock","14":"taxable","15":"shipping-taxable","16":"purchasable","17":"product-type-simple"},"yoast_head":"<!-- This site is optimized with the Yoast SEO Premium plugin v20.0 (Yoast SEO v27.4) - https:\/\/yoast.com\/product\/yoast-seo-premium-wordpress\/ -->\n<title>Abus 717AL\/45 padlock, yellow - Obender<\/title>\n<meta name=\"robots\" content=\"index, follow, max-snippet:-1, max-image-preview:large, max-video-preview:-1\" \/>\n<link rel=\"canonical\" href=\"https:\/\/obender.eu\/en\/toode\/abus-tabalukk-717al-45-ilmastikukindel-kollane\/\" \/>\n<meta property=\"og:locale\" content=\"en_US\" \/>\n<meta property=\"og:type\" content=\"article\" \/>\n<meta property=\"og:title\" content=\"Abus 717AL\/45 padlock, yellow\" \/>\n<meta property=\"og:description\" content=\"Abus 717AL\/45 padlock 45mm aluminium body covered with plastic to protect delicate surface Key hole and Core is protected and\" \/>\n<meta property=\"og:url\" content=\"https:\/\/obender.eu\/en\/toode\/abus-tabalukk-717al-45-ilmastikukindel-kollane\/\" \/>\n<meta property=\"og:site_name\" content=\"Obender\" \/>\n<meta property=\"article:modified_time\" content=\"2026-04-18T14:00:40+00:00\" \/>\n<meta property=\"og:image\" content=\"https:\/\/obender.eu\/wp-content\/uploads\/2022\/11\/Abus-717-kol-4003318527036.jpg\" \/>\n\t<meta property=\"og:image:width\" content=\"647\" \/>\n\t<meta property=\"og:image:height\" content=\"650\" \/>\n\t<meta property=\"og:image:type\" content=\"image\/jpeg\" \/>\n<meta name=\"twitter:card\" content=\"summary_large_image\" \/>\n<meta name=\"twitter:label1\" content=\"Est. reading time\" \/>\n\t<meta name=\"twitter:data1\" content=\"1 minute\" \/>\n<script type=\"application\/ld+json\" class=\"yoast-schema-graph\">{\"@context\":\"https:\\\/\\\/schema.org\",\"@graph\":[{\"@type\":\"WebPage\",\"@id\":\"https:\\\/\\\/obender.eu\\\/en\\\/toode\\\/abus-tabalukk-717al-45-ilmastikukindel-kollane\\\/\",\"url\":\"https:\\\/\\\/obender.eu\\\/en\\\/toode\\\/abus-tabalukk-717al-45-ilmastikukindel-kollane\\\/\",\"name\":\"Abus 717AL\\\/45 padlock, yellow - Obender\",\"isPartOf\":{\"@id\":\"https:\\\/\\\/www.obender.eu\\\/#website\"},\"primaryImageOfPage\":{\"@id\":\"https:\\\/\\\/obender.eu\\\/en\\\/toode\\\/abus-tabalukk-717al-45-ilmastikukindel-kollane\\\/#primaryimage\"},\"image\":{\"@id\":\"https:\\\/\\\/obender.eu\\\/en\\\/toode\\\/abus-tabalukk-717al-45-ilmastikukindel-kollane\\\/#primaryimage\"},\"thumbnailUrl\":\"https:\\\/\\\/obender.eu\\\/wp-content\\\/uploads\\\/2022\\\/11\\\/Abus-717-kol-4003318527036.jpg\",\"datePublished\":\"2022-11-27T07:46:29+00:00\",\"dateModified\":\"2026-04-18T14:00:40+00:00\",\"breadcrumb\":{\"@id\":\"https:\\\/\\\/obender.eu\\\/en\\\/toode\\\/abus-tabalukk-717al-45-ilmastikukindel-kollane\\\/#breadcrumb\"},\"inLanguage\":\"en-US\",\"potentialAction\":[{\"@type\":\"ReadAction\",\"target\":[\"https:\\\/\\\/obender.eu\\\/en\\\/toode\\\/abus-tabalukk-717al-45-ilmastikukindel-kollane\\\/\"]}]},{\"@type\":\"ImageObject\",\"inLanguage\":\"en-US\",\"@id\":\"https:\\\/\\\/obender.eu\\\/en\\\/toode\\\/abus-tabalukk-717al-45-ilmastikukindel-kollane\\\/#primaryimage\",\"url\":\"https:\\\/\\\/obender.eu\\\/wp-content\\\/uploads\\\/2022\\\/11\\\/Abus-717-kol-4003318527036.jpg\",\"contentUrl\":\"https:\\\/\\\/obender.eu\\\/wp-content\\\/uploads\\\/2022\\\/11\\\/Abus-717-kol-4003318527036.jpg\",\"width\":647,\"height\":650},{\"@type\":\"BreadcrumbList\",\"@id\":\"https:\\\/\\\/obender.eu\\\/en\\\/toode\\\/abus-tabalukk-717al-45-ilmastikukindel-kollane\\\/#breadcrumb\",\"itemListElement\":[{\"@type\":\"ListItem\",\"position\":1,\"name\":\"Home\",\"item\":\"https:\\\/\\\/obender.eu\\\/en\\\/\"},{\"@type\":\"ListItem\",\"position\":2,\"name\":\"Tooted\",\"item\":\"https:\\\/\\\/www.obender.eu\\\/tooted\\\/\"},{\"@type\":\"ListItem\",\"position\":3,\"name\":\"Abus 717AL\\\/45 padlock, yellow\"}]},{\"@type\":\"WebSite\",\"@id\":\"https:\\\/\\\/www.obender.eu\\\/#website\",\"url\":\"https:\\\/\\\/www.obender.eu\\\/\",\"name\":\"Obender\",\"description\":\"T\u00f6\u00f6stuskaupade hulgim\u00fc\u00fck\",\"potentialAction\":[{\"@type\":\"SearchAction\",\"target\":{\"@type\":\"EntryPoint\",\"urlTemplate\":\"https:\\\/\\\/www.obender.eu\\\/?s={search_term_string}\"},\"query-input\":{\"@type\":\"PropertyValueSpecification\",\"valueRequired\":true,\"valueName\":\"search_term_string\"}}],\"inLanguage\":\"en-US\"}]}<\/script>\n<!-- \/ Yoast SEO Premium plugin. -->","yoast_head_json":{"title":"Abus 717AL\/45 padlock, yellow - Obender","robots":{"index":"index","follow":"follow","max-snippet":"max-snippet:-1","max-image-preview":"max-image-preview:large","max-video-preview":"max-video-preview:-1"},"canonical":"https:\/\/obender.eu\/en\/toode\/abus-tabalukk-717al-45-ilmastikukindel-kollane\/","og_locale":"en_US","og_type":"article","og_title":"Abus 717AL\/45 padlock, yellow","og_description":"Abus 717AL\/45 padlock 45mm aluminium body covered with plastic to protect delicate surface Key hole and Core is protected and","og_url":"https:\/\/obender.eu\/en\/toode\/abus-tabalukk-717al-45-ilmastikukindel-kollane\/","og_site_name":"Obender","article_modified_time":"2026-04-18T14:00:40+00:00","og_image":[{"width":647,"height":650,"url":"https:\/\/obender.eu\/wp-content\/uploads\/2022\/11\/Abus-717-kol-4003318527036.jpg","type":"image\/jpeg"}],"twitter_card":"summary_large_image","twitter_misc":{"Est. reading time":"1 minute"},"schema":{"@context":"https:\/\/schema.org","@graph":[{"@type":"WebPage","@id":"https:\/\/obender.eu\/en\/toode\/abus-tabalukk-717al-45-ilmastikukindel-kollane\/","url":"https:\/\/obender.eu\/en\/toode\/abus-tabalukk-717al-45-ilmastikukindel-kollane\/","name":"Abus 717AL\/45 padlock, yellow - Obender","isPartOf":{"@id":"https:\/\/www.obender.eu\/#website"},"primaryImageOfPage":{"@id":"https:\/\/obender.eu\/en\/toode\/abus-tabalukk-717al-45-ilmastikukindel-kollane\/#primaryimage"},"image":{"@id":"https:\/\/obender.eu\/en\/toode\/abus-tabalukk-717al-45-ilmastikukindel-kollane\/#primaryimage"},"thumbnailUrl":"https:\/\/obender.eu\/wp-content\/uploads\/2022\/11\/Abus-717-kol-4003318527036.jpg","datePublished":"2022-11-27T07:46:29+00:00","dateModified":"2026-04-18T14:00:40+00:00","breadcrumb":{"@id":"https:\/\/obender.eu\/en\/toode\/abus-tabalukk-717al-45-ilmastikukindel-kollane\/#breadcrumb"},"inLanguage":"en-US","potentialAction":[{"@type":"ReadAction","target":["https:\/\/obender.eu\/en\/toode\/abus-tabalukk-717al-45-ilmastikukindel-kollane\/"]}]},{"@type":"ImageObject","inLanguage":"en-US","@id":"https:\/\/obender.eu\/en\/toode\/abus-tabalukk-717al-45-ilmastikukindel-kollane\/#primaryimage","url":"https:\/\/obender.eu\/wp-content\/uploads\/2022\/11\/Abus-717-kol-4003318527036.jpg","contentUrl":"https:\/\/obender.eu\/wp-content\/uploads\/2022\/11\/Abus-717-kol-4003318527036.jpg","width":647,"height":650},{"@type":"BreadcrumbList","@id":"https:\/\/obender.eu\/en\/toode\/abus-tabalukk-717al-45-ilmastikukindel-kollane\/#breadcrumb","itemListElement":[{"@type":"ListItem","position":1,"name":"Home","item":"https:\/\/obender.eu\/en\/"},{"@type":"ListItem","position":2,"name":"Tooted","item":"https:\/\/www.obender.eu\/tooted\/"},{"@type":"ListItem","position":3,"name":"Abus 717AL\/45 padlock, yellow"}]},{"@type":"WebSite","@id":"https:\/\/www.obender.eu\/#website","url":"https:\/\/www.obender.eu\/","name":"Obender","description":"T\u00f6\u00f6stuskaupade hulgim\u00fc\u00fck","potentialAction":[{"@type":"SearchAction","target":{"@type":"EntryPoint","urlTemplate":"https:\/\/www.obender.eu\/?s={search_term_string}"},"query-input":{"@type":"PropertyValueSpecification","valueRequired":true,"valueName":"search_term_string"}}],"inLanguage":"en-US"}]}},"_links":{"self":[{"href":"https:\/\/obender.eu\/en\/wp-json\/wp\/v2\/product\/19567","targetHints":{"allow":["GET"]}}],"collection":[{"href":"https:\/\/obender.eu\/en\/wp-json\/wp\/v2\/product"}],"about":[{"href":"https:\/\/obender.eu\/en\/wp-json\/wp\/v2\/types\/product"}],"version-history":[{"count":4,"href":"https:\/\/obender.eu\/en\/wp-json\/wp\/v2\/product\/19567\/revisions"}],"predecessor-version":[{"id":22902,"href":"https:\/\/obender.eu\/en\/wp-json\/wp\/v2\/product\/19567\/revisions\/22902"}],"wp:featuredmedia":[{"embeddable":true,"href":"https:\/\/obender.eu\/en\/wp-json\/wp\/v2\/media\/19551"}],"wp:attachment":[{"href":"https:\/\/obender.eu\/en\/wp-json\/wp\/v2\/media?parent=19567"}],"wp:term":[{"taxonomy":"product_brand","embeddable":true,"href":"https:\/\/obender.eu\/en\/wp-json\/wp\/v2\/product_brand?post=19567"},{"taxonomy":"product_cat","embeddable":true,"href":"https:\/\/obender.eu\/en\/wp-json\/wp\/v2\/product_cat?post=19567"},{"taxonomy":"product_tag","embeddable":true,"href":"https:\/\/obender.eu\/en\/wp-json\/wp\/v2\/product_tag?post=19567"}],"curies":[{"name":"wp","href":"https:\/\/api.w.org\/{rel}","templated":true}]}}