{"id":20220,"date":"2022-11-29T16:19:37","date_gmt":"2022-11-29T14:19:37","guid":{"rendered":"https:\/\/obender.eu\/toode\/camelion-cr1620-lithium-90mah-30v-bl5\/"},"modified":"2026-04-14T11:00:17","modified_gmt":"2026-04-14T08:00:17","slug":"camelion-cr1620-lithium-90mah-30v-bl5","status":"publish","type":"product","link":"https:\/\/obender.eu\/en\/toode\/camelion-cr1620-lithium-90mah-30v-bl5\/","title":{"rendered":"Camelion CR1620 Lithium battery BL5"},"content":{"rendered":"<p>Camelion CR1620 Lithium battery<\/p>\n<p>90mAh 3,0V BL5<\/p>\n<p>Product code: 13005620<\/p>\n<p>EAN: 4260033152671<\/p>\n","protected":false},"excerpt":{"rendered":"<p>Camelion CR1620 Lithium battery 90mAh 3,0V BL5 Product code: 13005620 EAN: 4260033152671<\/p>\n","protected":false},"featured_media":20144,"template":"","meta":[],"product_brand":[],"product_cat":[286,288,326],"product_tag":[873,631,675,874],"class_list":{"0":"post-20220","1":"product","2":"type-product","3":"status-publish","4":"has-post-thumbnail","6":"product_cat-batteries","7":"product_cat-electronics-en","8":"product_cat-lithium-batteries","9":"product_tag-battery-en","10":"product_tag-camelion-en","11":"product_tag-cr1620-en","12":"product_tag-patarei-en","14":"first","15":"instock","16":"taxable","17":"shipping-taxable","18":"purchasable","19":"product-type-simple"},"yoast_head":"<!-- This site is optimized with the Yoast SEO Premium plugin v20.0 (Yoast SEO v27.3) - https:\/\/yoast.com\/product\/yoast-seo-premium-wordpress\/ -->\n<title>Camelion CR1620 Lithium battery BL5 - Obender<\/title>\n<meta name=\"robots\" content=\"index, follow, max-snippet:-1, max-image-preview:large, max-video-preview:-1\" \/>\n<link rel=\"canonical\" href=\"https:\/\/obender.eu\/en\/toode\/camelion-cr1620-lithium-90mah-30v-bl5\/\" \/>\n<meta property=\"og:locale\" content=\"en_US\" \/>\n<meta property=\"og:type\" content=\"article\" \/>\n<meta property=\"og:title\" content=\"Camelion CR1620 Lithium battery BL5\" \/>\n<meta property=\"og:description\" content=\"Camelion CR1620 Lithium battery 90mAh 3,0V BL5 Product code: 13005620 EAN: 4260033152671\" \/>\n<meta property=\"og:url\" content=\"https:\/\/obender.eu\/en\/toode\/camelion-cr1620-lithium-90mah-30v-bl5\/\" \/>\n<meta property=\"og:site_name\" content=\"Obender\" \/>\n<meta property=\"article:modified_time\" content=\"2026-04-14T08:00:17+00:00\" \/>\n<meta property=\"og:image\" content=\"https:\/\/obender.eu\/wp-content\/uploads\/2022\/11\/13005620.jpg\" \/>\n\t<meta property=\"og:image:width\" content=\"500\" \/>\n\t<meta property=\"og:image:height\" content=\"500\" \/>\n\t<meta property=\"og:image:type\" content=\"image\/jpeg\" \/>\n<meta name=\"twitter:card\" content=\"summary_large_image\" \/>\n<meta name=\"twitter:label1\" content=\"Est. reading time\" \/>\n\t<meta name=\"twitter:data1\" content=\"1 minute\" \/>\n<script type=\"application\/ld+json\" class=\"yoast-schema-graph\">{\"@context\":\"https:\\\/\\\/schema.org\",\"@graph\":[{\"@type\":\"WebPage\",\"@id\":\"https:\\\/\\\/obender.eu\\\/en\\\/toode\\\/camelion-cr1620-lithium-90mah-30v-bl5\\\/\",\"url\":\"https:\\\/\\\/obender.eu\\\/en\\\/toode\\\/camelion-cr1620-lithium-90mah-30v-bl5\\\/\",\"name\":\"Camelion CR1620 Lithium battery BL5 - Obender\",\"isPartOf\":{\"@id\":\"https:\\\/\\\/www.obender.eu\\\/#website\"},\"primaryImageOfPage\":{\"@id\":\"https:\\\/\\\/obender.eu\\\/en\\\/toode\\\/camelion-cr1620-lithium-90mah-30v-bl5\\\/#primaryimage\"},\"image\":{\"@id\":\"https:\\\/\\\/obender.eu\\\/en\\\/toode\\\/camelion-cr1620-lithium-90mah-30v-bl5\\\/#primaryimage\"},\"thumbnailUrl\":\"https:\\\/\\\/obender.eu\\\/wp-content\\\/uploads\\\/2022\\\/11\\\/13005620.jpg\",\"datePublished\":\"2022-11-29T14:19:37+00:00\",\"dateModified\":\"2026-04-14T08:00:17+00:00\",\"breadcrumb\":{\"@id\":\"https:\\\/\\\/obender.eu\\\/en\\\/toode\\\/camelion-cr1620-lithium-90mah-30v-bl5\\\/#breadcrumb\"},\"inLanguage\":\"en-US\",\"potentialAction\":[{\"@type\":\"ReadAction\",\"target\":[\"https:\\\/\\\/obender.eu\\\/en\\\/toode\\\/camelion-cr1620-lithium-90mah-30v-bl5\\\/\"]}]},{\"@type\":\"ImageObject\",\"inLanguage\":\"en-US\",\"@id\":\"https:\\\/\\\/obender.eu\\\/en\\\/toode\\\/camelion-cr1620-lithium-90mah-30v-bl5\\\/#primaryimage\",\"url\":\"https:\\\/\\\/obender.eu\\\/wp-content\\\/uploads\\\/2022\\\/11\\\/13005620.jpg\",\"contentUrl\":\"https:\\\/\\\/obender.eu\\\/wp-content\\\/uploads\\\/2022\\\/11\\\/13005620.jpg\",\"width\":500,\"height\":500},{\"@type\":\"BreadcrumbList\",\"@id\":\"https:\\\/\\\/obender.eu\\\/en\\\/toode\\\/camelion-cr1620-lithium-90mah-30v-bl5\\\/#breadcrumb\",\"itemListElement\":[{\"@type\":\"ListItem\",\"position\":1,\"name\":\"Home\",\"item\":\"https:\\\/\\\/obender.eu\\\/en\\\/\"},{\"@type\":\"ListItem\",\"position\":2,\"name\":\"Tooted\",\"item\":\"https:\\\/\\\/www.obender.eu\\\/tooted\\\/\"},{\"@type\":\"ListItem\",\"position\":3,\"name\":\"Camelion CR1620 Lithium battery BL5\"}]},{\"@type\":\"WebSite\",\"@id\":\"https:\\\/\\\/www.obender.eu\\\/#website\",\"url\":\"https:\\\/\\\/www.obender.eu\\\/\",\"name\":\"Obender\",\"description\":\"T\u00f6\u00f6stuskaupade hulgim\u00fc\u00fck\",\"potentialAction\":[{\"@type\":\"SearchAction\",\"target\":{\"@type\":\"EntryPoint\",\"urlTemplate\":\"https:\\\/\\\/www.obender.eu\\\/?s={search_term_string}\"},\"query-input\":{\"@type\":\"PropertyValueSpecification\",\"valueRequired\":true,\"valueName\":\"search_term_string\"}}],\"inLanguage\":\"en-US\"}]}<\/script>\n<!-- \/ Yoast SEO Premium plugin. -->","yoast_head_json":{"title":"Camelion CR1620 Lithium battery BL5 - Obender","robots":{"index":"index","follow":"follow","max-snippet":"max-snippet:-1","max-image-preview":"max-image-preview:large","max-video-preview":"max-video-preview:-1"},"canonical":"https:\/\/obender.eu\/en\/toode\/camelion-cr1620-lithium-90mah-30v-bl5\/","og_locale":"en_US","og_type":"article","og_title":"Camelion CR1620 Lithium battery BL5","og_description":"Camelion CR1620 Lithium battery 90mAh 3,0V BL5 Product code: 13005620 EAN: 4260033152671","og_url":"https:\/\/obender.eu\/en\/toode\/camelion-cr1620-lithium-90mah-30v-bl5\/","og_site_name":"Obender","article_modified_time":"2026-04-14T08:00:17+00:00","og_image":[{"width":500,"height":500,"url":"https:\/\/obender.eu\/wp-content\/uploads\/2022\/11\/13005620.jpg","type":"image\/jpeg"}],"twitter_card":"summary_large_image","twitter_misc":{"Est. reading time":"1 minute"},"schema":{"@context":"https:\/\/schema.org","@graph":[{"@type":"WebPage","@id":"https:\/\/obender.eu\/en\/toode\/camelion-cr1620-lithium-90mah-30v-bl5\/","url":"https:\/\/obender.eu\/en\/toode\/camelion-cr1620-lithium-90mah-30v-bl5\/","name":"Camelion CR1620 Lithium battery BL5 - Obender","isPartOf":{"@id":"https:\/\/www.obender.eu\/#website"},"primaryImageOfPage":{"@id":"https:\/\/obender.eu\/en\/toode\/camelion-cr1620-lithium-90mah-30v-bl5\/#primaryimage"},"image":{"@id":"https:\/\/obender.eu\/en\/toode\/camelion-cr1620-lithium-90mah-30v-bl5\/#primaryimage"},"thumbnailUrl":"https:\/\/obender.eu\/wp-content\/uploads\/2022\/11\/13005620.jpg","datePublished":"2022-11-29T14:19:37+00:00","dateModified":"2026-04-14T08:00:17+00:00","breadcrumb":{"@id":"https:\/\/obender.eu\/en\/toode\/camelion-cr1620-lithium-90mah-30v-bl5\/#breadcrumb"},"inLanguage":"en-US","potentialAction":[{"@type":"ReadAction","target":["https:\/\/obender.eu\/en\/toode\/camelion-cr1620-lithium-90mah-30v-bl5\/"]}]},{"@type":"ImageObject","inLanguage":"en-US","@id":"https:\/\/obender.eu\/en\/toode\/camelion-cr1620-lithium-90mah-30v-bl5\/#primaryimage","url":"https:\/\/obender.eu\/wp-content\/uploads\/2022\/11\/13005620.jpg","contentUrl":"https:\/\/obender.eu\/wp-content\/uploads\/2022\/11\/13005620.jpg","width":500,"height":500},{"@type":"BreadcrumbList","@id":"https:\/\/obender.eu\/en\/toode\/camelion-cr1620-lithium-90mah-30v-bl5\/#breadcrumb","itemListElement":[{"@type":"ListItem","position":1,"name":"Home","item":"https:\/\/obender.eu\/en\/"},{"@type":"ListItem","position":2,"name":"Tooted","item":"https:\/\/www.obender.eu\/tooted\/"},{"@type":"ListItem","position":3,"name":"Camelion CR1620 Lithium battery BL5"}]},{"@type":"WebSite","@id":"https:\/\/www.obender.eu\/#website","url":"https:\/\/www.obender.eu\/","name":"Obender","description":"T\u00f6\u00f6stuskaupade hulgim\u00fc\u00fck","potentialAction":[{"@type":"SearchAction","target":{"@type":"EntryPoint","urlTemplate":"https:\/\/www.obender.eu\/?s={search_term_string}"},"query-input":{"@type":"PropertyValueSpecification","valueRequired":true,"valueName":"search_term_string"}}],"inLanguage":"en-US"}]}},"_links":{"self":[{"href":"https:\/\/obender.eu\/en\/wp-json\/wp\/v2\/product\/20220","targetHints":{"allow":["GET"]}}],"collection":[{"href":"https:\/\/obender.eu\/en\/wp-json\/wp\/v2\/product"}],"about":[{"href":"https:\/\/obender.eu\/en\/wp-json\/wp\/v2\/types\/product"}],"version-history":[{"count":2,"href":"https:\/\/obender.eu\/en\/wp-json\/wp\/v2\/product\/20220\/revisions"}],"predecessor-version":[{"id":31024,"href":"https:\/\/obender.eu\/en\/wp-json\/wp\/v2\/product\/20220\/revisions\/31024"}],"wp:featuredmedia":[{"embeddable":true,"href":"https:\/\/obender.eu\/en\/wp-json\/wp\/v2\/media\/20144"}],"wp:attachment":[{"href":"https:\/\/obender.eu\/en\/wp-json\/wp\/v2\/media?parent=20220"}],"wp:term":[{"taxonomy":"product_brand","embeddable":true,"href":"https:\/\/obender.eu\/en\/wp-json\/wp\/v2\/product_brand?post=20220"},{"taxonomy":"product_cat","embeddable":true,"href":"https:\/\/obender.eu\/en\/wp-json\/wp\/v2\/product_cat?post=20220"},{"taxonomy":"product_tag","embeddable":true,"href":"https:\/\/obender.eu\/en\/wp-json\/wp\/v2\/product_tag?post=20220"}],"curies":[{"name":"wp","href":"https:\/\/api.w.org\/{rel}","templated":true}]}}