{"id":20254,"date":"2022-11-29T20:59:11","date_gmt":"2022-11-29T18:59:11","guid":{"rendered":"https:\/\/obender.eu\/toode\/camelion-alkaline-ag1-lr60-lr621-gp164-14mah-15v-bl10\/"},"modified":"2026-04-14T11:00:14","modified_gmt":"2026-04-14T08:00:14","slug":"camelion-alkaline-ag1-lr60-lr621-gp164-14mah-15v-bl10","status":"publish","type":"product","link":"https:\/\/obender.eu\/en\/toode\/camelion-alkaline-ag1-lr60-lr621-gp164-14mah-15v-bl10\/","title":{"rendered":"Camelion alkaline AG1 LR60 LR621 GP164 14mAh 1,5V BL10"},"content":{"rendered":"<p>Camelion alkaline AG1 1,5V<\/p>\n<p>AG1, LR60, LR621, GP164<\/p>\n<p>EAN: 4260216454905<\/p>\n","protected":false},"excerpt":{"rendered":"<p>Camelion alkaline AG1 1,5V AG1, LR60, LR621, GP164 EAN: 4260216454905<\/p>\n","protected":false},"featured_media":20086,"template":"","meta":[],"product_brand":[],"product_cat":[330,286,288],"product_tag":[818,631,819],"class_list":{"0":"post-20254","1":"product","2":"type-product","3":"status-publish","4":"has-post-thumbnail","6":"product_cat-alkaline-lr-ag-button-cells","7":"product_cat-batteries","8":"product_cat-electronics-en","9":"product_tag-ag1-en","10":"product_tag-camelion-en","11":"product_tag-lr60-en","13":"first","14":"instock","15":"taxable","16":"shipping-taxable","17":"purchasable","18":"product-type-simple"},"yoast_head":"<!-- This site is optimized with the Yoast SEO Premium plugin v20.0 (Yoast SEO v27.3) - https:\/\/yoast.com\/product\/yoast-seo-premium-wordpress\/ -->\n<title>Camelion alkaline AG1 LR60 LR621 GP164 14mAh 1,5V BL10 - Obender<\/title>\n<meta name=\"robots\" content=\"index, follow, max-snippet:-1, max-image-preview:large, max-video-preview:-1\" \/>\n<link rel=\"canonical\" href=\"https:\/\/obender.eu\/en\/toode\/camelion-alkaline-ag1-lr60-lr621-gp164-14mah-15v-bl10\/\" \/>\n<meta property=\"og:locale\" content=\"en_US\" \/>\n<meta property=\"og:type\" content=\"article\" \/>\n<meta property=\"og:title\" content=\"Camelion alkaline AG1 LR60 LR621 GP164 14mAh 1,5V BL10\" \/>\n<meta property=\"og:description\" content=\"Camelion alkaline AG1 1,5V AG1, LR60, LR621, GP164 EAN: 4260216454905\" \/>\n<meta property=\"og:url\" content=\"https:\/\/obender.eu\/en\/toode\/camelion-alkaline-ag1-lr60-lr621-gp164-14mah-15v-bl10\/\" \/>\n<meta property=\"og:site_name\" content=\"Obender\" \/>\n<meta property=\"article:modified_time\" content=\"2026-04-14T08:00:14+00:00\" \/>\n<meta property=\"og:image\" content=\"https:\/\/obender.eu\/wp-content\/uploads\/2022\/11\/12051001.jpg\" \/>\n\t<meta property=\"og:image:width\" content=\"500\" \/>\n\t<meta property=\"og:image:height\" content=\"500\" \/>\n\t<meta property=\"og:image:type\" content=\"image\/jpeg\" \/>\n<meta name=\"twitter:card\" content=\"summary_large_image\" \/>\n<meta name=\"twitter:label1\" content=\"Est. reading time\" \/>\n\t<meta name=\"twitter:data1\" content=\"1 minute\" \/>\n<script type=\"application\/ld+json\" class=\"yoast-schema-graph\">{\"@context\":\"https:\\\/\\\/schema.org\",\"@graph\":[{\"@type\":\"WebPage\",\"@id\":\"https:\\\/\\\/obender.eu\\\/en\\\/toode\\\/camelion-alkaline-ag1-lr60-lr621-gp164-14mah-15v-bl10\\\/\",\"url\":\"https:\\\/\\\/obender.eu\\\/en\\\/toode\\\/camelion-alkaline-ag1-lr60-lr621-gp164-14mah-15v-bl10\\\/\",\"name\":\"Camelion alkaline AG1 LR60 LR621 GP164 14mAh 1,5V BL10 - Obender\",\"isPartOf\":{\"@id\":\"https:\\\/\\\/www.obender.eu\\\/#website\"},\"primaryImageOfPage\":{\"@id\":\"https:\\\/\\\/obender.eu\\\/en\\\/toode\\\/camelion-alkaline-ag1-lr60-lr621-gp164-14mah-15v-bl10\\\/#primaryimage\"},\"image\":{\"@id\":\"https:\\\/\\\/obender.eu\\\/en\\\/toode\\\/camelion-alkaline-ag1-lr60-lr621-gp164-14mah-15v-bl10\\\/#primaryimage\"},\"thumbnailUrl\":\"https:\\\/\\\/obender.eu\\\/wp-content\\\/uploads\\\/2022\\\/11\\\/12051001.jpg\",\"datePublished\":\"2022-11-29T18:59:11+00:00\",\"dateModified\":\"2026-04-14T08:00:14+00:00\",\"breadcrumb\":{\"@id\":\"https:\\\/\\\/obender.eu\\\/en\\\/toode\\\/camelion-alkaline-ag1-lr60-lr621-gp164-14mah-15v-bl10\\\/#breadcrumb\"},\"inLanguage\":\"en-US\",\"potentialAction\":[{\"@type\":\"ReadAction\",\"target\":[\"https:\\\/\\\/obender.eu\\\/en\\\/toode\\\/camelion-alkaline-ag1-lr60-lr621-gp164-14mah-15v-bl10\\\/\"]}]},{\"@type\":\"ImageObject\",\"inLanguage\":\"en-US\",\"@id\":\"https:\\\/\\\/obender.eu\\\/en\\\/toode\\\/camelion-alkaline-ag1-lr60-lr621-gp164-14mah-15v-bl10\\\/#primaryimage\",\"url\":\"https:\\\/\\\/obender.eu\\\/wp-content\\\/uploads\\\/2022\\\/11\\\/12051001.jpg\",\"contentUrl\":\"https:\\\/\\\/obender.eu\\\/wp-content\\\/uploads\\\/2022\\\/11\\\/12051001.jpg\",\"width\":500,\"height\":500},{\"@type\":\"BreadcrumbList\",\"@id\":\"https:\\\/\\\/obender.eu\\\/en\\\/toode\\\/camelion-alkaline-ag1-lr60-lr621-gp164-14mah-15v-bl10\\\/#breadcrumb\",\"itemListElement\":[{\"@type\":\"ListItem\",\"position\":1,\"name\":\"Home\",\"item\":\"https:\\\/\\\/obender.eu\\\/en\\\/\"},{\"@type\":\"ListItem\",\"position\":2,\"name\":\"Tooted\",\"item\":\"https:\\\/\\\/www.obender.eu\\\/tooted\\\/\"},{\"@type\":\"ListItem\",\"position\":3,\"name\":\"Camelion alkaline AG1 LR60 LR621 GP164 14mAh 1,5V BL10\"}]},{\"@type\":\"WebSite\",\"@id\":\"https:\\\/\\\/www.obender.eu\\\/#website\",\"url\":\"https:\\\/\\\/www.obender.eu\\\/\",\"name\":\"Obender\",\"description\":\"T\u00f6\u00f6stuskaupade hulgim\u00fc\u00fck\",\"potentialAction\":[{\"@type\":\"SearchAction\",\"target\":{\"@type\":\"EntryPoint\",\"urlTemplate\":\"https:\\\/\\\/www.obender.eu\\\/?s={search_term_string}\"},\"query-input\":{\"@type\":\"PropertyValueSpecification\",\"valueRequired\":true,\"valueName\":\"search_term_string\"}}],\"inLanguage\":\"en-US\"}]}<\/script>\n<!-- \/ Yoast SEO Premium plugin. -->","yoast_head_json":{"title":"Camelion alkaline AG1 LR60 LR621 GP164 14mAh 1,5V BL10 - Obender","robots":{"index":"index","follow":"follow","max-snippet":"max-snippet:-1","max-image-preview":"max-image-preview:large","max-video-preview":"max-video-preview:-1"},"canonical":"https:\/\/obender.eu\/en\/toode\/camelion-alkaline-ag1-lr60-lr621-gp164-14mah-15v-bl10\/","og_locale":"en_US","og_type":"article","og_title":"Camelion alkaline AG1 LR60 LR621 GP164 14mAh 1,5V BL10","og_description":"Camelion alkaline AG1 1,5V AG1, LR60, LR621, GP164 EAN: 4260216454905","og_url":"https:\/\/obender.eu\/en\/toode\/camelion-alkaline-ag1-lr60-lr621-gp164-14mah-15v-bl10\/","og_site_name":"Obender","article_modified_time":"2026-04-14T08:00:14+00:00","og_image":[{"width":500,"height":500,"url":"https:\/\/obender.eu\/wp-content\/uploads\/2022\/11\/12051001.jpg","type":"image\/jpeg"}],"twitter_card":"summary_large_image","twitter_misc":{"Est. reading time":"1 minute"},"schema":{"@context":"https:\/\/schema.org","@graph":[{"@type":"WebPage","@id":"https:\/\/obender.eu\/en\/toode\/camelion-alkaline-ag1-lr60-lr621-gp164-14mah-15v-bl10\/","url":"https:\/\/obender.eu\/en\/toode\/camelion-alkaline-ag1-lr60-lr621-gp164-14mah-15v-bl10\/","name":"Camelion alkaline AG1 LR60 LR621 GP164 14mAh 1,5V BL10 - Obender","isPartOf":{"@id":"https:\/\/www.obender.eu\/#website"},"primaryImageOfPage":{"@id":"https:\/\/obender.eu\/en\/toode\/camelion-alkaline-ag1-lr60-lr621-gp164-14mah-15v-bl10\/#primaryimage"},"image":{"@id":"https:\/\/obender.eu\/en\/toode\/camelion-alkaline-ag1-lr60-lr621-gp164-14mah-15v-bl10\/#primaryimage"},"thumbnailUrl":"https:\/\/obender.eu\/wp-content\/uploads\/2022\/11\/12051001.jpg","datePublished":"2022-11-29T18:59:11+00:00","dateModified":"2026-04-14T08:00:14+00:00","breadcrumb":{"@id":"https:\/\/obender.eu\/en\/toode\/camelion-alkaline-ag1-lr60-lr621-gp164-14mah-15v-bl10\/#breadcrumb"},"inLanguage":"en-US","potentialAction":[{"@type":"ReadAction","target":["https:\/\/obender.eu\/en\/toode\/camelion-alkaline-ag1-lr60-lr621-gp164-14mah-15v-bl10\/"]}]},{"@type":"ImageObject","inLanguage":"en-US","@id":"https:\/\/obender.eu\/en\/toode\/camelion-alkaline-ag1-lr60-lr621-gp164-14mah-15v-bl10\/#primaryimage","url":"https:\/\/obender.eu\/wp-content\/uploads\/2022\/11\/12051001.jpg","contentUrl":"https:\/\/obender.eu\/wp-content\/uploads\/2022\/11\/12051001.jpg","width":500,"height":500},{"@type":"BreadcrumbList","@id":"https:\/\/obender.eu\/en\/toode\/camelion-alkaline-ag1-lr60-lr621-gp164-14mah-15v-bl10\/#breadcrumb","itemListElement":[{"@type":"ListItem","position":1,"name":"Home","item":"https:\/\/obender.eu\/en\/"},{"@type":"ListItem","position":2,"name":"Tooted","item":"https:\/\/www.obender.eu\/tooted\/"},{"@type":"ListItem","position":3,"name":"Camelion alkaline AG1 LR60 LR621 GP164 14mAh 1,5V BL10"}]},{"@type":"WebSite","@id":"https:\/\/www.obender.eu\/#website","url":"https:\/\/www.obender.eu\/","name":"Obender","description":"T\u00f6\u00f6stuskaupade hulgim\u00fc\u00fck","potentialAction":[{"@type":"SearchAction","target":{"@type":"EntryPoint","urlTemplate":"https:\/\/www.obender.eu\/?s={search_term_string}"},"query-input":{"@type":"PropertyValueSpecification","valueRequired":true,"valueName":"search_term_string"}}],"inLanguage":"en-US"}]}},"_links":{"self":[{"href":"https:\/\/obender.eu\/en\/wp-json\/wp\/v2\/product\/20254","targetHints":{"allow":["GET"]}}],"collection":[{"href":"https:\/\/obender.eu\/en\/wp-json\/wp\/v2\/product"}],"about":[{"href":"https:\/\/obender.eu\/en\/wp-json\/wp\/v2\/types\/product"}],"version-history":[{"count":2,"href":"https:\/\/obender.eu\/en\/wp-json\/wp\/v2\/product\/20254\/revisions"}],"predecessor-version":[{"id":22665,"href":"https:\/\/obender.eu\/en\/wp-json\/wp\/v2\/product\/20254\/revisions\/22665"}],"wp:featuredmedia":[{"embeddable":true,"href":"https:\/\/obender.eu\/en\/wp-json\/wp\/v2\/media\/20086"}],"wp:attachment":[{"href":"https:\/\/obender.eu\/en\/wp-json\/wp\/v2\/media?parent=20254"}],"wp:term":[{"taxonomy":"product_brand","embeddable":true,"href":"https:\/\/obender.eu\/en\/wp-json\/wp\/v2\/product_brand?post=20254"},{"taxonomy":"product_cat","embeddable":true,"href":"https:\/\/obender.eu\/en\/wp-json\/wp\/v2\/product_cat?post=20254"},{"taxonomy":"product_tag","embeddable":true,"href":"https:\/\/obender.eu\/en\/wp-json\/wp\/v2\/product_tag?post=20254"}],"curies":[{"name":"wp","href":"https:\/\/api.w.org\/{rel}","templated":true}]}}