{"id":20362,"date":"2022-11-30T12:25:44","date_gmt":"2022-11-30T10:25:44","guid":{"rendered":"https:\/\/obender.eu\/toode\/toolamp-camelion-t11-3w-cob-led-3aaa-12tk-komplektis\/"},"modified":"2026-04-22T04:04:27","modified_gmt":"2026-04-22T01:04:27","slug":"toolamp-camelion-t11-3w-cob-led-3aaa-12tk-komplektis","status":"publish","type":"product","link":"https:\/\/obender.eu\/en\/toode\/toolamp-camelion-t11-3w-cob-led-3aaa-12tk-komplektis\/","title":{"rendered":"Worklight Inspection light Camelion T11 3W COB LED 3AAA"},"content":{"rendered":"<p><strong>3W COB LED inspection light <\/strong><strong>T11<\/strong><\/p>\n<ul>\n<li>High-quality CNC processed aluminum housing<\/li>\n<li>Available in a display of 12 in the colors red, silver and blue<\/li>\n<li>Ergonomic design with maximum performance &#8211; suitable for any shirt pocket with magnet and pocket clip on the back<\/li>\n<li>Operated with 3x zinc-carbon batteries R03 \/ AAA &#8211; included in delivery<\/li>\n<li>The T11 is an ideal tool for craftsmen, inspectors, construction workers who always need a light at hand, but also handy for the home<\/li>\n<li>ON\/OFF push button switch at top of head of light<\/li>\n<li>Housing: CNC aluminum<\/li>\n<li>Luminous flux (lm): 200<\/li>\n<li>Continuous burn time: up to 4 hours<\/li>\n<li>Weight (without batteries) (g): 61.1<\/li>\n<li>Batteries (included): 3x R03 \/ AAA<\/li>\n<li>Dimensions (L x D x W): 160 x 28 x 15mm<\/li>\n<\/ul>\n<p>EAN: 4260216456244<\/p>\n","protected":false},"excerpt":{"rendered":"<p>3W COB LED inspection light T11 High-quality CNC processed aluminum housing Available in a display of 12 in the colors<\/p>\n","protected":false},"featured_media":20360,"template":"","meta":[],"product_brand":[],"product_cat":[373,307,335,308],"product_tag":[631,783,784],"class_list":{"0":"post-20362","1":"product","2":"type-product","3":"status-publish","4":"has-post-thumbnail","6":"product_cat-tooriistad-ja-ehitus","7":"product_cat-flashlights","8":"product_cat-sports-and-leisure","9":"product_cat-industrial-luminaires","10":"product_tag-camelion-en","11":"product_tag-toolamp-en","12":"product_tag-work-en","14":"first","15":"instock","16":"taxable","17":"shipping-taxable","18":"purchasable","19":"product-type-simple"},"yoast_head":"<!-- This site is optimized with the Yoast SEO Premium plugin v20.0 (Yoast SEO v27.4) - https:\/\/yoast.com\/product\/yoast-seo-premium-wordpress\/ -->\n<title>Worklight Inspection light Camelion T11 3W COB LED 3AAA - Obender<\/title>\n<meta name=\"robots\" content=\"index, follow, max-snippet:-1, max-image-preview:large, max-video-preview:-1\" \/>\n<link rel=\"canonical\" href=\"https:\/\/obender.eu\/en\/toode\/toolamp-camelion-t11-3w-cob-led-3aaa-12tk-komplektis\/\" \/>\n<meta property=\"og:locale\" content=\"en_US\" \/>\n<meta property=\"og:type\" content=\"article\" \/>\n<meta property=\"og:title\" content=\"Worklight Inspection light Camelion T11 3W COB LED 3AAA\" \/>\n<meta property=\"og:description\" content=\"3W COB LED inspection light T11 High-quality CNC processed aluminum housing Available in a display of 12 in the colors\" \/>\n<meta property=\"og:url\" content=\"https:\/\/obender.eu\/en\/toode\/toolamp-camelion-t11-3w-cob-led-3aaa-12tk-komplektis\/\" \/>\n<meta property=\"og:site_name\" content=\"Obender\" \/>\n<meta property=\"article:modified_time\" content=\"2026-04-22T01:04:27+00:00\" \/>\n<meta property=\"og:image\" content=\"https:\/\/obender.eu\/wp-content\/uploads\/2022\/11\/4260216456244-1.jpg\" \/>\n\t<meta property=\"og:image:width\" content=\"600\" \/>\n\t<meta property=\"og:image:height\" content=\"600\" \/>\n\t<meta property=\"og:image:type\" content=\"image\/jpeg\" \/>\n<meta name=\"twitter:card\" content=\"summary_large_image\" \/>\n<meta name=\"twitter:label1\" content=\"Est. reading time\" \/>\n\t<meta name=\"twitter:data1\" content=\"1 minute\" \/>\n<script type=\"application\/ld+json\" class=\"yoast-schema-graph\">{\"@context\":\"https:\\\/\\\/schema.org\",\"@graph\":[{\"@type\":\"WebPage\",\"@id\":\"https:\\\/\\\/obender.eu\\\/en\\\/toode\\\/toolamp-camelion-t11-3w-cob-led-3aaa-12tk-komplektis\\\/\",\"url\":\"https:\\\/\\\/obender.eu\\\/en\\\/toode\\\/toolamp-camelion-t11-3w-cob-led-3aaa-12tk-komplektis\\\/\",\"name\":\"Worklight Inspection light Camelion T11 3W COB LED 3AAA - Obender\",\"isPartOf\":{\"@id\":\"https:\\\/\\\/www.obender.eu\\\/#website\"},\"primaryImageOfPage\":{\"@id\":\"https:\\\/\\\/obender.eu\\\/en\\\/toode\\\/toolamp-camelion-t11-3w-cob-led-3aaa-12tk-komplektis\\\/#primaryimage\"},\"image\":{\"@id\":\"https:\\\/\\\/obender.eu\\\/en\\\/toode\\\/toolamp-camelion-t11-3w-cob-led-3aaa-12tk-komplektis\\\/#primaryimage\"},\"thumbnailUrl\":\"https:\\\/\\\/obender.eu\\\/wp-content\\\/uploads\\\/2022\\\/11\\\/4260216456244-1.jpg\",\"datePublished\":\"2022-11-30T10:25:44+00:00\",\"dateModified\":\"2026-04-22T01:04:27+00:00\",\"breadcrumb\":{\"@id\":\"https:\\\/\\\/obender.eu\\\/en\\\/toode\\\/toolamp-camelion-t11-3w-cob-led-3aaa-12tk-komplektis\\\/#breadcrumb\"},\"inLanguage\":\"en-US\",\"potentialAction\":[{\"@type\":\"ReadAction\",\"target\":[\"https:\\\/\\\/obender.eu\\\/en\\\/toode\\\/toolamp-camelion-t11-3w-cob-led-3aaa-12tk-komplektis\\\/\"]}]},{\"@type\":\"ImageObject\",\"inLanguage\":\"en-US\",\"@id\":\"https:\\\/\\\/obender.eu\\\/en\\\/toode\\\/toolamp-camelion-t11-3w-cob-led-3aaa-12tk-komplektis\\\/#primaryimage\",\"url\":\"https:\\\/\\\/obender.eu\\\/wp-content\\\/uploads\\\/2022\\\/11\\\/4260216456244-1.jpg\",\"contentUrl\":\"https:\\\/\\\/obender.eu\\\/wp-content\\\/uploads\\\/2022\\\/11\\\/4260216456244-1.jpg\",\"width\":600,\"height\":600},{\"@type\":\"BreadcrumbList\",\"@id\":\"https:\\\/\\\/obender.eu\\\/en\\\/toode\\\/toolamp-camelion-t11-3w-cob-led-3aaa-12tk-komplektis\\\/#breadcrumb\",\"itemListElement\":[{\"@type\":\"ListItem\",\"position\":1,\"name\":\"Home\",\"item\":\"https:\\\/\\\/obender.eu\\\/en\\\/\"},{\"@type\":\"ListItem\",\"position\":2,\"name\":\"Tooted\",\"item\":\"https:\\\/\\\/www.obender.eu\\\/tooted\\\/\"},{\"@type\":\"ListItem\",\"position\":3,\"name\":\"Worklight Inspection light Camelion T11 3W COB LED 3AAA\"}]},{\"@type\":\"WebSite\",\"@id\":\"https:\\\/\\\/www.obender.eu\\\/#website\",\"url\":\"https:\\\/\\\/www.obender.eu\\\/\",\"name\":\"Obender\",\"description\":\"T\u00f6\u00f6stuskaupade hulgim\u00fc\u00fck\",\"potentialAction\":[{\"@type\":\"SearchAction\",\"target\":{\"@type\":\"EntryPoint\",\"urlTemplate\":\"https:\\\/\\\/www.obender.eu\\\/?s={search_term_string}\"},\"query-input\":{\"@type\":\"PropertyValueSpecification\",\"valueRequired\":true,\"valueName\":\"search_term_string\"}}],\"inLanguage\":\"en-US\"}]}<\/script>\n<!-- \/ Yoast SEO Premium plugin. -->","yoast_head_json":{"title":"Worklight Inspection light Camelion T11 3W COB LED 3AAA - Obender","robots":{"index":"index","follow":"follow","max-snippet":"max-snippet:-1","max-image-preview":"max-image-preview:large","max-video-preview":"max-video-preview:-1"},"canonical":"https:\/\/obender.eu\/en\/toode\/toolamp-camelion-t11-3w-cob-led-3aaa-12tk-komplektis\/","og_locale":"en_US","og_type":"article","og_title":"Worklight Inspection light Camelion T11 3W COB LED 3AAA","og_description":"3W COB LED inspection light T11 High-quality CNC processed aluminum housing Available in a display of 12 in the colors","og_url":"https:\/\/obender.eu\/en\/toode\/toolamp-camelion-t11-3w-cob-led-3aaa-12tk-komplektis\/","og_site_name":"Obender","article_modified_time":"2026-04-22T01:04:27+00:00","og_image":[{"width":600,"height":600,"url":"https:\/\/obender.eu\/wp-content\/uploads\/2022\/11\/4260216456244-1.jpg","type":"image\/jpeg"}],"twitter_card":"summary_large_image","twitter_misc":{"Est. reading time":"1 minute"},"schema":{"@context":"https:\/\/schema.org","@graph":[{"@type":"WebPage","@id":"https:\/\/obender.eu\/en\/toode\/toolamp-camelion-t11-3w-cob-led-3aaa-12tk-komplektis\/","url":"https:\/\/obender.eu\/en\/toode\/toolamp-camelion-t11-3w-cob-led-3aaa-12tk-komplektis\/","name":"Worklight Inspection light Camelion T11 3W COB LED 3AAA - Obender","isPartOf":{"@id":"https:\/\/www.obender.eu\/#website"},"primaryImageOfPage":{"@id":"https:\/\/obender.eu\/en\/toode\/toolamp-camelion-t11-3w-cob-led-3aaa-12tk-komplektis\/#primaryimage"},"image":{"@id":"https:\/\/obender.eu\/en\/toode\/toolamp-camelion-t11-3w-cob-led-3aaa-12tk-komplektis\/#primaryimage"},"thumbnailUrl":"https:\/\/obender.eu\/wp-content\/uploads\/2022\/11\/4260216456244-1.jpg","datePublished":"2022-11-30T10:25:44+00:00","dateModified":"2026-04-22T01:04:27+00:00","breadcrumb":{"@id":"https:\/\/obender.eu\/en\/toode\/toolamp-camelion-t11-3w-cob-led-3aaa-12tk-komplektis\/#breadcrumb"},"inLanguage":"en-US","potentialAction":[{"@type":"ReadAction","target":["https:\/\/obender.eu\/en\/toode\/toolamp-camelion-t11-3w-cob-led-3aaa-12tk-komplektis\/"]}]},{"@type":"ImageObject","inLanguage":"en-US","@id":"https:\/\/obender.eu\/en\/toode\/toolamp-camelion-t11-3w-cob-led-3aaa-12tk-komplektis\/#primaryimage","url":"https:\/\/obender.eu\/wp-content\/uploads\/2022\/11\/4260216456244-1.jpg","contentUrl":"https:\/\/obender.eu\/wp-content\/uploads\/2022\/11\/4260216456244-1.jpg","width":600,"height":600},{"@type":"BreadcrumbList","@id":"https:\/\/obender.eu\/en\/toode\/toolamp-camelion-t11-3w-cob-led-3aaa-12tk-komplektis\/#breadcrumb","itemListElement":[{"@type":"ListItem","position":1,"name":"Home","item":"https:\/\/obender.eu\/en\/"},{"@type":"ListItem","position":2,"name":"Tooted","item":"https:\/\/www.obender.eu\/tooted\/"},{"@type":"ListItem","position":3,"name":"Worklight Inspection light Camelion T11 3W COB LED 3AAA"}]},{"@type":"WebSite","@id":"https:\/\/www.obender.eu\/#website","url":"https:\/\/www.obender.eu\/","name":"Obender","description":"T\u00f6\u00f6stuskaupade hulgim\u00fc\u00fck","potentialAction":[{"@type":"SearchAction","target":{"@type":"EntryPoint","urlTemplate":"https:\/\/www.obender.eu\/?s={search_term_string}"},"query-input":{"@type":"PropertyValueSpecification","valueRequired":true,"valueName":"search_term_string"}}],"inLanguage":"en-US"}]}},"_links":{"self":[{"href":"https:\/\/obender.eu\/en\/wp-json\/wp\/v2\/product\/20362","targetHints":{"allow":["GET"]}}],"collection":[{"href":"https:\/\/obender.eu\/en\/wp-json\/wp\/v2\/product"}],"about":[{"href":"https:\/\/obender.eu\/en\/wp-json\/wp\/v2\/types\/product"}],"version-history":[{"count":5,"href":"https:\/\/obender.eu\/en\/wp-json\/wp\/v2\/product\/20362\/revisions"}],"predecessor-version":[{"id":25943,"href":"https:\/\/obender.eu\/en\/wp-json\/wp\/v2\/product\/20362\/revisions\/25943"}],"wp:featuredmedia":[{"embeddable":true,"href":"https:\/\/obender.eu\/en\/wp-json\/wp\/v2\/media\/20360"}],"wp:attachment":[{"href":"https:\/\/obender.eu\/en\/wp-json\/wp\/v2\/media?parent=20362"}],"wp:term":[{"taxonomy":"product_brand","embeddable":true,"href":"https:\/\/obender.eu\/en\/wp-json\/wp\/v2\/product_brand?post=20362"},{"taxonomy":"product_cat","embeddable":true,"href":"https:\/\/obender.eu\/en\/wp-json\/wp\/v2\/product_cat?post=20362"},{"taxonomy":"product_tag","embeddable":true,"href":"https:\/\/obender.eu\/en\/wp-json\/wp\/v2\/product_tag?post=20362"}],"curies":[{"name":"wp","href":"https:\/\/api.w.org\/{rel}","templated":true}]}}