{"id":20475,"date":"2022-11-30T14:54:14","date_gmt":"2022-11-30T12:54:14","guid":{"rendered":"https:\/\/obender.eu\/toode\/kummikaabel-10m-3g15-16a-368kw-ip44-must\/"},"modified":"2026-04-19T13:00:54","modified_gmt":"2026-04-19T10:00:54","slug":"kummikaabel-10m-3g15-16a-368kw-ip44-must","status":"publish","type":"product","link":"https:\/\/obender.eu\/en\/toode\/kummikaabel-10m-3g15-16a-368kw-ip44-must\/","title":{"rendered":"Rubber cable 10m 3G1,5 16A 3,68kW IP44 black"},"content":{"rendered":"<p>Arcas rubber cable with cover<\/p>\n<p>IP44 weather proof<\/p>\n<p>Cable dimension 3&#215;1,5mm<\/p>\n<p>Power 3,68kW 16A<\/p>\n<p>EAN: 4260030259496<\/p>\n","protected":false},"excerpt":{"rendered":"<p>Arcas rubber cable with cover IP44 weather proof Cable dimension 3&#215;1,5mm Power 3,68kW 16A EAN: 4260030259496<\/p>\n","protected":false},"featured_media":20473,"template":"","meta":[],"product_brand":[],"product_cat":[295,293],"product_tag":[633,762,763],"class_list":{"0":"post-20475","1":"product","2":"type-product","3":"status-publish","4":"has-post-thumbnail","6":"product_cat-extension-cords-en","7":"product_cat-power-extension","8":"product_tag-arcas","9":"product_tag-kummikaabel-en","10":"product_tag-rubber-cable-en","12":"first","13":"instock","14":"taxable","15":"shipping-taxable","16":"purchasable","17":"product-type-simple"},"yoast_head":"<!-- This site is optimized with the Yoast SEO Premium plugin v20.0 (Yoast SEO v27.4) - https:\/\/yoast.com\/product\/yoast-seo-premium-wordpress\/ -->\n<title>Rubber cable 10m 3G1,5 16A 3,68kW IP44 black - Obender<\/title>\n<meta name=\"robots\" content=\"index, follow, max-snippet:-1, max-image-preview:large, max-video-preview:-1\" \/>\n<link rel=\"canonical\" href=\"https:\/\/obender.eu\/en\/toode\/kummikaabel-10m-3g15-16a-368kw-ip44-must\/\" \/>\n<meta property=\"og:locale\" content=\"en_US\" \/>\n<meta property=\"og:type\" content=\"article\" \/>\n<meta property=\"og:title\" content=\"Rubber cable 10m 3G1,5 16A 3,68kW IP44 black\" \/>\n<meta property=\"og:description\" content=\"Arcas rubber cable with cover IP44 weather proof Cable dimension 3&#215;1,5mm Power 3,68kW 16A EAN: 4260030259496\" \/>\n<meta property=\"og:url\" content=\"https:\/\/obender.eu\/en\/toode\/kummikaabel-10m-3g15-16a-368kw-ip44-must\/\" \/>\n<meta property=\"og:site_name\" content=\"Obender\" \/>\n<meta property=\"article:modified_time\" content=\"2026-04-19T10:00:54+00:00\" \/>\n<meta property=\"og:image\" content=\"https:\/\/obender.eu\/wp-content\/uploads\/2022\/11\/93702010.jpg\" \/>\n\t<meta property=\"og:image:width\" content=\"600\" \/>\n\t<meta property=\"og:image:height\" content=\"600\" \/>\n\t<meta property=\"og:image:type\" content=\"image\/jpeg\" \/>\n<meta name=\"twitter:card\" content=\"summary_large_image\" \/>\n<meta name=\"twitter:label1\" content=\"Est. reading time\" \/>\n\t<meta name=\"twitter:data1\" content=\"1 minute\" \/>\n<script type=\"application\/ld+json\" class=\"yoast-schema-graph\">{\"@context\":\"https:\\\/\\\/schema.org\",\"@graph\":[{\"@type\":\"WebPage\",\"@id\":\"https:\\\/\\\/obender.eu\\\/en\\\/toode\\\/kummikaabel-10m-3g15-16a-368kw-ip44-must\\\/\",\"url\":\"https:\\\/\\\/obender.eu\\\/en\\\/toode\\\/kummikaabel-10m-3g15-16a-368kw-ip44-must\\\/\",\"name\":\"Rubber cable 10m 3G1,5 16A 3,68kW IP44 black - Obender\",\"isPartOf\":{\"@id\":\"https:\\\/\\\/www.obender.eu\\\/#website\"},\"primaryImageOfPage\":{\"@id\":\"https:\\\/\\\/obender.eu\\\/en\\\/toode\\\/kummikaabel-10m-3g15-16a-368kw-ip44-must\\\/#primaryimage\"},\"image\":{\"@id\":\"https:\\\/\\\/obender.eu\\\/en\\\/toode\\\/kummikaabel-10m-3g15-16a-368kw-ip44-must\\\/#primaryimage\"},\"thumbnailUrl\":\"https:\\\/\\\/obender.eu\\\/wp-content\\\/uploads\\\/2022\\\/11\\\/93702010.jpg\",\"datePublished\":\"2022-11-30T12:54:14+00:00\",\"dateModified\":\"2026-04-19T10:00:54+00:00\",\"breadcrumb\":{\"@id\":\"https:\\\/\\\/obender.eu\\\/en\\\/toode\\\/kummikaabel-10m-3g15-16a-368kw-ip44-must\\\/#breadcrumb\"},\"inLanguage\":\"en-US\",\"potentialAction\":[{\"@type\":\"ReadAction\",\"target\":[\"https:\\\/\\\/obender.eu\\\/en\\\/toode\\\/kummikaabel-10m-3g15-16a-368kw-ip44-must\\\/\"]}]},{\"@type\":\"ImageObject\",\"inLanguage\":\"en-US\",\"@id\":\"https:\\\/\\\/obender.eu\\\/en\\\/toode\\\/kummikaabel-10m-3g15-16a-368kw-ip44-must\\\/#primaryimage\",\"url\":\"https:\\\/\\\/obender.eu\\\/wp-content\\\/uploads\\\/2022\\\/11\\\/93702010.jpg\",\"contentUrl\":\"https:\\\/\\\/obender.eu\\\/wp-content\\\/uploads\\\/2022\\\/11\\\/93702010.jpg\",\"width\":600,\"height\":600},{\"@type\":\"BreadcrumbList\",\"@id\":\"https:\\\/\\\/obender.eu\\\/en\\\/toode\\\/kummikaabel-10m-3g15-16a-368kw-ip44-must\\\/#breadcrumb\",\"itemListElement\":[{\"@type\":\"ListItem\",\"position\":1,\"name\":\"Home\",\"item\":\"https:\\\/\\\/obender.eu\\\/en\\\/\"},{\"@type\":\"ListItem\",\"position\":2,\"name\":\"Tooted\",\"item\":\"https:\\\/\\\/www.obender.eu\\\/tooted\\\/\"},{\"@type\":\"ListItem\",\"position\":3,\"name\":\"Rubber cable 10m 3G1,5 16A 3,68kW IP44 black\"}]},{\"@type\":\"WebSite\",\"@id\":\"https:\\\/\\\/www.obender.eu\\\/#website\",\"url\":\"https:\\\/\\\/www.obender.eu\\\/\",\"name\":\"Obender\",\"description\":\"T\u00f6\u00f6stuskaupade hulgim\u00fc\u00fck\",\"potentialAction\":[{\"@type\":\"SearchAction\",\"target\":{\"@type\":\"EntryPoint\",\"urlTemplate\":\"https:\\\/\\\/www.obender.eu\\\/?s={search_term_string}\"},\"query-input\":{\"@type\":\"PropertyValueSpecification\",\"valueRequired\":true,\"valueName\":\"search_term_string\"}}],\"inLanguage\":\"en-US\"}]}<\/script>\n<!-- \/ Yoast SEO Premium plugin. -->","yoast_head_json":{"title":"Rubber cable 10m 3G1,5 16A 3,68kW IP44 black - Obender","robots":{"index":"index","follow":"follow","max-snippet":"max-snippet:-1","max-image-preview":"max-image-preview:large","max-video-preview":"max-video-preview:-1"},"canonical":"https:\/\/obender.eu\/en\/toode\/kummikaabel-10m-3g15-16a-368kw-ip44-must\/","og_locale":"en_US","og_type":"article","og_title":"Rubber cable 10m 3G1,5 16A 3,68kW IP44 black","og_description":"Arcas rubber cable with cover IP44 weather proof Cable dimension 3&#215;1,5mm Power 3,68kW 16A EAN: 4260030259496","og_url":"https:\/\/obender.eu\/en\/toode\/kummikaabel-10m-3g15-16a-368kw-ip44-must\/","og_site_name":"Obender","article_modified_time":"2026-04-19T10:00:54+00:00","og_image":[{"width":600,"height":600,"url":"https:\/\/obender.eu\/wp-content\/uploads\/2022\/11\/93702010.jpg","type":"image\/jpeg"}],"twitter_card":"summary_large_image","twitter_misc":{"Est. reading time":"1 minute"},"schema":{"@context":"https:\/\/schema.org","@graph":[{"@type":"WebPage","@id":"https:\/\/obender.eu\/en\/toode\/kummikaabel-10m-3g15-16a-368kw-ip44-must\/","url":"https:\/\/obender.eu\/en\/toode\/kummikaabel-10m-3g15-16a-368kw-ip44-must\/","name":"Rubber cable 10m 3G1,5 16A 3,68kW IP44 black - Obender","isPartOf":{"@id":"https:\/\/www.obender.eu\/#website"},"primaryImageOfPage":{"@id":"https:\/\/obender.eu\/en\/toode\/kummikaabel-10m-3g15-16a-368kw-ip44-must\/#primaryimage"},"image":{"@id":"https:\/\/obender.eu\/en\/toode\/kummikaabel-10m-3g15-16a-368kw-ip44-must\/#primaryimage"},"thumbnailUrl":"https:\/\/obender.eu\/wp-content\/uploads\/2022\/11\/93702010.jpg","datePublished":"2022-11-30T12:54:14+00:00","dateModified":"2026-04-19T10:00:54+00:00","breadcrumb":{"@id":"https:\/\/obender.eu\/en\/toode\/kummikaabel-10m-3g15-16a-368kw-ip44-must\/#breadcrumb"},"inLanguage":"en-US","potentialAction":[{"@type":"ReadAction","target":["https:\/\/obender.eu\/en\/toode\/kummikaabel-10m-3g15-16a-368kw-ip44-must\/"]}]},{"@type":"ImageObject","inLanguage":"en-US","@id":"https:\/\/obender.eu\/en\/toode\/kummikaabel-10m-3g15-16a-368kw-ip44-must\/#primaryimage","url":"https:\/\/obender.eu\/wp-content\/uploads\/2022\/11\/93702010.jpg","contentUrl":"https:\/\/obender.eu\/wp-content\/uploads\/2022\/11\/93702010.jpg","width":600,"height":600},{"@type":"BreadcrumbList","@id":"https:\/\/obender.eu\/en\/toode\/kummikaabel-10m-3g15-16a-368kw-ip44-must\/#breadcrumb","itemListElement":[{"@type":"ListItem","position":1,"name":"Home","item":"https:\/\/obender.eu\/en\/"},{"@type":"ListItem","position":2,"name":"Tooted","item":"https:\/\/www.obender.eu\/tooted\/"},{"@type":"ListItem","position":3,"name":"Rubber cable 10m 3G1,5 16A 3,68kW IP44 black"}]},{"@type":"WebSite","@id":"https:\/\/www.obender.eu\/#website","url":"https:\/\/www.obender.eu\/","name":"Obender","description":"T\u00f6\u00f6stuskaupade hulgim\u00fc\u00fck","potentialAction":[{"@type":"SearchAction","target":{"@type":"EntryPoint","urlTemplate":"https:\/\/www.obender.eu\/?s={search_term_string}"},"query-input":{"@type":"PropertyValueSpecification","valueRequired":true,"valueName":"search_term_string"}}],"inLanguage":"en-US"}]}},"_links":{"self":[{"href":"https:\/\/obender.eu\/en\/wp-json\/wp\/v2\/product\/20475","targetHints":{"allow":["GET"]}}],"collection":[{"href":"https:\/\/obender.eu\/en\/wp-json\/wp\/v2\/product"}],"about":[{"href":"https:\/\/obender.eu\/en\/wp-json\/wp\/v2\/types\/product"}],"version-history":[{"count":2,"href":"https:\/\/obender.eu\/en\/wp-json\/wp\/v2\/product\/20475\/revisions"}],"predecessor-version":[{"id":22552,"href":"https:\/\/obender.eu\/en\/wp-json\/wp\/v2\/product\/20475\/revisions\/22552"}],"wp:featuredmedia":[{"embeddable":true,"href":"https:\/\/obender.eu\/en\/wp-json\/wp\/v2\/media\/20473"}],"wp:attachment":[{"href":"https:\/\/obender.eu\/en\/wp-json\/wp\/v2\/media?parent=20475"}],"wp:term":[{"taxonomy":"product_brand","embeddable":true,"href":"https:\/\/obender.eu\/en\/wp-json\/wp\/v2\/product_brand?post=20475"},{"taxonomy":"product_cat","embeddable":true,"href":"https:\/\/obender.eu\/en\/wp-json\/wp\/v2\/product_cat?post=20475"},{"taxonomy":"product_tag","embeddable":true,"href":"https:\/\/obender.eu\/en\/wp-json\/wp\/v2\/product_tag?post=20475"}],"curies":[{"name":"wp","href":"https:\/\/api.w.org\/{rel}","templated":true}]}}