{"id":20582,"date":"2022-12-01T20:59:57","date_gmt":"2022-12-01T18:59:57","guid":{"rendered":"https:\/\/obender.eu\/toode\/taskulamp-entac-alu-1w-110lm-30m-ip44-1xaa\/"},"modified":"2026-04-20T03:00:55","modified_gmt":"2026-04-20T00:00:55","slug":"taskulamp-entac-alu-1w-110lm-30m-ip44-1xaa","status":"publish","type":"product","link":"https:\/\/obender.eu\/en\/toode\/taskulamp-entac-alu-1w-110lm-30m-ip44-1xaa\/","title":{"rendered":"Flashlight Entac 1W 110lm 30m IP44 1xAA"},"content":{"rendered":"<p>Entac flashlight EFL-1W-ALU<\/p>\n<p>Aluminium body<\/p>\n<p>Flashlight size: 22*22*129mm<\/p>\n<p>Light source: 1W 30m 110lm<\/p>\n<p>IP44<\/p>\n<p>EAN: 5999097901565<\/p>\n","protected":false},"excerpt":{"rendered":"<p>Entac flashlight EFL-1W-ALU Aluminium body Flashlight size: 22*22*129mm Light source: 1W 30m 110lm IP44 EAN: 5999097901565<\/p>\n","protected":false},"featured_media":20580,"template":"","meta":[],"product_brand":[],"product_cat":[307,335],"product_tag":[603,605,604],"class_list":{"0":"post-20582","1":"product","2":"type-product","3":"status-publish","4":"has-post-thumbnail","6":"product_cat-flashlights","7":"product_cat-sports-and-leisure","8":"product_tag-entac-en","9":"product_tag-flashlight-en","10":"product_tag-taskulamp-en","12":"first","13":"instock","14":"taxable","15":"shipping-taxable","16":"purchasable","17":"product-type-simple"},"yoast_head":"<!-- This site is optimized with the Yoast SEO Premium plugin v20.0 (Yoast SEO v27.4) - https:\/\/yoast.com\/product\/yoast-seo-premium-wordpress\/ -->\n<title>Flashlight Entac 1W 110lm 30m IP44 1xAA - Obender<\/title>\n<meta name=\"robots\" content=\"index, follow, max-snippet:-1, max-image-preview:large, max-video-preview:-1\" \/>\n<link rel=\"canonical\" href=\"https:\/\/obender.eu\/en\/toode\/taskulamp-entac-alu-1w-110lm-30m-ip44-1xaa\/\" \/>\n<meta property=\"og:locale\" content=\"en_US\" \/>\n<meta property=\"og:type\" content=\"article\" \/>\n<meta property=\"og:title\" content=\"Flashlight Entac 1W 110lm 30m IP44 1xAA\" \/>\n<meta property=\"og:description\" content=\"Entac flashlight EFL-1W-ALU Aluminium body Flashlight size: 22*22*129mm Light source: 1W 30m 110lm IP44 EAN: 5999097901565\" \/>\n<meta property=\"og:url\" content=\"https:\/\/obender.eu\/en\/toode\/taskulamp-entac-alu-1w-110lm-30m-ip44-1xaa\/\" \/>\n<meta property=\"og:site_name\" content=\"Obender\" \/>\n<meta property=\"article:modified_time\" content=\"2026-04-20T00:00:55+00:00\" \/>\n<meta property=\"og:image\" content=\"https:\/\/obender.eu\/wp-content\/uploads\/2022\/12\/5999097901565.jpg\" \/>\n\t<meta property=\"og:image:width\" content=\"800\" \/>\n\t<meta property=\"og:image:height\" content=\"800\" \/>\n\t<meta property=\"og:image:type\" content=\"image\/jpeg\" \/>\n<meta name=\"twitter:card\" content=\"summary_large_image\" \/>\n<meta name=\"twitter:label1\" content=\"Est. reading time\" \/>\n\t<meta name=\"twitter:data1\" content=\"1 minute\" \/>\n<script type=\"application\/ld+json\" class=\"yoast-schema-graph\">{\"@context\":\"https:\\\/\\\/schema.org\",\"@graph\":[{\"@type\":\"WebPage\",\"@id\":\"https:\\\/\\\/obender.eu\\\/en\\\/toode\\\/taskulamp-entac-alu-1w-110lm-30m-ip44-1xaa\\\/\",\"url\":\"https:\\\/\\\/obender.eu\\\/en\\\/toode\\\/taskulamp-entac-alu-1w-110lm-30m-ip44-1xaa\\\/\",\"name\":\"Flashlight Entac 1W 110lm 30m IP44 1xAA - Obender\",\"isPartOf\":{\"@id\":\"https:\\\/\\\/www.obender.eu\\\/#website\"},\"primaryImageOfPage\":{\"@id\":\"https:\\\/\\\/obender.eu\\\/en\\\/toode\\\/taskulamp-entac-alu-1w-110lm-30m-ip44-1xaa\\\/#primaryimage\"},\"image\":{\"@id\":\"https:\\\/\\\/obender.eu\\\/en\\\/toode\\\/taskulamp-entac-alu-1w-110lm-30m-ip44-1xaa\\\/#primaryimage\"},\"thumbnailUrl\":\"https:\\\/\\\/obender.eu\\\/wp-content\\\/uploads\\\/2022\\\/12\\\/5999097901565.jpg\",\"datePublished\":\"2022-12-01T18:59:57+00:00\",\"dateModified\":\"2026-04-20T00:00:55+00:00\",\"breadcrumb\":{\"@id\":\"https:\\\/\\\/obender.eu\\\/en\\\/toode\\\/taskulamp-entac-alu-1w-110lm-30m-ip44-1xaa\\\/#breadcrumb\"},\"inLanguage\":\"en-US\",\"potentialAction\":[{\"@type\":\"ReadAction\",\"target\":[\"https:\\\/\\\/obender.eu\\\/en\\\/toode\\\/taskulamp-entac-alu-1w-110lm-30m-ip44-1xaa\\\/\"]}]},{\"@type\":\"ImageObject\",\"inLanguage\":\"en-US\",\"@id\":\"https:\\\/\\\/obender.eu\\\/en\\\/toode\\\/taskulamp-entac-alu-1w-110lm-30m-ip44-1xaa\\\/#primaryimage\",\"url\":\"https:\\\/\\\/obender.eu\\\/wp-content\\\/uploads\\\/2022\\\/12\\\/5999097901565.jpg\",\"contentUrl\":\"https:\\\/\\\/obender.eu\\\/wp-content\\\/uploads\\\/2022\\\/12\\\/5999097901565.jpg\",\"width\":800,\"height\":800},{\"@type\":\"BreadcrumbList\",\"@id\":\"https:\\\/\\\/obender.eu\\\/en\\\/toode\\\/taskulamp-entac-alu-1w-110lm-30m-ip44-1xaa\\\/#breadcrumb\",\"itemListElement\":[{\"@type\":\"ListItem\",\"position\":1,\"name\":\"Home\",\"item\":\"https:\\\/\\\/obender.eu\\\/en\\\/\"},{\"@type\":\"ListItem\",\"position\":2,\"name\":\"Tooted\",\"item\":\"https:\\\/\\\/www.obender.eu\\\/tooted\\\/\"},{\"@type\":\"ListItem\",\"position\":3,\"name\":\"Flashlight Entac 1W 110lm 30m IP44 1xAA\"}]},{\"@type\":\"WebSite\",\"@id\":\"https:\\\/\\\/www.obender.eu\\\/#website\",\"url\":\"https:\\\/\\\/www.obender.eu\\\/\",\"name\":\"Obender\",\"description\":\"T\u00f6\u00f6stuskaupade hulgim\u00fc\u00fck\",\"potentialAction\":[{\"@type\":\"SearchAction\",\"target\":{\"@type\":\"EntryPoint\",\"urlTemplate\":\"https:\\\/\\\/www.obender.eu\\\/?s={search_term_string}\"},\"query-input\":{\"@type\":\"PropertyValueSpecification\",\"valueRequired\":true,\"valueName\":\"search_term_string\"}}],\"inLanguage\":\"en-US\"}]}<\/script>\n<!-- \/ Yoast SEO Premium plugin. -->","yoast_head_json":{"title":"Flashlight Entac 1W 110lm 30m IP44 1xAA - Obender","robots":{"index":"index","follow":"follow","max-snippet":"max-snippet:-1","max-image-preview":"max-image-preview:large","max-video-preview":"max-video-preview:-1"},"canonical":"https:\/\/obender.eu\/en\/toode\/taskulamp-entac-alu-1w-110lm-30m-ip44-1xaa\/","og_locale":"en_US","og_type":"article","og_title":"Flashlight Entac 1W 110lm 30m IP44 1xAA","og_description":"Entac flashlight EFL-1W-ALU Aluminium body Flashlight size: 22*22*129mm Light source: 1W 30m 110lm IP44 EAN: 5999097901565","og_url":"https:\/\/obender.eu\/en\/toode\/taskulamp-entac-alu-1w-110lm-30m-ip44-1xaa\/","og_site_name":"Obender","article_modified_time":"2026-04-20T00:00:55+00:00","og_image":[{"width":800,"height":800,"url":"https:\/\/obender.eu\/wp-content\/uploads\/2022\/12\/5999097901565.jpg","type":"image\/jpeg"}],"twitter_card":"summary_large_image","twitter_misc":{"Est. reading time":"1 minute"},"schema":{"@context":"https:\/\/schema.org","@graph":[{"@type":"WebPage","@id":"https:\/\/obender.eu\/en\/toode\/taskulamp-entac-alu-1w-110lm-30m-ip44-1xaa\/","url":"https:\/\/obender.eu\/en\/toode\/taskulamp-entac-alu-1w-110lm-30m-ip44-1xaa\/","name":"Flashlight Entac 1W 110lm 30m IP44 1xAA - Obender","isPartOf":{"@id":"https:\/\/www.obender.eu\/#website"},"primaryImageOfPage":{"@id":"https:\/\/obender.eu\/en\/toode\/taskulamp-entac-alu-1w-110lm-30m-ip44-1xaa\/#primaryimage"},"image":{"@id":"https:\/\/obender.eu\/en\/toode\/taskulamp-entac-alu-1w-110lm-30m-ip44-1xaa\/#primaryimage"},"thumbnailUrl":"https:\/\/obender.eu\/wp-content\/uploads\/2022\/12\/5999097901565.jpg","datePublished":"2022-12-01T18:59:57+00:00","dateModified":"2026-04-20T00:00:55+00:00","breadcrumb":{"@id":"https:\/\/obender.eu\/en\/toode\/taskulamp-entac-alu-1w-110lm-30m-ip44-1xaa\/#breadcrumb"},"inLanguage":"en-US","potentialAction":[{"@type":"ReadAction","target":["https:\/\/obender.eu\/en\/toode\/taskulamp-entac-alu-1w-110lm-30m-ip44-1xaa\/"]}]},{"@type":"ImageObject","inLanguage":"en-US","@id":"https:\/\/obender.eu\/en\/toode\/taskulamp-entac-alu-1w-110lm-30m-ip44-1xaa\/#primaryimage","url":"https:\/\/obender.eu\/wp-content\/uploads\/2022\/12\/5999097901565.jpg","contentUrl":"https:\/\/obender.eu\/wp-content\/uploads\/2022\/12\/5999097901565.jpg","width":800,"height":800},{"@type":"BreadcrumbList","@id":"https:\/\/obender.eu\/en\/toode\/taskulamp-entac-alu-1w-110lm-30m-ip44-1xaa\/#breadcrumb","itemListElement":[{"@type":"ListItem","position":1,"name":"Home","item":"https:\/\/obender.eu\/en\/"},{"@type":"ListItem","position":2,"name":"Tooted","item":"https:\/\/www.obender.eu\/tooted\/"},{"@type":"ListItem","position":3,"name":"Flashlight Entac 1W 110lm 30m IP44 1xAA"}]},{"@type":"WebSite","@id":"https:\/\/www.obender.eu\/#website","url":"https:\/\/www.obender.eu\/","name":"Obender","description":"T\u00f6\u00f6stuskaupade hulgim\u00fc\u00fck","potentialAction":[{"@type":"SearchAction","target":{"@type":"EntryPoint","urlTemplate":"https:\/\/www.obender.eu\/?s={search_term_string}"},"query-input":{"@type":"PropertyValueSpecification","valueRequired":true,"valueName":"search_term_string"}}],"inLanguage":"en-US"}]}},"_links":{"self":[{"href":"https:\/\/obender.eu\/en\/wp-json\/wp\/v2\/product\/20582","targetHints":{"allow":["GET"]}}],"collection":[{"href":"https:\/\/obender.eu\/en\/wp-json\/wp\/v2\/product"}],"about":[{"href":"https:\/\/obender.eu\/en\/wp-json\/wp\/v2\/types\/product"}],"version-history":[{"count":4,"href":"https:\/\/obender.eu\/en\/wp-json\/wp\/v2\/product\/20582\/revisions"}],"predecessor-version":[{"id":22529,"href":"https:\/\/obender.eu\/en\/wp-json\/wp\/v2\/product\/20582\/revisions\/22529"}],"wp:featuredmedia":[{"embeddable":true,"href":"https:\/\/obender.eu\/en\/wp-json\/wp\/v2\/media\/20580"}],"wp:attachment":[{"href":"https:\/\/obender.eu\/en\/wp-json\/wp\/v2\/media?parent=20582"}],"wp:term":[{"taxonomy":"product_brand","embeddable":true,"href":"https:\/\/obender.eu\/en\/wp-json\/wp\/v2\/product_brand?post=20582"},{"taxonomy":"product_cat","embeddable":true,"href":"https:\/\/obender.eu\/en\/wp-json\/wp\/v2\/product_cat?post=20582"},{"taxonomy":"product_tag","embeddable":true,"href":"https:\/\/obender.eu\/en\/wp-json\/wp\/v2\/product_tag?post=20582"}],"curies":[{"name":"wp","href":"https:\/\/api.w.org\/{rel}","templated":true}]}}