{"id":20596,"date":"2022-12-01T21:36:02","date_gmt":"2022-12-01T19:36:02","guid":{"rendered":"https:\/\/obender.eu\/toode\/audiokaabel-aux-emos-sm5001-10m-35mm-must\/"},"modified":"2026-04-18T17:00:36","modified_gmt":"2026-04-18T14:00:36","slug":"audiokaabel-aux-emos-sm5001-10m-35mm-must","status":"publish","type":"product","link":"https:\/\/obender.eu\/en\/toode\/audiokaabel-aux-emos-sm5001-10m-35mm-must\/","title":{"rendered":"AUX cable Emos 1,0m 3,5mm"},"content":{"rendered":"<p>AUX cable Emos SM5001<\/p>\n<p>EAN: 8592920085738<\/p>\n<p>Audio cable<\/p>\n<p>Connects phone and car audio system<\/p>\n","protected":false},"excerpt":{"rendered":"<p>AUX cable Emos SM5001 EAN: 8592920085738 Audio cable Connects phone and car audio system<\/p>\n","protected":false},"featured_media":19329,"template":"","meta":[],"product_brand":[],"product_cat":[299,393],"product_tag":[750,667],"class_list":{"0":"post-20596","1":"product","2":"type-product","3":"status-publish","4":"has-post-thumbnail","6":"product_cat-phone-holders-and-chargers","7":"product_cat-smartphone-cables","8":"product_tag-aux-en","9":"product_tag-emos-en","11":"first","12":"instock","13":"taxable","14":"shipping-taxable","15":"purchasable","16":"product-type-simple"},"yoast_head":"<!-- This site is optimized with the Yoast SEO Premium plugin v20.0 (Yoast SEO v27.4) - https:\/\/yoast.com\/product\/yoast-seo-premium-wordpress\/ -->\n<title>AUX cable Emos 1,0m 3,5mm - Obender<\/title>\n<meta name=\"robots\" content=\"index, follow, max-snippet:-1, max-image-preview:large, max-video-preview:-1\" \/>\n<link rel=\"canonical\" href=\"https:\/\/obender.eu\/en\/toode\/audiokaabel-aux-emos-sm5001-10m-35mm-must\/\" \/>\n<meta property=\"og:locale\" content=\"en_US\" \/>\n<meta property=\"og:type\" content=\"article\" \/>\n<meta property=\"og:title\" content=\"AUX cable Emos 1,0m 3,5mm\" \/>\n<meta property=\"og:description\" content=\"AUX cable Emos SM5001 EAN: 8592920085738 Audio cable Connects phone and car audio system\" \/>\n<meta property=\"og:url\" content=\"https:\/\/obender.eu\/en\/toode\/audiokaabel-aux-emos-sm5001-10m-35mm-must\/\" \/>\n<meta property=\"og:site_name\" content=\"Obender\" \/>\n<meta property=\"article:modified_time\" content=\"2026-04-18T14:00:36+00:00\" \/>\n<meta property=\"og:image\" content=\"https:\/\/obender.eu\/wp-content\/uploads\/2020\/10\/8592920085738-1.jpg\" \/>\n\t<meta property=\"og:image:width\" content=\"600\" \/>\n\t<meta property=\"og:image:height\" content=\"600\" \/>\n\t<meta property=\"og:image:type\" content=\"image\/jpeg\" \/>\n<meta name=\"twitter:card\" content=\"summary_large_image\" \/>\n<meta name=\"twitter:label1\" content=\"Est. reading time\" \/>\n\t<meta name=\"twitter:data1\" content=\"1 minute\" \/>\n<script type=\"application\/ld+json\" class=\"yoast-schema-graph\">{\"@context\":\"https:\\\/\\\/schema.org\",\"@graph\":[{\"@type\":\"WebPage\",\"@id\":\"https:\\\/\\\/obender.eu\\\/en\\\/toode\\\/audiokaabel-aux-emos-sm5001-10m-35mm-must\\\/\",\"url\":\"https:\\\/\\\/obender.eu\\\/en\\\/toode\\\/audiokaabel-aux-emos-sm5001-10m-35mm-must\\\/\",\"name\":\"AUX cable Emos 1,0m 3,5mm - Obender\",\"isPartOf\":{\"@id\":\"https:\\\/\\\/www.obender.eu\\\/#website\"},\"primaryImageOfPage\":{\"@id\":\"https:\\\/\\\/obender.eu\\\/en\\\/toode\\\/audiokaabel-aux-emos-sm5001-10m-35mm-must\\\/#primaryimage\"},\"image\":{\"@id\":\"https:\\\/\\\/obender.eu\\\/en\\\/toode\\\/audiokaabel-aux-emos-sm5001-10m-35mm-must\\\/#primaryimage\"},\"thumbnailUrl\":\"https:\\\/\\\/obender.eu\\\/wp-content\\\/uploads\\\/2020\\\/10\\\/8592920085738-1.jpg\",\"datePublished\":\"2022-12-01T19:36:02+00:00\",\"dateModified\":\"2026-04-18T14:00:36+00:00\",\"breadcrumb\":{\"@id\":\"https:\\\/\\\/obender.eu\\\/en\\\/toode\\\/audiokaabel-aux-emos-sm5001-10m-35mm-must\\\/#breadcrumb\"},\"inLanguage\":\"en-US\",\"potentialAction\":[{\"@type\":\"ReadAction\",\"target\":[\"https:\\\/\\\/obender.eu\\\/en\\\/toode\\\/audiokaabel-aux-emos-sm5001-10m-35mm-must\\\/\"]}]},{\"@type\":\"ImageObject\",\"inLanguage\":\"en-US\",\"@id\":\"https:\\\/\\\/obender.eu\\\/en\\\/toode\\\/audiokaabel-aux-emos-sm5001-10m-35mm-must\\\/#primaryimage\",\"url\":\"https:\\\/\\\/obender.eu\\\/wp-content\\\/uploads\\\/2020\\\/10\\\/8592920085738-1.jpg\",\"contentUrl\":\"https:\\\/\\\/obender.eu\\\/wp-content\\\/uploads\\\/2020\\\/10\\\/8592920085738-1.jpg\",\"width\":600,\"height\":600},{\"@type\":\"BreadcrumbList\",\"@id\":\"https:\\\/\\\/obender.eu\\\/en\\\/toode\\\/audiokaabel-aux-emos-sm5001-10m-35mm-must\\\/#breadcrumb\",\"itemListElement\":[{\"@type\":\"ListItem\",\"position\":1,\"name\":\"Home\",\"item\":\"https:\\\/\\\/obender.eu\\\/en\\\/\"},{\"@type\":\"ListItem\",\"position\":2,\"name\":\"Tooted\",\"item\":\"https:\\\/\\\/www.obender.eu\\\/tooted\\\/\"},{\"@type\":\"ListItem\",\"position\":3,\"name\":\"AUX cable Emos 1,0m 3,5mm\"}]},{\"@type\":\"WebSite\",\"@id\":\"https:\\\/\\\/www.obender.eu\\\/#website\",\"url\":\"https:\\\/\\\/www.obender.eu\\\/\",\"name\":\"Obender\",\"description\":\"T\u00f6\u00f6stuskaupade hulgim\u00fc\u00fck\",\"potentialAction\":[{\"@type\":\"SearchAction\",\"target\":{\"@type\":\"EntryPoint\",\"urlTemplate\":\"https:\\\/\\\/www.obender.eu\\\/?s={search_term_string}\"},\"query-input\":{\"@type\":\"PropertyValueSpecification\",\"valueRequired\":true,\"valueName\":\"search_term_string\"}}],\"inLanguage\":\"en-US\"}]}<\/script>\n<!-- \/ Yoast SEO Premium plugin. -->","yoast_head_json":{"title":"AUX cable Emos 1,0m 3,5mm - Obender","robots":{"index":"index","follow":"follow","max-snippet":"max-snippet:-1","max-image-preview":"max-image-preview:large","max-video-preview":"max-video-preview:-1"},"canonical":"https:\/\/obender.eu\/en\/toode\/audiokaabel-aux-emos-sm5001-10m-35mm-must\/","og_locale":"en_US","og_type":"article","og_title":"AUX cable Emos 1,0m 3,5mm","og_description":"AUX cable Emos SM5001 EAN: 8592920085738 Audio cable Connects phone and car audio system","og_url":"https:\/\/obender.eu\/en\/toode\/audiokaabel-aux-emos-sm5001-10m-35mm-must\/","og_site_name":"Obender","article_modified_time":"2026-04-18T14:00:36+00:00","og_image":[{"width":600,"height":600,"url":"https:\/\/obender.eu\/wp-content\/uploads\/2020\/10\/8592920085738-1.jpg","type":"image\/jpeg"}],"twitter_card":"summary_large_image","twitter_misc":{"Est. reading time":"1 minute"},"schema":{"@context":"https:\/\/schema.org","@graph":[{"@type":"WebPage","@id":"https:\/\/obender.eu\/en\/toode\/audiokaabel-aux-emos-sm5001-10m-35mm-must\/","url":"https:\/\/obender.eu\/en\/toode\/audiokaabel-aux-emos-sm5001-10m-35mm-must\/","name":"AUX cable Emos 1,0m 3,5mm - Obender","isPartOf":{"@id":"https:\/\/www.obender.eu\/#website"},"primaryImageOfPage":{"@id":"https:\/\/obender.eu\/en\/toode\/audiokaabel-aux-emos-sm5001-10m-35mm-must\/#primaryimage"},"image":{"@id":"https:\/\/obender.eu\/en\/toode\/audiokaabel-aux-emos-sm5001-10m-35mm-must\/#primaryimage"},"thumbnailUrl":"https:\/\/obender.eu\/wp-content\/uploads\/2020\/10\/8592920085738-1.jpg","datePublished":"2022-12-01T19:36:02+00:00","dateModified":"2026-04-18T14:00:36+00:00","breadcrumb":{"@id":"https:\/\/obender.eu\/en\/toode\/audiokaabel-aux-emos-sm5001-10m-35mm-must\/#breadcrumb"},"inLanguage":"en-US","potentialAction":[{"@type":"ReadAction","target":["https:\/\/obender.eu\/en\/toode\/audiokaabel-aux-emos-sm5001-10m-35mm-must\/"]}]},{"@type":"ImageObject","inLanguage":"en-US","@id":"https:\/\/obender.eu\/en\/toode\/audiokaabel-aux-emos-sm5001-10m-35mm-must\/#primaryimage","url":"https:\/\/obender.eu\/wp-content\/uploads\/2020\/10\/8592920085738-1.jpg","contentUrl":"https:\/\/obender.eu\/wp-content\/uploads\/2020\/10\/8592920085738-1.jpg","width":600,"height":600},{"@type":"BreadcrumbList","@id":"https:\/\/obender.eu\/en\/toode\/audiokaabel-aux-emos-sm5001-10m-35mm-must\/#breadcrumb","itemListElement":[{"@type":"ListItem","position":1,"name":"Home","item":"https:\/\/obender.eu\/en\/"},{"@type":"ListItem","position":2,"name":"Tooted","item":"https:\/\/www.obender.eu\/tooted\/"},{"@type":"ListItem","position":3,"name":"AUX cable Emos 1,0m 3,5mm"}]},{"@type":"WebSite","@id":"https:\/\/www.obender.eu\/#website","url":"https:\/\/www.obender.eu\/","name":"Obender","description":"T\u00f6\u00f6stuskaupade hulgim\u00fc\u00fck","potentialAction":[{"@type":"SearchAction","target":{"@type":"EntryPoint","urlTemplate":"https:\/\/www.obender.eu\/?s={search_term_string}"},"query-input":{"@type":"PropertyValueSpecification","valueRequired":true,"valueName":"search_term_string"}}],"inLanguage":"en-US"}]}},"_links":{"self":[{"href":"https:\/\/obender.eu\/en\/wp-json\/wp\/v2\/product\/20596","targetHints":{"allow":["GET"]}}],"collection":[{"href":"https:\/\/obender.eu\/en\/wp-json\/wp\/v2\/product"}],"about":[{"href":"https:\/\/obender.eu\/en\/wp-json\/wp\/v2\/types\/product"}],"version-history":[{"count":3,"href":"https:\/\/obender.eu\/en\/wp-json\/wp\/v2\/product\/20596\/revisions"}],"predecessor-version":[{"id":29524,"href":"https:\/\/obender.eu\/en\/wp-json\/wp\/v2\/product\/20596\/revisions\/29524"}],"wp:featuredmedia":[{"embeddable":true,"href":"https:\/\/obender.eu\/en\/wp-json\/wp\/v2\/media\/19329"}],"wp:attachment":[{"href":"https:\/\/obender.eu\/en\/wp-json\/wp\/v2\/media?parent=20596"}],"wp:term":[{"taxonomy":"product_brand","embeddable":true,"href":"https:\/\/obender.eu\/en\/wp-json\/wp\/v2\/product_brand?post=20596"},{"taxonomy":"product_cat","embeddable":true,"href":"https:\/\/obender.eu\/en\/wp-json\/wp\/v2\/product_cat?post=20596"},{"taxonomy":"product_tag","embeddable":true,"href":"https:\/\/obender.eu\/en\/wp-json\/wp\/v2\/product_tag?post=20596"}],"curies":[{"name":"wp","href":"https:\/\/api.w.org\/{rel}","templated":true}]}}