{"id":20617,"date":"2022-12-01T22:47:44","date_gmt":"2022-12-01T20:47:44","guid":{"rendered":"https:\/\/obender.eu\/?post_type=product&#038;p=20617"},"modified":"2026-04-18T18:00:49","modified_gmt":"2026-04-18T15:00:49","slug":"pulsar-ketioli-pc-400ml-aerosool","status":"publish","type":"product","link":"https:\/\/obender.eu\/en\/toode\/pulsar-ketioli-pc-400ml-aerosool\/","title":{"rendered":"Pulsar grease for chains and ropes PC 400ml spray"},"content":{"rendered":"<p>PULSAR lubricant for chains and ropes is a high-quality lubricant for chains with viscosifier.\u00a0Created to provide excellent, long-term device protection.\u00a0It is used for the care and lubrication of drive chains, sprockets and tensioning cables.\u00a0In addition, due to excellent adhesion to any surface, it perfectly lubricates and protects bearings, mechanisms, valves, racks, etc.<\/p>\n<p>It is NSF certified for use in the food processing area and its surroundings<\/p>\n<p>APPLICATION: The grease can be used for ordinary chains and those equipped with O-Ring or X-Ring seals.\u00a0It is recommended for all types of bicycle and motorcycle chains, for guides and conveyors as well as for low-speed bearings.<\/p>\n<p>&nbsp;<\/p>\n<p>HOW TO USE: Elements to be lubricated should be thoroughly cleaned of the remains of the old grease, preferably with PULSAR EKO remover.\u00a0Mix the contents of the aerosol by shaking the package vigorously.\u00a0Apply the aerosol from a distance of 5-10 cm.\u00a0Motorcycle chains should be lubricated at least every 500 km or always after driving in rainy conditions.\u00a0It is recommended to lubricate the chain after riding.<\/p>\n<p>EAN: 5905722027029<\/p>\n","protected":false},"excerpt":{"rendered":"<p>PULSAR lubricant for chains and ropes is a high-quality lubricant for chains with viscosifier.\u00a0Created to provide excellent, long-term device protection.\u00a0It<\/p>\n","protected":false},"featured_media":20618,"template":"","meta":[],"product_brand":[],"product_cat":[270,373,380,335],"product_tag":[747,746,646],"class_list":{"0":"post-20617","1":"product","2":"type-product","3":"status-publish","4":"has-post-thumbnail","6":"product_cat-chemical-products","7":"product_cat-tooriistad-ja-ehitus","8":"product_cat-home-and-office-equipment","9":"product_cat-sports-and-leisure","10":"product_tag-chain-grease-en","11":"product_tag-ketioli-en","12":"product_tag-pulsar-en","14":"first","15":"instock","16":"taxable","17":"shipping-taxable","18":"purchasable","19":"product-type-simple"},"yoast_head":"<!-- This site is optimized with the Yoast SEO Premium plugin v20.0 (Yoast SEO v27.4) - https:\/\/yoast.com\/product\/yoast-seo-premium-wordpress\/ -->\n<title>Pulsar grease for chains and ropes PC 400ml spray - Obender<\/title>\n<meta name=\"robots\" content=\"index, follow, max-snippet:-1, max-image-preview:large, max-video-preview:-1\" \/>\n<link rel=\"canonical\" href=\"https:\/\/obender.eu\/en\/toode\/pulsar-ketioli-pc-400ml-aerosool\/\" \/>\n<meta property=\"og:locale\" content=\"en_US\" \/>\n<meta property=\"og:type\" content=\"article\" \/>\n<meta property=\"og:title\" content=\"Pulsar grease for chains and ropes PC 400ml spray\" \/>\n<meta property=\"og:description\" content=\"PULSAR lubricant for chains and ropes is a high-quality lubricant for chains with viscosifier.\u00a0Created to provide excellent, long-term device protection.\u00a0It\" \/>\n<meta property=\"og:url\" content=\"https:\/\/obender.eu\/en\/toode\/pulsar-ketioli-pc-400ml-aerosool\/\" \/>\n<meta property=\"og:site_name\" content=\"Obender\" \/>\n<meta property=\"article:modified_time\" content=\"2026-04-18T15:00:49+00:00\" \/>\n<meta property=\"og:image\" content=\"https:\/\/obender.eu\/wp-content\/uploads\/2022\/12\/5905722027029.jpg\" \/>\n\t<meta property=\"og:image:width\" content=\"492\" \/>\n\t<meta property=\"og:image:height\" content=\"492\" \/>\n\t<meta property=\"og:image:type\" content=\"image\/jpeg\" \/>\n<meta name=\"twitter:card\" content=\"summary_large_image\" \/>\n<meta name=\"twitter:label1\" content=\"Est. reading time\" \/>\n\t<meta name=\"twitter:data1\" content=\"1 minute\" \/>\n<script type=\"application\/ld+json\" class=\"yoast-schema-graph\">{\"@context\":\"https:\\\/\\\/schema.org\",\"@graph\":[{\"@type\":\"WebPage\",\"@id\":\"https:\\\/\\\/obender.eu\\\/en\\\/toode\\\/pulsar-ketioli-pc-400ml-aerosool\\\/\",\"url\":\"https:\\\/\\\/obender.eu\\\/en\\\/toode\\\/pulsar-ketioli-pc-400ml-aerosool\\\/\",\"name\":\"Pulsar grease for chains and ropes PC 400ml spray - Obender\",\"isPartOf\":{\"@id\":\"https:\\\/\\\/www.obender.eu\\\/#website\"},\"primaryImageOfPage\":{\"@id\":\"https:\\\/\\\/obender.eu\\\/en\\\/toode\\\/pulsar-ketioli-pc-400ml-aerosool\\\/#primaryimage\"},\"image\":{\"@id\":\"https:\\\/\\\/obender.eu\\\/en\\\/toode\\\/pulsar-ketioli-pc-400ml-aerosool\\\/#primaryimage\"},\"thumbnailUrl\":\"https:\\\/\\\/obender.eu\\\/wp-content\\\/uploads\\\/2022\\\/12\\\/5905722027029.jpg\",\"datePublished\":\"2022-12-01T20:47:44+00:00\",\"dateModified\":\"2026-04-18T15:00:49+00:00\",\"breadcrumb\":{\"@id\":\"https:\\\/\\\/obender.eu\\\/en\\\/toode\\\/pulsar-ketioli-pc-400ml-aerosool\\\/#breadcrumb\"},\"inLanguage\":\"en-US\",\"potentialAction\":[{\"@type\":\"ReadAction\",\"target\":[\"https:\\\/\\\/obender.eu\\\/en\\\/toode\\\/pulsar-ketioli-pc-400ml-aerosool\\\/\"]}]},{\"@type\":\"ImageObject\",\"inLanguage\":\"en-US\",\"@id\":\"https:\\\/\\\/obender.eu\\\/en\\\/toode\\\/pulsar-ketioli-pc-400ml-aerosool\\\/#primaryimage\",\"url\":\"https:\\\/\\\/obender.eu\\\/wp-content\\\/uploads\\\/2022\\\/12\\\/5905722027029.jpg\",\"contentUrl\":\"https:\\\/\\\/obender.eu\\\/wp-content\\\/uploads\\\/2022\\\/12\\\/5905722027029.jpg\",\"width\":492,\"height\":492},{\"@type\":\"BreadcrumbList\",\"@id\":\"https:\\\/\\\/obender.eu\\\/en\\\/toode\\\/pulsar-ketioli-pc-400ml-aerosool\\\/#breadcrumb\",\"itemListElement\":[{\"@type\":\"ListItem\",\"position\":1,\"name\":\"Home\",\"item\":\"https:\\\/\\\/obender.eu\\\/en\\\/\"},{\"@type\":\"ListItem\",\"position\":2,\"name\":\"Tooted\",\"item\":\"https:\\\/\\\/www.obender.eu\\\/tooted\\\/\"},{\"@type\":\"ListItem\",\"position\":3,\"name\":\"Pulsar grease for chains and ropes PC 400ml spray\"}]},{\"@type\":\"WebSite\",\"@id\":\"https:\\\/\\\/www.obender.eu\\\/#website\",\"url\":\"https:\\\/\\\/www.obender.eu\\\/\",\"name\":\"Obender\",\"description\":\"T\u00f6\u00f6stuskaupade hulgim\u00fc\u00fck\",\"potentialAction\":[{\"@type\":\"SearchAction\",\"target\":{\"@type\":\"EntryPoint\",\"urlTemplate\":\"https:\\\/\\\/www.obender.eu\\\/?s={search_term_string}\"},\"query-input\":{\"@type\":\"PropertyValueSpecification\",\"valueRequired\":true,\"valueName\":\"search_term_string\"}}],\"inLanguage\":\"en-US\"}]}<\/script>\n<!-- \/ Yoast SEO Premium plugin. -->","yoast_head_json":{"title":"Pulsar grease for chains and ropes PC 400ml spray - Obender","robots":{"index":"index","follow":"follow","max-snippet":"max-snippet:-1","max-image-preview":"max-image-preview:large","max-video-preview":"max-video-preview:-1"},"canonical":"https:\/\/obender.eu\/en\/toode\/pulsar-ketioli-pc-400ml-aerosool\/","og_locale":"en_US","og_type":"article","og_title":"Pulsar grease for chains and ropes PC 400ml spray","og_description":"PULSAR lubricant for chains and ropes is a high-quality lubricant for chains with viscosifier.\u00a0Created to provide excellent, long-term device protection.\u00a0It","og_url":"https:\/\/obender.eu\/en\/toode\/pulsar-ketioli-pc-400ml-aerosool\/","og_site_name":"Obender","article_modified_time":"2026-04-18T15:00:49+00:00","og_image":[{"width":492,"height":492,"url":"https:\/\/obender.eu\/wp-content\/uploads\/2022\/12\/5905722027029.jpg","type":"image\/jpeg"}],"twitter_card":"summary_large_image","twitter_misc":{"Est. reading time":"1 minute"},"schema":{"@context":"https:\/\/schema.org","@graph":[{"@type":"WebPage","@id":"https:\/\/obender.eu\/en\/toode\/pulsar-ketioli-pc-400ml-aerosool\/","url":"https:\/\/obender.eu\/en\/toode\/pulsar-ketioli-pc-400ml-aerosool\/","name":"Pulsar grease for chains and ropes PC 400ml spray - Obender","isPartOf":{"@id":"https:\/\/www.obender.eu\/#website"},"primaryImageOfPage":{"@id":"https:\/\/obender.eu\/en\/toode\/pulsar-ketioli-pc-400ml-aerosool\/#primaryimage"},"image":{"@id":"https:\/\/obender.eu\/en\/toode\/pulsar-ketioli-pc-400ml-aerosool\/#primaryimage"},"thumbnailUrl":"https:\/\/obender.eu\/wp-content\/uploads\/2022\/12\/5905722027029.jpg","datePublished":"2022-12-01T20:47:44+00:00","dateModified":"2026-04-18T15:00:49+00:00","breadcrumb":{"@id":"https:\/\/obender.eu\/en\/toode\/pulsar-ketioli-pc-400ml-aerosool\/#breadcrumb"},"inLanguage":"en-US","potentialAction":[{"@type":"ReadAction","target":["https:\/\/obender.eu\/en\/toode\/pulsar-ketioli-pc-400ml-aerosool\/"]}]},{"@type":"ImageObject","inLanguage":"en-US","@id":"https:\/\/obender.eu\/en\/toode\/pulsar-ketioli-pc-400ml-aerosool\/#primaryimage","url":"https:\/\/obender.eu\/wp-content\/uploads\/2022\/12\/5905722027029.jpg","contentUrl":"https:\/\/obender.eu\/wp-content\/uploads\/2022\/12\/5905722027029.jpg","width":492,"height":492},{"@type":"BreadcrumbList","@id":"https:\/\/obender.eu\/en\/toode\/pulsar-ketioli-pc-400ml-aerosool\/#breadcrumb","itemListElement":[{"@type":"ListItem","position":1,"name":"Home","item":"https:\/\/obender.eu\/en\/"},{"@type":"ListItem","position":2,"name":"Tooted","item":"https:\/\/www.obender.eu\/tooted\/"},{"@type":"ListItem","position":3,"name":"Pulsar grease for chains and ropes PC 400ml spray"}]},{"@type":"WebSite","@id":"https:\/\/www.obender.eu\/#website","url":"https:\/\/www.obender.eu\/","name":"Obender","description":"T\u00f6\u00f6stuskaupade hulgim\u00fc\u00fck","potentialAction":[{"@type":"SearchAction","target":{"@type":"EntryPoint","urlTemplate":"https:\/\/www.obender.eu\/?s={search_term_string}"},"query-input":{"@type":"PropertyValueSpecification","valueRequired":true,"valueName":"search_term_string"}}],"inLanguage":"en-US"}]}},"_links":{"self":[{"href":"https:\/\/obender.eu\/en\/wp-json\/wp\/v2\/product\/20617","targetHints":{"allow":["GET"]}}],"collection":[{"href":"https:\/\/obender.eu\/en\/wp-json\/wp\/v2\/product"}],"about":[{"href":"https:\/\/obender.eu\/en\/wp-json\/wp\/v2\/types\/product"}],"version-history":[{"count":4,"href":"https:\/\/obender.eu\/en\/wp-json\/wp\/v2\/product\/20617\/revisions"}],"predecessor-version":[{"id":22520,"href":"https:\/\/obender.eu\/en\/wp-json\/wp\/v2\/product\/20617\/revisions\/22520"}],"wp:featuredmedia":[{"embeddable":true,"href":"https:\/\/obender.eu\/en\/wp-json\/wp\/v2\/media\/20618"}],"wp:attachment":[{"href":"https:\/\/obender.eu\/en\/wp-json\/wp\/v2\/media?parent=20617"}],"wp:term":[{"taxonomy":"product_brand","embeddable":true,"href":"https:\/\/obender.eu\/en\/wp-json\/wp\/v2\/product_brand?post=20617"},{"taxonomy":"product_cat","embeddable":true,"href":"https:\/\/obender.eu\/en\/wp-json\/wp\/v2\/product_cat?post=20617"},{"taxonomy":"product_tag","embeddable":true,"href":"https:\/\/obender.eu\/en\/wp-json\/wp\/v2\/product_tag?post=20617"}],"curies":[{"name":"wp","href":"https:\/\/api.w.org\/{rel}","templated":true}]}}