{"id":20629,"date":"2022-12-01T22:54:32","date_gmt":"2022-12-01T20:54:32","guid":{"rendered":"https:\/\/obender.eu\/toode\/pulsar-roostesurm-gel-250ml\/"},"modified":"2026-04-20T05:00:57","modified_gmt":"2026-04-20T02:00:57","slug":"pulsar-roostesurm-gel-250ml","status":"publish","type":"product","link":"https:\/\/obender.eu\/en\/toode\/pulsar-roostesurm-gel-250ml\/","title":{"rendered":"Pulsar rust remover GEL 250ml"},"content":{"rendered":"<p>Pulsar rust removing gel 250ml<\/p>\n<p>Professional product for removing rust from steel and corrosion from non-ferrous alloys.\u00a0Does not flow from vertical surfaces.\u00a0It must be used with extreme caution due to its aggressive action on metal surfaces.\u00a0The preparation does not react with plastics and rubber, but a test should be carried out to be sure.\u00a0The gel well removes boiler scale and lime-cement dirt (cleaning shower cabins, chrome-plated surfaces and rooms after renovation and construction works).\u00a0Do not use the gel on galvanized surfaces.\u00a0The dissolved residues and gel are removed mechanically and the residues are washed off with water.\u00a0The derusting process can be repeated in case of unsatisfactory results.<\/p>\n<p>EAN: 5905722026671<\/p>\n","protected":false},"excerpt":{"rendered":"<p>Pulsar rust removing gel 250ml Professional product for removing rust from steel and corrosion from non-ferrous alloys.\u00a0Does not flow from<\/p>\n","protected":false},"featured_media":20627,"template":"","meta":[],"product_brand":[],"product_cat":[275,270,373],"product_tag":[646,649,759],"class_list":{"0":"post-20629","1":"product","2":"type-product","3":"status-publish","4":"has-post-thumbnail","6":"product_cat-adhesives","7":"product_cat-chemical-products","8":"product_cat-tooriistad-ja-ehitus","9":"product_tag-pulsar-en","10":"product_tag-rooste-en","11":"product_tag-rust-en","13":"first","14":"outofstock","15":"taxable","16":"shipping-taxable","17":"purchasable","18":"product-type-simple"},"yoast_head":"<!-- This site is optimized with the Yoast SEO Premium plugin v20.0 (Yoast SEO v27.4) - https:\/\/yoast.com\/product\/yoast-seo-premium-wordpress\/ -->\n<title>Pulsar rust remover GEL 250ml - Obender<\/title>\n<meta name=\"robots\" content=\"index, follow, max-snippet:-1, max-image-preview:large, max-video-preview:-1\" \/>\n<link rel=\"canonical\" href=\"https:\/\/obender.eu\/en\/toode\/pulsar-roostesurm-gel-250ml\/\" \/>\n<meta property=\"og:locale\" content=\"en_US\" \/>\n<meta property=\"og:type\" content=\"article\" \/>\n<meta property=\"og:title\" content=\"Pulsar rust remover GEL 250ml\" \/>\n<meta property=\"og:description\" content=\"Pulsar rust removing gel 250ml Professional product for removing rust from steel and corrosion from non-ferrous alloys.\u00a0Does not flow from\" \/>\n<meta property=\"og:url\" content=\"https:\/\/obender.eu\/en\/toode\/pulsar-roostesurm-gel-250ml\/\" \/>\n<meta property=\"og:site_name\" content=\"Obender\" \/>\n<meta property=\"article:modified_time\" content=\"2026-04-20T02:00:57+00:00\" \/>\n<meta property=\"og:image\" content=\"https:\/\/obender.eu\/wp-content\/uploads\/2022\/12\/5905722026671.jpg\" \/>\n\t<meta property=\"og:image:width\" content=\"400\" \/>\n\t<meta property=\"og:image:height\" content=\"400\" \/>\n\t<meta property=\"og:image:type\" content=\"image\/jpeg\" \/>\n<meta name=\"twitter:card\" content=\"summary_large_image\" \/>\n<meta name=\"twitter:label1\" content=\"Est. reading time\" \/>\n\t<meta name=\"twitter:data1\" content=\"1 minute\" \/>\n<script type=\"application\/ld+json\" class=\"yoast-schema-graph\">{\"@context\":\"https:\\\/\\\/schema.org\",\"@graph\":[{\"@type\":\"WebPage\",\"@id\":\"https:\\\/\\\/obender.eu\\\/en\\\/toode\\\/pulsar-roostesurm-gel-250ml\\\/\",\"url\":\"https:\\\/\\\/obender.eu\\\/en\\\/toode\\\/pulsar-roostesurm-gel-250ml\\\/\",\"name\":\"Pulsar rust remover GEL 250ml - Obender\",\"isPartOf\":{\"@id\":\"https:\\\/\\\/www.obender.eu\\\/#website\"},\"primaryImageOfPage\":{\"@id\":\"https:\\\/\\\/obender.eu\\\/en\\\/toode\\\/pulsar-roostesurm-gel-250ml\\\/#primaryimage\"},\"image\":{\"@id\":\"https:\\\/\\\/obender.eu\\\/en\\\/toode\\\/pulsar-roostesurm-gel-250ml\\\/#primaryimage\"},\"thumbnailUrl\":\"https:\\\/\\\/obender.eu\\\/wp-content\\\/uploads\\\/2022\\\/12\\\/5905722026671.jpg\",\"datePublished\":\"2022-12-01T20:54:32+00:00\",\"dateModified\":\"2026-04-20T02:00:57+00:00\",\"breadcrumb\":{\"@id\":\"https:\\\/\\\/obender.eu\\\/en\\\/toode\\\/pulsar-roostesurm-gel-250ml\\\/#breadcrumb\"},\"inLanguage\":\"en-US\",\"potentialAction\":[{\"@type\":\"ReadAction\",\"target\":[\"https:\\\/\\\/obender.eu\\\/en\\\/toode\\\/pulsar-roostesurm-gel-250ml\\\/\"]}]},{\"@type\":\"ImageObject\",\"inLanguage\":\"en-US\",\"@id\":\"https:\\\/\\\/obender.eu\\\/en\\\/toode\\\/pulsar-roostesurm-gel-250ml\\\/#primaryimage\",\"url\":\"https:\\\/\\\/obender.eu\\\/wp-content\\\/uploads\\\/2022\\\/12\\\/5905722026671.jpg\",\"contentUrl\":\"https:\\\/\\\/obender.eu\\\/wp-content\\\/uploads\\\/2022\\\/12\\\/5905722026671.jpg\",\"width\":400,\"height\":400},{\"@type\":\"BreadcrumbList\",\"@id\":\"https:\\\/\\\/obender.eu\\\/en\\\/toode\\\/pulsar-roostesurm-gel-250ml\\\/#breadcrumb\",\"itemListElement\":[{\"@type\":\"ListItem\",\"position\":1,\"name\":\"Home\",\"item\":\"https:\\\/\\\/obender.eu\\\/en\\\/\"},{\"@type\":\"ListItem\",\"position\":2,\"name\":\"Tooted\",\"item\":\"https:\\\/\\\/www.obender.eu\\\/tooted\\\/\"},{\"@type\":\"ListItem\",\"position\":3,\"name\":\"Pulsar rust remover GEL 250ml\"}]},{\"@type\":\"WebSite\",\"@id\":\"https:\\\/\\\/www.obender.eu\\\/#website\",\"url\":\"https:\\\/\\\/www.obender.eu\\\/\",\"name\":\"Obender\",\"description\":\"T\u00f6\u00f6stuskaupade hulgim\u00fc\u00fck\",\"potentialAction\":[{\"@type\":\"SearchAction\",\"target\":{\"@type\":\"EntryPoint\",\"urlTemplate\":\"https:\\\/\\\/www.obender.eu\\\/?s={search_term_string}\"},\"query-input\":{\"@type\":\"PropertyValueSpecification\",\"valueRequired\":true,\"valueName\":\"search_term_string\"}}],\"inLanguage\":\"en-US\"}]}<\/script>\n<!-- \/ Yoast SEO Premium plugin. -->","yoast_head_json":{"title":"Pulsar rust remover GEL 250ml - Obender","robots":{"index":"index","follow":"follow","max-snippet":"max-snippet:-1","max-image-preview":"max-image-preview:large","max-video-preview":"max-video-preview:-1"},"canonical":"https:\/\/obender.eu\/en\/toode\/pulsar-roostesurm-gel-250ml\/","og_locale":"en_US","og_type":"article","og_title":"Pulsar rust remover GEL 250ml","og_description":"Pulsar rust removing gel 250ml Professional product for removing rust from steel and corrosion from non-ferrous alloys.\u00a0Does not flow from","og_url":"https:\/\/obender.eu\/en\/toode\/pulsar-roostesurm-gel-250ml\/","og_site_name":"Obender","article_modified_time":"2026-04-20T02:00:57+00:00","og_image":[{"width":400,"height":400,"url":"https:\/\/obender.eu\/wp-content\/uploads\/2022\/12\/5905722026671.jpg","type":"image\/jpeg"}],"twitter_card":"summary_large_image","twitter_misc":{"Est. reading time":"1 minute"},"schema":{"@context":"https:\/\/schema.org","@graph":[{"@type":"WebPage","@id":"https:\/\/obender.eu\/en\/toode\/pulsar-roostesurm-gel-250ml\/","url":"https:\/\/obender.eu\/en\/toode\/pulsar-roostesurm-gel-250ml\/","name":"Pulsar rust remover GEL 250ml - Obender","isPartOf":{"@id":"https:\/\/www.obender.eu\/#website"},"primaryImageOfPage":{"@id":"https:\/\/obender.eu\/en\/toode\/pulsar-roostesurm-gel-250ml\/#primaryimage"},"image":{"@id":"https:\/\/obender.eu\/en\/toode\/pulsar-roostesurm-gel-250ml\/#primaryimage"},"thumbnailUrl":"https:\/\/obender.eu\/wp-content\/uploads\/2022\/12\/5905722026671.jpg","datePublished":"2022-12-01T20:54:32+00:00","dateModified":"2026-04-20T02:00:57+00:00","breadcrumb":{"@id":"https:\/\/obender.eu\/en\/toode\/pulsar-roostesurm-gel-250ml\/#breadcrumb"},"inLanguage":"en-US","potentialAction":[{"@type":"ReadAction","target":["https:\/\/obender.eu\/en\/toode\/pulsar-roostesurm-gel-250ml\/"]}]},{"@type":"ImageObject","inLanguage":"en-US","@id":"https:\/\/obender.eu\/en\/toode\/pulsar-roostesurm-gel-250ml\/#primaryimage","url":"https:\/\/obender.eu\/wp-content\/uploads\/2022\/12\/5905722026671.jpg","contentUrl":"https:\/\/obender.eu\/wp-content\/uploads\/2022\/12\/5905722026671.jpg","width":400,"height":400},{"@type":"BreadcrumbList","@id":"https:\/\/obender.eu\/en\/toode\/pulsar-roostesurm-gel-250ml\/#breadcrumb","itemListElement":[{"@type":"ListItem","position":1,"name":"Home","item":"https:\/\/obender.eu\/en\/"},{"@type":"ListItem","position":2,"name":"Tooted","item":"https:\/\/www.obender.eu\/tooted\/"},{"@type":"ListItem","position":3,"name":"Pulsar rust remover GEL 250ml"}]},{"@type":"WebSite","@id":"https:\/\/www.obender.eu\/#website","url":"https:\/\/www.obender.eu\/","name":"Obender","description":"T\u00f6\u00f6stuskaupade hulgim\u00fc\u00fck","potentialAction":[{"@type":"SearchAction","target":{"@type":"EntryPoint","urlTemplate":"https:\/\/www.obender.eu\/?s={search_term_string}"},"query-input":{"@type":"PropertyValueSpecification","valueRequired":true,"valueName":"search_term_string"}}],"inLanguage":"en-US"}]}},"_links":{"self":[{"href":"https:\/\/obender.eu\/en\/wp-json\/wp\/v2\/product\/20629","targetHints":{"allow":["GET"]}}],"collection":[{"href":"https:\/\/obender.eu\/en\/wp-json\/wp\/v2\/product"}],"about":[{"href":"https:\/\/obender.eu\/en\/wp-json\/wp\/v2\/types\/product"}],"version-history":[{"count":2,"href":"https:\/\/obender.eu\/en\/wp-json\/wp\/v2\/product\/20629\/revisions"}],"predecessor-version":[{"id":22516,"href":"https:\/\/obender.eu\/en\/wp-json\/wp\/v2\/product\/20629\/revisions\/22516"}],"wp:featuredmedia":[{"embeddable":true,"href":"https:\/\/obender.eu\/en\/wp-json\/wp\/v2\/media\/20627"}],"wp:attachment":[{"href":"https:\/\/obender.eu\/en\/wp-json\/wp\/v2\/media?parent=20629"}],"wp:term":[{"taxonomy":"product_brand","embeddable":true,"href":"https:\/\/obender.eu\/en\/wp-json\/wp\/v2\/product_brand?post=20629"},{"taxonomy":"product_cat","embeddable":true,"href":"https:\/\/obender.eu\/en\/wp-json\/wp\/v2\/product_cat?post=20629"},{"taxonomy":"product_tag","embeddable":true,"href":"https:\/\/obender.eu\/en\/wp-json\/wp\/v2\/product_tag?post=20629"}],"curies":[{"name":"wp","href":"https:\/\/api.w.org\/{rel}","templated":true}]}}