{"id":20855,"date":"2022-12-18T17:38:15","date_gmt":"2022-12-18T15:38:15","guid":{"rendered":"https:\/\/obender.eu\/toode\/normaclamp-cobra-w4-set-500\/"},"modified":"2026-04-21T22:00:02","modified_gmt":"2026-04-21T19:00:02","slug":"normaclamp-cobra-w4-set-500","status":"publish","type":"product","link":"https:\/\/obender.eu\/en\/toode\/normaclamp-cobra-w4-set-500\/","title":{"rendered":"Clamp Norma Cobra W4 set 500"},"content":{"rendered":"<p>This workshop range is a clearly arranged collection of the most commonly used types of NORMACLAMP\u00ae COBRA hose clips in a practical plastic case (approx. 34x23x5 cm).<br \/>\nIt contains 500 COBRA hose clips with band widths of 7 mm and 8 mm:<\/p>\n<ul>\n<li>1077000075 COBRA 7.5\/7 &#8211; 30 pcs<\/li>\n<li>1077000008 COBRA 8\/7 8 &#8211; 25 pcs<\/li>\n<li>1077000085 COBRA 8.5\/7 &#8211; 25 pcs<\/li>\n<li>1077000009 COBRA 9\/7 9 &#8211; 25 pcs<\/li>\n<li>1077000095 COBRA 9.5\/7 &#8211; 25 pcs<\/li>\n<li>1077000010 COBRA 10\/7- 25 pcs<\/li>\n<li>1077000105 COBRA 10.5\/7 &#8211; 25 pcs<\/li>\n<li>1077000011 COBRA 11\/7 &#8211; 25 pcs<\/li>\n<li>1077000115 COBRA 11.5\/7 &#8211; 25 pcs<\/li>\n<li>1087006012 COBRA 12\/8 &#8211; 30 pcs<\/li>\n<li>1087006013 COBRA 13\/8 &#8211; 30 pcs<\/li>\n<li>1087006014 COBRA 14\/8 &#8211; 30 pcs<\/li>\n<li>1087006015 COBRA 15\/8 &#8211; 30 pcs<\/li>\n<li>1087006016 COBRA 16\/8 16 &#8211; 30 pcs<\/li>\n<li>1087006017 COBRA 17\/8 17 &#8211; 30 pcs<\/li>\n<li>1087006018 COBRA 18\/8 18 &#8211; 30 pcs<\/li>\n<li>1087006019 COBRA 19\/8 19 &#8211; 30 pcs<\/li>\n<li>1087006021 COBRA 21\/8 21 &#8211; 30 pcs<\/li>\n<\/ul>\n","protected":false},"excerpt":{"rendered":"<p>This workshop range is a clearly arranged collection of the most commonly used types of NORMACLAMP\u00ae COBRA hose clips in<\/p>\n","protected":false},"featured_media":20847,"template":"","meta":[],"product_brand":[],"product_cat":[310,312],"product_tag":[1350,437,1348,441,1389],"class_list":{"0":"post-20855","1":"product","2":"type-product","3":"status-publish","4":"has-post-thumbnail","6":"product_cat-fasteners","7":"product_cat-norma","8":"product_tag-clamp-en","9":"product_tag-cobra-en","10":"product_tag-klamber-en","11":"product_tag-norma-en","12":"product_tag-w4-en","14":"first","15":"instock","16":"taxable","17":"shipping-taxable","18":"purchasable","19":"product-type-simple"},"yoast_head":"<!-- This site is optimized with the Yoast SEO Premium plugin v20.0 (Yoast SEO v27.4) - https:\/\/yoast.com\/product\/yoast-seo-premium-wordpress\/ -->\n<title>Clamp Norma Cobra W4 set 500 - Obender<\/title>\n<meta name=\"robots\" content=\"index, follow, max-snippet:-1, max-image-preview:large, max-video-preview:-1\" \/>\n<link rel=\"canonical\" href=\"https:\/\/obender.eu\/en\/toode\/normaclamp-cobra-w4-set-500\/\" \/>\n<meta property=\"og:locale\" content=\"en_US\" \/>\n<meta property=\"og:type\" content=\"article\" \/>\n<meta property=\"og:title\" content=\"Clamp Norma Cobra W4 set 500\" \/>\n<meta property=\"og:description\" content=\"This workshop range is a clearly arranged collection of the most commonly used types of NORMACLAMP\u00ae COBRA hose clips in\" \/>\n<meta property=\"og:url\" content=\"https:\/\/obender.eu\/en\/toode\/normaclamp-cobra-w4-set-500\/\" \/>\n<meta property=\"og:site_name\" content=\"Obender\" \/>\n<meta property=\"article:modified_time\" content=\"2026-04-21T19:00:02+00:00\" \/>\n<meta property=\"og:image\" content=\"https:\/\/obender.eu\/wp-content\/uploads\/2022\/12\/norma-cobra.jpg\" \/>\n\t<meta property=\"og:image:width\" content=\"450\" \/>\n\t<meta property=\"og:image:height\" content=\"450\" \/>\n\t<meta property=\"og:image:type\" content=\"image\/jpeg\" \/>\n<meta name=\"twitter:card\" content=\"summary_large_image\" \/>\n<meta name=\"twitter:label1\" content=\"Est. reading time\" \/>\n\t<meta name=\"twitter:data1\" content=\"1 minute\" \/>\n<script type=\"application\/ld+json\" class=\"yoast-schema-graph\">{\"@context\":\"https:\\\/\\\/schema.org\",\"@graph\":[{\"@type\":\"WebPage\",\"@id\":\"https:\\\/\\\/obender.eu\\\/en\\\/toode\\\/normaclamp-cobra-w4-set-500\\\/\",\"url\":\"https:\\\/\\\/obender.eu\\\/en\\\/toode\\\/normaclamp-cobra-w4-set-500\\\/\",\"name\":\"Clamp Norma Cobra W4 set 500 - Obender\",\"isPartOf\":{\"@id\":\"https:\\\/\\\/www.obender.eu\\\/#website\"},\"primaryImageOfPage\":{\"@id\":\"https:\\\/\\\/obender.eu\\\/en\\\/toode\\\/normaclamp-cobra-w4-set-500\\\/#primaryimage\"},\"image\":{\"@id\":\"https:\\\/\\\/obender.eu\\\/en\\\/toode\\\/normaclamp-cobra-w4-set-500\\\/#primaryimage\"},\"thumbnailUrl\":\"https:\\\/\\\/obender.eu\\\/wp-content\\\/uploads\\\/2022\\\/12\\\/norma-cobra.jpg\",\"datePublished\":\"2022-12-18T15:38:15+00:00\",\"dateModified\":\"2026-04-21T19:00:02+00:00\",\"breadcrumb\":{\"@id\":\"https:\\\/\\\/obender.eu\\\/en\\\/toode\\\/normaclamp-cobra-w4-set-500\\\/#breadcrumb\"},\"inLanguage\":\"en-US\",\"potentialAction\":[{\"@type\":\"ReadAction\",\"target\":[\"https:\\\/\\\/obender.eu\\\/en\\\/toode\\\/normaclamp-cobra-w4-set-500\\\/\"]}]},{\"@type\":\"ImageObject\",\"inLanguage\":\"en-US\",\"@id\":\"https:\\\/\\\/obender.eu\\\/en\\\/toode\\\/normaclamp-cobra-w4-set-500\\\/#primaryimage\",\"url\":\"https:\\\/\\\/obender.eu\\\/wp-content\\\/uploads\\\/2022\\\/12\\\/norma-cobra.jpg\",\"contentUrl\":\"https:\\\/\\\/obender.eu\\\/wp-content\\\/uploads\\\/2022\\\/12\\\/norma-cobra.jpg\",\"width\":450,\"height\":450},{\"@type\":\"BreadcrumbList\",\"@id\":\"https:\\\/\\\/obender.eu\\\/en\\\/toode\\\/normaclamp-cobra-w4-set-500\\\/#breadcrumb\",\"itemListElement\":[{\"@type\":\"ListItem\",\"position\":1,\"name\":\"Home\",\"item\":\"https:\\\/\\\/obender.eu\\\/en\\\/\"},{\"@type\":\"ListItem\",\"position\":2,\"name\":\"Tooted\",\"item\":\"https:\\\/\\\/www.obender.eu\\\/tooted\\\/\"},{\"@type\":\"ListItem\",\"position\":3,\"name\":\"Clamp Norma Cobra W4 set 500\"}]},{\"@type\":\"WebSite\",\"@id\":\"https:\\\/\\\/www.obender.eu\\\/#website\",\"url\":\"https:\\\/\\\/www.obender.eu\\\/\",\"name\":\"Obender\",\"description\":\"T\u00f6\u00f6stuskaupade hulgim\u00fc\u00fck\",\"potentialAction\":[{\"@type\":\"SearchAction\",\"target\":{\"@type\":\"EntryPoint\",\"urlTemplate\":\"https:\\\/\\\/www.obender.eu\\\/?s={search_term_string}\"},\"query-input\":{\"@type\":\"PropertyValueSpecification\",\"valueRequired\":true,\"valueName\":\"search_term_string\"}}],\"inLanguage\":\"en-US\"}]}<\/script>\n<!-- \/ Yoast SEO Premium plugin. -->","yoast_head_json":{"title":"Clamp Norma Cobra W4 set 500 - Obender","robots":{"index":"index","follow":"follow","max-snippet":"max-snippet:-1","max-image-preview":"max-image-preview:large","max-video-preview":"max-video-preview:-1"},"canonical":"https:\/\/obender.eu\/en\/toode\/normaclamp-cobra-w4-set-500\/","og_locale":"en_US","og_type":"article","og_title":"Clamp Norma Cobra W4 set 500","og_description":"This workshop range is a clearly arranged collection of the most commonly used types of NORMACLAMP\u00ae COBRA hose clips in","og_url":"https:\/\/obender.eu\/en\/toode\/normaclamp-cobra-w4-set-500\/","og_site_name":"Obender","article_modified_time":"2026-04-21T19:00:02+00:00","og_image":[{"width":450,"height":450,"url":"https:\/\/obender.eu\/wp-content\/uploads\/2022\/12\/norma-cobra.jpg","type":"image\/jpeg"}],"twitter_card":"summary_large_image","twitter_misc":{"Est. reading time":"1 minute"},"schema":{"@context":"https:\/\/schema.org","@graph":[{"@type":"WebPage","@id":"https:\/\/obender.eu\/en\/toode\/normaclamp-cobra-w4-set-500\/","url":"https:\/\/obender.eu\/en\/toode\/normaclamp-cobra-w4-set-500\/","name":"Clamp Norma Cobra W4 set 500 - Obender","isPartOf":{"@id":"https:\/\/www.obender.eu\/#website"},"primaryImageOfPage":{"@id":"https:\/\/obender.eu\/en\/toode\/normaclamp-cobra-w4-set-500\/#primaryimage"},"image":{"@id":"https:\/\/obender.eu\/en\/toode\/normaclamp-cobra-w4-set-500\/#primaryimage"},"thumbnailUrl":"https:\/\/obender.eu\/wp-content\/uploads\/2022\/12\/norma-cobra.jpg","datePublished":"2022-12-18T15:38:15+00:00","dateModified":"2026-04-21T19:00:02+00:00","breadcrumb":{"@id":"https:\/\/obender.eu\/en\/toode\/normaclamp-cobra-w4-set-500\/#breadcrumb"},"inLanguage":"en-US","potentialAction":[{"@type":"ReadAction","target":["https:\/\/obender.eu\/en\/toode\/normaclamp-cobra-w4-set-500\/"]}]},{"@type":"ImageObject","inLanguage":"en-US","@id":"https:\/\/obender.eu\/en\/toode\/normaclamp-cobra-w4-set-500\/#primaryimage","url":"https:\/\/obender.eu\/wp-content\/uploads\/2022\/12\/norma-cobra.jpg","contentUrl":"https:\/\/obender.eu\/wp-content\/uploads\/2022\/12\/norma-cobra.jpg","width":450,"height":450},{"@type":"BreadcrumbList","@id":"https:\/\/obender.eu\/en\/toode\/normaclamp-cobra-w4-set-500\/#breadcrumb","itemListElement":[{"@type":"ListItem","position":1,"name":"Home","item":"https:\/\/obender.eu\/en\/"},{"@type":"ListItem","position":2,"name":"Tooted","item":"https:\/\/www.obender.eu\/tooted\/"},{"@type":"ListItem","position":3,"name":"Clamp Norma Cobra W4 set 500"}]},{"@type":"WebSite","@id":"https:\/\/www.obender.eu\/#website","url":"https:\/\/www.obender.eu\/","name":"Obender","description":"T\u00f6\u00f6stuskaupade hulgim\u00fc\u00fck","potentialAction":[{"@type":"SearchAction","target":{"@type":"EntryPoint","urlTemplate":"https:\/\/www.obender.eu\/?s={search_term_string}"},"query-input":{"@type":"PropertyValueSpecification","valueRequired":true,"valueName":"search_term_string"}}],"inLanguage":"en-US"}]}},"_links":{"self":[{"href":"https:\/\/obender.eu\/en\/wp-json\/wp\/v2\/product\/20855","targetHints":{"allow":["GET"]}}],"collection":[{"href":"https:\/\/obender.eu\/en\/wp-json\/wp\/v2\/product"}],"about":[{"href":"https:\/\/obender.eu\/en\/wp-json\/wp\/v2\/types\/product"}],"version-history":[{"count":2,"href":"https:\/\/obender.eu\/en\/wp-json\/wp\/v2\/product\/20855\/revisions"}],"predecessor-version":[{"id":27380,"href":"https:\/\/obender.eu\/en\/wp-json\/wp\/v2\/product\/20855\/revisions\/27380"}],"wp:featuredmedia":[{"embeddable":true,"href":"https:\/\/obender.eu\/en\/wp-json\/wp\/v2\/media\/20847"}],"wp:attachment":[{"href":"https:\/\/obender.eu\/en\/wp-json\/wp\/v2\/media?parent=20855"}],"wp:term":[{"taxonomy":"product_brand","embeddable":true,"href":"https:\/\/obender.eu\/en\/wp-json\/wp\/v2\/product_brand?post=20855"},{"taxonomy":"product_cat","embeddable":true,"href":"https:\/\/obender.eu\/en\/wp-json\/wp\/v2\/product_cat?post=20855"},{"taxonomy":"product_tag","embeddable":true,"href":"https:\/\/obender.eu\/en\/wp-json\/wp\/v2\/product_tag?post=20855"}],"curies":[{"name":"wp","href":"https:\/\/api.w.org\/{rel}","templated":true}]}}