{"id":21680,"date":"2023-03-28T15:10:13","date_gmt":"2023-03-28T12:10:13","guid":{"rendered":"https:\/\/obender.eu\/toode\/aratuskell-benson-60mm\/"},"modified":"2026-04-20T08:00:10","modified_gmt":"2026-04-20T05:00:10","slug":"aratuskell-benson-60mm","status":"publish","type":"product","link":"https:\/\/obender.eu\/en\/toode\/aratuskell-benson-60mm\/","title":{"rendered":"Alarm clock Benson 60mm"},"content":{"rendered":"<p>Benson alarm clock with larger numbers<\/p>\n<p>Size 60x60x30mm<\/p>\n<p>Plastic case<\/p>\n<p>Power supply 1xAA battery<\/p>\n<p>EAN: 8718026589516<\/p>\n","protected":false},"excerpt":{"rendered":"<p>Benson alarm clock with larger numbers Size 60x60x30mm Plastic case Power supply 1xAA battery EAN: 8718026589516<\/p>\n","protected":false},"featured_media":21678,"template":"","meta":[],"product_brand":[],"product_cat":[380,386],"product_tag":[526,527,505],"class_list":{"0":"post-21680","1":"product","2":"type-product","3":"status-publish","4":"has-post-thumbnail","6":"product_cat-home-and-office-equipment","7":"product_cat-table-clocks","8":"product_tag-alarm-clock-en","9":"product_tag-aratuskell-en","10":"product_tag-benson-en","12":"first","13":"instock","14":"taxable","15":"shipping-taxable","16":"purchasable","17":"product-type-simple"},"yoast_head":"<!-- This site is optimized with the Yoast SEO Premium plugin v20.0 (Yoast SEO v27.4) - https:\/\/yoast.com\/product\/yoast-seo-premium-wordpress\/ -->\n<title>Alarm clock Benson 60mm - Obender<\/title>\n<meta name=\"robots\" content=\"index, follow, max-snippet:-1, max-image-preview:large, max-video-preview:-1\" \/>\n<link rel=\"canonical\" href=\"https:\/\/obender.eu\/en\/toode\/aratuskell-benson-60mm\/\" \/>\n<meta property=\"og:locale\" content=\"en_US\" \/>\n<meta property=\"og:type\" content=\"article\" \/>\n<meta property=\"og:title\" content=\"Alarm clock Benson 60mm\" \/>\n<meta property=\"og:description\" content=\"Benson alarm clock with larger numbers Size 60x60x30mm Plastic case Power supply 1xAA battery EAN: 8718026589516\" \/>\n<meta property=\"og:url\" content=\"https:\/\/obender.eu\/en\/toode\/aratuskell-benson-60mm\/\" \/>\n<meta property=\"og:site_name\" content=\"Obender\" \/>\n<meta property=\"article:modified_time\" content=\"2026-04-20T05:00:10+00:00\" \/>\n<meta property=\"og:image\" content=\"https:\/\/obender.eu\/wp-content\/uploads\/2023\/03\/8718026589516-1-1.jpg\" \/>\n\t<meta property=\"og:image:width\" content=\"800\" \/>\n\t<meta property=\"og:image:height\" content=\"800\" \/>\n\t<meta property=\"og:image:type\" content=\"image\/jpeg\" \/>\n<meta name=\"twitter:card\" content=\"summary_large_image\" \/>\n<meta name=\"twitter:label1\" content=\"Est. reading time\" \/>\n\t<meta name=\"twitter:data1\" content=\"1 minute\" \/>\n<script type=\"application\/ld+json\" class=\"yoast-schema-graph\">{\"@context\":\"https:\\\/\\\/schema.org\",\"@graph\":[{\"@type\":\"WebPage\",\"@id\":\"https:\\\/\\\/obender.eu\\\/en\\\/toode\\\/aratuskell-benson-60mm\\\/\",\"url\":\"https:\\\/\\\/obender.eu\\\/en\\\/toode\\\/aratuskell-benson-60mm\\\/\",\"name\":\"Alarm clock Benson 60mm - Obender\",\"isPartOf\":{\"@id\":\"https:\\\/\\\/www.obender.eu\\\/#website\"},\"primaryImageOfPage\":{\"@id\":\"https:\\\/\\\/obender.eu\\\/en\\\/toode\\\/aratuskell-benson-60mm\\\/#primaryimage\"},\"image\":{\"@id\":\"https:\\\/\\\/obender.eu\\\/en\\\/toode\\\/aratuskell-benson-60mm\\\/#primaryimage\"},\"thumbnailUrl\":\"https:\\\/\\\/obender.eu\\\/wp-content\\\/uploads\\\/2023\\\/03\\\/8718026589516-1-1.jpg\",\"datePublished\":\"2023-03-28T12:10:13+00:00\",\"dateModified\":\"2026-04-20T05:00:10+00:00\",\"breadcrumb\":{\"@id\":\"https:\\\/\\\/obender.eu\\\/en\\\/toode\\\/aratuskell-benson-60mm\\\/#breadcrumb\"},\"inLanguage\":\"en-US\",\"potentialAction\":[{\"@type\":\"ReadAction\",\"target\":[\"https:\\\/\\\/obender.eu\\\/en\\\/toode\\\/aratuskell-benson-60mm\\\/\"]}]},{\"@type\":\"ImageObject\",\"inLanguage\":\"en-US\",\"@id\":\"https:\\\/\\\/obender.eu\\\/en\\\/toode\\\/aratuskell-benson-60mm\\\/#primaryimage\",\"url\":\"https:\\\/\\\/obender.eu\\\/wp-content\\\/uploads\\\/2023\\\/03\\\/8718026589516-1-1.jpg\",\"contentUrl\":\"https:\\\/\\\/obender.eu\\\/wp-content\\\/uploads\\\/2023\\\/03\\\/8718026589516-1-1.jpg\",\"width\":800,\"height\":800},{\"@type\":\"BreadcrumbList\",\"@id\":\"https:\\\/\\\/obender.eu\\\/en\\\/toode\\\/aratuskell-benson-60mm\\\/#breadcrumb\",\"itemListElement\":[{\"@type\":\"ListItem\",\"position\":1,\"name\":\"Home\",\"item\":\"https:\\\/\\\/obender.eu\\\/en\\\/\"},{\"@type\":\"ListItem\",\"position\":2,\"name\":\"Tooted\",\"item\":\"https:\\\/\\\/www.obender.eu\\\/tooted\\\/\"},{\"@type\":\"ListItem\",\"position\":3,\"name\":\"Alarm clock Benson 60mm\"}]},{\"@type\":\"WebSite\",\"@id\":\"https:\\\/\\\/www.obender.eu\\\/#website\",\"url\":\"https:\\\/\\\/www.obender.eu\\\/\",\"name\":\"Obender\",\"description\":\"T\u00f6\u00f6stuskaupade hulgim\u00fc\u00fck\",\"potentialAction\":[{\"@type\":\"SearchAction\",\"target\":{\"@type\":\"EntryPoint\",\"urlTemplate\":\"https:\\\/\\\/www.obender.eu\\\/?s={search_term_string}\"},\"query-input\":{\"@type\":\"PropertyValueSpecification\",\"valueRequired\":true,\"valueName\":\"search_term_string\"}}],\"inLanguage\":\"en-US\"}]}<\/script>\n<!-- \/ Yoast SEO Premium plugin. -->","yoast_head_json":{"title":"Alarm clock Benson 60mm - Obender","robots":{"index":"index","follow":"follow","max-snippet":"max-snippet:-1","max-image-preview":"max-image-preview:large","max-video-preview":"max-video-preview:-1"},"canonical":"https:\/\/obender.eu\/en\/toode\/aratuskell-benson-60mm\/","og_locale":"en_US","og_type":"article","og_title":"Alarm clock Benson 60mm","og_description":"Benson alarm clock with larger numbers Size 60x60x30mm Plastic case Power supply 1xAA battery EAN: 8718026589516","og_url":"https:\/\/obender.eu\/en\/toode\/aratuskell-benson-60mm\/","og_site_name":"Obender","article_modified_time":"2026-04-20T05:00:10+00:00","og_image":[{"width":800,"height":800,"url":"https:\/\/obender.eu\/wp-content\/uploads\/2023\/03\/8718026589516-1-1.jpg","type":"image\/jpeg"}],"twitter_card":"summary_large_image","twitter_misc":{"Est. reading time":"1 minute"},"schema":{"@context":"https:\/\/schema.org","@graph":[{"@type":"WebPage","@id":"https:\/\/obender.eu\/en\/toode\/aratuskell-benson-60mm\/","url":"https:\/\/obender.eu\/en\/toode\/aratuskell-benson-60mm\/","name":"Alarm clock Benson 60mm - Obender","isPartOf":{"@id":"https:\/\/www.obender.eu\/#website"},"primaryImageOfPage":{"@id":"https:\/\/obender.eu\/en\/toode\/aratuskell-benson-60mm\/#primaryimage"},"image":{"@id":"https:\/\/obender.eu\/en\/toode\/aratuskell-benson-60mm\/#primaryimage"},"thumbnailUrl":"https:\/\/obender.eu\/wp-content\/uploads\/2023\/03\/8718026589516-1-1.jpg","datePublished":"2023-03-28T12:10:13+00:00","dateModified":"2026-04-20T05:00:10+00:00","breadcrumb":{"@id":"https:\/\/obender.eu\/en\/toode\/aratuskell-benson-60mm\/#breadcrumb"},"inLanguage":"en-US","potentialAction":[{"@type":"ReadAction","target":["https:\/\/obender.eu\/en\/toode\/aratuskell-benson-60mm\/"]}]},{"@type":"ImageObject","inLanguage":"en-US","@id":"https:\/\/obender.eu\/en\/toode\/aratuskell-benson-60mm\/#primaryimage","url":"https:\/\/obender.eu\/wp-content\/uploads\/2023\/03\/8718026589516-1-1.jpg","contentUrl":"https:\/\/obender.eu\/wp-content\/uploads\/2023\/03\/8718026589516-1-1.jpg","width":800,"height":800},{"@type":"BreadcrumbList","@id":"https:\/\/obender.eu\/en\/toode\/aratuskell-benson-60mm\/#breadcrumb","itemListElement":[{"@type":"ListItem","position":1,"name":"Home","item":"https:\/\/obender.eu\/en\/"},{"@type":"ListItem","position":2,"name":"Tooted","item":"https:\/\/www.obender.eu\/tooted\/"},{"@type":"ListItem","position":3,"name":"Alarm clock Benson 60mm"}]},{"@type":"WebSite","@id":"https:\/\/www.obender.eu\/#website","url":"https:\/\/www.obender.eu\/","name":"Obender","description":"T\u00f6\u00f6stuskaupade hulgim\u00fc\u00fck","potentialAction":[{"@type":"SearchAction","target":{"@type":"EntryPoint","urlTemplate":"https:\/\/www.obender.eu\/?s={search_term_string}"},"query-input":{"@type":"PropertyValueSpecification","valueRequired":true,"valueName":"search_term_string"}}],"inLanguage":"en-US"}]}},"_links":{"self":[{"href":"https:\/\/obender.eu\/en\/wp-json\/wp\/v2\/product\/21680","targetHints":{"allow":["GET"]}}],"collection":[{"href":"https:\/\/obender.eu\/en\/wp-json\/wp\/v2\/product"}],"about":[{"href":"https:\/\/obender.eu\/en\/wp-json\/wp\/v2\/types\/product"}],"version-history":[{"count":2,"href":"https:\/\/obender.eu\/en\/wp-json\/wp\/v2\/product\/21680\/revisions"}],"predecessor-version":[{"id":22435,"href":"https:\/\/obender.eu\/en\/wp-json\/wp\/v2\/product\/21680\/revisions\/22435"}],"wp:featuredmedia":[{"embeddable":true,"href":"https:\/\/obender.eu\/en\/wp-json\/wp\/v2\/media\/21678"}],"wp:attachment":[{"href":"https:\/\/obender.eu\/en\/wp-json\/wp\/v2\/media?parent=21680"}],"wp:term":[{"taxonomy":"product_brand","embeddable":true,"href":"https:\/\/obender.eu\/en\/wp-json\/wp\/v2\/product_brand?post=21680"},{"taxonomy":"product_cat","embeddable":true,"href":"https:\/\/obender.eu\/en\/wp-json\/wp\/v2\/product_cat?post=21680"},{"taxonomy":"product_tag","embeddable":true,"href":"https:\/\/obender.eu\/en\/wp-json\/wp\/v2\/product_tag?post=21680"}],"curies":[{"name":"wp","href":"https:\/\/api.w.org\/{rel}","templated":true}]}}