{"id":21756,"date":"2023-03-29T17:12:10","date_gmt":"2023-03-29T14:12:10","guid":{"rendered":"https:\/\/obender.eu\/toode\/matkalamp-benson-cob-dimmer-3aa\/"},"modified":"2026-05-05T01:00:23","modified_gmt":"2026-05-04T22:00:23","slug":"matkalamp-benson-cob-dimmer-3aa","status":"publish","type":"product","link":"https:\/\/obender.eu\/en\/toode\/matkalamp-benson-cob-dimmer-3aa\/","title":{"rendered":"Camping lantern Benson COB dimmer. 3AA silver\/golden"},"content":{"rendered":"<p>Benson lantern for camping<\/p>\n<p>Light source: 3 x COB, dimmable<\/p>\n<p>Power source: 3 x AA batteries (not included)<\/p>\n<p>Size: 102x102x180mm<\/p>\n<p>Colors: golden or silver<\/p>\n<p>Material: ABS, PP,PS<\/p>\n<p>EAN: 8720195790570<\/p>\n","protected":false},"excerpt":{"rendered":"<p>Benson lantern for camping Light source: 3 x COB, dimmable Power source: 3 x AA batteries (not included) Size: 102x102x180mm<\/p>\n","protected":false},"featured_media":21754,"template":"","meta":[],"product_brand":[],"product_cat":[402,335],"product_tag":[559,560,561,562],"class_list":{"0":"post-21756","1":"product","2":"type-product","3":"status-publish","4":"has-post-thumbnail","6":"product_cat-camping-lights","7":"product_cat-sports-and-leisure","8":"product_tag-camping-en","9":"product_tag-lantern-en","10":"product_tag-matkalamp-en","11":"product_tag-telgilamp-en","13":"first","14":"instock","15":"taxable","16":"shipping-taxable","17":"purchasable","18":"product-type-simple"},"yoast_head":"<!-- This site is optimized with the Yoast SEO Premium plugin v20.0 (Yoast SEO v27.5) - https:\/\/yoast.com\/product\/yoast-seo-premium-wordpress\/ -->\n<title>Camping lantern Benson COB dimmer. 3AA silver\/golden - Obender<\/title>\n<meta name=\"robots\" content=\"index, follow, max-snippet:-1, max-image-preview:large, max-video-preview:-1\" \/>\n<link rel=\"canonical\" href=\"https:\/\/obender.eu\/en\/toode\/matkalamp-benson-cob-dimmer-3aa\/\" \/>\n<meta property=\"og:locale\" content=\"en_US\" \/>\n<meta property=\"og:type\" content=\"article\" \/>\n<meta property=\"og:title\" content=\"Camping lantern Benson COB dimmer. 3AA silver\/golden\" \/>\n<meta property=\"og:description\" content=\"Benson lantern for camping Light source: 3 x COB, dimmable Power source: 3 x AA batteries (not included) Size: 102x102x180mm\" \/>\n<meta property=\"og:url\" content=\"https:\/\/obender.eu\/en\/toode\/matkalamp-benson-cob-dimmer-3aa\/\" \/>\n<meta property=\"og:site_name\" content=\"Obender\" \/>\n<meta property=\"article:modified_time\" content=\"2026-05-04T22:00:23+00:00\" \/>\n<meta property=\"og:image\" content=\"https:\/\/obender.eu\/wp-content\/uploads\/2023\/03\/8720195790570-4.jpg\" \/>\n\t<meta property=\"og:image:width\" content=\"840\" \/>\n\t<meta property=\"og:image:height\" content=\"840\" \/>\n\t<meta property=\"og:image:type\" content=\"image\/jpeg\" \/>\n<meta name=\"twitter:card\" content=\"summary_large_image\" \/>\n<meta name=\"twitter:label1\" content=\"Est. reading time\" \/>\n\t<meta name=\"twitter:data1\" content=\"1 minute\" \/>\n<script type=\"application\/ld+json\" class=\"yoast-schema-graph\">{\"@context\":\"https:\\\/\\\/schema.org\",\"@graph\":[{\"@type\":\"WebPage\",\"@id\":\"https:\\\/\\\/obender.eu\\\/en\\\/toode\\\/matkalamp-benson-cob-dimmer-3aa\\\/\",\"url\":\"https:\\\/\\\/obender.eu\\\/en\\\/toode\\\/matkalamp-benson-cob-dimmer-3aa\\\/\",\"name\":\"Camping lantern Benson COB dimmer. 3AA silver\\\/golden - Obender\",\"isPartOf\":{\"@id\":\"https:\\\/\\\/www.obender.eu\\\/#website\"},\"primaryImageOfPage\":{\"@id\":\"https:\\\/\\\/obender.eu\\\/en\\\/toode\\\/matkalamp-benson-cob-dimmer-3aa\\\/#primaryimage\"},\"image\":{\"@id\":\"https:\\\/\\\/obender.eu\\\/en\\\/toode\\\/matkalamp-benson-cob-dimmer-3aa\\\/#primaryimage\"},\"thumbnailUrl\":\"https:\\\/\\\/obender.eu\\\/wp-content\\\/uploads\\\/2023\\\/03\\\/8720195790570-4.jpg\",\"datePublished\":\"2023-03-29T14:12:10+00:00\",\"dateModified\":\"2026-05-04T22:00:23+00:00\",\"breadcrumb\":{\"@id\":\"https:\\\/\\\/obender.eu\\\/en\\\/toode\\\/matkalamp-benson-cob-dimmer-3aa\\\/#breadcrumb\"},\"inLanguage\":\"en-US\",\"potentialAction\":[{\"@type\":\"ReadAction\",\"target\":[\"https:\\\/\\\/obender.eu\\\/en\\\/toode\\\/matkalamp-benson-cob-dimmer-3aa\\\/\"]}]},{\"@type\":\"ImageObject\",\"inLanguage\":\"en-US\",\"@id\":\"https:\\\/\\\/obender.eu\\\/en\\\/toode\\\/matkalamp-benson-cob-dimmer-3aa\\\/#primaryimage\",\"url\":\"https:\\\/\\\/obender.eu\\\/wp-content\\\/uploads\\\/2023\\\/03\\\/8720195790570-4.jpg\",\"contentUrl\":\"https:\\\/\\\/obender.eu\\\/wp-content\\\/uploads\\\/2023\\\/03\\\/8720195790570-4.jpg\",\"width\":840,\"height\":840},{\"@type\":\"BreadcrumbList\",\"@id\":\"https:\\\/\\\/obender.eu\\\/en\\\/toode\\\/matkalamp-benson-cob-dimmer-3aa\\\/#breadcrumb\",\"itemListElement\":[{\"@type\":\"ListItem\",\"position\":1,\"name\":\"Home\",\"item\":\"https:\\\/\\\/obender.eu\\\/en\\\/\"},{\"@type\":\"ListItem\",\"position\":2,\"name\":\"Tooted\",\"item\":\"https:\\\/\\\/www.obender.eu\\\/tooted\\\/\"},{\"@type\":\"ListItem\",\"position\":3,\"name\":\"Camping lantern Benson COB dimmer. 3AA silver\\\/golden\"}]},{\"@type\":\"WebSite\",\"@id\":\"https:\\\/\\\/www.obender.eu\\\/#website\",\"url\":\"https:\\\/\\\/www.obender.eu\\\/\",\"name\":\"Obender\",\"description\":\"T\u00f6\u00f6stuskaupade hulgim\u00fc\u00fck\",\"potentialAction\":[{\"@type\":\"SearchAction\",\"target\":{\"@type\":\"EntryPoint\",\"urlTemplate\":\"https:\\\/\\\/www.obender.eu\\\/?s={search_term_string}\"},\"query-input\":{\"@type\":\"PropertyValueSpecification\",\"valueRequired\":true,\"valueName\":\"search_term_string\"}}],\"inLanguage\":\"en-US\"}]}<\/script>\n<!-- \/ Yoast SEO Premium plugin. -->","yoast_head_json":{"title":"Camping lantern Benson COB dimmer. 3AA silver\/golden - Obender","robots":{"index":"index","follow":"follow","max-snippet":"max-snippet:-1","max-image-preview":"max-image-preview:large","max-video-preview":"max-video-preview:-1"},"canonical":"https:\/\/obender.eu\/en\/toode\/matkalamp-benson-cob-dimmer-3aa\/","og_locale":"en_US","og_type":"article","og_title":"Camping lantern Benson COB dimmer. 3AA silver\/golden","og_description":"Benson lantern for camping Light source: 3 x COB, dimmable Power source: 3 x AA batteries (not included) Size: 102x102x180mm","og_url":"https:\/\/obender.eu\/en\/toode\/matkalamp-benson-cob-dimmer-3aa\/","og_site_name":"Obender","article_modified_time":"2026-05-04T22:00:23+00:00","og_image":[{"width":840,"height":840,"url":"https:\/\/obender.eu\/wp-content\/uploads\/2023\/03\/8720195790570-4.jpg","type":"image\/jpeg"}],"twitter_card":"summary_large_image","twitter_misc":{"Est. reading time":"1 minute"},"schema":{"@context":"https:\/\/schema.org","@graph":[{"@type":"WebPage","@id":"https:\/\/obender.eu\/en\/toode\/matkalamp-benson-cob-dimmer-3aa\/","url":"https:\/\/obender.eu\/en\/toode\/matkalamp-benson-cob-dimmer-3aa\/","name":"Camping lantern Benson COB dimmer. 3AA silver\/golden - Obender","isPartOf":{"@id":"https:\/\/www.obender.eu\/#website"},"primaryImageOfPage":{"@id":"https:\/\/obender.eu\/en\/toode\/matkalamp-benson-cob-dimmer-3aa\/#primaryimage"},"image":{"@id":"https:\/\/obender.eu\/en\/toode\/matkalamp-benson-cob-dimmer-3aa\/#primaryimage"},"thumbnailUrl":"https:\/\/obender.eu\/wp-content\/uploads\/2023\/03\/8720195790570-4.jpg","datePublished":"2023-03-29T14:12:10+00:00","dateModified":"2026-05-04T22:00:23+00:00","breadcrumb":{"@id":"https:\/\/obender.eu\/en\/toode\/matkalamp-benson-cob-dimmer-3aa\/#breadcrumb"},"inLanguage":"en-US","potentialAction":[{"@type":"ReadAction","target":["https:\/\/obender.eu\/en\/toode\/matkalamp-benson-cob-dimmer-3aa\/"]}]},{"@type":"ImageObject","inLanguage":"en-US","@id":"https:\/\/obender.eu\/en\/toode\/matkalamp-benson-cob-dimmer-3aa\/#primaryimage","url":"https:\/\/obender.eu\/wp-content\/uploads\/2023\/03\/8720195790570-4.jpg","contentUrl":"https:\/\/obender.eu\/wp-content\/uploads\/2023\/03\/8720195790570-4.jpg","width":840,"height":840},{"@type":"BreadcrumbList","@id":"https:\/\/obender.eu\/en\/toode\/matkalamp-benson-cob-dimmer-3aa\/#breadcrumb","itemListElement":[{"@type":"ListItem","position":1,"name":"Home","item":"https:\/\/obender.eu\/en\/"},{"@type":"ListItem","position":2,"name":"Tooted","item":"https:\/\/www.obender.eu\/tooted\/"},{"@type":"ListItem","position":3,"name":"Camping lantern Benson COB dimmer. 3AA silver\/golden"}]},{"@type":"WebSite","@id":"https:\/\/www.obender.eu\/#website","url":"https:\/\/www.obender.eu\/","name":"Obender","description":"T\u00f6\u00f6stuskaupade hulgim\u00fc\u00fck","potentialAction":[{"@type":"SearchAction","target":{"@type":"EntryPoint","urlTemplate":"https:\/\/www.obender.eu\/?s={search_term_string}"},"query-input":{"@type":"PropertyValueSpecification","valueRequired":true,"valueName":"search_term_string"}}],"inLanguage":"en-US"}]}},"_links":{"self":[{"href":"https:\/\/obender.eu\/en\/wp-json\/wp\/v2\/product\/21756","targetHints":{"allow":["GET"]}}],"collection":[{"href":"https:\/\/obender.eu\/en\/wp-json\/wp\/v2\/product"}],"about":[{"href":"https:\/\/obender.eu\/en\/wp-json\/wp\/v2\/types\/product"}],"version-history":[{"count":3,"href":"https:\/\/obender.eu\/en\/wp-json\/wp\/v2\/product\/21756\/revisions"}],"predecessor-version":[{"id":22409,"href":"https:\/\/obender.eu\/en\/wp-json\/wp\/v2\/product\/21756\/revisions\/22409"}],"wp:featuredmedia":[{"embeddable":true,"href":"https:\/\/obender.eu\/en\/wp-json\/wp\/v2\/media\/21754"}],"wp:attachment":[{"href":"https:\/\/obender.eu\/en\/wp-json\/wp\/v2\/media?parent=21756"}],"wp:term":[{"taxonomy":"product_brand","embeddable":true,"href":"https:\/\/obender.eu\/en\/wp-json\/wp\/v2\/product_brand?post=21756"},{"taxonomy":"product_cat","embeddable":true,"href":"https:\/\/obender.eu\/en\/wp-json\/wp\/v2\/product_cat?post=21756"},{"taxonomy":"product_tag","embeddable":true,"href":"https:\/\/obender.eu\/en\/wp-json\/wp\/v2\/product_tag?post=21756"}],"curies":[{"name":"wp","href":"https:\/\/api.w.org\/{rel}","templated":true}]}}