{"id":21778,"date":"2023-03-29T18:13:15","date_gmt":"2023-03-29T15:13:15","guid":{"rendered":"https:\/\/obender.eu\/?post_type=product&#038;p=21778"},"modified":"2026-04-21T14:00:08","modified_gmt":"2026-04-21T11:00:08","slug":"termomeeter-benson-44cm-valge-umar","status":"publish","type":"product","link":"https:\/\/obender.eu\/en\/toode\/termomeeter-benson-44cm-valge-umar\/","title":{"rendered":"Thermometer Benson 4,4cm white round shape"},"content":{"rendered":"<p>Benson thermometer mechanical<\/p>\n<p>EAN: 8720195794448<\/p>\n<p>Size 44 x 44 x 10mm<\/p>\n<p>Hangable<\/p>\n<p>Also suitable for refrigerators and freezers<\/p>\n","protected":false},"excerpt":{"rendered":"<p>Benson thermometer mechanical EAN: 8720195794448 Size 44 x 44 x 10mm Hangable Also suitable for refrigerators and freezers<\/p>\n","protected":false},"featured_media":21405,"template":"","meta":[],"product_brand":[],"product_cat":[380,382],"product_tag":[505,506,538],"class_list":{"0":"post-21778","1":"product","2":"type-product","3":"status-publish","4":"has-post-thumbnail","6":"product_cat-home-and-office-equipment","7":"product_cat-weather-stations","8":"product_tag-benson-en","9":"product_tag-termomeeter-en","10":"product_tag-thermometer-en","12":"first","13":"instock","14":"taxable","15":"shipping-taxable","16":"purchasable","17":"product-type-simple"},"yoast_head":"<!-- This site is optimized with the Yoast SEO Premium plugin v20.0 (Yoast SEO v27.4) - https:\/\/yoast.com\/product\/yoast-seo-premium-wordpress\/ -->\n<title>Thermometer Benson 4,4cm white round shape - Obender<\/title>\n<meta name=\"robots\" content=\"index, follow, max-snippet:-1, max-image-preview:large, max-video-preview:-1\" \/>\n<link rel=\"canonical\" href=\"https:\/\/obender.eu\/en\/toode\/termomeeter-benson-44cm-valge-umar\/\" \/>\n<meta property=\"og:locale\" content=\"en_US\" \/>\n<meta property=\"og:type\" content=\"article\" \/>\n<meta property=\"og:title\" content=\"Thermometer Benson 4,4cm white round shape\" \/>\n<meta property=\"og:description\" content=\"Benson thermometer mechanical EAN: 8720195794448 Size 44 x 44 x 10mm Hangable Also suitable for refrigerators and freezers\" \/>\n<meta property=\"og:url\" content=\"https:\/\/obender.eu\/en\/toode\/termomeeter-benson-44cm-valge-umar\/\" \/>\n<meta property=\"og:site_name\" content=\"Obender\" \/>\n<meta property=\"article:modified_time\" content=\"2026-04-21T11:00:08+00:00\" \/>\n<meta property=\"og:image\" content=\"https:\/\/obender.eu\/wp-content\/uploads\/2023\/03\/8720195794448-1.jpg\" \/>\n\t<meta property=\"og:image:width\" content=\"1000\" \/>\n\t<meta property=\"og:image:height\" content=\"1000\" \/>\n\t<meta property=\"og:image:type\" content=\"image\/jpeg\" \/>\n<meta name=\"twitter:card\" content=\"summary_large_image\" \/>\n<meta name=\"twitter:label1\" content=\"Est. reading time\" \/>\n\t<meta name=\"twitter:data1\" content=\"1 minute\" \/>\n<script type=\"application\/ld+json\" class=\"yoast-schema-graph\">{\"@context\":\"https:\\\/\\\/schema.org\",\"@graph\":[{\"@type\":\"WebPage\",\"@id\":\"https:\\\/\\\/obender.eu\\\/en\\\/toode\\\/termomeeter-benson-44cm-valge-umar\\\/\",\"url\":\"https:\\\/\\\/obender.eu\\\/en\\\/toode\\\/termomeeter-benson-44cm-valge-umar\\\/\",\"name\":\"Thermometer Benson 4,4cm white round shape - Obender\",\"isPartOf\":{\"@id\":\"https:\\\/\\\/www.obender.eu\\\/#website\"},\"primaryImageOfPage\":{\"@id\":\"https:\\\/\\\/obender.eu\\\/en\\\/toode\\\/termomeeter-benson-44cm-valge-umar\\\/#primaryimage\"},\"image\":{\"@id\":\"https:\\\/\\\/obender.eu\\\/en\\\/toode\\\/termomeeter-benson-44cm-valge-umar\\\/#primaryimage\"},\"thumbnailUrl\":\"https:\\\/\\\/www.obender.eu\\\/wp-content\\\/uploads\\\/2023\\\/03\\\/8720195794448-1.jpg\",\"datePublished\":\"2023-03-29T15:13:15+00:00\",\"dateModified\":\"2026-04-21T11:00:08+00:00\",\"breadcrumb\":{\"@id\":\"https:\\\/\\\/obender.eu\\\/en\\\/toode\\\/termomeeter-benson-44cm-valge-umar\\\/#breadcrumb\"},\"inLanguage\":\"en-US\",\"potentialAction\":[{\"@type\":\"ReadAction\",\"target\":[\"https:\\\/\\\/obender.eu\\\/en\\\/toode\\\/termomeeter-benson-44cm-valge-umar\\\/\"]}]},{\"@type\":\"ImageObject\",\"inLanguage\":\"en-US\",\"@id\":\"https:\\\/\\\/obender.eu\\\/en\\\/toode\\\/termomeeter-benson-44cm-valge-umar\\\/#primaryimage\",\"url\":\"https:\\\/\\\/www.obender.eu\\\/wp-content\\\/uploads\\\/2023\\\/03\\\/8720195794448-1.jpg\",\"contentUrl\":\"https:\\\/\\\/www.obender.eu\\\/wp-content\\\/uploads\\\/2023\\\/03\\\/8720195794448-1.jpg\",\"width\":1000,\"height\":1000},{\"@type\":\"BreadcrumbList\",\"@id\":\"https:\\\/\\\/obender.eu\\\/en\\\/toode\\\/termomeeter-benson-44cm-valge-umar\\\/#breadcrumb\",\"itemListElement\":[{\"@type\":\"ListItem\",\"position\":1,\"name\":\"Home\",\"item\":\"https:\\\/\\\/obender.eu\\\/en\\\/\"},{\"@type\":\"ListItem\",\"position\":2,\"name\":\"Tooted\",\"item\":\"https:\\\/\\\/www.obender.eu\\\/tooted\\\/\"},{\"@type\":\"ListItem\",\"position\":3,\"name\":\"Thermometer Benson 4,4cm white round shape\"}]},{\"@type\":\"WebSite\",\"@id\":\"https:\\\/\\\/www.obender.eu\\\/#website\",\"url\":\"https:\\\/\\\/www.obender.eu\\\/\",\"name\":\"Obender\",\"description\":\"T\u00f6\u00f6stuskaupade hulgim\u00fc\u00fck\",\"potentialAction\":[{\"@type\":\"SearchAction\",\"target\":{\"@type\":\"EntryPoint\",\"urlTemplate\":\"https:\\\/\\\/www.obender.eu\\\/?s={search_term_string}\"},\"query-input\":{\"@type\":\"PropertyValueSpecification\",\"valueRequired\":true,\"valueName\":\"search_term_string\"}}],\"inLanguage\":\"en-US\"}]}<\/script>\n<!-- \/ Yoast SEO Premium plugin. -->","yoast_head_json":{"title":"Thermometer Benson 4,4cm white round shape - Obender","robots":{"index":"index","follow":"follow","max-snippet":"max-snippet:-1","max-image-preview":"max-image-preview:large","max-video-preview":"max-video-preview:-1"},"canonical":"https:\/\/obender.eu\/en\/toode\/termomeeter-benson-44cm-valge-umar\/","og_locale":"en_US","og_type":"article","og_title":"Thermometer Benson 4,4cm white round shape","og_description":"Benson thermometer mechanical EAN: 8720195794448 Size 44 x 44 x 10mm Hangable Also suitable for refrigerators and freezers","og_url":"https:\/\/obender.eu\/en\/toode\/termomeeter-benson-44cm-valge-umar\/","og_site_name":"Obender","article_modified_time":"2026-04-21T11:00:08+00:00","og_image":[{"width":1000,"height":1000,"url":"https:\/\/obender.eu\/wp-content\/uploads\/2023\/03\/8720195794448-1.jpg","type":"image\/jpeg"}],"twitter_card":"summary_large_image","twitter_misc":{"Est. reading time":"1 minute"},"schema":{"@context":"https:\/\/schema.org","@graph":[{"@type":"WebPage","@id":"https:\/\/obender.eu\/en\/toode\/termomeeter-benson-44cm-valge-umar\/","url":"https:\/\/obender.eu\/en\/toode\/termomeeter-benson-44cm-valge-umar\/","name":"Thermometer Benson 4,4cm white round shape - Obender","isPartOf":{"@id":"https:\/\/www.obender.eu\/#website"},"primaryImageOfPage":{"@id":"https:\/\/obender.eu\/en\/toode\/termomeeter-benson-44cm-valge-umar\/#primaryimage"},"image":{"@id":"https:\/\/obender.eu\/en\/toode\/termomeeter-benson-44cm-valge-umar\/#primaryimage"},"thumbnailUrl":"https:\/\/www.obender.eu\/wp-content\/uploads\/2023\/03\/8720195794448-1.jpg","datePublished":"2023-03-29T15:13:15+00:00","dateModified":"2026-04-21T11:00:08+00:00","breadcrumb":{"@id":"https:\/\/obender.eu\/en\/toode\/termomeeter-benson-44cm-valge-umar\/#breadcrumb"},"inLanguage":"en-US","potentialAction":[{"@type":"ReadAction","target":["https:\/\/obender.eu\/en\/toode\/termomeeter-benson-44cm-valge-umar\/"]}]},{"@type":"ImageObject","inLanguage":"en-US","@id":"https:\/\/obender.eu\/en\/toode\/termomeeter-benson-44cm-valge-umar\/#primaryimage","url":"https:\/\/www.obender.eu\/wp-content\/uploads\/2023\/03\/8720195794448-1.jpg","contentUrl":"https:\/\/www.obender.eu\/wp-content\/uploads\/2023\/03\/8720195794448-1.jpg","width":1000,"height":1000},{"@type":"BreadcrumbList","@id":"https:\/\/obender.eu\/en\/toode\/termomeeter-benson-44cm-valge-umar\/#breadcrumb","itemListElement":[{"@type":"ListItem","position":1,"name":"Home","item":"https:\/\/obender.eu\/en\/"},{"@type":"ListItem","position":2,"name":"Tooted","item":"https:\/\/www.obender.eu\/tooted\/"},{"@type":"ListItem","position":3,"name":"Thermometer Benson 4,4cm white round shape"}]},{"@type":"WebSite","@id":"https:\/\/www.obender.eu\/#website","url":"https:\/\/www.obender.eu\/","name":"Obender","description":"T\u00f6\u00f6stuskaupade hulgim\u00fc\u00fck","potentialAction":[{"@type":"SearchAction","target":{"@type":"EntryPoint","urlTemplate":"https:\/\/www.obender.eu\/?s={search_term_string}"},"query-input":{"@type":"PropertyValueSpecification","valueRequired":true,"valueName":"search_term_string"}}],"inLanguage":"en-US"}]}},"_links":{"self":[{"href":"https:\/\/obender.eu\/en\/wp-json\/wp\/v2\/product\/21778","targetHints":{"allow":["GET"]}}],"collection":[{"href":"https:\/\/obender.eu\/en\/wp-json\/wp\/v2\/product"}],"about":[{"href":"https:\/\/obender.eu\/en\/wp-json\/wp\/v2\/types\/product"}],"version-history":[{"count":2,"href":"https:\/\/obender.eu\/en\/wp-json\/wp\/v2\/product\/21778\/revisions"}],"predecessor-version":[{"id":22399,"href":"https:\/\/obender.eu\/en\/wp-json\/wp\/v2\/product\/21778\/revisions\/22399"}],"wp:featuredmedia":[{"embeddable":true,"href":"https:\/\/obender.eu\/en\/wp-json\/wp\/v2\/media\/21405"}],"wp:attachment":[{"href":"https:\/\/obender.eu\/en\/wp-json\/wp\/v2\/media?parent=21778"}],"wp:term":[{"taxonomy":"product_brand","embeddable":true,"href":"https:\/\/obender.eu\/en\/wp-json\/wp\/v2\/product_brand?post=21778"},{"taxonomy":"product_cat","embeddable":true,"href":"https:\/\/obender.eu\/en\/wp-json\/wp\/v2\/product_cat?post=21778"},{"taxonomy":"product_tag","embeddable":true,"href":"https:\/\/obender.eu\/en\/wp-json\/wp\/v2\/product_tag?post=21778"}],"curies":[{"name":"wp","href":"https:\/\/api.w.org\/{rel}","templated":true}]}}