{"id":21809,"date":"2023-03-30T13:07:20","date_gmt":"2023-03-30T10:07:20","guid":{"rendered":"https:\/\/obender.eu\/?post_type=product&#038;p=21809"},"modified":"2026-04-21T13:00:21","modified_gmt":"2026-04-21T10:00:21","slug":"tester-kruvikeeraja-komplekt-hofftech","status":"publish","type":"product","link":"https:\/\/obender.eu\/en\/toode\/tester-kruvikeeraja-komplekt-hofftech\/","title":{"rendered":"Voltage tester screwdriver set H\u00f6fftech"},"content":{"rendered":"<p><strong>H\u00f6fftech voltage tester screwdriver set 3pcs<\/strong><\/p>\n<p>10cm, 14cm and 19cm<\/p>\n<p>6-12-24V, 120-220V<\/p>\n<p>EAN: 8719274346449<\/p>\n<p>&nbsp;<\/p>\n","protected":false},"excerpt":{"rendered":"<p>H\u00f6fftech voltage tester screwdriver set 3pcs 10cm, 14cm and 19cm 6-12-24V, 120-220V EAN: 8719274346449 &nbsp;<\/p>\n","protected":false},"featured_media":21806,"template":"","meta":[],"product_brand":[],"product_cat":[373,380,293,335],"product_tag":[588,589,590],"class_list":{"0":"post-21809","1":"product","2":"type-product","3":"status-publish","4":"has-post-thumbnail","6":"product_cat-tooriistad-ja-ehitus","7":"product_cat-home-and-office-equipment","8":"product_cat-power-extension","9":"product_cat-sports-and-leisure","10":"product_tag-kruvikeeraja-en","11":"product_tag-tester-en","12":"product_tag-voltage-en","14":"first","15":"instock","16":"taxable","17":"shipping-taxable","18":"purchasable","19":"product-type-simple"},"yoast_head":"<!-- This site is optimized with the Yoast SEO Premium plugin v20.0 (Yoast SEO v27.4) - https:\/\/yoast.com\/product\/yoast-seo-premium-wordpress\/ -->\n<title>Voltage tester screwdriver set H\u00f6fftech - Obender<\/title>\n<meta name=\"robots\" content=\"index, follow, max-snippet:-1, max-image-preview:large, max-video-preview:-1\" \/>\n<link rel=\"canonical\" href=\"https:\/\/obender.eu\/en\/toode\/tester-kruvikeeraja-komplekt-hofftech\/\" \/>\n<meta property=\"og:locale\" content=\"en_US\" \/>\n<meta property=\"og:type\" content=\"article\" \/>\n<meta property=\"og:title\" content=\"Voltage tester screwdriver set H\u00f6fftech\" \/>\n<meta property=\"og:description\" content=\"H\u00f6fftech voltage tester screwdriver set 3pcs 10cm, 14cm and 19cm 6-12-24V, 120-220V EAN: 8719274346449 &nbsp;\" \/>\n<meta property=\"og:url\" content=\"https:\/\/obender.eu\/en\/toode\/tester-kruvikeeraja-komplekt-hofftech\/\" \/>\n<meta property=\"og:site_name\" content=\"Obender\" \/>\n<meta property=\"article:modified_time\" content=\"2026-04-21T10:00:21+00:00\" \/>\n<meta property=\"og:image\" content=\"https:\/\/obender.eu\/wp-content\/uploads\/2023\/03\/8719274346449.jpg\" \/>\n\t<meta property=\"og:image:width\" content=\"1000\" \/>\n\t<meta property=\"og:image:height\" content=\"1000\" \/>\n\t<meta property=\"og:image:type\" content=\"image\/jpeg\" \/>\n<meta name=\"twitter:card\" content=\"summary_large_image\" \/>\n<meta name=\"twitter:label1\" content=\"Est. reading time\" \/>\n\t<meta name=\"twitter:data1\" content=\"1 minute\" \/>\n<script type=\"application\/ld+json\" class=\"yoast-schema-graph\">{\"@context\":\"https:\\\/\\\/schema.org\",\"@graph\":[{\"@type\":\"WebPage\",\"@id\":\"https:\\\/\\\/obender.eu\\\/en\\\/toode\\\/tester-kruvikeeraja-komplekt-hofftech\\\/\",\"url\":\"https:\\\/\\\/obender.eu\\\/en\\\/toode\\\/tester-kruvikeeraja-komplekt-hofftech\\\/\",\"name\":\"Voltage tester screwdriver set H\u00f6fftech - Obender\",\"isPartOf\":{\"@id\":\"https:\\\/\\\/www.obender.eu\\\/#website\"},\"primaryImageOfPage\":{\"@id\":\"https:\\\/\\\/obender.eu\\\/en\\\/toode\\\/tester-kruvikeeraja-komplekt-hofftech\\\/#primaryimage\"},\"image\":{\"@id\":\"https:\\\/\\\/obender.eu\\\/en\\\/toode\\\/tester-kruvikeeraja-komplekt-hofftech\\\/#primaryimage\"},\"thumbnailUrl\":\"https:\\\/\\\/obender.eu\\\/wp-content\\\/uploads\\\/2023\\\/03\\\/8719274346449.jpg\",\"datePublished\":\"2023-03-30T10:07:20+00:00\",\"dateModified\":\"2026-04-21T10:00:21+00:00\",\"breadcrumb\":{\"@id\":\"https:\\\/\\\/obender.eu\\\/en\\\/toode\\\/tester-kruvikeeraja-komplekt-hofftech\\\/#breadcrumb\"},\"inLanguage\":\"en-US\",\"potentialAction\":[{\"@type\":\"ReadAction\",\"target\":[\"https:\\\/\\\/obender.eu\\\/en\\\/toode\\\/tester-kruvikeeraja-komplekt-hofftech\\\/\"]}]},{\"@type\":\"ImageObject\",\"inLanguage\":\"en-US\",\"@id\":\"https:\\\/\\\/obender.eu\\\/en\\\/toode\\\/tester-kruvikeeraja-komplekt-hofftech\\\/#primaryimage\",\"url\":\"https:\\\/\\\/obender.eu\\\/wp-content\\\/uploads\\\/2023\\\/03\\\/8719274346449.jpg\",\"contentUrl\":\"https:\\\/\\\/obender.eu\\\/wp-content\\\/uploads\\\/2023\\\/03\\\/8719274346449.jpg\",\"width\":1000,\"height\":1000},{\"@type\":\"BreadcrumbList\",\"@id\":\"https:\\\/\\\/obender.eu\\\/en\\\/toode\\\/tester-kruvikeeraja-komplekt-hofftech\\\/#breadcrumb\",\"itemListElement\":[{\"@type\":\"ListItem\",\"position\":1,\"name\":\"Home\",\"item\":\"https:\\\/\\\/obender.eu\\\/en\\\/\"},{\"@type\":\"ListItem\",\"position\":2,\"name\":\"Tooted\",\"item\":\"https:\\\/\\\/www.obender.eu\\\/tooted\\\/\"},{\"@type\":\"ListItem\",\"position\":3,\"name\":\"Voltage tester screwdriver set H\u00f6fftech\"}]},{\"@type\":\"WebSite\",\"@id\":\"https:\\\/\\\/www.obender.eu\\\/#website\",\"url\":\"https:\\\/\\\/www.obender.eu\\\/\",\"name\":\"Obender\",\"description\":\"T\u00f6\u00f6stuskaupade hulgim\u00fc\u00fck\",\"potentialAction\":[{\"@type\":\"SearchAction\",\"target\":{\"@type\":\"EntryPoint\",\"urlTemplate\":\"https:\\\/\\\/www.obender.eu\\\/?s={search_term_string}\"},\"query-input\":{\"@type\":\"PropertyValueSpecification\",\"valueRequired\":true,\"valueName\":\"search_term_string\"}}],\"inLanguage\":\"en-US\"}]}<\/script>\n<!-- \/ Yoast SEO Premium plugin. -->","yoast_head_json":{"title":"Voltage tester screwdriver set H\u00f6fftech - Obender","robots":{"index":"index","follow":"follow","max-snippet":"max-snippet:-1","max-image-preview":"max-image-preview:large","max-video-preview":"max-video-preview:-1"},"canonical":"https:\/\/obender.eu\/en\/toode\/tester-kruvikeeraja-komplekt-hofftech\/","og_locale":"en_US","og_type":"article","og_title":"Voltage tester screwdriver set H\u00f6fftech","og_description":"H\u00f6fftech voltage tester screwdriver set 3pcs 10cm, 14cm and 19cm 6-12-24V, 120-220V EAN: 8719274346449 &nbsp;","og_url":"https:\/\/obender.eu\/en\/toode\/tester-kruvikeeraja-komplekt-hofftech\/","og_site_name":"Obender","article_modified_time":"2026-04-21T10:00:21+00:00","og_image":[{"width":1000,"height":1000,"url":"https:\/\/obender.eu\/wp-content\/uploads\/2023\/03\/8719274346449.jpg","type":"image\/jpeg"}],"twitter_card":"summary_large_image","twitter_misc":{"Est. reading time":"1 minute"},"schema":{"@context":"https:\/\/schema.org","@graph":[{"@type":"WebPage","@id":"https:\/\/obender.eu\/en\/toode\/tester-kruvikeeraja-komplekt-hofftech\/","url":"https:\/\/obender.eu\/en\/toode\/tester-kruvikeeraja-komplekt-hofftech\/","name":"Voltage tester screwdriver set H\u00f6fftech - Obender","isPartOf":{"@id":"https:\/\/www.obender.eu\/#website"},"primaryImageOfPage":{"@id":"https:\/\/obender.eu\/en\/toode\/tester-kruvikeeraja-komplekt-hofftech\/#primaryimage"},"image":{"@id":"https:\/\/obender.eu\/en\/toode\/tester-kruvikeeraja-komplekt-hofftech\/#primaryimage"},"thumbnailUrl":"https:\/\/obender.eu\/wp-content\/uploads\/2023\/03\/8719274346449.jpg","datePublished":"2023-03-30T10:07:20+00:00","dateModified":"2026-04-21T10:00:21+00:00","breadcrumb":{"@id":"https:\/\/obender.eu\/en\/toode\/tester-kruvikeeraja-komplekt-hofftech\/#breadcrumb"},"inLanguage":"en-US","potentialAction":[{"@type":"ReadAction","target":["https:\/\/obender.eu\/en\/toode\/tester-kruvikeeraja-komplekt-hofftech\/"]}]},{"@type":"ImageObject","inLanguage":"en-US","@id":"https:\/\/obender.eu\/en\/toode\/tester-kruvikeeraja-komplekt-hofftech\/#primaryimage","url":"https:\/\/obender.eu\/wp-content\/uploads\/2023\/03\/8719274346449.jpg","contentUrl":"https:\/\/obender.eu\/wp-content\/uploads\/2023\/03\/8719274346449.jpg","width":1000,"height":1000},{"@type":"BreadcrumbList","@id":"https:\/\/obender.eu\/en\/toode\/tester-kruvikeeraja-komplekt-hofftech\/#breadcrumb","itemListElement":[{"@type":"ListItem","position":1,"name":"Home","item":"https:\/\/obender.eu\/en\/"},{"@type":"ListItem","position":2,"name":"Tooted","item":"https:\/\/www.obender.eu\/tooted\/"},{"@type":"ListItem","position":3,"name":"Voltage tester screwdriver set H\u00f6fftech"}]},{"@type":"WebSite","@id":"https:\/\/www.obender.eu\/#website","url":"https:\/\/www.obender.eu\/","name":"Obender","description":"T\u00f6\u00f6stuskaupade hulgim\u00fc\u00fck","potentialAction":[{"@type":"SearchAction","target":{"@type":"EntryPoint","urlTemplate":"https:\/\/www.obender.eu\/?s={search_term_string}"},"query-input":{"@type":"PropertyValueSpecification","valueRequired":true,"valueName":"search_term_string"}}],"inLanguage":"en-US"}]}},"_links":{"self":[{"href":"https:\/\/obender.eu\/en\/wp-json\/wp\/v2\/product\/21809","targetHints":{"allow":["GET"]}}],"collection":[{"href":"https:\/\/obender.eu\/en\/wp-json\/wp\/v2\/product"}],"about":[{"href":"https:\/\/obender.eu\/en\/wp-json\/wp\/v2\/types\/product"}],"version-history":[{"count":3,"href":"https:\/\/obender.eu\/en\/wp-json\/wp\/v2\/product\/21809\/revisions"}],"predecessor-version":[{"id":22390,"href":"https:\/\/obender.eu\/en\/wp-json\/wp\/v2\/product\/21809\/revisions\/22390"}],"wp:featuredmedia":[{"embeddable":true,"href":"https:\/\/obender.eu\/en\/wp-json\/wp\/v2\/media\/21806"}],"wp:attachment":[{"href":"https:\/\/obender.eu\/en\/wp-json\/wp\/v2\/media?parent=21809"}],"wp:term":[{"taxonomy":"product_brand","embeddable":true,"href":"https:\/\/obender.eu\/en\/wp-json\/wp\/v2\/product_brand?post=21809"},{"taxonomy":"product_cat","embeddable":true,"href":"https:\/\/obender.eu\/en\/wp-json\/wp\/v2\/product_cat?post=21809"},{"taxonomy":"product_tag","embeddable":true,"href":"https:\/\/obender.eu\/en\/wp-json\/wp\/v2\/product_tag?post=21809"}],"curies":[{"name":"wp","href":"https:\/\/api.w.org\/{rel}","templated":true}]}}