{"id":22933,"date":"2023-05-06T15:39:54","date_gmt":"2023-05-06T12:39:54","guid":{"rendered":"https:\/\/obender.eu\/?post_type=product&#038;p=22933"},"modified":"2026-04-20T05:01:01","modified_gmt":"2026-04-20T02:01:01","slug":"lesta-invisible-wipers-500ml-spray","status":"publish","type":"product","link":"https:\/\/obender.eu\/en\/toode\/lesta-invisible-wipers-500ml-spray\/","title":{"rendered":"Lesta Invisible Wipers 500ml spray"},"content":{"rendered":"<p>Lesta Invisible Wipers<\/p>\n<p>Rain repellent for glass. For use on all car windscreens and motorcycle helmets, mirrors, and shower booths. Effectively improves visibility when raining. Long-lasting hydrophobic coating that reduces the usage of the wind-shield washer liquid. Wear and tear of the wiper blade is significantly reduced. When raining, wind-shield wipers are no longer needed at speeds of 60 km\/h or more.<br \/>\nUsage: Spray on clean, dry glass, and gently rub with a cotton cloth. Wait for the surface to become matt, then polish the surface with another dry cloth. After application, do not moisten the surface for 2 hours. The temperature should not be below +5\u2070C. Do not use on a hot surface.<\/p>\n<p>EAN: 4770202391720<\/p>\n<div class=\"product-model\">Tootekood: LES-AKL-INVIS\/0.5<\/div>\n","protected":false},"excerpt":{"rendered":"<p>Lesta Invisible Wipers Rain repellent for glass. For use on all car windscreens and motorcycle helmets, mirrors, and shower booths.<\/p>\n","protected":false},"featured_media":22935,"template":"","meta":[],"product_brand":[],"product_cat":[270,274],"product_tag":[919,905],"class_list":{"0":"post-22933","1":"product","2":"type-product","3":"status-publish","4":"has-post-thumbnail","6":"product_cat-chemical-products","7":"product_cat-lesta-cleaners","8":"product_tag-invisible-wipers-en","9":"product_tag-lesta-en","11":"first","12":"instock","13":"taxable","14":"shipping-taxable","15":"purchasable","16":"product-type-simple"},"yoast_head":"<!-- This site is optimized with the Yoast SEO Premium plugin v20.0 (Yoast SEO v27.4) - https:\/\/yoast.com\/product\/yoast-seo-premium-wordpress\/ -->\n<title>Lesta Invisible Wipers 500ml spray - Obender<\/title>\n<meta name=\"robots\" content=\"index, follow, max-snippet:-1, max-image-preview:large, max-video-preview:-1\" \/>\n<link rel=\"canonical\" href=\"https:\/\/obender.eu\/en\/toode\/lesta-invisible-wipers-500ml-spray\/\" \/>\n<meta property=\"og:locale\" content=\"en_US\" \/>\n<meta property=\"og:type\" content=\"article\" \/>\n<meta property=\"og:title\" content=\"Lesta Invisible Wipers 500ml spray\" \/>\n<meta property=\"og:description\" content=\"Lesta Invisible Wipers Rain repellent for glass. For use on all car windscreens and motorcycle helmets, mirrors, and shower booths.\" \/>\n<meta property=\"og:url\" content=\"https:\/\/obender.eu\/en\/toode\/lesta-invisible-wipers-500ml-spray\/\" \/>\n<meta property=\"og:site_name\" content=\"Obender\" \/>\n<meta property=\"article:modified_time\" content=\"2026-04-20T02:01:01+00:00\" \/>\n<meta property=\"og:image\" content=\"https:\/\/obender.eu\/wp-content\/uploads\/2023\/05\/les-akl-invis_0.5.jpg\" \/>\n\t<meta property=\"og:image:width\" content=\"700\" \/>\n\t<meta property=\"og:image:height\" content=\"700\" \/>\n\t<meta property=\"og:image:type\" content=\"image\/jpeg\" \/>\n<meta name=\"twitter:card\" content=\"summary_large_image\" \/>\n<meta name=\"twitter:label1\" content=\"Est. reading time\" \/>\n\t<meta name=\"twitter:data1\" content=\"1 minute\" \/>\n<script type=\"application\/ld+json\" class=\"yoast-schema-graph\">{\"@context\":\"https:\\\/\\\/schema.org\",\"@graph\":[{\"@type\":\"WebPage\",\"@id\":\"https:\\\/\\\/obender.eu\\\/en\\\/toode\\\/lesta-invisible-wipers-500ml-spray\\\/\",\"url\":\"https:\\\/\\\/obender.eu\\\/en\\\/toode\\\/lesta-invisible-wipers-500ml-spray\\\/\",\"name\":\"Lesta Invisible Wipers 500ml spray - Obender\",\"isPartOf\":{\"@id\":\"https:\\\/\\\/www.obender.eu\\\/#website\"},\"primaryImageOfPage\":{\"@id\":\"https:\\\/\\\/obender.eu\\\/en\\\/toode\\\/lesta-invisible-wipers-500ml-spray\\\/#primaryimage\"},\"image\":{\"@id\":\"https:\\\/\\\/obender.eu\\\/en\\\/toode\\\/lesta-invisible-wipers-500ml-spray\\\/#primaryimage\"},\"thumbnailUrl\":\"https:\\\/\\\/obender.eu\\\/wp-content\\\/uploads\\\/2023\\\/05\\\/les-akl-invis_0.5.jpg\",\"datePublished\":\"2023-05-06T12:39:54+00:00\",\"dateModified\":\"2026-04-20T02:01:01+00:00\",\"breadcrumb\":{\"@id\":\"https:\\\/\\\/obender.eu\\\/en\\\/toode\\\/lesta-invisible-wipers-500ml-spray\\\/#breadcrumb\"},\"inLanguage\":\"en-US\",\"potentialAction\":[{\"@type\":\"ReadAction\",\"target\":[\"https:\\\/\\\/obender.eu\\\/en\\\/toode\\\/lesta-invisible-wipers-500ml-spray\\\/\"]}]},{\"@type\":\"ImageObject\",\"inLanguage\":\"en-US\",\"@id\":\"https:\\\/\\\/obender.eu\\\/en\\\/toode\\\/lesta-invisible-wipers-500ml-spray\\\/#primaryimage\",\"url\":\"https:\\\/\\\/obender.eu\\\/wp-content\\\/uploads\\\/2023\\\/05\\\/les-akl-invis_0.5.jpg\",\"contentUrl\":\"https:\\\/\\\/obender.eu\\\/wp-content\\\/uploads\\\/2023\\\/05\\\/les-akl-invis_0.5.jpg\",\"width\":700,\"height\":700},{\"@type\":\"BreadcrumbList\",\"@id\":\"https:\\\/\\\/obender.eu\\\/en\\\/toode\\\/lesta-invisible-wipers-500ml-spray\\\/#breadcrumb\",\"itemListElement\":[{\"@type\":\"ListItem\",\"position\":1,\"name\":\"Home\",\"item\":\"https:\\\/\\\/obender.eu\\\/en\\\/\"},{\"@type\":\"ListItem\",\"position\":2,\"name\":\"Tooted\",\"item\":\"https:\\\/\\\/www.obender.eu\\\/tooted\\\/\"},{\"@type\":\"ListItem\",\"position\":3,\"name\":\"Lesta Invisible Wipers 500ml spray\"}]},{\"@type\":\"WebSite\",\"@id\":\"https:\\\/\\\/www.obender.eu\\\/#website\",\"url\":\"https:\\\/\\\/www.obender.eu\\\/\",\"name\":\"Obender\",\"description\":\"T\u00f6\u00f6stuskaupade hulgim\u00fc\u00fck\",\"potentialAction\":[{\"@type\":\"SearchAction\",\"target\":{\"@type\":\"EntryPoint\",\"urlTemplate\":\"https:\\\/\\\/www.obender.eu\\\/?s={search_term_string}\"},\"query-input\":{\"@type\":\"PropertyValueSpecification\",\"valueRequired\":true,\"valueName\":\"search_term_string\"}}],\"inLanguage\":\"en-US\"}]}<\/script>\n<!-- \/ Yoast SEO Premium plugin. -->","yoast_head_json":{"title":"Lesta Invisible Wipers 500ml spray - Obender","robots":{"index":"index","follow":"follow","max-snippet":"max-snippet:-1","max-image-preview":"max-image-preview:large","max-video-preview":"max-video-preview:-1"},"canonical":"https:\/\/obender.eu\/en\/toode\/lesta-invisible-wipers-500ml-spray\/","og_locale":"en_US","og_type":"article","og_title":"Lesta Invisible Wipers 500ml spray","og_description":"Lesta Invisible Wipers Rain repellent for glass. For use on all car windscreens and motorcycle helmets, mirrors, and shower booths.","og_url":"https:\/\/obender.eu\/en\/toode\/lesta-invisible-wipers-500ml-spray\/","og_site_name":"Obender","article_modified_time":"2026-04-20T02:01:01+00:00","og_image":[{"width":700,"height":700,"url":"https:\/\/obender.eu\/wp-content\/uploads\/2023\/05\/les-akl-invis_0.5.jpg","type":"image\/jpeg"}],"twitter_card":"summary_large_image","twitter_misc":{"Est. reading time":"1 minute"},"schema":{"@context":"https:\/\/schema.org","@graph":[{"@type":"WebPage","@id":"https:\/\/obender.eu\/en\/toode\/lesta-invisible-wipers-500ml-spray\/","url":"https:\/\/obender.eu\/en\/toode\/lesta-invisible-wipers-500ml-spray\/","name":"Lesta Invisible Wipers 500ml spray - Obender","isPartOf":{"@id":"https:\/\/www.obender.eu\/#website"},"primaryImageOfPage":{"@id":"https:\/\/obender.eu\/en\/toode\/lesta-invisible-wipers-500ml-spray\/#primaryimage"},"image":{"@id":"https:\/\/obender.eu\/en\/toode\/lesta-invisible-wipers-500ml-spray\/#primaryimage"},"thumbnailUrl":"https:\/\/obender.eu\/wp-content\/uploads\/2023\/05\/les-akl-invis_0.5.jpg","datePublished":"2023-05-06T12:39:54+00:00","dateModified":"2026-04-20T02:01:01+00:00","breadcrumb":{"@id":"https:\/\/obender.eu\/en\/toode\/lesta-invisible-wipers-500ml-spray\/#breadcrumb"},"inLanguage":"en-US","potentialAction":[{"@type":"ReadAction","target":["https:\/\/obender.eu\/en\/toode\/lesta-invisible-wipers-500ml-spray\/"]}]},{"@type":"ImageObject","inLanguage":"en-US","@id":"https:\/\/obender.eu\/en\/toode\/lesta-invisible-wipers-500ml-spray\/#primaryimage","url":"https:\/\/obender.eu\/wp-content\/uploads\/2023\/05\/les-akl-invis_0.5.jpg","contentUrl":"https:\/\/obender.eu\/wp-content\/uploads\/2023\/05\/les-akl-invis_0.5.jpg","width":700,"height":700},{"@type":"BreadcrumbList","@id":"https:\/\/obender.eu\/en\/toode\/lesta-invisible-wipers-500ml-spray\/#breadcrumb","itemListElement":[{"@type":"ListItem","position":1,"name":"Home","item":"https:\/\/obender.eu\/en\/"},{"@type":"ListItem","position":2,"name":"Tooted","item":"https:\/\/www.obender.eu\/tooted\/"},{"@type":"ListItem","position":3,"name":"Lesta Invisible Wipers 500ml spray"}]},{"@type":"WebSite","@id":"https:\/\/www.obender.eu\/#website","url":"https:\/\/www.obender.eu\/","name":"Obender","description":"T\u00f6\u00f6stuskaupade hulgim\u00fc\u00fck","potentialAction":[{"@type":"SearchAction","target":{"@type":"EntryPoint","urlTemplate":"https:\/\/www.obender.eu\/?s={search_term_string}"},"query-input":{"@type":"PropertyValueSpecification","valueRequired":true,"valueName":"search_term_string"}}],"inLanguage":"en-US"}]}},"_links":{"self":[{"href":"https:\/\/obender.eu\/en\/wp-json\/wp\/v2\/product\/22933","targetHints":{"allow":["GET"]}}],"collection":[{"href":"https:\/\/obender.eu\/en\/wp-json\/wp\/v2\/product"}],"about":[{"href":"https:\/\/obender.eu\/en\/wp-json\/wp\/v2\/types\/product"}],"version-history":[{"count":2,"href":"https:\/\/obender.eu\/en\/wp-json\/wp\/v2\/product\/22933\/revisions"}],"predecessor-version":[{"id":23431,"href":"https:\/\/obender.eu\/en\/wp-json\/wp\/v2\/product\/22933\/revisions\/23431"}],"wp:featuredmedia":[{"embeddable":true,"href":"https:\/\/obender.eu\/en\/wp-json\/wp\/v2\/media\/22935"}],"wp:attachment":[{"href":"https:\/\/obender.eu\/en\/wp-json\/wp\/v2\/media?parent=22933"}],"wp:term":[{"taxonomy":"product_brand","embeddable":true,"href":"https:\/\/obender.eu\/en\/wp-json\/wp\/v2\/product_brand?post=22933"},{"taxonomy":"product_cat","embeddable":true,"href":"https:\/\/obender.eu\/en\/wp-json\/wp\/v2\/product_cat?post=22933"},{"taxonomy":"product_tag","embeddable":true,"href":"https:\/\/obender.eu\/en\/wp-json\/wp\/v2\/product_tag?post=22933"}],"curies":[{"name":"wp","href":"https:\/\/api.w.org\/{rel}","templated":true}]}}