{"id":23370,"date":"2023-05-10T00:05:53","date_gmt":"2023-05-09T21:05:53","guid":{"rendered":"https:\/\/obender.eu\/?post_type=product&#038;p=23370"},"modified":"2026-04-20T04:08:09","modified_gmt":"2026-04-20T01:08:09","slug":"table-fan-entac-35w-kopeeri","status":"publish","type":"product","link":"https:\/\/obender.eu\/en\/toode\/table-fan-entac-35w-kopeeri\/","title":{"rendered":"Portable stand fan Entac 45W"},"content":{"rendered":"<p>Portable stand fan Entac EPSF-45W<\/p>\n<p>EAN: 5999097977720<\/p>\n<p>Number of fins 3<br \/>\nPower 45 W<br \/>\nBlade diameter 36 cm<br \/>\nVoltage range 220-240 V<br \/>\nCable length 1.8 m<br \/>\nDIP angle 30 \u00b0<br \/>\nOscillation 80 \u00b0<br \/>\nMesh diameter 43 cm<br \/>\nIP Class IP20<br \/>\nCable type 2&#215;0.5mm2<br \/>\nWidth 620 mm<br \/>\nHeight 1220 mm<\/p>\n","protected":false},"excerpt":{"rendered":"<p>Portable stand fan Entac EPSF-45W EAN: 5999097977720 Number of fins 3 Power 45 W Blade diameter 36 cm Voltage range<\/p>\n","protected":false},"featured_media":30254,"template":"","meta":[],"product_brand":[],"product_cat":[385,380],"product_tag":[603,975,972],"class_list":{"0":"post-23370","1":"product","2":"type-product","3":"status-publish","4":"has-post-thumbnail","6":"product_cat-fans-and-heaters","7":"product_cat-home-and-office-equipment","8":"product_tag-entac-en","9":"product_tag-floor-fan-en","10":"product_tag-ventilaator-en","12":"first","13":"instock","14":"taxable","15":"shipping-taxable","16":"purchasable","17":"product-type-simple"},"yoast_head":"<!-- This site is optimized with the Yoast SEO Premium plugin v20.0 (Yoast SEO v27.4) - https:\/\/yoast.com\/product\/yoast-seo-premium-wordpress\/ -->\n<title>Portable stand fan Entac 45W - Obender<\/title>\n<meta name=\"robots\" content=\"index, follow, max-snippet:-1, max-image-preview:large, max-video-preview:-1\" \/>\n<link rel=\"canonical\" href=\"https:\/\/obender.eu\/en\/toode\/table-fan-entac-35w-kopeeri\/\" \/>\n<meta property=\"og:locale\" content=\"en_US\" \/>\n<meta property=\"og:type\" content=\"article\" \/>\n<meta property=\"og:title\" content=\"Portable stand fan Entac 45W\" \/>\n<meta property=\"og:description\" content=\"Portable stand fan Entac EPSF-45W EAN: 5999097977720 Number of fins 3 Power 45 W Blade diameter 36 cm Voltage range\" \/>\n<meta property=\"og:url\" content=\"https:\/\/obender.eu\/en\/toode\/table-fan-entac-35w-kopeeri\/\" \/>\n<meta property=\"og:site_name\" content=\"Obender\" \/>\n<meta property=\"article:modified_time\" content=\"2026-04-20T01:08:09+00:00\" \/>\n<meta property=\"og:image\" content=\"https:\/\/obender.eu\/wp-content\/uploads\/2022\/03\/5999097977720-2.jpg\" \/>\n\t<meta property=\"og:image:width\" content=\"600\" \/>\n\t<meta property=\"og:image:height\" content=\"600\" \/>\n\t<meta property=\"og:image:type\" content=\"image\/jpeg\" \/>\n<meta name=\"twitter:card\" content=\"summary_large_image\" \/>\n<meta name=\"twitter:label1\" content=\"Est. reading time\" \/>\n\t<meta name=\"twitter:data1\" content=\"1 minute\" \/>\n<script type=\"application\/ld+json\" class=\"yoast-schema-graph\">{\"@context\":\"https:\\\/\\\/schema.org\",\"@graph\":[{\"@type\":\"WebPage\",\"@id\":\"https:\\\/\\\/obender.eu\\\/en\\\/toode\\\/table-fan-entac-35w-kopeeri\\\/\",\"url\":\"https:\\\/\\\/obender.eu\\\/en\\\/toode\\\/table-fan-entac-35w-kopeeri\\\/\",\"name\":\"Portable stand fan Entac 45W - Obender\",\"isPartOf\":{\"@id\":\"https:\\\/\\\/www.obender.eu\\\/#website\"},\"primaryImageOfPage\":{\"@id\":\"https:\\\/\\\/obender.eu\\\/en\\\/toode\\\/table-fan-entac-35w-kopeeri\\\/#primaryimage\"},\"image\":{\"@id\":\"https:\\\/\\\/obender.eu\\\/en\\\/toode\\\/table-fan-entac-35w-kopeeri\\\/#primaryimage\"},\"thumbnailUrl\":\"https:\\\/\\\/obender.eu\\\/wp-content\\\/uploads\\\/2023\\\/05\\\/5999097977720.jpg\",\"datePublished\":\"2023-05-09T21:05:53+00:00\",\"dateModified\":\"2026-04-20T01:08:09+00:00\",\"breadcrumb\":{\"@id\":\"https:\\\/\\\/obender.eu\\\/en\\\/toode\\\/table-fan-entac-35w-kopeeri\\\/#breadcrumb\"},\"inLanguage\":\"en-US\",\"potentialAction\":[{\"@type\":\"ReadAction\",\"target\":[\"https:\\\/\\\/obender.eu\\\/en\\\/toode\\\/table-fan-entac-35w-kopeeri\\\/\"]}]},{\"@type\":\"ImageObject\",\"inLanguage\":\"en-US\",\"@id\":\"https:\\\/\\\/obender.eu\\\/en\\\/toode\\\/table-fan-entac-35w-kopeeri\\\/#primaryimage\",\"url\":\"https:\\\/\\\/obender.eu\\\/wp-content\\\/uploads\\\/2023\\\/05\\\/5999097977720.jpg\",\"contentUrl\":\"https:\\\/\\\/obender.eu\\\/wp-content\\\/uploads\\\/2023\\\/05\\\/5999097977720.jpg\",\"width\":600,\"height\":600},{\"@type\":\"BreadcrumbList\",\"@id\":\"https:\\\/\\\/obender.eu\\\/en\\\/toode\\\/table-fan-entac-35w-kopeeri\\\/#breadcrumb\",\"itemListElement\":[{\"@type\":\"ListItem\",\"position\":1,\"name\":\"Home\",\"item\":\"https:\\\/\\\/obender.eu\\\/en\\\/\"},{\"@type\":\"ListItem\",\"position\":2,\"name\":\"Tooted\",\"item\":\"https:\\\/\\\/www.obender.eu\\\/tooted\\\/\"},{\"@type\":\"ListItem\",\"position\":3,\"name\":\"Portable stand fan Entac 45W\"}]},{\"@type\":\"WebSite\",\"@id\":\"https:\\\/\\\/www.obender.eu\\\/#website\",\"url\":\"https:\\\/\\\/www.obender.eu\\\/\",\"name\":\"Obender\",\"description\":\"T\u00f6\u00f6stuskaupade hulgim\u00fc\u00fck\",\"potentialAction\":[{\"@type\":\"SearchAction\",\"target\":{\"@type\":\"EntryPoint\",\"urlTemplate\":\"https:\\\/\\\/www.obender.eu\\\/?s={search_term_string}\"},\"query-input\":{\"@type\":\"PropertyValueSpecification\",\"valueRequired\":true,\"valueName\":\"search_term_string\"}}],\"inLanguage\":\"en-US\"}]}<\/script>\n<!-- \/ Yoast SEO Premium plugin. -->","yoast_head_json":{"title":"Portable stand fan Entac 45W - Obender","robots":{"index":"index","follow":"follow","max-snippet":"max-snippet:-1","max-image-preview":"max-image-preview:large","max-video-preview":"max-video-preview:-1"},"canonical":"https:\/\/obender.eu\/en\/toode\/table-fan-entac-35w-kopeeri\/","og_locale":"en_US","og_type":"article","og_title":"Portable stand fan Entac 45W","og_description":"Portable stand fan Entac EPSF-45W EAN: 5999097977720 Number of fins 3 Power 45 W Blade diameter 36 cm Voltage range","og_url":"https:\/\/obender.eu\/en\/toode\/table-fan-entac-35w-kopeeri\/","og_site_name":"Obender","article_modified_time":"2026-04-20T01:08:09+00:00","og_image":[{"width":600,"height":600,"url":"https:\/\/obender.eu\/wp-content\/uploads\/2022\/03\/5999097977720-2.jpg","type":"image\/jpeg"}],"twitter_card":"summary_large_image","twitter_misc":{"Est. reading time":"1 minute"},"schema":{"@context":"https:\/\/schema.org","@graph":[{"@type":"WebPage","@id":"https:\/\/obender.eu\/en\/toode\/table-fan-entac-35w-kopeeri\/","url":"https:\/\/obender.eu\/en\/toode\/table-fan-entac-35w-kopeeri\/","name":"Portable stand fan Entac 45W - Obender","isPartOf":{"@id":"https:\/\/www.obender.eu\/#website"},"primaryImageOfPage":{"@id":"https:\/\/obender.eu\/en\/toode\/table-fan-entac-35w-kopeeri\/#primaryimage"},"image":{"@id":"https:\/\/obender.eu\/en\/toode\/table-fan-entac-35w-kopeeri\/#primaryimage"},"thumbnailUrl":"https:\/\/obender.eu\/wp-content\/uploads\/2023\/05\/5999097977720.jpg","datePublished":"2023-05-09T21:05:53+00:00","dateModified":"2026-04-20T01:08:09+00:00","breadcrumb":{"@id":"https:\/\/obender.eu\/en\/toode\/table-fan-entac-35w-kopeeri\/#breadcrumb"},"inLanguage":"en-US","potentialAction":[{"@type":"ReadAction","target":["https:\/\/obender.eu\/en\/toode\/table-fan-entac-35w-kopeeri\/"]}]},{"@type":"ImageObject","inLanguage":"en-US","@id":"https:\/\/obender.eu\/en\/toode\/table-fan-entac-35w-kopeeri\/#primaryimage","url":"https:\/\/obender.eu\/wp-content\/uploads\/2023\/05\/5999097977720.jpg","contentUrl":"https:\/\/obender.eu\/wp-content\/uploads\/2023\/05\/5999097977720.jpg","width":600,"height":600},{"@type":"BreadcrumbList","@id":"https:\/\/obender.eu\/en\/toode\/table-fan-entac-35w-kopeeri\/#breadcrumb","itemListElement":[{"@type":"ListItem","position":1,"name":"Home","item":"https:\/\/obender.eu\/en\/"},{"@type":"ListItem","position":2,"name":"Tooted","item":"https:\/\/www.obender.eu\/tooted\/"},{"@type":"ListItem","position":3,"name":"Portable stand fan Entac 45W"}]},{"@type":"WebSite","@id":"https:\/\/www.obender.eu\/#website","url":"https:\/\/www.obender.eu\/","name":"Obender","description":"T\u00f6\u00f6stuskaupade hulgim\u00fc\u00fck","potentialAction":[{"@type":"SearchAction","target":{"@type":"EntryPoint","urlTemplate":"https:\/\/www.obender.eu\/?s={search_term_string}"},"query-input":{"@type":"PropertyValueSpecification","valueRequired":true,"valueName":"search_term_string"}}],"inLanguage":"en-US"}]}},"_links":{"self":[{"href":"https:\/\/obender.eu\/en\/wp-json\/wp\/v2\/product\/23370","targetHints":{"allow":["GET"]}}],"collection":[{"href":"https:\/\/obender.eu\/en\/wp-json\/wp\/v2\/product"}],"about":[{"href":"https:\/\/obender.eu\/en\/wp-json\/wp\/v2\/types\/product"}],"version-history":[{"count":1,"href":"https:\/\/obender.eu\/en\/wp-json\/wp\/v2\/product\/23370\/revisions"}],"predecessor-version":[{"id":23372,"href":"https:\/\/obender.eu\/en\/wp-json\/wp\/v2\/product\/23370\/revisions\/23372"}],"wp:featuredmedia":[{"embeddable":true,"href":"https:\/\/obender.eu\/en\/wp-json\/wp\/v2\/media\/30254"}],"wp:attachment":[{"href":"https:\/\/obender.eu\/en\/wp-json\/wp\/v2\/media?parent=23370"}],"wp:term":[{"taxonomy":"product_brand","embeddable":true,"href":"https:\/\/obender.eu\/en\/wp-json\/wp\/v2\/product_brand?post=23370"},{"taxonomy":"product_cat","embeddable":true,"href":"https:\/\/obender.eu\/en\/wp-json\/wp\/v2\/product_cat?post=23370"},{"taxonomy":"product_tag","embeddable":true,"href":"https:\/\/obender.eu\/en\/wp-json\/wp\/v2\/product_tag?post=23370"}],"curies":[{"name":"wp","href":"https:\/\/api.w.org\/{rel}","templated":true}]}}