{"id":23444,"date":"2023-05-11T10:20:41","date_gmt":"2023-05-11T07:20:41","guid":{"rendered":"https:\/\/obender.eu\/?post_type=product&#038;p=23444"},"modified":"2026-04-20T07:01:20","modified_gmt":"2026-04-20T04:01:20","slug":"lesta-magic-wheel-cleaner-velgedele-500ml-spray","status":"publish","type":"product","link":"https:\/\/obender.eu\/en\/toode\/lesta-magic-wheel-cleaner-velgedele-500ml-spray\/","title":{"rendered":"Lesta Magic Wheel Cleaner 500ml spray"},"content":{"rendered":"<p>Lesta Wheel Cleaner<\/p>\n<p>Colour changing wheel cleaner. An effective non-acidic cleaner with a new combination of active ingredients. For cleaning cast and ordinary rims. Easily removes brake pad deposits, oil stains, soot and common street dirt from the rims. After cleaning, the rims regain their initial glow.<br \/>\nUsage: Spray the rims and wait for the colour to change. Rinse with water. In the event of high contamination, additional cleaning with a brush or sponge is recommended. Do not use on hot surfaces and do not allow to dry out completely. It is recommended to test the cleaner on a small surface area before use.<\/p>\n<p>EAN: 4770202390969<\/p>\n<div class=\"product-model\">Tootekood: LES-AKL-WHMAG\/0.5<\/div>\n","protected":false},"excerpt":{"rendered":"<p>Lesta Wheel Cleaner Colour changing wheel cleaner. An effective non-acidic cleaner with a new combination of active ingredients. For cleaning<\/p>\n","protected":false},"featured_media":23437,"template":"","meta":[],"product_brand":[],"product_cat":[270,274],"product_tag":[905],"class_list":{"0":"post-23444","1":"product","2":"type-product","3":"status-publish","4":"has-post-thumbnail","6":"product_cat-chemical-products","7":"product_cat-lesta-cleaners","8":"product_tag-lesta-en","10":"first","11":"instock","12":"taxable","13":"shipping-taxable","14":"purchasable","15":"product-type-simple"},"yoast_head":"<!-- This site is optimized with the Yoast SEO Premium plugin v20.0 (Yoast SEO v27.4) - https:\/\/yoast.com\/product\/yoast-seo-premium-wordpress\/ -->\n<title>Lesta Magic Wheel Cleaner 500ml spray - Obender<\/title>\n<meta name=\"robots\" content=\"index, follow, max-snippet:-1, max-image-preview:large, max-video-preview:-1\" \/>\n<link rel=\"canonical\" href=\"https:\/\/obender.eu\/en\/toode\/lesta-magic-wheel-cleaner-velgedele-500ml-spray\/\" \/>\n<meta property=\"og:locale\" content=\"en_US\" \/>\n<meta property=\"og:type\" content=\"article\" \/>\n<meta property=\"og:title\" content=\"Lesta Magic Wheel Cleaner 500ml spray\" \/>\n<meta property=\"og:description\" content=\"Lesta Wheel Cleaner Colour changing wheel cleaner. An effective non-acidic cleaner with a new combination of active ingredients. For cleaning\" \/>\n<meta property=\"og:url\" content=\"https:\/\/obender.eu\/en\/toode\/lesta-magic-wheel-cleaner-velgedele-500ml-spray\/\" \/>\n<meta property=\"og:site_name\" content=\"Obender\" \/>\n<meta property=\"article:modified_time\" content=\"2026-04-20T04:01:20+00:00\" \/>\n<meta property=\"og:image\" content=\"https:\/\/obender.eu\/wp-content\/uploads\/2023\/05\/les-akl-whmag_0.5.jpg\" \/>\n\t<meta property=\"og:image:width\" content=\"700\" \/>\n\t<meta property=\"og:image:height\" content=\"700\" \/>\n\t<meta property=\"og:image:type\" content=\"image\/jpeg\" \/>\n<meta name=\"twitter:card\" content=\"summary_large_image\" \/>\n<meta name=\"twitter:label1\" content=\"Est. reading time\" \/>\n\t<meta name=\"twitter:data1\" content=\"1 minute\" \/>\n<script type=\"application\/ld+json\" class=\"yoast-schema-graph\">{\"@context\":\"https:\\\/\\\/schema.org\",\"@graph\":[{\"@type\":\"WebPage\",\"@id\":\"https:\\\/\\\/obender.eu\\\/en\\\/toode\\\/lesta-magic-wheel-cleaner-velgedele-500ml-spray\\\/\",\"url\":\"https:\\\/\\\/obender.eu\\\/en\\\/toode\\\/lesta-magic-wheel-cleaner-velgedele-500ml-spray\\\/\",\"name\":\"Lesta Magic Wheel Cleaner 500ml spray - Obender\",\"isPartOf\":{\"@id\":\"https:\\\/\\\/www.obender.eu\\\/#website\"},\"primaryImageOfPage\":{\"@id\":\"https:\\\/\\\/obender.eu\\\/en\\\/toode\\\/lesta-magic-wheel-cleaner-velgedele-500ml-spray\\\/#primaryimage\"},\"image\":{\"@id\":\"https:\\\/\\\/obender.eu\\\/en\\\/toode\\\/lesta-magic-wheel-cleaner-velgedele-500ml-spray\\\/#primaryimage\"},\"thumbnailUrl\":\"https:\\\/\\\/obender.eu\\\/wp-content\\\/uploads\\\/2023\\\/05\\\/les-akl-whmag_0.5.jpg\",\"datePublished\":\"2023-05-11T07:20:41+00:00\",\"dateModified\":\"2026-04-20T04:01:20+00:00\",\"breadcrumb\":{\"@id\":\"https:\\\/\\\/obender.eu\\\/en\\\/toode\\\/lesta-magic-wheel-cleaner-velgedele-500ml-spray\\\/#breadcrumb\"},\"inLanguage\":\"en-US\",\"potentialAction\":[{\"@type\":\"ReadAction\",\"target\":[\"https:\\\/\\\/obender.eu\\\/en\\\/toode\\\/lesta-magic-wheel-cleaner-velgedele-500ml-spray\\\/\"]}]},{\"@type\":\"ImageObject\",\"inLanguage\":\"en-US\",\"@id\":\"https:\\\/\\\/obender.eu\\\/en\\\/toode\\\/lesta-magic-wheel-cleaner-velgedele-500ml-spray\\\/#primaryimage\",\"url\":\"https:\\\/\\\/obender.eu\\\/wp-content\\\/uploads\\\/2023\\\/05\\\/les-akl-whmag_0.5.jpg\",\"contentUrl\":\"https:\\\/\\\/obender.eu\\\/wp-content\\\/uploads\\\/2023\\\/05\\\/les-akl-whmag_0.5.jpg\",\"width\":700,\"height\":700},{\"@type\":\"BreadcrumbList\",\"@id\":\"https:\\\/\\\/obender.eu\\\/en\\\/toode\\\/lesta-magic-wheel-cleaner-velgedele-500ml-spray\\\/#breadcrumb\",\"itemListElement\":[{\"@type\":\"ListItem\",\"position\":1,\"name\":\"Home\",\"item\":\"https:\\\/\\\/obender.eu\\\/en\\\/\"},{\"@type\":\"ListItem\",\"position\":2,\"name\":\"Tooted\",\"item\":\"https:\\\/\\\/www.obender.eu\\\/tooted\\\/\"},{\"@type\":\"ListItem\",\"position\":3,\"name\":\"Lesta Magic Wheel Cleaner 500ml spray\"}]},{\"@type\":\"WebSite\",\"@id\":\"https:\\\/\\\/www.obender.eu\\\/#website\",\"url\":\"https:\\\/\\\/www.obender.eu\\\/\",\"name\":\"Obender\",\"description\":\"T\u00f6\u00f6stuskaupade hulgim\u00fc\u00fck\",\"potentialAction\":[{\"@type\":\"SearchAction\",\"target\":{\"@type\":\"EntryPoint\",\"urlTemplate\":\"https:\\\/\\\/www.obender.eu\\\/?s={search_term_string}\"},\"query-input\":{\"@type\":\"PropertyValueSpecification\",\"valueRequired\":true,\"valueName\":\"search_term_string\"}}],\"inLanguage\":\"en-US\"}]}<\/script>\n<!-- \/ Yoast SEO Premium plugin. -->","yoast_head_json":{"title":"Lesta Magic Wheel Cleaner 500ml spray - Obender","robots":{"index":"index","follow":"follow","max-snippet":"max-snippet:-1","max-image-preview":"max-image-preview:large","max-video-preview":"max-video-preview:-1"},"canonical":"https:\/\/obender.eu\/en\/toode\/lesta-magic-wheel-cleaner-velgedele-500ml-spray\/","og_locale":"en_US","og_type":"article","og_title":"Lesta Magic Wheel Cleaner 500ml spray","og_description":"Lesta Wheel Cleaner Colour changing wheel cleaner. An effective non-acidic cleaner with a new combination of active ingredients. For cleaning","og_url":"https:\/\/obender.eu\/en\/toode\/lesta-magic-wheel-cleaner-velgedele-500ml-spray\/","og_site_name":"Obender","article_modified_time":"2026-04-20T04:01:20+00:00","og_image":[{"width":700,"height":700,"url":"https:\/\/obender.eu\/wp-content\/uploads\/2023\/05\/les-akl-whmag_0.5.jpg","type":"image\/jpeg"}],"twitter_card":"summary_large_image","twitter_misc":{"Est. reading time":"1 minute"},"schema":{"@context":"https:\/\/schema.org","@graph":[{"@type":"WebPage","@id":"https:\/\/obender.eu\/en\/toode\/lesta-magic-wheel-cleaner-velgedele-500ml-spray\/","url":"https:\/\/obender.eu\/en\/toode\/lesta-magic-wheel-cleaner-velgedele-500ml-spray\/","name":"Lesta Magic Wheel Cleaner 500ml spray - Obender","isPartOf":{"@id":"https:\/\/www.obender.eu\/#website"},"primaryImageOfPage":{"@id":"https:\/\/obender.eu\/en\/toode\/lesta-magic-wheel-cleaner-velgedele-500ml-spray\/#primaryimage"},"image":{"@id":"https:\/\/obender.eu\/en\/toode\/lesta-magic-wheel-cleaner-velgedele-500ml-spray\/#primaryimage"},"thumbnailUrl":"https:\/\/obender.eu\/wp-content\/uploads\/2023\/05\/les-akl-whmag_0.5.jpg","datePublished":"2023-05-11T07:20:41+00:00","dateModified":"2026-04-20T04:01:20+00:00","breadcrumb":{"@id":"https:\/\/obender.eu\/en\/toode\/lesta-magic-wheel-cleaner-velgedele-500ml-spray\/#breadcrumb"},"inLanguage":"en-US","potentialAction":[{"@type":"ReadAction","target":["https:\/\/obender.eu\/en\/toode\/lesta-magic-wheel-cleaner-velgedele-500ml-spray\/"]}]},{"@type":"ImageObject","inLanguage":"en-US","@id":"https:\/\/obender.eu\/en\/toode\/lesta-magic-wheel-cleaner-velgedele-500ml-spray\/#primaryimage","url":"https:\/\/obender.eu\/wp-content\/uploads\/2023\/05\/les-akl-whmag_0.5.jpg","contentUrl":"https:\/\/obender.eu\/wp-content\/uploads\/2023\/05\/les-akl-whmag_0.5.jpg","width":700,"height":700},{"@type":"BreadcrumbList","@id":"https:\/\/obender.eu\/en\/toode\/lesta-magic-wheel-cleaner-velgedele-500ml-spray\/#breadcrumb","itemListElement":[{"@type":"ListItem","position":1,"name":"Home","item":"https:\/\/obender.eu\/en\/"},{"@type":"ListItem","position":2,"name":"Tooted","item":"https:\/\/www.obender.eu\/tooted\/"},{"@type":"ListItem","position":3,"name":"Lesta Magic Wheel Cleaner 500ml spray"}]},{"@type":"WebSite","@id":"https:\/\/www.obender.eu\/#website","url":"https:\/\/www.obender.eu\/","name":"Obender","description":"T\u00f6\u00f6stuskaupade hulgim\u00fc\u00fck","potentialAction":[{"@type":"SearchAction","target":{"@type":"EntryPoint","urlTemplate":"https:\/\/www.obender.eu\/?s={search_term_string}"},"query-input":{"@type":"PropertyValueSpecification","valueRequired":true,"valueName":"search_term_string"}}],"inLanguage":"en-US"}]}},"_links":{"self":[{"href":"https:\/\/obender.eu\/en\/wp-json\/wp\/v2\/product\/23444","targetHints":{"allow":["GET"]}}],"collection":[{"href":"https:\/\/obender.eu\/en\/wp-json\/wp\/v2\/product"}],"about":[{"href":"https:\/\/obender.eu\/en\/wp-json\/wp\/v2\/types\/product"}],"version-history":[{"count":1,"href":"https:\/\/obender.eu\/en\/wp-json\/wp\/v2\/product\/23444\/revisions"}],"predecessor-version":[{"id":23446,"href":"https:\/\/obender.eu\/en\/wp-json\/wp\/v2\/product\/23444\/revisions\/23446"}],"wp:featuredmedia":[{"embeddable":true,"href":"https:\/\/obender.eu\/en\/wp-json\/wp\/v2\/media\/23437"}],"wp:attachment":[{"href":"https:\/\/obender.eu\/en\/wp-json\/wp\/v2\/media?parent=23444"}],"wp:term":[{"taxonomy":"product_brand","embeddable":true,"href":"https:\/\/obender.eu\/en\/wp-json\/wp\/v2\/product_brand?post=23444"},{"taxonomy":"product_cat","embeddable":true,"href":"https:\/\/obender.eu\/en\/wp-json\/wp\/v2\/product_cat?post=23444"},{"taxonomy":"product_tag","embeddable":true,"href":"https:\/\/obender.eu\/en\/wp-json\/wp\/v2\/product_tag?post=23444"}],"curies":[{"name":"wp","href":"https:\/\/api.w.org\/{rel}","templated":true}]}}