{"id":23558,"date":"2023-05-11T22:00:27","date_gmt":"2023-05-11T19:00:28","guid":{"rendered":"https:\/\/obender.eu\/?post_type=product&#038;p=23558"},"modified":"2026-04-28T23:00:18","modified_gmt":"2026-04-28T20:00:18","slug":"phone-holder-saatchitech-extendable-magnetic-kopeeri","status":"publish","type":"product","link":"https:\/\/obender.eu\/en\/toode\/phone-holder-saatchitech-extendable-magnetic-kopeeri\/","title":{"rendered":"Phone holder Saatchitech magnetic"},"content":{"rendered":"<p>Phone holder Saatchitech magnetic<\/p>\n<p>ST.90342<\/p>\n<p>Strong Compatibility: After purchasing our products, you don&#8217;t need to worry about the holder and phone size not matching, because our products are suitable for all kinds of smartphones and fit perfectly. How Iphone , Samsung, Huawei, Xiaomi, etc.<\/p>\n<p><strong>Technical Features:<\/strong><\/p>\n<ul>\n<li>Professional functionality: 360 \u00b0 adjustable viewing angle<\/li>\n<li>New design that allows you to adjust the best viewing angle to make driving safer.<\/li>\n<li>Our mobile phone trolley is a compact and ideal holder.<\/li>\n<li>The ball head rotates 360 degrees freely and can be moved horizontally and vertically.<strong>Components of Package:<\/strong><\/li>\n<li>Car Phone Mount Magnetic x 1<\/li>\n<\/ul>\n","protected":false},"excerpt":{"rendered":"<p>Phone holder Saatchitech magnetic ST.90342 Strong Compatibility: After purchasing our products, you don&#8217;t need to worry about the holder and<\/p>\n","protected":false},"featured_media":23507,"template":"","meta":[],"product_brand":[],"product_cat":[299,394],"product_tag":[767,769,701],"class_list":{"0":"post-23558","1":"product","2":"type-product","3":"status-publish","4":"has-post-thumbnail","6":"product_cat-phone-holders-and-chargers","7":"product_cat-smartphone-holders","8":"product_tag-hoidik-en","9":"product_tag-holder-en","10":"product_tag-saatchitech-en","12":"first","13":"instock","14":"taxable","15":"shipping-taxable","16":"purchasable","17":"product-type-simple"},"yoast_head":"<!-- This site is optimized with the Yoast SEO Premium plugin v20.0 (Yoast SEO v27.5) - https:\/\/yoast.com\/product\/yoast-seo-premium-wordpress\/ -->\n<title>Phone holder Saatchitech magnetic - Obender<\/title>\n<meta name=\"robots\" content=\"index, follow, max-snippet:-1, max-image-preview:large, max-video-preview:-1\" \/>\n<link rel=\"canonical\" href=\"https:\/\/obender.eu\/en\/toode\/phone-holder-saatchitech-extendable-magnetic-kopeeri\/\" \/>\n<meta property=\"og:locale\" content=\"en_US\" \/>\n<meta property=\"og:type\" content=\"article\" \/>\n<meta property=\"og:title\" content=\"Phone holder Saatchitech magnetic\" \/>\n<meta property=\"og:description\" content=\"Phone holder Saatchitech magnetic ST.90342 Strong Compatibility: After purchasing our products, you don&#8217;t need to worry about the holder and\" \/>\n<meta property=\"og:url\" content=\"https:\/\/obender.eu\/en\/toode\/phone-holder-saatchitech-extendable-magnetic-kopeeri\/\" \/>\n<meta property=\"og:site_name\" content=\"Obender\" \/>\n<meta property=\"article:modified_time\" content=\"2026-04-28T20:00:18+00:00\" \/>\n<meta property=\"og:image\" content=\"https:\/\/obender.eu\/wp-content\/uploads\/2023\/05\/8068020508601-2.jpg\" \/>\n\t<meta property=\"og:image:width\" content=\"1000\" \/>\n\t<meta property=\"og:image:height\" content=\"1000\" \/>\n\t<meta property=\"og:image:type\" content=\"image\/jpeg\" \/>\n<meta name=\"twitter:card\" content=\"summary_large_image\" \/>\n<meta name=\"twitter:label1\" content=\"Est. reading time\" \/>\n\t<meta name=\"twitter:data1\" content=\"1 minute\" \/>\n<script type=\"application\/ld+json\" class=\"yoast-schema-graph\">{\"@context\":\"https:\\\/\\\/schema.org\",\"@graph\":[{\"@type\":\"WebPage\",\"@id\":\"https:\\\/\\\/obender.eu\\\/en\\\/toode\\\/phone-holder-saatchitech-extendable-magnetic-kopeeri\\\/\",\"url\":\"https:\\\/\\\/obender.eu\\\/en\\\/toode\\\/phone-holder-saatchitech-extendable-magnetic-kopeeri\\\/\",\"name\":\"Phone holder Saatchitech magnetic - Obender\",\"isPartOf\":{\"@id\":\"https:\\\/\\\/www.obender.eu\\\/#website\"},\"primaryImageOfPage\":{\"@id\":\"https:\\\/\\\/obender.eu\\\/en\\\/toode\\\/phone-holder-saatchitech-extendable-magnetic-kopeeri\\\/#primaryimage\"},\"image\":{\"@id\":\"https:\\\/\\\/obender.eu\\\/en\\\/toode\\\/phone-holder-saatchitech-extendable-magnetic-kopeeri\\\/#primaryimage\"},\"thumbnailUrl\":\"https:\\\/\\\/obender.eu\\\/wp-content\\\/uploads\\\/2023\\\/05\\\/8068020508601-2.jpg\",\"datePublished\":\"2023-05-11T19:00:28+00:00\",\"dateModified\":\"2026-04-28T20:00:18+00:00\",\"breadcrumb\":{\"@id\":\"https:\\\/\\\/obender.eu\\\/en\\\/toode\\\/phone-holder-saatchitech-extendable-magnetic-kopeeri\\\/#breadcrumb\"},\"inLanguage\":\"en-US\",\"potentialAction\":[{\"@type\":\"ReadAction\",\"target\":[\"https:\\\/\\\/obender.eu\\\/en\\\/toode\\\/phone-holder-saatchitech-extendable-magnetic-kopeeri\\\/\"]}]},{\"@type\":\"ImageObject\",\"inLanguage\":\"en-US\",\"@id\":\"https:\\\/\\\/obender.eu\\\/en\\\/toode\\\/phone-holder-saatchitech-extendable-magnetic-kopeeri\\\/#primaryimage\",\"url\":\"https:\\\/\\\/obender.eu\\\/wp-content\\\/uploads\\\/2023\\\/05\\\/8068020508601-2.jpg\",\"contentUrl\":\"https:\\\/\\\/obender.eu\\\/wp-content\\\/uploads\\\/2023\\\/05\\\/8068020508601-2.jpg\",\"width\":1000,\"height\":1000},{\"@type\":\"BreadcrumbList\",\"@id\":\"https:\\\/\\\/obender.eu\\\/en\\\/toode\\\/phone-holder-saatchitech-extendable-magnetic-kopeeri\\\/#breadcrumb\",\"itemListElement\":[{\"@type\":\"ListItem\",\"position\":1,\"name\":\"Home\",\"item\":\"https:\\\/\\\/obender.eu\\\/en\\\/\"},{\"@type\":\"ListItem\",\"position\":2,\"name\":\"Tooted\",\"item\":\"https:\\\/\\\/www.obender.eu\\\/tooted\\\/\"},{\"@type\":\"ListItem\",\"position\":3,\"name\":\"Phone holder Saatchitech magnetic\"}]},{\"@type\":\"WebSite\",\"@id\":\"https:\\\/\\\/www.obender.eu\\\/#website\",\"url\":\"https:\\\/\\\/www.obender.eu\\\/\",\"name\":\"Obender\",\"description\":\"T\u00f6\u00f6stuskaupade hulgim\u00fc\u00fck\",\"potentialAction\":[{\"@type\":\"SearchAction\",\"target\":{\"@type\":\"EntryPoint\",\"urlTemplate\":\"https:\\\/\\\/www.obender.eu\\\/?s={search_term_string}\"},\"query-input\":{\"@type\":\"PropertyValueSpecification\",\"valueRequired\":true,\"valueName\":\"search_term_string\"}}],\"inLanguage\":\"en-US\"}]}<\/script>\n<!-- \/ Yoast SEO Premium plugin. -->","yoast_head_json":{"title":"Phone holder Saatchitech magnetic - Obender","robots":{"index":"index","follow":"follow","max-snippet":"max-snippet:-1","max-image-preview":"max-image-preview:large","max-video-preview":"max-video-preview:-1"},"canonical":"https:\/\/obender.eu\/en\/toode\/phone-holder-saatchitech-extendable-magnetic-kopeeri\/","og_locale":"en_US","og_type":"article","og_title":"Phone holder Saatchitech magnetic","og_description":"Phone holder Saatchitech magnetic ST.90342 Strong Compatibility: After purchasing our products, you don&#8217;t need to worry about the holder and","og_url":"https:\/\/obender.eu\/en\/toode\/phone-holder-saatchitech-extendable-magnetic-kopeeri\/","og_site_name":"Obender","article_modified_time":"2026-04-28T20:00:18+00:00","og_image":[{"width":1000,"height":1000,"url":"https:\/\/obender.eu\/wp-content\/uploads\/2023\/05\/8068020508601-2.jpg","type":"image\/jpeg"}],"twitter_card":"summary_large_image","twitter_misc":{"Est. reading time":"1 minute"},"schema":{"@context":"https:\/\/schema.org","@graph":[{"@type":"WebPage","@id":"https:\/\/obender.eu\/en\/toode\/phone-holder-saatchitech-extendable-magnetic-kopeeri\/","url":"https:\/\/obender.eu\/en\/toode\/phone-holder-saatchitech-extendable-magnetic-kopeeri\/","name":"Phone holder Saatchitech magnetic - Obender","isPartOf":{"@id":"https:\/\/www.obender.eu\/#website"},"primaryImageOfPage":{"@id":"https:\/\/obender.eu\/en\/toode\/phone-holder-saatchitech-extendable-magnetic-kopeeri\/#primaryimage"},"image":{"@id":"https:\/\/obender.eu\/en\/toode\/phone-holder-saatchitech-extendable-magnetic-kopeeri\/#primaryimage"},"thumbnailUrl":"https:\/\/obender.eu\/wp-content\/uploads\/2023\/05\/8068020508601-2.jpg","datePublished":"2023-05-11T19:00:28+00:00","dateModified":"2026-04-28T20:00:18+00:00","breadcrumb":{"@id":"https:\/\/obender.eu\/en\/toode\/phone-holder-saatchitech-extendable-magnetic-kopeeri\/#breadcrumb"},"inLanguage":"en-US","potentialAction":[{"@type":"ReadAction","target":["https:\/\/obender.eu\/en\/toode\/phone-holder-saatchitech-extendable-magnetic-kopeeri\/"]}]},{"@type":"ImageObject","inLanguage":"en-US","@id":"https:\/\/obender.eu\/en\/toode\/phone-holder-saatchitech-extendable-magnetic-kopeeri\/#primaryimage","url":"https:\/\/obender.eu\/wp-content\/uploads\/2023\/05\/8068020508601-2.jpg","contentUrl":"https:\/\/obender.eu\/wp-content\/uploads\/2023\/05\/8068020508601-2.jpg","width":1000,"height":1000},{"@type":"BreadcrumbList","@id":"https:\/\/obender.eu\/en\/toode\/phone-holder-saatchitech-extendable-magnetic-kopeeri\/#breadcrumb","itemListElement":[{"@type":"ListItem","position":1,"name":"Home","item":"https:\/\/obender.eu\/en\/"},{"@type":"ListItem","position":2,"name":"Tooted","item":"https:\/\/www.obender.eu\/tooted\/"},{"@type":"ListItem","position":3,"name":"Phone holder Saatchitech magnetic"}]},{"@type":"WebSite","@id":"https:\/\/www.obender.eu\/#website","url":"https:\/\/www.obender.eu\/","name":"Obender","description":"T\u00f6\u00f6stuskaupade hulgim\u00fc\u00fck","potentialAction":[{"@type":"SearchAction","target":{"@type":"EntryPoint","urlTemplate":"https:\/\/www.obender.eu\/?s={search_term_string}"},"query-input":{"@type":"PropertyValueSpecification","valueRequired":true,"valueName":"search_term_string"}}],"inLanguage":"en-US"}]}},"_links":{"self":[{"href":"https:\/\/obender.eu\/en\/wp-json\/wp\/v2\/product\/23558","targetHints":{"allow":["GET"]}}],"collection":[{"href":"https:\/\/obender.eu\/en\/wp-json\/wp\/v2\/product"}],"about":[{"href":"https:\/\/obender.eu\/en\/wp-json\/wp\/v2\/types\/product"}],"version-history":[{"count":4,"href":"https:\/\/obender.eu\/en\/wp-json\/wp\/v2\/product\/23558\/revisions"}],"predecessor-version":[{"id":23563,"href":"https:\/\/obender.eu\/en\/wp-json\/wp\/v2\/product\/23558\/revisions\/23563"}],"wp:featuredmedia":[{"embeddable":true,"href":"https:\/\/obender.eu\/en\/wp-json\/wp\/v2\/media\/23507"}],"wp:attachment":[{"href":"https:\/\/obender.eu\/en\/wp-json\/wp\/v2\/media?parent=23558"}],"wp:term":[{"taxonomy":"product_brand","embeddable":true,"href":"https:\/\/obender.eu\/en\/wp-json\/wp\/v2\/product_brand?post=23558"},{"taxonomy":"product_cat","embeddable":true,"href":"https:\/\/obender.eu\/en\/wp-json\/wp\/v2\/product_cat?post=23558"},{"taxonomy":"product_tag","embeddable":true,"href":"https:\/\/obender.eu\/en\/wp-json\/wp\/v2\/product_tag?post=23558"}],"curies":[{"name":"wp","href":"https:\/\/api.w.org\/{rel}","templated":true}]}}