{"id":24352,"date":"2023-05-18T22:20:04","date_gmt":"2023-05-18T19:20:04","guid":{"rendered":"https:\/\/obender.eu\/?post_type=product&#038;p=24352"},"modified":"2026-04-12T22:00:20","modified_gmt":"2026-04-12T19:00:20","slug":"akulaadija-camelion-bc-0904-nimh","status":"publish","type":"product","link":"https:\/\/obender.eu\/en\/toode\/akulaadija-camelion-bc-0904-nimh\/","title":{"rendered":"Battery charger Camelion BC-0904 NiMH AA-AAA-9V"},"content":{"rendered":"<h2>Battery charger Camelion BC-0904 NiMH<\/h2>\n<p>EAN: 4260033157850<\/p>\n<p><strong>CAMELION plug-in charger BC-0904SM<\/strong><\/p>\n<p><strong>for 2 or 4 AA or 2 or 4 AAA or 1-2 9V block Ni-MH batteries<\/strong><\/p>\n<ul>\n<li>Plug charger with 2 independent charging channels, charges 2\/4 AA (HR6) or AAA (HR03) or 1-2 9V block Ni-MH batteries in pairs<\/li>\n<li>With 2 red LEDs that indicate the charging process and when the inserted batteries are fully charged.\u00a0The device does not switch off.<\/li>\n<li>With an input current of 110-240V, worldwide use is possible.<\/li>\n<li>With polarization protection, for safe insertion of the batteries.<\/li>\n<\/ul>\n","protected":false},"excerpt":{"rendered":"<p>Battery charger Camelion BC-0904 NiMH EAN: 4260033157850 CAMELION plug-in charger BC-0904SM for 2 or 4 AA or 2 or 4<\/p>\n","protected":false},"featured_media":24354,"template":"","meta":[],"product_brand":[],"product_cat":[408,266],"product_tag":[1088,631,493,638],"class_list":{"0":"post-24352","1":"product","2":"type-product","3":"status-publish","4":"has-post-thumbnail","6":"product_cat-nimh-chargers","7":"product_cat-batteries-chargers","8":"product_tag-battery-charger","9":"product_tag-camelion-en","10":"product_tag-charger","11":"product_tag-nimh-en","13":"first","14":"instock","15":"taxable","16":"shipping-taxable","17":"purchasable","18":"product-type-simple"},"yoast_head":"<!-- This site is optimized with the Yoast SEO Premium plugin v20.0 (Yoast SEO v27.3) - https:\/\/yoast.com\/product\/yoast-seo-premium-wordpress\/ -->\n<title>Battery charger Camelion BC-0904 NiMH AA-AAA-9V - Obender<\/title>\n<meta name=\"robots\" content=\"index, follow, max-snippet:-1, max-image-preview:large, max-video-preview:-1\" \/>\n<link rel=\"canonical\" href=\"https:\/\/obender.eu\/en\/toode\/akulaadija-camelion-bc-0904-nimh\/\" \/>\n<meta property=\"og:locale\" content=\"en_US\" \/>\n<meta property=\"og:type\" content=\"article\" \/>\n<meta property=\"og:title\" content=\"Battery charger Camelion BC-0904 NiMH AA-AAA-9V\" \/>\n<meta property=\"og:description\" content=\"Battery charger Camelion BC-0904 NiMH EAN: 4260033157850 CAMELION plug-in charger BC-0904SM for 2 or 4 AA or 2 or 4\" \/>\n<meta property=\"og:url\" content=\"https:\/\/obender.eu\/en\/toode\/akulaadija-camelion-bc-0904-nimh\/\" \/>\n<meta property=\"og:site_name\" content=\"Obender\" \/>\n<meta property=\"article:modified_time\" content=\"2026-04-12T19:00:20+00:00\" \/>\n<meta property=\"og:image\" content=\"https:\/\/obender.eu\/wp-content\/uploads\/2023\/05\/4260033157850.jpg\" \/>\n\t<meta property=\"og:image:width\" content=\"800\" \/>\n\t<meta property=\"og:image:height\" content=\"800\" \/>\n\t<meta property=\"og:image:type\" content=\"image\/jpeg\" \/>\n<meta name=\"twitter:card\" content=\"summary_large_image\" \/>\n<meta name=\"twitter:label1\" content=\"Est. reading time\" \/>\n\t<meta name=\"twitter:data1\" content=\"1 minute\" \/>\n<script type=\"application\/ld+json\" class=\"yoast-schema-graph\">{\"@context\":\"https:\\\/\\\/schema.org\",\"@graph\":[{\"@type\":\"WebPage\",\"@id\":\"https:\\\/\\\/obender.eu\\\/en\\\/toode\\\/akulaadija-camelion-bc-0904-nimh\\\/\",\"url\":\"https:\\\/\\\/obender.eu\\\/en\\\/toode\\\/akulaadija-camelion-bc-0904-nimh\\\/\",\"name\":\"Battery charger Camelion BC-0904 NiMH AA-AAA-9V - Obender\",\"isPartOf\":{\"@id\":\"https:\\\/\\\/www.obender.eu\\\/#website\"},\"primaryImageOfPage\":{\"@id\":\"https:\\\/\\\/obender.eu\\\/en\\\/toode\\\/akulaadija-camelion-bc-0904-nimh\\\/#primaryimage\"},\"image\":{\"@id\":\"https:\\\/\\\/obender.eu\\\/en\\\/toode\\\/akulaadija-camelion-bc-0904-nimh\\\/#primaryimage\"},\"thumbnailUrl\":\"https:\\\/\\\/obender.eu\\\/wp-content\\\/uploads\\\/2023\\\/05\\\/4260033157850.jpg\",\"datePublished\":\"2023-05-18T19:20:04+00:00\",\"dateModified\":\"2026-04-12T19:00:20+00:00\",\"breadcrumb\":{\"@id\":\"https:\\\/\\\/obender.eu\\\/en\\\/toode\\\/akulaadija-camelion-bc-0904-nimh\\\/#breadcrumb\"},\"inLanguage\":\"en-US\",\"potentialAction\":[{\"@type\":\"ReadAction\",\"target\":[\"https:\\\/\\\/obender.eu\\\/en\\\/toode\\\/akulaadija-camelion-bc-0904-nimh\\\/\"]}]},{\"@type\":\"ImageObject\",\"inLanguage\":\"en-US\",\"@id\":\"https:\\\/\\\/obender.eu\\\/en\\\/toode\\\/akulaadija-camelion-bc-0904-nimh\\\/#primaryimage\",\"url\":\"https:\\\/\\\/obender.eu\\\/wp-content\\\/uploads\\\/2023\\\/05\\\/4260033157850.jpg\",\"contentUrl\":\"https:\\\/\\\/obender.eu\\\/wp-content\\\/uploads\\\/2023\\\/05\\\/4260033157850.jpg\",\"width\":800,\"height\":800},{\"@type\":\"BreadcrumbList\",\"@id\":\"https:\\\/\\\/obender.eu\\\/en\\\/toode\\\/akulaadija-camelion-bc-0904-nimh\\\/#breadcrumb\",\"itemListElement\":[{\"@type\":\"ListItem\",\"position\":1,\"name\":\"Home\",\"item\":\"https:\\\/\\\/obender.eu\\\/en\\\/\"},{\"@type\":\"ListItem\",\"position\":2,\"name\":\"Tooted\",\"item\":\"https:\\\/\\\/www.obender.eu\\\/tooted\\\/\"},{\"@type\":\"ListItem\",\"position\":3,\"name\":\"Battery charger Camelion BC-0904 NiMH AA-AAA-9V\"}]},{\"@type\":\"WebSite\",\"@id\":\"https:\\\/\\\/www.obender.eu\\\/#website\",\"url\":\"https:\\\/\\\/www.obender.eu\\\/\",\"name\":\"Obender\",\"description\":\"T\u00f6\u00f6stuskaupade hulgim\u00fc\u00fck\",\"potentialAction\":[{\"@type\":\"SearchAction\",\"target\":{\"@type\":\"EntryPoint\",\"urlTemplate\":\"https:\\\/\\\/www.obender.eu\\\/?s={search_term_string}\"},\"query-input\":{\"@type\":\"PropertyValueSpecification\",\"valueRequired\":true,\"valueName\":\"search_term_string\"}}],\"inLanguage\":\"en-US\"}]}<\/script>\n<!-- \/ Yoast SEO Premium plugin. -->","yoast_head_json":{"title":"Battery charger Camelion BC-0904 NiMH AA-AAA-9V - Obender","robots":{"index":"index","follow":"follow","max-snippet":"max-snippet:-1","max-image-preview":"max-image-preview:large","max-video-preview":"max-video-preview:-1"},"canonical":"https:\/\/obender.eu\/en\/toode\/akulaadija-camelion-bc-0904-nimh\/","og_locale":"en_US","og_type":"article","og_title":"Battery charger Camelion BC-0904 NiMH AA-AAA-9V","og_description":"Battery charger Camelion BC-0904 NiMH EAN: 4260033157850 CAMELION plug-in charger BC-0904SM for 2 or 4 AA or 2 or 4","og_url":"https:\/\/obender.eu\/en\/toode\/akulaadija-camelion-bc-0904-nimh\/","og_site_name":"Obender","article_modified_time":"2026-04-12T19:00:20+00:00","og_image":[{"width":800,"height":800,"url":"https:\/\/obender.eu\/wp-content\/uploads\/2023\/05\/4260033157850.jpg","type":"image\/jpeg"}],"twitter_card":"summary_large_image","twitter_misc":{"Est. reading time":"1 minute"},"schema":{"@context":"https:\/\/schema.org","@graph":[{"@type":"WebPage","@id":"https:\/\/obender.eu\/en\/toode\/akulaadija-camelion-bc-0904-nimh\/","url":"https:\/\/obender.eu\/en\/toode\/akulaadija-camelion-bc-0904-nimh\/","name":"Battery charger Camelion BC-0904 NiMH AA-AAA-9V - Obender","isPartOf":{"@id":"https:\/\/www.obender.eu\/#website"},"primaryImageOfPage":{"@id":"https:\/\/obender.eu\/en\/toode\/akulaadija-camelion-bc-0904-nimh\/#primaryimage"},"image":{"@id":"https:\/\/obender.eu\/en\/toode\/akulaadija-camelion-bc-0904-nimh\/#primaryimage"},"thumbnailUrl":"https:\/\/obender.eu\/wp-content\/uploads\/2023\/05\/4260033157850.jpg","datePublished":"2023-05-18T19:20:04+00:00","dateModified":"2026-04-12T19:00:20+00:00","breadcrumb":{"@id":"https:\/\/obender.eu\/en\/toode\/akulaadija-camelion-bc-0904-nimh\/#breadcrumb"},"inLanguage":"en-US","potentialAction":[{"@type":"ReadAction","target":["https:\/\/obender.eu\/en\/toode\/akulaadija-camelion-bc-0904-nimh\/"]}]},{"@type":"ImageObject","inLanguage":"en-US","@id":"https:\/\/obender.eu\/en\/toode\/akulaadija-camelion-bc-0904-nimh\/#primaryimage","url":"https:\/\/obender.eu\/wp-content\/uploads\/2023\/05\/4260033157850.jpg","contentUrl":"https:\/\/obender.eu\/wp-content\/uploads\/2023\/05\/4260033157850.jpg","width":800,"height":800},{"@type":"BreadcrumbList","@id":"https:\/\/obender.eu\/en\/toode\/akulaadija-camelion-bc-0904-nimh\/#breadcrumb","itemListElement":[{"@type":"ListItem","position":1,"name":"Home","item":"https:\/\/obender.eu\/en\/"},{"@type":"ListItem","position":2,"name":"Tooted","item":"https:\/\/www.obender.eu\/tooted\/"},{"@type":"ListItem","position":3,"name":"Battery charger Camelion BC-0904 NiMH AA-AAA-9V"}]},{"@type":"WebSite","@id":"https:\/\/www.obender.eu\/#website","url":"https:\/\/www.obender.eu\/","name":"Obender","description":"T\u00f6\u00f6stuskaupade hulgim\u00fc\u00fck","potentialAction":[{"@type":"SearchAction","target":{"@type":"EntryPoint","urlTemplate":"https:\/\/www.obender.eu\/?s={search_term_string}"},"query-input":{"@type":"PropertyValueSpecification","valueRequired":true,"valueName":"search_term_string"}}],"inLanguage":"en-US"}]}},"_links":{"self":[{"href":"https:\/\/obender.eu\/en\/wp-json\/wp\/v2\/product\/24352","targetHints":{"allow":["GET"]}}],"collection":[{"href":"https:\/\/obender.eu\/en\/wp-json\/wp\/v2\/product"}],"about":[{"href":"https:\/\/obender.eu\/en\/wp-json\/wp\/v2\/types\/product"}],"version-history":[{"count":2,"href":"https:\/\/obender.eu\/en\/wp-json\/wp\/v2\/product\/24352\/revisions"}],"predecessor-version":[{"id":24359,"href":"https:\/\/obender.eu\/en\/wp-json\/wp\/v2\/product\/24352\/revisions\/24359"}],"wp:featuredmedia":[{"embeddable":true,"href":"https:\/\/obender.eu\/en\/wp-json\/wp\/v2\/media\/24354"}],"wp:attachment":[{"href":"https:\/\/obender.eu\/en\/wp-json\/wp\/v2\/media?parent=24352"}],"wp:term":[{"taxonomy":"product_brand","embeddable":true,"href":"https:\/\/obender.eu\/en\/wp-json\/wp\/v2\/product_brand?post=24352"},{"taxonomy":"product_cat","embeddable":true,"href":"https:\/\/obender.eu\/en\/wp-json\/wp\/v2\/product_cat?post=24352"},{"taxonomy":"product_tag","embeddable":true,"href":"https:\/\/obender.eu\/en\/wp-json\/wp\/v2\/product_tag?post=24352"}],"curies":[{"name":"wp","href":"https:\/\/api.w.org\/{rel}","templated":true}]}}