{"id":24631,"date":"2023-05-22T18:26:41","date_gmt":"2023-05-22T15:26:41","guid":{"rendered":"https:\/\/obender.eu\/?post_type=product&#038;p=24631"},"modified":"2026-04-29T03:00:08","modified_gmt":"2026-04-29T00:00:08","slug":"uv-lamp-varta-15638-14led-3aaa","status":"publish","type":"product","link":"https:\/\/obender.eu\/en\/toode\/uv-lamp-varta-15638-14led-3aaa\/","title":{"rendered":"UV-light Varta 15638 14LED 3AAA"},"content":{"rendered":"<p>UV-light Varta 15638101421<\/p>\n<p>EAN: 4008496036080<\/p>\n<p>Korpus: aluminium, ABS plastic, silicone rubber<\/p>\n<p>Size: 33*33*118mm, 68g (net)<\/p>\n<p>Light source: 14 UV LED 395-400nm, 4,8m<\/p>\n<p>Run time: 8,5h<\/p>\n<p>Batteries included: 3xLR03 Longlife Power<\/p>\n<p><span class=\"fontstyle0\">\u2022 Ultraviolet flashlight to make the invisible visible<\/span><\/p>\n<p><span class=\"fontstyle0\">\u2022 Detects and identifies residues of dirt, pets urine, etc.<\/span><\/p>\n<p><span class=\"fontstyle0\">\u2022 Checks and verifies banknotes, fingerprints and fluorescents<\/span><\/p>\n","protected":false},"excerpt":{"rendered":"<p>UV-light Varta 15638101421 EAN: 4008496036080 Korpus: aluminium, ABS plastic, silicone rubber Size: 33*33*118mm, 68g (net) Light source: 14 UV LED<\/p>\n","protected":false},"featured_media":24633,"template":"","meta":[],"product_brand":[],"product_cat":[307,381,380,335],"product_tag":[1127,1128,494],"class_list":{"0":"post-24631","1":"product","2":"type-product","3":"status-publish","4":"has-post-thumbnail","6":"product_cat-flashlights","7":"product_cat-home-and-office","8":"product_cat-home-and-office-equipment","9":"product_cat-sports-and-leisure","10":"product_tag-uv-lamp-en","11":"product_tag-uv-light-en","12":"product_tag-varta-en","14":"first","15":"instock","16":"taxable","17":"shipping-taxable","18":"purchasable","19":"product-type-simple"},"yoast_head":"<!-- This site is optimized with the Yoast SEO Premium plugin v20.0 (Yoast SEO v27.5) - https:\/\/yoast.com\/product\/yoast-seo-premium-wordpress\/ -->\n<title>UV-light Varta 15638 14LED 3AAA - Obender<\/title>\n<meta name=\"robots\" content=\"index, follow, max-snippet:-1, max-image-preview:large, max-video-preview:-1\" \/>\n<link rel=\"canonical\" href=\"https:\/\/obender.eu\/en\/toode\/uv-lamp-varta-15638-14led-3aaa\/\" \/>\n<meta property=\"og:locale\" content=\"en_US\" \/>\n<meta property=\"og:type\" content=\"article\" \/>\n<meta property=\"og:title\" content=\"UV-light Varta 15638 14LED 3AAA\" \/>\n<meta property=\"og:description\" content=\"UV-light Varta 15638101421 EAN: 4008496036080 Korpus: aluminium, ABS plastic, silicone rubber Size: 33*33*118mm, 68g (net) Light source: 14 UV LED\" \/>\n<meta property=\"og:url\" content=\"https:\/\/obender.eu\/en\/toode\/uv-lamp-varta-15638-14led-3aaa\/\" \/>\n<meta property=\"og:site_name\" content=\"Obender\" \/>\n<meta property=\"article:modified_time\" content=\"2026-04-29T00:00:08+00:00\" \/>\n<meta property=\"og:image\" content=\"https:\/\/obender.eu\/wp-content\/uploads\/2023\/05\/4008496036080.jpg\" \/>\n\t<meta property=\"og:image:width\" content=\"800\" \/>\n\t<meta property=\"og:image:height\" content=\"800\" \/>\n\t<meta property=\"og:image:type\" content=\"image\/jpeg\" \/>\n<meta name=\"twitter:card\" content=\"summary_large_image\" \/>\n<meta name=\"twitter:label1\" content=\"Est. reading time\" \/>\n\t<meta name=\"twitter:data1\" content=\"1 minute\" \/>\n<script type=\"application\/ld+json\" class=\"yoast-schema-graph\">{\"@context\":\"https:\\\/\\\/schema.org\",\"@graph\":[{\"@type\":\"WebPage\",\"@id\":\"https:\\\/\\\/obender.eu\\\/en\\\/toode\\\/uv-lamp-varta-15638-14led-3aaa\\\/\",\"url\":\"https:\\\/\\\/obender.eu\\\/en\\\/toode\\\/uv-lamp-varta-15638-14led-3aaa\\\/\",\"name\":\"UV-light Varta 15638 14LED 3AAA - Obender\",\"isPartOf\":{\"@id\":\"https:\\\/\\\/www.obender.eu\\\/#website\"},\"primaryImageOfPage\":{\"@id\":\"https:\\\/\\\/obender.eu\\\/en\\\/toode\\\/uv-lamp-varta-15638-14led-3aaa\\\/#primaryimage\"},\"image\":{\"@id\":\"https:\\\/\\\/obender.eu\\\/en\\\/toode\\\/uv-lamp-varta-15638-14led-3aaa\\\/#primaryimage\"},\"thumbnailUrl\":\"https:\\\/\\\/obender.eu\\\/wp-content\\\/uploads\\\/2023\\\/05\\\/4008496036080.jpg\",\"datePublished\":\"2023-05-22T15:26:41+00:00\",\"dateModified\":\"2026-04-29T00:00:08+00:00\",\"breadcrumb\":{\"@id\":\"https:\\\/\\\/obender.eu\\\/en\\\/toode\\\/uv-lamp-varta-15638-14led-3aaa\\\/#breadcrumb\"},\"inLanguage\":\"en-US\",\"potentialAction\":[{\"@type\":\"ReadAction\",\"target\":[\"https:\\\/\\\/obender.eu\\\/en\\\/toode\\\/uv-lamp-varta-15638-14led-3aaa\\\/\"]}]},{\"@type\":\"ImageObject\",\"inLanguage\":\"en-US\",\"@id\":\"https:\\\/\\\/obender.eu\\\/en\\\/toode\\\/uv-lamp-varta-15638-14led-3aaa\\\/#primaryimage\",\"url\":\"https:\\\/\\\/obender.eu\\\/wp-content\\\/uploads\\\/2023\\\/05\\\/4008496036080.jpg\",\"contentUrl\":\"https:\\\/\\\/obender.eu\\\/wp-content\\\/uploads\\\/2023\\\/05\\\/4008496036080.jpg\",\"width\":800,\"height\":800},{\"@type\":\"BreadcrumbList\",\"@id\":\"https:\\\/\\\/obender.eu\\\/en\\\/toode\\\/uv-lamp-varta-15638-14led-3aaa\\\/#breadcrumb\",\"itemListElement\":[{\"@type\":\"ListItem\",\"position\":1,\"name\":\"Home\",\"item\":\"https:\\\/\\\/obender.eu\\\/en\\\/\"},{\"@type\":\"ListItem\",\"position\":2,\"name\":\"Tooted\",\"item\":\"https:\\\/\\\/www.obender.eu\\\/tooted\\\/\"},{\"@type\":\"ListItem\",\"position\":3,\"name\":\"UV-light Varta 15638 14LED 3AAA\"}]},{\"@type\":\"WebSite\",\"@id\":\"https:\\\/\\\/www.obender.eu\\\/#website\",\"url\":\"https:\\\/\\\/www.obender.eu\\\/\",\"name\":\"Obender\",\"description\":\"T\u00f6\u00f6stuskaupade hulgim\u00fc\u00fck\",\"potentialAction\":[{\"@type\":\"SearchAction\",\"target\":{\"@type\":\"EntryPoint\",\"urlTemplate\":\"https:\\\/\\\/www.obender.eu\\\/?s={search_term_string}\"},\"query-input\":{\"@type\":\"PropertyValueSpecification\",\"valueRequired\":true,\"valueName\":\"search_term_string\"}}],\"inLanguage\":\"en-US\"}]}<\/script>\n<!-- \/ Yoast SEO Premium plugin. -->","yoast_head_json":{"title":"UV-light Varta 15638 14LED 3AAA - Obender","robots":{"index":"index","follow":"follow","max-snippet":"max-snippet:-1","max-image-preview":"max-image-preview:large","max-video-preview":"max-video-preview:-1"},"canonical":"https:\/\/obender.eu\/en\/toode\/uv-lamp-varta-15638-14led-3aaa\/","og_locale":"en_US","og_type":"article","og_title":"UV-light Varta 15638 14LED 3AAA","og_description":"UV-light Varta 15638101421 EAN: 4008496036080 Korpus: aluminium, ABS plastic, silicone rubber Size: 33*33*118mm, 68g (net) Light source: 14 UV LED","og_url":"https:\/\/obender.eu\/en\/toode\/uv-lamp-varta-15638-14led-3aaa\/","og_site_name":"Obender","article_modified_time":"2026-04-29T00:00:08+00:00","og_image":[{"width":800,"height":800,"url":"https:\/\/obender.eu\/wp-content\/uploads\/2023\/05\/4008496036080.jpg","type":"image\/jpeg"}],"twitter_card":"summary_large_image","twitter_misc":{"Est. reading time":"1 minute"},"schema":{"@context":"https:\/\/schema.org","@graph":[{"@type":"WebPage","@id":"https:\/\/obender.eu\/en\/toode\/uv-lamp-varta-15638-14led-3aaa\/","url":"https:\/\/obender.eu\/en\/toode\/uv-lamp-varta-15638-14led-3aaa\/","name":"UV-light Varta 15638 14LED 3AAA - Obender","isPartOf":{"@id":"https:\/\/www.obender.eu\/#website"},"primaryImageOfPage":{"@id":"https:\/\/obender.eu\/en\/toode\/uv-lamp-varta-15638-14led-3aaa\/#primaryimage"},"image":{"@id":"https:\/\/obender.eu\/en\/toode\/uv-lamp-varta-15638-14led-3aaa\/#primaryimage"},"thumbnailUrl":"https:\/\/obender.eu\/wp-content\/uploads\/2023\/05\/4008496036080.jpg","datePublished":"2023-05-22T15:26:41+00:00","dateModified":"2026-04-29T00:00:08+00:00","breadcrumb":{"@id":"https:\/\/obender.eu\/en\/toode\/uv-lamp-varta-15638-14led-3aaa\/#breadcrumb"},"inLanguage":"en-US","potentialAction":[{"@type":"ReadAction","target":["https:\/\/obender.eu\/en\/toode\/uv-lamp-varta-15638-14led-3aaa\/"]}]},{"@type":"ImageObject","inLanguage":"en-US","@id":"https:\/\/obender.eu\/en\/toode\/uv-lamp-varta-15638-14led-3aaa\/#primaryimage","url":"https:\/\/obender.eu\/wp-content\/uploads\/2023\/05\/4008496036080.jpg","contentUrl":"https:\/\/obender.eu\/wp-content\/uploads\/2023\/05\/4008496036080.jpg","width":800,"height":800},{"@type":"BreadcrumbList","@id":"https:\/\/obender.eu\/en\/toode\/uv-lamp-varta-15638-14led-3aaa\/#breadcrumb","itemListElement":[{"@type":"ListItem","position":1,"name":"Home","item":"https:\/\/obender.eu\/en\/"},{"@type":"ListItem","position":2,"name":"Tooted","item":"https:\/\/www.obender.eu\/tooted\/"},{"@type":"ListItem","position":3,"name":"UV-light Varta 15638 14LED 3AAA"}]},{"@type":"WebSite","@id":"https:\/\/www.obender.eu\/#website","url":"https:\/\/www.obender.eu\/","name":"Obender","description":"T\u00f6\u00f6stuskaupade hulgim\u00fc\u00fck","potentialAction":[{"@type":"SearchAction","target":{"@type":"EntryPoint","urlTemplate":"https:\/\/www.obender.eu\/?s={search_term_string}"},"query-input":{"@type":"PropertyValueSpecification","valueRequired":true,"valueName":"search_term_string"}}],"inLanguage":"en-US"}]}},"_links":{"self":[{"href":"https:\/\/obender.eu\/en\/wp-json\/wp\/v2\/product\/24631","targetHints":{"allow":["GET"]}}],"collection":[{"href":"https:\/\/obender.eu\/en\/wp-json\/wp\/v2\/product"}],"about":[{"href":"https:\/\/obender.eu\/en\/wp-json\/wp\/v2\/types\/product"}],"version-history":[{"count":2,"href":"https:\/\/obender.eu\/en\/wp-json\/wp\/v2\/product\/24631\/revisions"}],"predecessor-version":[{"id":27571,"href":"https:\/\/obender.eu\/en\/wp-json\/wp\/v2\/product\/24631\/revisions\/27571"}],"wp:featuredmedia":[{"embeddable":true,"href":"https:\/\/obender.eu\/en\/wp-json\/wp\/v2\/media\/24633"}],"wp:attachment":[{"href":"https:\/\/obender.eu\/en\/wp-json\/wp\/v2\/media?parent=24631"}],"wp:term":[{"taxonomy":"product_brand","embeddable":true,"href":"https:\/\/obender.eu\/en\/wp-json\/wp\/v2\/product_brand?post=24631"},{"taxonomy":"product_cat","embeddable":true,"href":"https:\/\/obender.eu\/en\/wp-json\/wp\/v2\/product_cat?post=24631"},{"taxonomy":"product_tag","embeddable":true,"href":"https:\/\/obender.eu\/en\/wp-json\/wp\/v2\/product_tag?post=24631"}],"curies":[{"name":"wp","href":"https:\/\/api.w.org\/{rel}","templated":true}]}}