{"id":24653,"date":"2023-05-22T20:55:50","date_gmt":"2023-05-22T17:55:50","guid":{"rendered":"https:\/\/obender.eu\/?post_type=product&#038;p=24653"},"modified":"2026-04-22T10:00:21","modified_gmt":"2026-04-22T07:00:21","slug":"matkalamp-varta-16666-led-150lm-3aa-kopeeri","status":"publish","type":"product","link":"https:\/\/obender.eu\/en\/toode\/matkalamp-varta-16666-led-150lm-3aa-kopeeri\/","title":{"rendered":"Camping lantern Varta L20 6AA"},"content":{"rendered":"<p>Camping lantern Varta L20 Outdoor Ambience<\/p>\n<p>SKU: 17666101111<\/p>\n<p>EAN: 4008496046850<\/p>\n<p>Splashproof (IPX4) and shockproof<\/p>\n<p>Light source: CREE High Power LED 400lm 16m + 1,5W RGB LED<\/p>\n<p>RGB LED (6 colors)<\/p>\n<p>Body: ABS, PC, TPE<\/p>\n<p>Run time: max 300h<\/p>\n<p>Size: 96*96*185mm, 497g<\/p>\n<p>Power source: 6 AA alkaline (not included) or 3 AA for energy saving mode (50%)<\/p>\n<p>Handles on the top and bottom offer various hanging options, removable outer lens for unhindered ceiling lighting<\/p>\n","protected":false},"excerpt":{"rendered":"<p>Camping lantern Varta L20 Outdoor Ambience SKU: 17666101111 EAN: 4008496046850 Splashproof (IPX4) and shockproof Light source: CREE High Power LED<\/p>\n","protected":false},"featured_media":24659,"template":"","meta":[],"product_brand":[],"product_cat":[402,335],"product_tag":[559,560,561,494],"class_list":{"0":"post-24653","1":"product","2":"type-product","3":"status-publish","4":"has-post-thumbnail","6":"product_cat-camping-lights","7":"product_cat-sports-and-leisure","8":"product_tag-camping-en","9":"product_tag-lantern-en","10":"product_tag-matkalamp-en","11":"product_tag-varta-en","13":"first","14":"instock","15":"taxable","16":"shipping-taxable","17":"purchasable","18":"product-type-simple"},"yoast_head":"<!-- This site is optimized with the Yoast SEO Premium plugin v20.0 (Yoast SEO v27.4) - https:\/\/yoast.com\/product\/yoast-seo-premium-wordpress\/ -->\n<title>Camping lantern Varta L20 6AA varta - Obender camping<\/title>\n<meta name=\"description\" content=\"Camping lantern Varta L20 6AA Varta Camping lantern Varta L20 6AA Camping Camping lantern Varta L20 6AA Lantern Camping lantern Varta L20 6AA Varta\" \/>\n<meta name=\"robots\" content=\"index, follow, max-snippet:-1, max-image-preview:large, max-video-preview:-1\" \/>\n<link rel=\"canonical\" href=\"https:\/\/obender.eu\/en\/toode\/matkalamp-varta-16666-led-150lm-3aa-kopeeri\/\" \/>\n<meta property=\"og:locale\" content=\"en_US\" \/>\n<meta property=\"og:type\" content=\"article\" \/>\n<meta property=\"og:title\" content=\"Camping lantern Varta L20 6AA\" \/>\n<meta property=\"og:description\" content=\"Camping lantern Varta L20 6AA Varta Camping lantern Varta L20 6AA Camping Camping lantern Varta L20 6AA Lantern Camping lantern Varta L20 6AA Varta\" \/>\n<meta property=\"og:url\" content=\"https:\/\/obender.eu\/en\/toode\/matkalamp-varta-16666-led-150lm-3aa-kopeeri\/\" \/>\n<meta property=\"og:site_name\" content=\"Obender\" \/>\n<meta property=\"article:modified_time\" content=\"2026-04-22T07:00:21+00:00\" \/>\n<meta property=\"og:image\" content=\"https:\/\/obender.eu\/wp-content\/uploads\/2023\/05\/4008496046850-1-1.jpg\" \/>\n\t<meta property=\"og:image:width\" content=\"800\" \/>\n\t<meta property=\"og:image:height\" content=\"800\" \/>\n\t<meta property=\"og:image:type\" content=\"image\/jpeg\" \/>\n<meta name=\"twitter:card\" content=\"summary_large_image\" \/>\n<meta name=\"twitter:label1\" content=\"Est. reading time\" \/>\n\t<meta name=\"twitter:data1\" content=\"1 minute\" \/>\n<script type=\"application\/ld+json\" class=\"yoast-schema-graph\">{\"@context\":\"https:\\\/\\\/schema.org\",\"@graph\":[{\"@type\":\"WebPage\",\"@id\":\"https:\\\/\\\/obender.eu\\\/en\\\/toode\\\/matkalamp-varta-16666-led-150lm-3aa-kopeeri\\\/\",\"url\":\"https:\\\/\\\/obender.eu\\\/en\\\/toode\\\/matkalamp-varta-16666-led-150lm-3aa-kopeeri\\\/\",\"name\":\"Camping lantern Varta L20 6AA varta - Obender camping\",\"isPartOf\":{\"@id\":\"https:\\\/\\\/www.obender.eu\\\/#website\"},\"primaryImageOfPage\":{\"@id\":\"https:\\\/\\\/obender.eu\\\/en\\\/toode\\\/matkalamp-varta-16666-led-150lm-3aa-kopeeri\\\/#primaryimage\"},\"image\":{\"@id\":\"https:\\\/\\\/obender.eu\\\/en\\\/toode\\\/matkalamp-varta-16666-led-150lm-3aa-kopeeri\\\/#primaryimage\"},\"thumbnailUrl\":\"https:\\\/\\\/obender.eu\\\/wp-content\\\/uploads\\\/2023\\\/05\\\/4008496046850-1-1.jpg\",\"datePublished\":\"2023-05-22T17:55:50+00:00\",\"dateModified\":\"2026-04-22T07:00:21+00:00\",\"description\":\"Camping lantern Varta L20 6AA Varta Camping lantern Varta L20 6AA Camping Camping lantern Varta L20 6AA Lantern Camping lantern Varta L20 6AA Varta\",\"breadcrumb\":{\"@id\":\"https:\\\/\\\/obender.eu\\\/en\\\/toode\\\/matkalamp-varta-16666-led-150lm-3aa-kopeeri\\\/#breadcrumb\"},\"inLanguage\":\"en-US\",\"potentialAction\":[{\"@type\":\"ReadAction\",\"target\":[\"https:\\\/\\\/obender.eu\\\/en\\\/toode\\\/matkalamp-varta-16666-led-150lm-3aa-kopeeri\\\/\"]}]},{\"@type\":\"ImageObject\",\"inLanguage\":\"en-US\",\"@id\":\"https:\\\/\\\/obender.eu\\\/en\\\/toode\\\/matkalamp-varta-16666-led-150lm-3aa-kopeeri\\\/#primaryimage\",\"url\":\"https:\\\/\\\/obender.eu\\\/wp-content\\\/uploads\\\/2023\\\/05\\\/4008496046850-1-1.jpg\",\"contentUrl\":\"https:\\\/\\\/obender.eu\\\/wp-content\\\/uploads\\\/2023\\\/05\\\/4008496046850-1-1.jpg\",\"width\":800,\"height\":800},{\"@type\":\"BreadcrumbList\",\"@id\":\"https:\\\/\\\/obender.eu\\\/en\\\/toode\\\/matkalamp-varta-16666-led-150lm-3aa-kopeeri\\\/#breadcrumb\",\"itemListElement\":[{\"@type\":\"ListItem\",\"position\":1,\"name\":\"Home\",\"item\":\"https:\\\/\\\/obender.eu\\\/en\\\/\"},{\"@type\":\"ListItem\",\"position\":2,\"name\":\"Tooted\",\"item\":\"https:\\\/\\\/www.obender.eu\\\/tooted\\\/\"},{\"@type\":\"ListItem\",\"position\":3,\"name\":\"Camping lantern Varta L20 6AA\"}]},{\"@type\":\"WebSite\",\"@id\":\"https:\\\/\\\/www.obender.eu\\\/#website\",\"url\":\"https:\\\/\\\/www.obender.eu\\\/\",\"name\":\"Obender\",\"description\":\"T\u00f6\u00f6stuskaupade hulgim\u00fc\u00fck\",\"potentialAction\":[{\"@type\":\"SearchAction\",\"target\":{\"@type\":\"EntryPoint\",\"urlTemplate\":\"https:\\\/\\\/www.obender.eu\\\/?s={search_term_string}\"},\"query-input\":{\"@type\":\"PropertyValueSpecification\",\"valueRequired\":true,\"valueName\":\"search_term_string\"}}],\"inLanguage\":\"en-US\"}]}<\/script>\n<!-- \/ Yoast SEO Premium plugin. -->","yoast_head_json":{"title":"Camping lantern Varta L20 6AA varta - Obender camping","description":"Camping lantern Varta L20 6AA Varta Camping lantern Varta L20 6AA Camping Camping lantern Varta L20 6AA Lantern Camping lantern Varta L20 6AA Varta","robots":{"index":"index","follow":"follow","max-snippet":"max-snippet:-1","max-image-preview":"max-image-preview:large","max-video-preview":"max-video-preview:-1"},"canonical":"https:\/\/obender.eu\/en\/toode\/matkalamp-varta-16666-led-150lm-3aa-kopeeri\/","og_locale":"en_US","og_type":"article","og_title":"Camping lantern Varta L20 6AA","og_description":"Camping lantern Varta L20 6AA Varta Camping lantern Varta L20 6AA Camping Camping lantern Varta L20 6AA Lantern Camping lantern Varta L20 6AA Varta","og_url":"https:\/\/obender.eu\/en\/toode\/matkalamp-varta-16666-led-150lm-3aa-kopeeri\/","og_site_name":"Obender","article_modified_time":"2026-04-22T07:00:21+00:00","og_image":[{"width":800,"height":800,"url":"https:\/\/obender.eu\/wp-content\/uploads\/2023\/05\/4008496046850-1-1.jpg","type":"image\/jpeg"}],"twitter_card":"summary_large_image","twitter_misc":{"Est. reading time":"1 minute"},"schema":{"@context":"https:\/\/schema.org","@graph":[{"@type":"WebPage","@id":"https:\/\/obender.eu\/en\/toode\/matkalamp-varta-16666-led-150lm-3aa-kopeeri\/","url":"https:\/\/obender.eu\/en\/toode\/matkalamp-varta-16666-led-150lm-3aa-kopeeri\/","name":"Camping lantern Varta L20 6AA varta - Obender camping","isPartOf":{"@id":"https:\/\/www.obender.eu\/#website"},"primaryImageOfPage":{"@id":"https:\/\/obender.eu\/en\/toode\/matkalamp-varta-16666-led-150lm-3aa-kopeeri\/#primaryimage"},"image":{"@id":"https:\/\/obender.eu\/en\/toode\/matkalamp-varta-16666-led-150lm-3aa-kopeeri\/#primaryimage"},"thumbnailUrl":"https:\/\/obender.eu\/wp-content\/uploads\/2023\/05\/4008496046850-1-1.jpg","datePublished":"2023-05-22T17:55:50+00:00","dateModified":"2026-04-22T07:00:21+00:00","description":"Camping lantern Varta L20 6AA Varta Camping lantern Varta L20 6AA Camping Camping lantern Varta L20 6AA Lantern Camping lantern Varta L20 6AA Varta","breadcrumb":{"@id":"https:\/\/obender.eu\/en\/toode\/matkalamp-varta-16666-led-150lm-3aa-kopeeri\/#breadcrumb"},"inLanguage":"en-US","potentialAction":[{"@type":"ReadAction","target":["https:\/\/obender.eu\/en\/toode\/matkalamp-varta-16666-led-150lm-3aa-kopeeri\/"]}]},{"@type":"ImageObject","inLanguage":"en-US","@id":"https:\/\/obender.eu\/en\/toode\/matkalamp-varta-16666-led-150lm-3aa-kopeeri\/#primaryimage","url":"https:\/\/obender.eu\/wp-content\/uploads\/2023\/05\/4008496046850-1-1.jpg","contentUrl":"https:\/\/obender.eu\/wp-content\/uploads\/2023\/05\/4008496046850-1-1.jpg","width":800,"height":800},{"@type":"BreadcrumbList","@id":"https:\/\/obender.eu\/en\/toode\/matkalamp-varta-16666-led-150lm-3aa-kopeeri\/#breadcrumb","itemListElement":[{"@type":"ListItem","position":1,"name":"Home","item":"https:\/\/obender.eu\/en\/"},{"@type":"ListItem","position":2,"name":"Tooted","item":"https:\/\/www.obender.eu\/tooted\/"},{"@type":"ListItem","position":3,"name":"Camping lantern Varta L20 6AA"}]},{"@type":"WebSite","@id":"https:\/\/www.obender.eu\/#website","url":"https:\/\/www.obender.eu\/","name":"Obender","description":"T\u00f6\u00f6stuskaupade hulgim\u00fc\u00fck","potentialAction":[{"@type":"SearchAction","target":{"@type":"EntryPoint","urlTemplate":"https:\/\/www.obender.eu\/?s={search_term_string}"},"query-input":{"@type":"PropertyValueSpecification","valueRequired":true,"valueName":"search_term_string"}}],"inLanguage":"en-US"}]}},"_links":{"self":[{"href":"https:\/\/obender.eu\/en\/wp-json\/wp\/v2\/product\/24653","targetHints":{"allow":["GET"]}}],"collection":[{"href":"https:\/\/obender.eu\/en\/wp-json\/wp\/v2\/product"}],"about":[{"href":"https:\/\/obender.eu\/en\/wp-json\/wp\/v2\/types\/product"}],"version-history":[{"count":5,"href":"https:\/\/obender.eu\/en\/wp-json\/wp\/v2\/product\/24653\/revisions"}],"predecessor-version":[{"id":31531,"href":"https:\/\/obender.eu\/en\/wp-json\/wp\/v2\/product\/24653\/revisions\/31531"}],"wp:featuredmedia":[{"embeddable":true,"href":"https:\/\/obender.eu\/en\/wp-json\/wp\/v2\/media\/24659"}],"wp:attachment":[{"href":"https:\/\/obender.eu\/en\/wp-json\/wp\/v2\/media?parent=24653"}],"wp:term":[{"taxonomy":"product_brand","embeddable":true,"href":"https:\/\/obender.eu\/en\/wp-json\/wp\/v2\/product_brand?post=24653"},{"taxonomy":"product_cat","embeddable":true,"href":"https:\/\/obender.eu\/en\/wp-json\/wp\/v2\/product_cat?post=24653"},{"taxonomy":"product_tag","embeddable":true,"href":"https:\/\/obender.eu\/en\/wp-json\/wp\/v2\/product_tag?post=24653"}],"curies":[{"name":"wp","href":"https:\/\/api.w.org\/{rel}","templated":true}]}}