{"id":24694,"date":"2023-05-22T22:42:02","date_gmt":"2023-05-22T19:42:02","guid":{"rendered":"https:\/\/obender.eu\/?post_type=product&#038;p=24694"},"modified":"2026-04-19T15:00:08","modified_gmt":"2026-04-19T12:00:08","slug":"dunamo-lamp-varta-17680-led-28lm-li-ion","status":"publish","type":"product","link":"https:\/\/obender.eu\/en\/toode\/dunamo-lamp-varta-17680-led-28lm-li-ion\/","title":{"rendered":"Flashlight Varta 17680 dynamo LED 28lm with Li-ion battery"},"content":{"rendered":"<p>Flashlightlight Varta 17680 dynamo<\/p>\n<p>EAN: 4008496677009<\/p>\n<p>Water proof (IPX4) and shock proof<\/p>\n<p>Light source: 3x 5mm LED 28lm 24m<\/p>\n<p>Body: ABS, PC, TPR<\/p>\n<p>Run time: max 1,5h<\/p>\n<p>Size: 42*52*142mm, 145g<\/p>\n<p>Power source: Li-ion 120mAh, 100% independent<\/p>\n<p>1 minut turning gives 30 minutes of light<\/p>\n","protected":false},"excerpt":{"rendered":"<p>Flashlightlight Varta 17680 dynamo EAN: 4008496677009 Water proof (IPX4) and shock proof Light source: 3x 5mm LED 28lm 24m Body:<\/p>\n","protected":false},"featured_media":24696,"template":"","meta":[],"product_brand":[],"product_cat":[402,307,381,380,335],"product_tag":[1131,1132,605,604,494],"class_list":{"0":"post-24694","1":"product","2":"type-product","3":"status-publish","4":"has-post-thumbnail","6":"product_cat-camping-lights","7":"product_cat-flashlights","8":"product_cat-home-and-office","9":"product_cat-home-and-office-equipment","10":"product_cat-sports-and-leisure","11":"product_tag-dunamo-en","12":"product_tag-dynamo-en","13":"product_tag-flashlight-en","14":"product_tag-taskulamp-en","15":"product_tag-varta-en","17":"first","18":"instock","19":"taxable","20":"shipping-taxable","21":"purchasable","22":"product-type-simple"},"yoast_head":"<!-- This site is optimized with the Yoast SEO Premium plugin v20.0 (Yoast SEO v27.4) - https:\/\/yoast.com\/product\/yoast-seo-premium-wordpress\/ -->\n<title>Flashlight Varta 17680 dynamo LED 28lm with Li-ion battery - Obender<\/title>\n<meta name=\"robots\" content=\"index, follow, max-snippet:-1, max-image-preview:large, max-video-preview:-1\" \/>\n<link rel=\"canonical\" href=\"https:\/\/obender.eu\/en\/toode\/dunamo-lamp-varta-17680-led-28lm-li-ion\/\" \/>\n<meta property=\"og:locale\" content=\"en_US\" \/>\n<meta property=\"og:type\" content=\"article\" \/>\n<meta property=\"og:title\" content=\"Flashlight Varta 17680 dynamo LED 28lm with Li-ion battery\" \/>\n<meta property=\"og:description\" content=\"Flashlightlight Varta 17680 dynamo EAN: 4008496677009 Water proof (IPX4) and shock proof Light source: 3x 5mm LED 28lm 24m Body:\" \/>\n<meta property=\"og:url\" content=\"https:\/\/obender.eu\/en\/toode\/dunamo-lamp-varta-17680-led-28lm-li-ion\/\" \/>\n<meta property=\"og:site_name\" content=\"Obender\" \/>\n<meta property=\"article:modified_time\" content=\"2026-04-19T12:00:08+00:00\" \/>\n<meta property=\"og:image\" content=\"https:\/\/obender.eu\/wp-content\/uploads\/2023\/05\/4008496677009.jpg\" \/>\n\t<meta property=\"og:image:width\" content=\"800\" \/>\n\t<meta property=\"og:image:height\" content=\"800\" \/>\n\t<meta property=\"og:image:type\" content=\"image\/jpeg\" \/>\n<meta name=\"twitter:card\" content=\"summary_large_image\" \/>\n<meta name=\"twitter:label1\" content=\"Est. reading time\" \/>\n\t<meta name=\"twitter:data1\" content=\"1 minute\" \/>\n<script type=\"application\/ld+json\" class=\"yoast-schema-graph\">{\"@context\":\"https:\\\/\\\/schema.org\",\"@graph\":[{\"@type\":\"WebPage\",\"@id\":\"https:\\\/\\\/obender.eu\\\/en\\\/toode\\\/dunamo-lamp-varta-17680-led-28lm-li-ion\\\/\",\"url\":\"https:\\\/\\\/obender.eu\\\/en\\\/toode\\\/dunamo-lamp-varta-17680-led-28lm-li-ion\\\/\",\"name\":\"Flashlight Varta 17680 dynamo LED 28lm with Li-ion battery - Obender\",\"isPartOf\":{\"@id\":\"https:\\\/\\\/www.obender.eu\\\/#website\"},\"primaryImageOfPage\":{\"@id\":\"https:\\\/\\\/obender.eu\\\/en\\\/toode\\\/dunamo-lamp-varta-17680-led-28lm-li-ion\\\/#primaryimage\"},\"image\":{\"@id\":\"https:\\\/\\\/obender.eu\\\/en\\\/toode\\\/dunamo-lamp-varta-17680-led-28lm-li-ion\\\/#primaryimage\"},\"thumbnailUrl\":\"https:\\\/\\\/obender.eu\\\/wp-content\\\/uploads\\\/2023\\\/05\\\/4008496677009.jpg\",\"datePublished\":\"2023-05-22T19:42:02+00:00\",\"dateModified\":\"2026-04-19T12:00:08+00:00\",\"breadcrumb\":{\"@id\":\"https:\\\/\\\/obender.eu\\\/en\\\/toode\\\/dunamo-lamp-varta-17680-led-28lm-li-ion\\\/#breadcrumb\"},\"inLanguage\":\"en-US\",\"potentialAction\":[{\"@type\":\"ReadAction\",\"target\":[\"https:\\\/\\\/obender.eu\\\/en\\\/toode\\\/dunamo-lamp-varta-17680-led-28lm-li-ion\\\/\"]}]},{\"@type\":\"ImageObject\",\"inLanguage\":\"en-US\",\"@id\":\"https:\\\/\\\/obender.eu\\\/en\\\/toode\\\/dunamo-lamp-varta-17680-led-28lm-li-ion\\\/#primaryimage\",\"url\":\"https:\\\/\\\/obender.eu\\\/wp-content\\\/uploads\\\/2023\\\/05\\\/4008496677009.jpg\",\"contentUrl\":\"https:\\\/\\\/obender.eu\\\/wp-content\\\/uploads\\\/2023\\\/05\\\/4008496677009.jpg\",\"width\":800,\"height\":800},{\"@type\":\"BreadcrumbList\",\"@id\":\"https:\\\/\\\/obender.eu\\\/en\\\/toode\\\/dunamo-lamp-varta-17680-led-28lm-li-ion\\\/#breadcrumb\",\"itemListElement\":[{\"@type\":\"ListItem\",\"position\":1,\"name\":\"Home\",\"item\":\"https:\\\/\\\/obender.eu\\\/en\\\/\"},{\"@type\":\"ListItem\",\"position\":2,\"name\":\"Tooted\",\"item\":\"https:\\\/\\\/www.obender.eu\\\/tooted\\\/\"},{\"@type\":\"ListItem\",\"position\":3,\"name\":\"Flashlight Varta 17680 dynamo LED 28lm with Li-ion battery\"}]},{\"@type\":\"WebSite\",\"@id\":\"https:\\\/\\\/www.obender.eu\\\/#website\",\"url\":\"https:\\\/\\\/www.obender.eu\\\/\",\"name\":\"Obender\",\"description\":\"T\u00f6\u00f6stuskaupade hulgim\u00fc\u00fck\",\"potentialAction\":[{\"@type\":\"SearchAction\",\"target\":{\"@type\":\"EntryPoint\",\"urlTemplate\":\"https:\\\/\\\/www.obender.eu\\\/?s={search_term_string}\"},\"query-input\":{\"@type\":\"PropertyValueSpecification\",\"valueRequired\":true,\"valueName\":\"search_term_string\"}}],\"inLanguage\":\"en-US\"}]}<\/script>\n<!-- \/ Yoast SEO Premium plugin. -->","yoast_head_json":{"title":"Flashlight Varta 17680 dynamo LED 28lm with Li-ion battery - Obender","robots":{"index":"index","follow":"follow","max-snippet":"max-snippet:-1","max-image-preview":"max-image-preview:large","max-video-preview":"max-video-preview:-1"},"canonical":"https:\/\/obender.eu\/en\/toode\/dunamo-lamp-varta-17680-led-28lm-li-ion\/","og_locale":"en_US","og_type":"article","og_title":"Flashlight Varta 17680 dynamo LED 28lm with Li-ion battery","og_description":"Flashlightlight Varta 17680 dynamo EAN: 4008496677009 Water proof (IPX4) and shock proof Light source: 3x 5mm LED 28lm 24m Body:","og_url":"https:\/\/obender.eu\/en\/toode\/dunamo-lamp-varta-17680-led-28lm-li-ion\/","og_site_name":"Obender","article_modified_time":"2026-04-19T12:00:08+00:00","og_image":[{"width":800,"height":800,"url":"https:\/\/obender.eu\/wp-content\/uploads\/2023\/05\/4008496677009.jpg","type":"image\/jpeg"}],"twitter_card":"summary_large_image","twitter_misc":{"Est. reading time":"1 minute"},"schema":{"@context":"https:\/\/schema.org","@graph":[{"@type":"WebPage","@id":"https:\/\/obender.eu\/en\/toode\/dunamo-lamp-varta-17680-led-28lm-li-ion\/","url":"https:\/\/obender.eu\/en\/toode\/dunamo-lamp-varta-17680-led-28lm-li-ion\/","name":"Flashlight Varta 17680 dynamo LED 28lm with Li-ion battery - Obender","isPartOf":{"@id":"https:\/\/www.obender.eu\/#website"},"primaryImageOfPage":{"@id":"https:\/\/obender.eu\/en\/toode\/dunamo-lamp-varta-17680-led-28lm-li-ion\/#primaryimage"},"image":{"@id":"https:\/\/obender.eu\/en\/toode\/dunamo-lamp-varta-17680-led-28lm-li-ion\/#primaryimage"},"thumbnailUrl":"https:\/\/obender.eu\/wp-content\/uploads\/2023\/05\/4008496677009.jpg","datePublished":"2023-05-22T19:42:02+00:00","dateModified":"2026-04-19T12:00:08+00:00","breadcrumb":{"@id":"https:\/\/obender.eu\/en\/toode\/dunamo-lamp-varta-17680-led-28lm-li-ion\/#breadcrumb"},"inLanguage":"en-US","potentialAction":[{"@type":"ReadAction","target":["https:\/\/obender.eu\/en\/toode\/dunamo-lamp-varta-17680-led-28lm-li-ion\/"]}]},{"@type":"ImageObject","inLanguage":"en-US","@id":"https:\/\/obender.eu\/en\/toode\/dunamo-lamp-varta-17680-led-28lm-li-ion\/#primaryimage","url":"https:\/\/obender.eu\/wp-content\/uploads\/2023\/05\/4008496677009.jpg","contentUrl":"https:\/\/obender.eu\/wp-content\/uploads\/2023\/05\/4008496677009.jpg","width":800,"height":800},{"@type":"BreadcrumbList","@id":"https:\/\/obender.eu\/en\/toode\/dunamo-lamp-varta-17680-led-28lm-li-ion\/#breadcrumb","itemListElement":[{"@type":"ListItem","position":1,"name":"Home","item":"https:\/\/obender.eu\/en\/"},{"@type":"ListItem","position":2,"name":"Tooted","item":"https:\/\/www.obender.eu\/tooted\/"},{"@type":"ListItem","position":3,"name":"Flashlight Varta 17680 dynamo LED 28lm with Li-ion battery"}]},{"@type":"WebSite","@id":"https:\/\/www.obender.eu\/#website","url":"https:\/\/www.obender.eu\/","name":"Obender","description":"T\u00f6\u00f6stuskaupade hulgim\u00fc\u00fck","potentialAction":[{"@type":"SearchAction","target":{"@type":"EntryPoint","urlTemplate":"https:\/\/www.obender.eu\/?s={search_term_string}"},"query-input":{"@type":"PropertyValueSpecification","valueRequired":true,"valueName":"search_term_string"}}],"inLanguage":"en-US"}]}},"_links":{"self":[{"href":"https:\/\/obender.eu\/en\/wp-json\/wp\/v2\/product\/24694","targetHints":{"allow":["GET"]}}],"collection":[{"href":"https:\/\/obender.eu\/en\/wp-json\/wp\/v2\/product"}],"about":[{"href":"https:\/\/obender.eu\/en\/wp-json\/wp\/v2\/types\/product"}],"version-history":[{"count":2,"href":"https:\/\/obender.eu\/en\/wp-json\/wp\/v2\/product\/24694\/revisions"}],"predecessor-version":[{"id":27562,"href":"https:\/\/obender.eu\/en\/wp-json\/wp\/v2\/product\/24694\/revisions\/27562"}],"wp:featuredmedia":[{"embeddable":true,"href":"https:\/\/obender.eu\/en\/wp-json\/wp\/v2\/media\/24696"}],"wp:attachment":[{"href":"https:\/\/obender.eu\/en\/wp-json\/wp\/v2\/media?parent=24694"}],"wp:term":[{"taxonomy":"product_brand","embeddable":true,"href":"https:\/\/obender.eu\/en\/wp-json\/wp\/v2\/product_brand?post=24694"},{"taxonomy":"product_cat","embeddable":true,"href":"https:\/\/obender.eu\/en\/wp-json\/wp\/v2\/product_cat?post=24694"},{"taxonomy":"product_tag","embeddable":true,"href":"https:\/\/obender.eu\/en\/wp-json\/wp\/v2\/product_tag?post=24694"}],"curies":[{"name":"wp","href":"https:\/\/api.w.org\/{rel}","templated":true}]}}