{"id":25026,"date":"2023-05-25T14:11:42","date_gmt":"2023-05-25T11:11:42","guid":{"rendered":"https:\/\/obender.eu\/?post_type=product&#038;p=25026"},"modified":"2026-04-20T05:01:00","modified_gmt":"2026-04-20T02:01:00","slug":"pulsar-fill-taitepulber-7g","status":"publish","type":"product","link":"https:\/\/obender.eu\/en\/toode\/pulsar-fill-taitepulber-7g\/","title":{"rendered":"Pulsar Fill powder filler 7g"},"content":{"rendered":"<p>Pulsar Fill powder filler 7g KPFA<\/p>\n<p>EAN: 5905722050249<\/p>\n<p>PULSAR FILL is a powder filler for cyanoacrylate adhesives.\u00a0It is used to use instant glue as a filler when the joint gap is too large.\u00a0The activator causes polymerization of cyanoacrylate adhesives under the most unfavorable conditions.\u00a0Thanks to the PULSAR FILL activator, the sensational bonding speed of cyanoacrylate adhesives has been combined with the filling capacity offered by epoxy adhesives.<\/p>\n<div>\n<div class=\"zastosowanie_wlasciwosci_tytul\">APPLICATION<\/div>\n<ul>\n<li>In combination with PULSAR FIX adhesives, it creates a hard and non-toxic coating resistant to water, oils, weak acids and temperatures ranging from -50\u00b0C to +160\u00b0C.<\/li>\n<li>The resulting coating can fill cavities and gaps in glued elements whose surfaces do not match.<\/li>\n<li>The adhesive polymerized with an activator does not tend to smoke or condense the surface around the joint.\u00a0Such a weld can be machined mechanically.<\/li>\n<\/ul>\n<\/div>\n<div>\n<div class=\"zastosowanie_wlasciwosci_tytul\">PRACTICAL TIPS<\/div>\n<ul>\n<li>Apply PULSAR FIX adhesive to the joint or run the adhesive into the crack.\u00a0Sprinkle the wet glue with a small amount of activator.<\/li>\n<li>Repeat the operation until the joint solidifies.<\/li>\n<li>Excess activator can be returned to the vial.<\/li>\n<\/ul>\n<\/div>\n","protected":false},"excerpt":{"rendered":"<p>Pulsar Fill powder filler 7g KPFA EAN: 5905722050249 PULSAR FILL is a powder filler for cyanoacrylate adhesives.\u00a0It is used to<\/p>\n","protected":false},"featured_media":25028,"template":"","meta":[],"product_brand":[],"product_cat":[275,270],"product_tag":[646],"class_list":{"0":"post-25026","1":"product","2":"type-product","3":"status-publish","4":"has-post-thumbnail","6":"product_cat-adhesives","7":"product_cat-chemical-products","8":"product_tag-pulsar-en","10":"first","11":"instock","12":"taxable","13":"shipping-taxable","14":"purchasable","15":"product-type-simple"},"yoast_head":"<!-- This site is optimized with the Yoast SEO Premium plugin v20.0 (Yoast SEO v27.4) - https:\/\/yoast.com\/product\/yoast-seo-premium-wordpress\/ -->\n<title>Pulsar Fill powder filler 7g - Obender<\/title>\n<meta name=\"robots\" content=\"index, follow, max-snippet:-1, max-image-preview:large, max-video-preview:-1\" \/>\n<link rel=\"canonical\" href=\"https:\/\/obender.eu\/en\/toode\/pulsar-fill-taitepulber-7g\/\" \/>\n<meta property=\"og:locale\" content=\"en_US\" \/>\n<meta property=\"og:type\" content=\"article\" \/>\n<meta property=\"og:title\" content=\"Pulsar Fill powder filler 7g\" \/>\n<meta property=\"og:description\" content=\"Pulsar Fill powder filler 7g KPFA EAN: 5905722050249 PULSAR FILL is a powder filler for cyanoacrylate adhesives.\u00a0It is used to\" \/>\n<meta property=\"og:url\" content=\"https:\/\/obender.eu\/en\/toode\/pulsar-fill-taitepulber-7g\/\" \/>\n<meta property=\"og:site_name\" content=\"Obender\" \/>\n<meta property=\"article:modified_time\" content=\"2026-04-20T02:01:00+00:00\" \/>\n<meta property=\"og:image\" content=\"https:\/\/obender.eu\/wp-content\/uploads\/2023\/05\/5905722050249.jpg\" \/>\n\t<meta property=\"og:image:width\" content=\"500\" \/>\n\t<meta property=\"og:image:height\" content=\"500\" \/>\n\t<meta property=\"og:image:type\" content=\"image\/jpeg\" \/>\n<meta name=\"twitter:card\" content=\"summary_large_image\" \/>\n<meta name=\"twitter:label1\" content=\"Est. reading time\" \/>\n\t<meta name=\"twitter:data1\" content=\"1 minute\" \/>\n<script type=\"application\/ld+json\" class=\"yoast-schema-graph\">{\"@context\":\"https:\\\/\\\/schema.org\",\"@graph\":[{\"@type\":\"WebPage\",\"@id\":\"https:\\\/\\\/obender.eu\\\/en\\\/toode\\\/pulsar-fill-taitepulber-7g\\\/\",\"url\":\"https:\\\/\\\/obender.eu\\\/en\\\/toode\\\/pulsar-fill-taitepulber-7g\\\/\",\"name\":\"Pulsar Fill powder filler 7g - Obender\",\"isPartOf\":{\"@id\":\"https:\\\/\\\/www.obender.eu\\\/#website\"},\"primaryImageOfPage\":{\"@id\":\"https:\\\/\\\/obender.eu\\\/en\\\/toode\\\/pulsar-fill-taitepulber-7g\\\/#primaryimage\"},\"image\":{\"@id\":\"https:\\\/\\\/obender.eu\\\/en\\\/toode\\\/pulsar-fill-taitepulber-7g\\\/#primaryimage\"},\"thumbnailUrl\":\"https:\\\/\\\/obender.eu\\\/wp-content\\\/uploads\\\/2023\\\/05\\\/5905722050249.jpg\",\"datePublished\":\"2023-05-25T11:11:42+00:00\",\"dateModified\":\"2026-04-20T02:01:00+00:00\",\"breadcrumb\":{\"@id\":\"https:\\\/\\\/obender.eu\\\/en\\\/toode\\\/pulsar-fill-taitepulber-7g\\\/#breadcrumb\"},\"inLanguage\":\"en-US\",\"potentialAction\":[{\"@type\":\"ReadAction\",\"target\":[\"https:\\\/\\\/obender.eu\\\/en\\\/toode\\\/pulsar-fill-taitepulber-7g\\\/\"]}]},{\"@type\":\"ImageObject\",\"inLanguage\":\"en-US\",\"@id\":\"https:\\\/\\\/obender.eu\\\/en\\\/toode\\\/pulsar-fill-taitepulber-7g\\\/#primaryimage\",\"url\":\"https:\\\/\\\/obender.eu\\\/wp-content\\\/uploads\\\/2023\\\/05\\\/5905722050249.jpg\",\"contentUrl\":\"https:\\\/\\\/obender.eu\\\/wp-content\\\/uploads\\\/2023\\\/05\\\/5905722050249.jpg\",\"width\":500,\"height\":500},{\"@type\":\"BreadcrumbList\",\"@id\":\"https:\\\/\\\/obender.eu\\\/en\\\/toode\\\/pulsar-fill-taitepulber-7g\\\/#breadcrumb\",\"itemListElement\":[{\"@type\":\"ListItem\",\"position\":1,\"name\":\"Home\",\"item\":\"https:\\\/\\\/obender.eu\\\/en\\\/\"},{\"@type\":\"ListItem\",\"position\":2,\"name\":\"Tooted\",\"item\":\"https:\\\/\\\/www.obender.eu\\\/tooted\\\/\"},{\"@type\":\"ListItem\",\"position\":3,\"name\":\"Pulsar Fill powder filler 7g\"}]},{\"@type\":\"WebSite\",\"@id\":\"https:\\\/\\\/www.obender.eu\\\/#website\",\"url\":\"https:\\\/\\\/www.obender.eu\\\/\",\"name\":\"Obender\",\"description\":\"T\u00f6\u00f6stuskaupade hulgim\u00fc\u00fck\",\"potentialAction\":[{\"@type\":\"SearchAction\",\"target\":{\"@type\":\"EntryPoint\",\"urlTemplate\":\"https:\\\/\\\/www.obender.eu\\\/?s={search_term_string}\"},\"query-input\":{\"@type\":\"PropertyValueSpecification\",\"valueRequired\":true,\"valueName\":\"search_term_string\"}}],\"inLanguage\":\"en-US\"}]}<\/script>\n<!-- \/ Yoast SEO Premium plugin. -->","yoast_head_json":{"title":"Pulsar Fill powder filler 7g - Obender","robots":{"index":"index","follow":"follow","max-snippet":"max-snippet:-1","max-image-preview":"max-image-preview:large","max-video-preview":"max-video-preview:-1"},"canonical":"https:\/\/obender.eu\/en\/toode\/pulsar-fill-taitepulber-7g\/","og_locale":"en_US","og_type":"article","og_title":"Pulsar Fill powder filler 7g","og_description":"Pulsar Fill powder filler 7g KPFA EAN: 5905722050249 PULSAR FILL is a powder filler for cyanoacrylate adhesives.\u00a0It is used to","og_url":"https:\/\/obender.eu\/en\/toode\/pulsar-fill-taitepulber-7g\/","og_site_name":"Obender","article_modified_time":"2026-04-20T02:01:00+00:00","og_image":[{"width":500,"height":500,"url":"https:\/\/obender.eu\/wp-content\/uploads\/2023\/05\/5905722050249.jpg","type":"image\/jpeg"}],"twitter_card":"summary_large_image","twitter_misc":{"Est. reading time":"1 minute"},"schema":{"@context":"https:\/\/schema.org","@graph":[{"@type":"WebPage","@id":"https:\/\/obender.eu\/en\/toode\/pulsar-fill-taitepulber-7g\/","url":"https:\/\/obender.eu\/en\/toode\/pulsar-fill-taitepulber-7g\/","name":"Pulsar Fill powder filler 7g - Obender","isPartOf":{"@id":"https:\/\/www.obender.eu\/#website"},"primaryImageOfPage":{"@id":"https:\/\/obender.eu\/en\/toode\/pulsar-fill-taitepulber-7g\/#primaryimage"},"image":{"@id":"https:\/\/obender.eu\/en\/toode\/pulsar-fill-taitepulber-7g\/#primaryimage"},"thumbnailUrl":"https:\/\/obender.eu\/wp-content\/uploads\/2023\/05\/5905722050249.jpg","datePublished":"2023-05-25T11:11:42+00:00","dateModified":"2026-04-20T02:01:00+00:00","breadcrumb":{"@id":"https:\/\/obender.eu\/en\/toode\/pulsar-fill-taitepulber-7g\/#breadcrumb"},"inLanguage":"en-US","potentialAction":[{"@type":"ReadAction","target":["https:\/\/obender.eu\/en\/toode\/pulsar-fill-taitepulber-7g\/"]}]},{"@type":"ImageObject","inLanguage":"en-US","@id":"https:\/\/obender.eu\/en\/toode\/pulsar-fill-taitepulber-7g\/#primaryimage","url":"https:\/\/obender.eu\/wp-content\/uploads\/2023\/05\/5905722050249.jpg","contentUrl":"https:\/\/obender.eu\/wp-content\/uploads\/2023\/05\/5905722050249.jpg","width":500,"height":500},{"@type":"BreadcrumbList","@id":"https:\/\/obender.eu\/en\/toode\/pulsar-fill-taitepulber-7g\/#breadcrumb","itemListElement":[{"@type":"ListItem","position":1,"name":"Home","item":"https:\/\/obender.eu\/en\/"},{"@type":"ListItem","position":2,"name":"Tooted","item":"https:\/\/www.obender.eu\/tooted\/"},{"@type":"ListItem","position":3,"name":"Pulsar Fill powder filler 7g"}]},{"@type":"WebSite","@id":"https:\/\/www.obender.eu\/#website","url":"https:\/\/www.obender.eu\/","name":"Obender","description":"T\u00f6\u00f6stuskaupade hulgim\u00fc\u00fck","potentialAction":[{"@type":"SearchAction","target":{"@type":"EntryPoint","urlTemplate":"https:\/\/www.obender.eu\/?s={search_term_string}"},"query-input":{"@type":"PropertyValueSpecification","valueRequired":true,"valueName":"search_term_string"}}],"inLanguage":"en-US"}]}},"_links":{"self":[{"href":"https:\/\/obender.eu\/en\/wp-json\/wp\/v2\/product\/25026","targetHints":{"allow":["GET"]}}],"collection":[{"href":"https:\/\/obender.eu\/en\/wp-json\/wp\/v2\/product"}],"about":[{"href":"https:\/\/obender.eu\/en\/wp-json\/wp\/v2\/types\/product"}],"version-history":[{"count":2,"href":"https:\/\/obender.eu\/en\/wp-json\/wp\/v2\/product\/25026\/revisions"}],"predecessor-version":[{"id":25031,"href":"https:\/\/obender.eu\/en\/wp-json\/wp\/v2\/product\/25026\/revisions\/25031"}],"wp:featuredmedia":[{"embeddable":true,"href":"https:\/\/obender.eu\/en\/wp-json\/wp\/v2\/media\/25028"}],"wp:attachment":[{"href":"https:\/\/obender.eu\/en\/wp-json\/wp\/v2\/media?parent=25026"}],"wp:term":[{"taxonomy":"product_brand","embeddable":true,"href":"https:\/\/obender.eu\/en\/wp-json\/wp\/v2\/product_brand?post=25026"},{"taxonomy":"product_cat","embeddable":true,"href":"https:\/\/obender.eu\/en\/wp-json\/wp\/v2\/product_cat?post=25026"},{"taxonomy":"product_tag","embeddable":true,"href":"https:\/\/obender.eu\/en\/wp-json\/wp\/v2\/product_tag?post=25026"}],"curies":[{"name":"wp","href":"https:\/\/api.w.org\/{rel}","templated":true}]}}