{"id":25114,"date":"2023-05-25T21:24:32","date_gmt":"2023-05-25T18:24:32","guid":{"rendered":"https:\/\/obender.eu\/?post_type=product&#038;p=25114"},"modified":"2026-04-20T07:00:50","modified_gmt":"2026-04-20T04:00:50","slug":"varta-liitium-6205-cr123a-30v-1480-mah-bl2","status":"publish","type":"product","link":"https:\/\/obender.eu\/en\/toode\/varta-liitium-6205-cr123a-30v-1480-mah-bl2\/","title":{"rendered":"Varta Lithium battery CR123A 3,0V 1480 mAh BL2"},"content":{"rendered":"<p>Varta Lithium battery CR123A 6205<\/p>\n<p>3,0V 1480 mAh BL2<\/p>\n<p>SKU: 6205301402<\/p>\n<p>EAN: 4008496537327<\/p>\n","protected":false},"excerpt":{"rendered":"<p>Varta Lithium battery CR123A 6205 3,0V 1480 mAh BL2 SKU: 6205301402 EAN: 4008496537327<\/p>\n","protected":false},"featured_media":25116,"template":"","meta":[],"product_brand":[],"product_cat":[286,289],"product_tag":[873,1211,1189,1190,874,494],"class_list":{"0":"post-25114","1":"product","2":"type-product","3":"status-publish","4":"has-post-thumbnail","6":"product_cat-batteries","7":"product_cat-photo-lithium","8":"product_tag-battery-en","9":"product_tag-cr123-en","10":"product_tag-liitium-en","11":"product_tag-lithium-en","12":"product_tag-patarei-en","13":"product_tag-varta-en","15":"first","16":"instock","17":"taxable","18":"shipping-taxable","19":"purchasable","20":"product-type-simple"},"yoast_head":"<!-- This site is optimized with the Yoast SEO Premium plugin v20.0 (Yoast SEO v27.4) - https:\/\/yoast.com\/product\/yoast-seo-premium-wordpress\/ -->\n<title>Varta Lithium battery CR123A 3,0V 1480 mAh BL2 - Obender<\/title>\n<meta name=\"robots\" content=\"index, follow, max-snippet:-1, max-image-preview:large, max-video-preview:-1\" \/>\n<link rel=\"canonical\" href=\"https:\/\/obender.eu\/en\/toode\/varta-liitium-6205-cr123a-30v-1480-mah-bl2\/\" \/>\n<meta property=\"og:locale\" content=\"en_US\" \/>\n<meta property=\"og:type\" content=\"article\" \/>\n<meta property=\"og:title\" content=\"Varta Lithium battery CR123A 3,0V 1480 mAh BL2\" \/>\n<meta property=\"og:description\" content=\"Varta Lithium battery CR123A 6205 3,0V 1480 mAh BL2 SKU: 6205301402 EAN: 4008496537327\" \/>\n<meta property=\"og:url\" content=\"https:\/\/obender.eu\/en\/toode\/varta-liitium-6205-cr123a-30v-1480-mah-bl2\/\" \/>\n<meta property=\"og:site_name\" content=\"Obender\" \/>\n<meta property=\"article:modified_time\" content=\"2026-04-20T04:00:50+00:00\" \/>\n<meta property=\"og:image\" content=\"https:\/\/obender.eu\/wp-content\/uploads\/2023\/05\/4008496537327.jpg\" \/>\n\t<meta property=\"og:image:width\" content=\"600\" \/>\n\t<meta property=\"og:image:height\" content=\"600\" \/>\n\t<meta property=\"og:image:type\" content=\"image\/jpeg\" \/>\n<meta name=\"twitter:card\" content=\"summary_large_image\" \/>\n<meta name=\"twitter:label1\" content=\"Est. reading time\" \/>\n\t<meta name=\"twitter:data1\" content=\"1 minute\" \/>\n<script type=\"application\/ld+json\" class=\"yoast-schema-graph\">{\"@context\":\"https:\\\/\\\/schema.org\",\"@graph\":[{\"@type\":\"WebPage\",\"@id\":\"https:\\\/\\\/obender.eu\\\/en\\\/toode\\\/varta-liitium-6205-cr123a-30v-1480-mah-bl2\\\/\",\"url\":\"https:\\\/\\\/obender.eu\\\/en\\\/toode\\\/varta-liitium-6205-cr123a-30v-1480-mah-bl2\\\/\",\"name\":\"Varta Lithium battery CR123A 3,0V 1480 mAh BL2 - Obender\",\"isPartOf\":{\"@id\":\"https:\\\/\\\/www.obender.eu\\\/#website\"},\"primaryImageOfPage\":{\"@id\":\"https:\\\/\\\/obender.eu\\\/en\\\/toode\\\/varta-liitium-6205-cr123a-30v-1480-mah-bl2\\\/#primaryimage\"},\"image\":{\"@id\":\"https:\\\/\\\/obender.eu\\\/en\\\/toode\\\/varta-liitium-6205-cr123a-30v-1480-mah-bl2\\\/#primaryimage\"},\"thumbnailUrl\":\"https:\\\/\\\/www.obender.eu\\\/wp-content\\\/uploads\\\/2023\\\/05\\\/4008496537327.jpg\",\"datePublished\":\"2023-05-25T18:24:32+00:00\",\"dateModified\":\"2026-04-20T04:00:50+00:00\",\"breadcrumb\":{\"@id\":\"https:\\\/\\\/obender.eu\\\/en\\\/toode\\\/varta-liitium-6205-cr123a-30v-1480-mah-bl2\\\/#breadcrumb\"},\"inLanguage\":\"en-US\",\"potentialAction\":[{\"@type\":\"ReadAction\",\"target\":[\"https:\\\/\\\/obender.eu\\\/en\\\/toode\\\/varta-liitium-6205-cr123a-30v-1480-mah-bl2\\\/\"]}]},{\"@type\":\"ImageObject\",\"inLanguage\":\"en-US\",\"@id\":\"https:\\\/\\\/obender.eu\\\/en\\\/toode\\\/varta-liitium-6205-cr123a-30v-1480-mah-bl2\\\/#primaryimage\",\"url\":\"https:\\\/\\\/www.obender.eu\\\/wp-content\\\/uploads\\\/2023\\\/05\\\/4008496537327.jpg\",\"contentUrl\":\"https:\\\/\\\/www.obender.eu\\\/wp-content\\\/uploads\\\/2023\\\/05\\\/4008496537327.jpg\",\"width\":600,\"height\":600},{\"@type\":\"BreadcrumbList\",\"@id\":\"https:\\\/\\\/obender.eu\\\/en\\\/toode\\\/varta-liitium-6205-cr123a-30v-1480-mah-bl2\\\/#breadcrumb\",\"itemListElement\":[{\"@type\":\"ListItem\",\"position\":1,\"name\":\"Home\",\"item\":\"https:\\\/\\\/obender.eu\\\/en\\\/\"},{\"@type\":\"ListItem\",\"position\":2,\"name\":\"Tooted\",\"item\":\"https:\\\/\\\/www.obender.eu\\\/tooted\\\/\"},{\"@type\":\"ListItem\",\"position\":3,\"name\":\"Varta Lithium battery CR123A 3,0V 1480 mAh BL2\"}]},{\"@type\":\"WebSite\",\"@id\":\"https:\\\/\\\/www.obender.eu\\\/#website\",\"url\":\"https:\\\/\\\/www.obender.eu\\\/\",\"name\":\"Obender\",\"description\":\"T\u00f6\u00f6stuskaupade hulgim\u00fc\u00fck\",\"potentialAction\":[{\"@type\":\"SearchAction\",\"target\":{\"@type\":\"EntryPoint\",\"urlTemplate\":\"https:\\\/\\\/www.obender.eu\\\/?s={search_term_string}\"},\"query-input\":{\"@type\":\"PropertyValueSpecification\",\"valueRequired\":true,\"valueName\":\"search_term_string\"}}],\"inLanguage\":\"en-US\"}]}<\/script>\n<!-- \/ Yoast SEO Premium plugin. -->","yoast_head_json":{"title":"Varta Lithium battery CR123A 3,0V 1480 mAh BL2 - Obender","robots":{"index":"index","follow":"follow","max-snippet":"max-snippet:-1","max-image-preview":"max-image-preview:large","max-video-preview":"max-video-preview:-1"},"canonical":"https:\/\/obender.eu\/en\/toode\/varta-liitium-6205-cr123a-30v-1480-mah-bl2\/","og_locale":"en_US","og_type":"article","og_title":"Varta Lithium battery CR123A 3,0V 1480 mAh BL2","og_description":"Varta Lithium battery CR123A 6205 3,0V 1480 mAh BL2 SKU: 6205301402 EAN: 4008496537327","og_url":"https:\/\/obender.eu\/en\/toode\/varta-liitium-6205-cr123a-30v-1480-mah-bl2\/","og_site_name":"Obender","article_modified_time":"2026-04-20T04:00:50+00:00","og_image":[{"width":600,"height":600,"url":"https:\/\/obender.eu\/wp-content\/uploads\/2023\/05\/4008496537327.jpg","type":"image\/jpeg"}],"twitter_card":"summary_large_image","twitter_misc":{"Est. reading time":"1 minute"},"schema":{"@context":"https:\/\/schema.org","@graph":[{"@type":"WebPage","@id":"https:\/\/obender.eu\/en\/toode\/varta-liitium-6205-cr123a-30v-1480-mah-bl2\/","url":"https:\/\/obender.eu\/en\/toode\/varta-liitium-6205-cr123a-30v-1480-mah-bl2\/","name":"Varta Lithium battery CR123A 3,0V 1480 mAh BL2 - Obender","isPartOf":{"@id":"https:\/\/www.obender.eu\/#website"},"primaryImageOfPage":{"@id":"https:\/\/obender.eu\/en\/toode\/varta-liitium-6205-cr123a-30v-1480-mah-bl2\/#primaryimage"},"image":{"@id":"https:\/\/obender.eu\/en\/toode\/varta-liitium-6205-cr123a-30v-1480-mah-bl2\/#primaryimage"},"thumbnailUrl":"https:\/\/www.obender.eu\/wp-content\/uploads\/2023\/05\/4008496537327.jpg","datePublished":"2023-05-25T18:24:32+00:00","dateModified":"2026-04-20T04:00:50+00:00","breadcrumb":{"@id":"https:\/\/obender.eu\/en\/toode\/varta-liitium-6205-cr123a-30v-1480-mah-bl2\/#breadcrumb"},"inLanguage":"en-US","potentialAction":[{"@type":"ReadAction","target":["https:\/\/obender.eu\/en\/toode\/varta-liitium-6205-cr123a-30v-1480-mah-bl2\/"]}]},{"@type":"ImageObject","inLanguage":"en-US","@id":"https:\/\/obender.eu\/en\/toode\/varta-liitium-6205-cr123a-30v-1480-mah-bl2\/#primaryimage","url":"https:\/\/www.obender.eu\/wp-content\/uploads\/2023\/05\/4008496537327.jpg","contentUrl":"https:\/\/www.obender.eu\/wp-content\/uploads\/2023\/05\/4008496537327.jpg","width":600,"height":600},{"@type":"BreadcrumbList","@id":"https:\/\/obender.eu\/en\/toode\/varta-liitium-6205-cr123a-30v-1480-mah-bl2\/#breadcrumb","itemListElement":[{"@type":"ListItem","position":1,"name":"Home","item":"https:\/\/obender.eu\/en\/"},{"@type":"ListItem","position":2,"name":"Tooted","item":"https:\/\/www.obender.eu\/tooted\/"},{"@type":"ListItem","position":3,"name":"Varta Lithium battery CR123A 3,0V 1480 mAh BL2"}]},{"@type":"WebSite","@id":"https:\/\/www.obender.eu\/#website","url":"https:\/\/www.obender.eu\/","name":"Obender","description":"T\u00f6\u00f6stuskaupade hulgim\u00fc\u00fck","potentialAction":[{"@type":"SearchAction","target":{"@type":"EntryPoint","urlTemplate":"https:\/\/www.obender.eu\/?s={search_term_string}"},"query-input":{"@type":"PropertyValueSpecification","valueRequired":true,"valueName":"search_term_string"}}],"inLanguage":"en-US"}]}},"_links":{"self":[{"href":"https:\/\/obender.eu\/en\/wp-json\/wp\/v2\/product\/25114","targetHints":{"allow":["GET"]}}],"collection":[{"href":"https:\/\/obender.eu\/en\/wp-json\/wp\/v2\/product"}],"about":[{"href":"https:\/\/obender.eu\/en\/wp-json\/wp\/v2\/types\/product"}],"version-history":[{"count":3,"href":"https:\/\/obender.eu\/en\/wp-json\/wp\/v2\/product\/25114\/revisions"}],"predecessor-version":[{"id":27752,"href":"https:\/\/obender.eu\/en\/wp-json\/wp\/v2\/product\/25114\/revisions\/27752"}],"wp:featuredmedia":[{"embeddable":true,"href":"https:\/\/obender.eu\/en\/wp-json\/wp\/v2\/media\/25116"}],"wp:attachment":[{"href":"https:\/\/obender.eu\/en\/wp-json\/wp\/v2\/media?parent=25114"}],"wp:term":[{"taxonomy":"product_brand","embeddable":true,"href":"https:\/\/obender.eu\/en\/wp-json\/wp\/v2\/product_brand?post=25114"},{"taxonomy":"product_cat","embeddable":true,"href":"https:\/\/obender.eu\/en\/wp-json\/wp\/v2\/product_cat?post=25114"},{"taxonomy":"product_tag","embeddable":true,"href":"https:\/\/obender.eu\/en\/wp-json\/wp\/v2\/product_tag?post=25114"}],"curies":[{"name":"wp","href":"https:\/\/api.w.org\/{rel}","templated":true}]}}