{"id":25631,"date":"2023-05-28T21:07:15","date_gmt":"2023-05-28T18:07:15","guid":{"rendered":"https:\/\/obender.eu\/?post_type=product&#038;p=25631"},"modified":"2026-05-04T00:00:59","modified_gmt":"2026-05-03T21:00:59","slug":"telefonihoidik-platinet-mango-puchmb-qi-laadijaga","status":"publish","type":"product","link":"https:\/\/obender.eu\/en\/toode\/telefonihoidik-platinet-mango-puchmb-qi-laadijaga\/","title":{"rendered":"Phone holder Platinet Mango PUCHMB with Qi charger"},"content":{"rendered":"<p>Phone holder Platinet Mango PUCHMB<\/p>\n<p>EAN: 5907595454568<\/p>\n<p>mechanical clamp for air vent<\/p>\n<p>Qi charger 10W and Micro USB 1m data cable included<\/p>\n<p>5V \/ 2A, 9V \/ 1.67A<\/p>\n","protected":false},"excerpt":{"rendered":"<p>Phone holder Platinet Mango PUCHMB EAN: 5907595454568 mechanical clamp for air vent Qi charger 10W and Micro USB 1m data<\/p>\n","protected":false},"featured_media":25633,"template":"","meta":[],"product_brand":[],"product_cat":[299,394],"product_tag":[767,769],"class_list":{"0":"post-25631","1":"product","2":"type-product","3":"status-publish","4":"has-post-thumbnail","6":"product_cat-phone-holders-and-chargers","7":"product_cat-smartphone-holders","8":"product_tag-hoidik-en","9":"product_tag-holder-en","11":"first","12":"instock","13":"taxable","14":"shipping-taxable","15":"purchasable","16":"product-type-simple"},"yoast_head":"<!-- This site is optimized with the Yoast SEO Premium plugin v20.0 (Yoast SEO v27.5) - https:\/\/yoast.com\/product\/yoast-seo-premium-wordpress\/ -->\n<title>Phone holder Platinet Mango PUCHMB with Qi charger - Obender<\/title>\n<meta name=\"robots\" content=\"index, follow, max-snippet:-1, max-image-preview:large, max-video-preview:-1\" \/>\n<link rel=\"canonical\" href=\"https:\/\/obender.eu\/en\/toode\/telefonihoidik-platinet-mango-puchmb-qi-laadijaga\/\" \/>\n<meta property=\"og:locale\" content=\"en_US\" \/>\n<meta property=\"og:type\" content=\"article\" \/>\n<meta property=\"og:title\" content=\"Phone holder Platinet Mango PUCHMB with Qi charger\" \/>\n<meta property=\"og:description\" content=\"Phone holder Platinet Mango PUCHMB EAN: 5907595454568 mechanical clamp for air vent Qi charger 10W and Micro USB 1m data\" \/>\n<meta property=\"og:url\" content=\"https:\/\/obender.eu\/en\/toode\/telefonihoidik-platinet-mango-puchmb-qi-laadijaga\/\" \/>\n<meta property=\"og:site_name\" content=\"Obender\" \/>\n<meta property=\"article:modified_time\" content=\"2026-05-03T21:00:59+00:00\" \/>\n<meta property=\"og:image\" content=\"https:\/\/obender.eu\/wp-content\/uploads\/2023\/05\/5907595454568.jpg\" \/>\n\t<meta property=\"og:image:width\" content=\"800\" \/>\n\t<meta property=\"og:image:height\" content=\"800\" \/>\n\t<meta property=\"og:image:type\" content=\"image\/jpeg\" \/>\n<meta name=\"twitter:card\" content=\"summary_large_image\" \/>\n<meta name=\"twitter:label1\" content=\"Est. reading time\" \/>\n\t<meta name=\"twitter:data1\" content=\"1 minute\" \/>\n<script type=\"application\/ld+json\" class=\"yoast-schema-graph\">{\"@context\":\"https:\\\/\\\/schema.org\",\"@graph\":[{\"@type\":\"WebPage\",\"@id\":\"https:\\\/\\\/obender.eu\\\/en\\\/toode\\\/telefonihoidik-platinet-mango-puchmb-qi-laadijaga\\\/\",\"url\":\"https:\\\/\\\/obender.eu\\\/en\\\/toode\\\/telefonihoidik-platinet-mango-puchmb-qi-laadijaga\\\/\",\"name\":\"Phone holder Platinet Mango PUCHMB with Qi charger - Obender\",\"isPartOf\":{\"@id\":\"https:\\\/\\\/www.obender.eu\\\/#website\"},\"primaryImageOfPage\":{\"@id\":\"https:\\\/\\\/obender.eu\\\/en\\\/toode\\\/telefonihoidik-platinet-mango-puchmb-qi-laadijaga\\\/#primaryimage\"},\"image\":{\"@id\":\"https:\\\/\\\/obender.eu\\\/en\\\/toode\\\/telefonihoidik-platinet-mango-puchmb-qi-laadijaga\\\/#primaryimage\"},\"thumbnailUrl\":\"https:\\\/\\\/obender.eu\\\/wp-content\\\/uploads\\\/2023\\\/05\\\/5907595454568.jpg\",\"datePublished\":\"2023-05-28T18:07:15+00:00\",\"dateModified\":\"2026-05-03T21:00:59+00:00\",\"breadcrumb\":{\"@id\":\"https:\\\/\\\/obender.eu\\\/en\\\/toode\\\/telefonihoidik-platinet-mango-puchmb-qi-laadijaga\\\/#breadcrumb\"},\"inLanguage\":\"en-US\",\"potentialAction\":[{\"@type\":\"ReadAction\",\"target\":[\"https:\\\/\\\/obender.eu\\\/en\\\/toode\\\/telefonihoidik-platinet-mango-puchmb-qi-laadijaga\\\/\"]}]},{\"@type\":\"ImageObject\",\"inLanguage\":\"en-US\",\"@id\":\"https:\\\/\\\/obender.eu\\\/en\\\/toode\\\/telefonihoidik-platinet-mango-puchmb-qi-laadijaga\\\/#primaryimage\",\"url\":\"https:\\\/\\\/obender.eu\\\/wp-content\\\/uploads\\\/2023\\\/05\\\/5907595454568.jpg\",\"contentUrl\":\"https:\\\/\\\/obender.eu\\\/wp-content\\\/uploads\\\/2023\\\/05\\\/5907595454568.jpg\",\"width\":800,\"height\":800},{\"@type\":\"BreadcrumbList\",\"@id\":\"https:\\\/\\\/obender.eu\\\/en\\\/toode\\\/telefonihoidik-platinet-mango-puchmb-qi-laadijaga\\\/#breadcrumb\",\"itemListElement\":[{\"@type\":\"ListItem\",\"position\":1,\"name\":\"Home\",\"item\":\"https:\\\/\\\/obender.eu\\\/en\\\/\"},{\"@type\":\"ListItem\",\"position\":2,\"name\":\"Tooted\",\"item\":\"https:\\\/\\\/www.obender.eu\\\/tooted\\\/\"},{\"@type\":\"ListItem\",\"position\":3,\"name\":\"Phone holder Platinet Mango PUCHMB with Qi charger\"}]},{\"@type\":\"WebSite\",\"@id\":\"https:\\\/\\\/www.obender.eu\\\/#website\",\"url\":\"https:\\\/\\\/www.obender.eu\\\/\",\"name\":\"Obender\",\"description\":\"T\u00f6\u00f6stuskaupade hulgim\u00fc\u00fck\",\"potentialAction\":[{\"@type\":\"SearchAction\",\"target\":{\"@type\":\"EntryPoint\",\"urlTemplate\":\"https:\\\/\\\/www.obender.eu\\\/?s={search_term_string}\"},\"query-input\":{\"@type\":\"PropertyValueSpecification\",\"valueRequired\":true,\"valueName\":\"search_term_string\"}}],\"inLanguage\":\"en-US\"}]}<\/script>\n<!-- \/ Yoast SEO Premium plugin. -->","yoast_head_json":{"title":"Phone holder Platinet Mango PUCHMB with Qi charger - Obender","robots":{"index":"index","follow":"follow","max-snippet":"max-snippet:-1","max-image-preview":"max-image-preview:large","max-video-preview":"max-video-preview:-1"},"canonical":"https:\/\/obender.eu\/en\/toode\/telefonihoidik-platinet-mango-puchmb-qi-laadijaga\/","og_locale":"en_US","og_type":"article","og_title":"Phone holder Platinet Mango PUCHMB with Qi charger","og_description":"Phone holder Platinet Mango PUCHMB EAN: 5907595454568 mechanical clamp for air vent Qi charger 10W and Micro USB 1m data","og_url":"https:\/\/obender.eu\/en\/toode\/telefonihoidik-platinet-mango-puchmb-qi-laadijaga\/","og_site_name":"Obender","article_modified_time":"2026-05-03T21:00:59+00:00","og_image":[{"width":800,"height":800,"url":"https:\/\/obender.eu\/wp-content\/uploads\/2023\/05\/5907595454568.jpg","type":"image\/jpeg"}],"twitter_card":"summary_large_image","twitter_misc":{"Est. reading time":"1 minute"},"schema":{"@context":"https:\/\/schema.org","@graph":[{"@type":"WebPage","@id":"https:\/\/obender.eu\/en\/toode\/telefonihoidik-platinet-mango-puchmb-qi-laadijaga\/","url":"https:\/\/obender.eu\/en\/toode\/telefonihoidik-platinet-mango-puchmb-qi-laadijaga\/","name":"Phone holder Platinet Mango PUCHMB with Qi charger - Obender","isPartOf":{"@id":"https:\/\/www.obender.eu\/#website"},"primaryImageOfPage":{"@id":"https:\/\/obender.eu\/en\/toode\/telefonihoidik-platinet-mango-puchmb-qi-laadijaga\/#primaryimage"},"image":{"@id":"https:\/\/obender.eu\/en\/toode\/telefonihoidik-platinet-mango-puchmb-qi-laadijaga\/#primaryimage"},"thumbnailUrl":"https:\/\/obender.eu\/wp-content\/uploads\/2023\/05\/5907595454568.jpg","datePublished":"2023-05-28T18:07:15+00:00","dateModified":"2026-05-03T21:00:59+00:00","breadcrumb":{"@id":"https:\/\/obender.eu\/en\/toode\/telefonihoidik-platinet-mango-puchmb-qi-laadijaga\/#breadcrumb"},"inLanguage":"en-US","potentialAction":[{"@type":"ReadAction","target":["https:\/\/obender.eu\/en\/toode\/telefonihoidik-platinet-mango-puchmb-qi-laadijaga\/"]}]},{"@type":"ImageObject","inLanguage":"en-US","@id":"https:\/\/obender.eu\/en\/toode\/telefonihoidik-platinet-mango-puchmb-qi-laadijaga\/#primaryimage","url":"https:\/\/obender.eu\/wp-content\/uploads\/2023\/05\/5907595454568.jpg","contentUrl":"https:\/\/obender.eu\/wp-content\/uploads\/2023\/05\/5907595454568.jpg","width":800,"height":800},{"@type":"BreadcrumbList","@id":"https:\/\/obender.eu\/en\/toode\/telefonihoidik-platinet-mango-puchmb-qi-laadijaga\/#breadcrumb","itemListElement":[{"@type":"ListItem","position":1,"name":"Home","item":"https:\/\/obender.eu\/en\/"},{"@type":"ListItem","position":2,"name":"Tooted","item":"https:\/\/www.obender.eu\/tooted\/"},{"@type":"ListItem","position":3,"name":"Phone holder Platinet Mango PUCHMB with Qi charger"}]},{"@type":"WebSite","@id":"https:\/\/www.obender.eu\/#website","url":"https:\/\/www.obender.eu\/","name":"Obender","description":"T\u00f6\u00f6stuskaupade hulgim\u00fc\u00fck","potentialAction":[{"@type":"SearchAction","target":{"@type":"EntryPoint","urlTemplate":"https:\/\/www.obender.eu\/?s={search_term_string}"},"query-input":{"@type":"PropertyValueSpecification","valueRequired":true,"valueName":"search_term_string"}}],"inLanguage":"en-US"}]}},"_links":{"self":[{"href":"https:\/\/obender.eu\/en\/wp-json\/wp\/v2\/product\/25631","targetHints":{"allow":["GET"]}}],"collection":[{"href":"https:\/\/obender.eu\/en\/wp-json\/wp\/v2\/product"}],"about":[{"href":"https:\/\/obender.eu\/en\/wp-json\/wp\/v2\/types\/product"}],"version-history":[{"count":1,"href":"https:\/\/obender.eu\/en\/wp-json\/wp\/v2\/product\/25631\/revisions"}],"predecessor-version":[{"id":25635,"href":"https:\/\/obender.eu\/en\/wp-json\/wp\/v2\/product\/25631\/revisions\/25635"}],"wp:featuredmedia":[{"embeddable":true,"href":"https:\/\/obender.eu\/en\/wp-json\/wp\/v2\/media\/25633"}],"wp:attachment":[{"href":"https:\/\/obender.eu\/en\/wp-json\/wp\/v2\/media?parent=25631"}],"wp:term":[{"taxonomy":"product_brand","embeddable":true,"href":"https:\/\/obender.eu\/en\/wp-json\/wp\/v2\/product_brand?post=25631"},{"taxonomy":"product_cat","embeddable":true,"href":"https:\/\/obender.eu\/en\/wp-json\/wp\/v2\/product_cat?post=25631"},{"taxonomy":"product_tag","embeddable":true,"href":"https:\/\/obender.eu\/en\/wp-json\/wp\/v2\/product_tag?post=25631"}],"curies":[{"name":"wp","href":"https:\/\/api.w.org\/{rel}","templated":true}]}}