{"id":25750,"date":"2023-05-31T10:29:19","date_gmt":"2023-05-31T07:29:19","guid":{"rendered":"https:\/\/obender.eu\/?post_type=product&#038;p=25750"},"modified":"2026-04-20T08:01:14","modified_gmt":"2026-04-20T05:01:14","slug":"koogikaal-benson-5kg","status":"publish","type":"product","link":"https:\/\/obender.eu\/en\/toode\/koogikaal-benson-5kg\/","title":{"rendered":"Kitchen scale Benson 5kg"},"content":{"rendered":"<p>Kitchen scale Benson<\/p>\n<p>EAN: <span class=\"fontstyle0\">8720195795193<\/span><\/p>\n<p>Max 5kg<\/p>\n<p>Battery 2x AAA LR03<\/p>\n<p><a href=\"https:\/\/obender.eu\/wp-content\/uploads\/2023\/05\/Benson-kitchen-scale-manual.pdf\">Benson kitchen scale manual<\/a><\/p>\n","protected":false},"excerpt":{"rendered":"<p>Kitchen scale Benson EAN: 8720195795193 Max 5kg Battery 2x AAA LR03 Benson kitchen scale manual<\/p>\n","protected":false},"featured_media":25756,"template":"","meta":[],"product_brand":[],"product_cat":[380,383],"product_tag":[505,660,659],"class_list":{"0":"post-25750","1":"product","2":"type-product","3":"status-publish","4":"has-post-thumbnail","6":"product_cat-home-and-office-equipment","7":"product_cat-kitchen-scales","8":"product_tag-benson-en","9":"product_tag-kitchen-scale-en","10":"product_tag-koogikaal-en","12":"first","13":"instock","14":"taxable","15":"shipping-taxable","16":"purchasable","17":"product-type-simple"},"yoast_head":"<!-- This site is optimized with the Yoast SEO Premium plugin v20.0 (Yoast SEO v27.4) - https:\/\/yoast.com\/product\/yoast-seo-premium-wordpress\/ -->\n<title>Kitchen scale Benson 5kg - Obender<\/title>\n<meta name=\"robots\" content=\"index, follow, max-snippet:-1, max-image-preview:large, max-video-preview:-1\" \/>\n<link rel=\"canonical\" href=\"https:\/\/obender.eu\/en\/toode\/koogikaal-benson-5kg\/\" \/>\n<meta property=\"og:locale\" content=\"en_US\" \/>\n<meta property=\"og:type\" content=\"article\" \/>\n<meta property=\"og:title\" content=\"Kitchen scale Benson 5kg\" \/>\n<meta property=\"og:description\" content=\"Kitchen scale Benson EAN: 8720195795193 Max 5kg Battery 2x AAA LR03 Benson kitchen scale manual\" \/>\n<meta property=\"og:url\" content=\"https:\/\/obender.eu\/en\/toode\/koogikaal-benson-5kg\/\" \/>\n<meta property=\"og:site_name\" content=\"Obender\" \/>\n<meta property=\"article:modified_time\" content=\"2026-04-20T05:01:14+00:00\" \/>\n<meta property=\"og:image\" content=\"https:\/\/obender.eu\/wp-content\/uploads\/2023\/05\/8720195795193-1.jpg\" \/>\n\t<meta property=\"og:image:width\" content=\"1000\" \/>\n\t<meta property=\"og:image:height\" content=\"1000\" \/>\n\t<meta property=\"og:image:type\" content=\"image\/jpeg\" \/>\n<meta name=\"twitter:card\" content=\"summary_large_image\" \/>\n<meta name=\"twitter:label1\" content=\"Est. reading time\" \/>\n\t<meta name=\"twitter:data1\" content=\"1 minute\" \/>\n<script type=\"application\/ld+json\" class=\"yoast-schema-graph\">{\"@context\":\"https:\\\/\\\/schema.org\",\"@graph\":[{\"@type\":\"WebPage\",\"@id\":\"https:\\\/\\\/obender.eu\\\/en\\\/toode\\\/koogikaal-benson-5kg\\\/\",\"url\":\"https:\\\/\\\/obender.eu\\\/en\\\/toode\\\/koogikaal-benson-5kg\\\/\",\"name\":\"Kitchen scale Benson 5kg - Obender\",\"isPartOf\":{\"@id\":\"https:\\\/\\\/www.obender.eu\\\/#website\"},\"primaryImageOfPage\":{\"@id\":\"https:\\\/\\\/obender.eu\\\/en\\\/toode\\\/koogikaal-benson-5kg\\\/#primaryimage\"},\"image\":{\"@id\":\"https:\\\/\\\/obender.eu\\\/en\\\/toode\\\/koogikaal-benson-5kg\\\/#primaryimage\"},\"thumbnailUrl\":\"https:\\\/\\\/obender.eu\\\/wp-content\\\/uploads\\\/2023\\\/05\\\/8720195795193-1.jpg\",\"datePublished\":\"2023-05-31T07:29:19+00:00\",\"dateModified\":\"2026-04-20T05:01:14+00:00\",\"breadcrumb\":{\"@id\":\"https:\\\/\\\/obender.eu\\\/en\\\/toode\\\/koogikaal-benson-5kg\\\/#breadcrumb\"},\"inLanguage\":\"en-US\",\"potentialAction\":[{\"@type\":\"ReadAction\",\"target\":[\"https:\\\/\\\/obender.eu\\\/en\\\/toode\\\/koogikaal-benson-5kg\\\/\"]}]},{\"@type\":\"ImageObject\",\"inLanguage\":\"en-US\",\"@id\":\"https:\\\/\\\/obender.eu\\\/en\\\/toode\\\/koogikaal-benson-5kg\\\/#primaryimage\",\"url\":\"https:\\\/\\\/obender.eu\\\/wp-content\\\/uploads\\\/2023\\\/05\\\/8720195795193-1.jpg\",\"contentUrl\":\"https:\\\/\\\/obender.eu\\\/wp-content\\\/uploads\\\/2023\\\/05\\\/8720195795193-1.jpg\",\"width\":1000,\"height\":1000},{\"@type\":\"BreadcrumbList\",\"@id\":\"https:\\\/\\\/obender.eu\\\/en\\\/toode\\\/koogikaal-benson-5kg\\\/#breadcrumb\",\"itemListElement\":[{\"@type\":\"ListItem\",\"position\":1,\"name\":\"Home\",\"item\":\"https:\\\/\\\/obender.eu\\\/en\\\/\"},{\"@type\":\"ListItem\",\"position\":2,\"name\":\"Tooted\",\"item\":\"https:\\\/\\\/www.obender.eu\\\/tooted\\\/\"},{\"@type\":\"ListItem\",\"position\":3,\"name\":\"Kitchen scale Benson 5kg\"}]},{\"@type\":\"WebSite\",\"@id\":\"https:\\\/\\\/www.obender.eu\\\/#website\",\"url\":\"https:\\\/\\\/www.obender.eu\\\/\",\"name\":\"Obender\",\"description\":\"T\u00f6\u00f6stuskaupade hulgim\u00fc\u00fck\",\"potentialAction\":[{\"@type\":\"SearchAction\",\"target\":{\"@type\":\"EntryPoint\",\"urlTemplate\":\"https:\\\/\\\/www.obender.eu\\\/?s={search_term_string}\"},\"query-input\":{\"@type\":\"PropertyValueSpecification\",\"valueRequired\":true,\"valueName\":\"search_term_string\"}}],\"inLanguage\":\"en-US\"}]}<\/script>\n<!-- \/ Yoast SEO Premium plugin. -->","yoast_head_json":{"title":"Kitchen scale Benson 5kg - Obender","robots":{"index":"index","follow":"follow","max-snippet":"max-snippet:-1","max-image-preview":"max-image-preview:large","max-video-preview":"max-video-preview:-1"},"canonical":"https:\/\/obender.eu\/en\/toode\/koogikaal-benson-5kg\/","og_locale":"en_US","og_type":"article","og_title":"Kitchen scale Benson 5kg","og_description":"Kitchen scale Benson EAN: 8720195795193 Max 5kg Battery 2x AAA LR03 Benson kitchen scale manual","og_url":"https:\/\/obender.eu\/en\/toode\/koogikaal-benson-5kg\/","og_site_name":"Obender","article_modified_time":"2026-04-20T05:01:14+00:00","og_image":[{"width":1000,"height":1000,"url":"https:\/\/obender.eu\/wp-content\/uploads\/2023\/05\/8720195795193-1.jpg","type":"image\/jpeg"}],"twitter_card":"summary_large_image","twitter_misc":{"Est. reading time":"1 minute"},"schema":{"@context":"https:\/\/schema.org","@graph":[{"@type":"WebPage","@id":"https:\/\/obender.eu\/en\/toode\/koogikaal-benson-5kg\/","url":"https:\/\/obender.eu\/en\/toode\/koogikaal-benson-5kg\/","name":"Kitchen scale Benson 5kg - Obender","isPartOf":{"@id":"https:\/\/www.obender.eu\/#website"},"primaryImageOfPage":{"@id":"https:\/\/obender.eu\/en\/toode\/koogikaal-benson-5kg\/#primaryimage"},"image":{"@id":"https:\/\/obender.eu\/en\/toode\/koogikaal-benson-5kg\/#primaryimage"},"thumbnailUrl":"https:\/\/obender.eu\/wp-content\/uploads\/2023\/05\/8720195795193-1.jpg","datePublished":"2023-05-31T07:29:19+00:00","dateModified":"2026-04-20T05:01:14+00:00","breadcrumb":{"@id":"https:\/\/obender.eu\/en\/toode\/koogikaal-benson-5kg\/#breadcrumb"},"inLanguage":"en-US","potentialAction":[{"@type":"ReadAction","target":["https:\/\/obender.eu\/en\/toode\/koogikaal-benson-5kg\/"]}]},{"@type":"ImageObject","inLanguage":"en-US","@id":"https:\/\/obender.eu\/en\/toode\/koogikaal-benson-5kg\/#primaryimage","url":"https:\/\/obender.eu\/wp-content\/uploads\/2023\/05\/8720195795193-1.jpg","contentUrl":"https:\/\/obender.eu\/wp-content\/uploads\/2023\/05\/8720195795193-1.jpg","width":1000,"height":1000},{"@type":"BreadcrumbList","@id":"https:\/\/obender.eu\/en\/toode\/koogikaal-benson-5kg\/#breadcrumb","itemListElement":[{"@type":"ListItem","position":1,"name":"Home","item":"https:\/\/obender.eu\/en\/"},{"@type":"ListItem","position":2,"name":"Tooted","item":"https:\/\/www.obender.eu\/tooted\/"},{"@type":"ListItem","position":3,"name":"Kitchen scale Benson 5kg"}]},{"@type":"WebSite","@id":"https:\/\/www.obender.eu\/#website","url":"https:\/\/www.obender.eu\/","name":"Obender","description":"T\u00f6\u00f6stuskaupade hulgim\u00fc\u00fck","potentialAction":[{"@type":"SearchAction","target":{"@type":"EntryPoint","urlTemplate":"https:\/\/www.obender.eu\/?s={search_term_string}"},"query-input":{"@type":"PropertyValueSpecification","valueRequired":true,"valueName":"search_term_string"}}],"inLanguage":"en-US"}]}},"_links":{"self":[{"href":"https:\/\/obender.eu\/en\/wp-json\/wp\/v2\/product\/25750","targetHints":{"allow":["GET"]}}],"collection":[{"href":"https:\/\/obender.eu\/en\/wp-json\/wp\/v2\/product"}],"about":[{"href":"https:\/\/obender.eu\/en\/wp-json\/wp\/v2\/types\/product"}],"version-history":[{"count":2,"href":"https:\/\/obender.eu\/en\/wp-json\/wp\/v2\/product\/25750\/revisions"}],"predecessor-version":[{"id":26081,"href":"https:\/\/obender.eu\/en\/wp-json\/wp\/v2\/product\/25750\/revisions\/26081"}],"wp:featuredmedia":[{"embeddable":true,"href":"https:\/\/obender.eu\/en\/wp-json\/wp\/v2\/media\/25756"}],"wp:attachment":[{"href":"https:\/\/obender.eu\/en\/wp-json\/wp\/v2\/media?parent=25750"}],"wp:term":[{"taxonomy":"product_brand","embeddable":true,"href":"https:\/\/obender.eu\/en\/wp-json\/wp\/v2\/product_brand?post=25750"},{"taxonomy":"product_cat","embeddable":true,"href":"https:\/\/obender.eu\/en\/wp-json\/wp\/v2\/product_cat?post=25750"},{"taxonomy":"product_tag","embeddable":true,"href":"https:\/\/obender.eu\/en\/wp-json\/wp\/v2\/product_tag?post=25750"}],"curies":[{"name":"wp","href":"https:\/\/api.w.org\/{rel}","templated":true}]}}