{"id":25881,"date":"2023-06-05T20:27:16","date_gmt":"2023-06-05T17:27:16","guid":{"rendered":"https:\/\/obender.eu\/?post_type=product&#038;p=25881"},"modified":"2026-04-11T00:01:01","modified_gmt":"2026-04-10T21:01:01","slug":"padlock-stahlex-50mm-combination-kopeeri","status":"publish","type":"product","link":"https:\/\/obender.eu\/en\/toode\/padlock-stahlex-50mm-combination-kopeeri\/","title":{"rendered":"Padlock Stahlex 50mm Heavy Duty"},"content":{"rendered":"<p>Stahlex padlock 50mm<\/p>\n<p>Vandalism proof hardened body<\/p>\n<p>Shackle hardened steel<\/p>\n<p>4-digit combination<\/p>\n<p>EAN: 8719274346234<\/p>\n","protected":false},"excerpt":{"rendered":"<p>Stahlex padlock 50mm Vandalism proof hardened body Shackle hardened steel 4-digit combination EAN: 8719274346234<\/p>\n","protected":false},"featured_media":25883,"template":"","meta":[],"product_brand":[],"product_cat":[281,277],"product_tag":[520,511,519],"class_list":{"0":"post-25881","1":"product","2":"type-product","3":"status-publish","4":"has-post-thumbnail","6":"product_cat-keyless-padlocks","7":"product_cat-locks","8":"product_tag-padlock-en","9":"product_tag-stahlex-en","10":"product_tag-tabalukk-en","12":"first","13":"instock","14":"taxable","15":"shipping-taxable","16":"purchasable","17":"product-type-simple"},"yoast_head":"<!-- This site is optimized with the Yoast SEO Premium plugin v20.0 (Yoast SEO v27.3) - https:\/\/yoast.com\/product\/yoast-seo-premium-wordpress\/ -->\n<title>Padlock Stahlex 50mm Heavy Duty - Obender<\/title>\n<meta name=\"robots\" content=\"index, follow, max-snippet:-1, max-image-preview:large, max-video-preview:-1\" \/>\n<link rel=\"canonical\" href=\"https:\/\/obender.eu\/en\/toode\/padlock-stahlex-50mm-combination-kopeeri\/\" \/>\n<meta property=\"og:locale\" content=\"en_US\" \/>\n<meta property=\"og:type\" content=\"article\" \/>\n<meta property=\"og:title\" content=\"Padlock Stahlex 50mm Heavy Duty\" \/>\n<meta property=\"og:description\" content=\"Stahlex padlock 50mm Vandalism proof hardened body Shackle hardened steel 4-digit combination EAN: 8719274346234\" \/>\n<meta property=\"og:url\" content=\"https:\/\/obender.eu\/en\/toode\/padlock-stahlex-50mm-combination-kopeeri\/\" \/>\n<meta property=\"og:site_name\" content=\"Obender\" \/>\n<meta property=\"article:modified_time\" content=\"2026-04-10T21:01:01+00:00\" \/>\n<meta property=\"og:image\" content=\"https:\/\/obender.eu\/wp-content\/uploads\/2023\/06\/8719274346234-1.jpg\" \/>\n\t<meta property=\"og:image:width\" content=\"800\" \/>\n\t<meta property=\"og:image:height\" content=\"800\" \/>\n\t<meta property=\"og:image:type\" content=\"image\/jpeg\" \/>\n<meta name=\"twitter:card\" content=\"summary_large_image\" \/>\n<meta name=\"twitter:label1\" content=\"Est. reading time\" \/>\n\t<meta name=\"twitter:data1\" content=\"1 minute\" \/>\n<script type=\"application\/ld+json\" class=\"yoast-schema-graph\">{\"@context\":\"https:\\\/\\\/schema.org\",\"@graph\":[{\"@type\":\"WebPage\",\"@id\":\"https:\\\/\\\/obender.eu\\\/en\\\/toode\\\/padlock-stahlex-50mm-combination-kopeeri\\\/\",\"url\":\"https:\\\/\\\/obender.eu\\\/en\\\/toode\\\/padlock-stahlex-50mm-combination-kopeeri\\\/\",\"name\":\"Padlock Stahlex 50mm Heavy Duty - Obender\",\"isPartOf\":{\"@id\":\"https:\\\/\\\/www.obender.eu\\\/#website\"},\"primaryImageOfPage\":{\"@id\":\"https:\\\/\\\/obender.eu\\\/en\\\/toode\\\/padlock-stahlex-50mm-combination-kopeeri\\\/#primaryimage\"},\"image\":{\"@id\":\"https:\\\/\\\/obender.eu\\\/en\\\/toode\\\/padlock-stahlex-50mm-combination-kopeeri\\\/#primaryimage\"},\"thumbnailUrl\":\"https:\\\/\\\/obender.eu\\\/wp-content\\\/uploads\\\/2023\\\/06\\\/8719274346234-1.jpg\",\"datePublished\":\"2023-06-05T17:27:16+00:00\",\"dateModified\":\"2026-04-10T21:01:01+00:00\",\"breadcrumb\":{\"@id\":\"https:\\\/\\\/obender.eu\\\/en\\\/toode\\\/padlock-stahlex-50mm-combination-kopeeri\\\/#breadcrumb\"},\"inLanguage\":\"en-US\",\"potentialAction\":[{\"@type\":\"ReadAction\",\"target\":[\"https:\\\/\\\/obender.eu\\\/en\\\/toode\\\/padlock-stahlex-50mm-combination-kopeeri\\\/\"]}]},{\"@type\":\"ImageObject\",\"inLanguage\":\"en-US\",\"@id\":\"https:\\\/\\\/obender.eu\\\/en\\\/toode\\\/padlock-stahlex-50mm-combination-kopeeri\\\/#primaryimage\",\"url\":\"https:\\\/\\\/obender.eu\\\/wp-content\\\/uploads\\\/2023\\\/06\\\/8719274346234-1.jpg\",\"contentUrl\":\"https:\\\/\\\/obender.eu\\\/wp-content\\\/uploads\\\/2023\\\/06\\\/8719274346234-1.jpg\",\"width\":800,\"height\":800},{\"@type\":\"BreadcrumbList\",\"@id\":\"https:\\\/\\\/obender.eu\\\/en\\\/toode\\\/padlock-stahlex-50mm-combination-kopeeri\\\/#breadcrumb\",\"itemListElement\":[{\"@type\":\"ListItem\",\"position\":1,\"name\":\"Home\",\"item\":\"https:\\\/\\\/obender.eu\\\/en\\\/\"},{\"@type\":\"ListItem\",\"position\":2,\"name\":\"Tooted\",\"item\":\"https:\\\/\\\/www.obender.eu\\\/tooted\\\/\"},{\"@type\":\"ListItem\",\"position\":3,\"name\":\"Padlock Stahlex 50mm Heavy Duty\"}]},{\"@type\":\"WebSite\",\"@id\":\"https:\\\/\\\/www.obender.eu\\\/#website\",\"url\":\"https:\\\/\\\/www.obender.eu\\\/\",\"name\":\"Obender\",\"description\":\"T\u00f6\u00f6stuskaupade hulgim\u00fc\u00fck\",\"potentialAction\":[{\"@type\":\"SearchAction\",\"target\":{\"@type\":\"EntryPoint\",\"urlTemplate\":\"https:\\\/\\\/www.obender.eu\\\/?s={search_term_string}\"},\"query-input\":{\"@type\":\"PropertyValueSpecification\",\"valueRequired\":true,\"valueName\":\"search_term_string\"}}],\"inLanguage\":\"en-US\"}]}<\/script>\n<!-- \/ Yoast SEO Premium plugin. -->","yoast_head_json":{"title":"Padlock Stahlex 50mm Heavy Duty - Obender","robots":{"index":"index","follow":"follow","max-snippet":"max-snippet:-1","max-image-preview":"max-image-preview:large","max-video-preview":"max-video-preview:-1"},"canonical":"https:\/\/obender.eu\/en\/toode\/padlock-stahlex-50mm-combination-kopeeri\/","og_locale":"en_US","og_type":"article","og_title":"Padlock Stahlex 50mm Heavy Duty","og_description":"Stahlex padlock 50mm Vandalism proof hardened body Shackle hardened steel 4-digit combination EAN: 8719274346234","og_url":"https:\/\/obender.eu\/en\/toode\/padlock-stahlex-50mm-combination-kopeeri\/","og_site_name":"Obender","article_modified_time":"2026-04-10T21:01:01+00:00","og_image":[{"width":800,"height":800,"url":"https:\/\/obender.eu\/wp-content\/uploads\/2023\/06\/8719274346234-1.jpg","type":"image\/jpeg"}],"twitter_card":"summary_large_image","twitter_misc":{"Est. reading time":"1 minute"},"schema":{"@context":"https:\/\/schema.org","@graph":[{"@type":"WebPage","@id":"https:\/\/obender.eu\/en\/toode\/padlock-stahlex-50mm-combination-kopeeri\/","url":"https:\/\/obender.eu\/en\/toode\/padlock-stahlex-50mm-combination-kopeeri\/","name":"Padlock Stahlex 50mm Heavy Duty - Obender","isPartOf":{"@id":"https:\/\/www.obender.eu\/#website"},"primaryImageOfPage":{"@id":"https:\/\/obender.eu\/en\/toode\/padlock-stahlex-50mm-combination-kopeeri\/#primaryimage"},"image":{"@id":"https:\/\/obender.eu\/en\/toode\/padlock-stahlex-50mm-combination-kopeeri\/#primaryimage"},"thumbnailUrl":"https:\/\/obender.eu\/wp-content\/uploads\/2023\/06\/8719274346234-1.jpg","datePublished":"2023-06-05T17:27:16+00:00","dateModified":"2026-04-10T21:01:01+00:00","breadcrumb":{"@id":"https:\/\/obender.eu\/en\/toode\/padlock-stahlex-50mm-combination-kopeeri\/#breadcrumb"},"inLanguage":"en-US","potentialAction":[{"@type":"ReadAction","target":["https:\/\/obender.eu\/en\/toode\/padlock-stahlex-50mm-combination-kopeeri\/"]}]},{"@type":"ImageObject","inLanguage":"en-US","@id":"https:\/\/obender.eu\/en\/toode\/padlock-stahlex-50mm-combination-kopeeri\/#primaryimage","url":"https:\/\/obender.eu\/wp-content\/uploads\/2023\/06\/8719274346234-1.jpg","contentUrl":"https:\/\/obender.eu\/wp-content\/uploads\/2023\/06\/8719274346234-1.jpg","width":800,"height":800},{"@type":"BreadcrumbList","@id":"https:\/\/obender.eu\/en\/toode\/padlock-stahlex-50mm-combination-kopeeri\/#breadcrumb","itemListElement":[{"@type":"ListItem","position":1,"name":"Home","item":"https:\/\/obender.eu\/en\/"},{"@type":"ListItem","position":2,"name":"Tooted","item":"https:\/\/www.obender.eu\/tooted\/"},{"@type":"ListItem","position":3,"name":"Padlock Stahlex 50mm Heavy Duty"}]},{"@type":"WebSite","@id":"https:\/\/www.obender.eu\/#website","url":"https:\/\/www.obender.eu\/","name":"Obender","description":"T\u00f6\u00f6stuskaupade hulgim\u00fc\u00fck","potentialAction":[{"@type":"SearchAction","target":{"@type":"EntryPoint","urlTemplate":"https:\/\/www.obender.eu\/?s={search_term_string}"},"query-input":{"@type":"PropertyValueSpecification","valueRequired":true,"valueName":"search_term_string"}}],"inLanguage":"en-US"}]}},"_links":{"self":[{"href":"https:\/\/obender.eu\/en\/wp-json\/wp\/v2\/product\/25881","targetHints":{"allow":["GET"]}}],"collection":[{"href":"https:\/\/obender.eu\/en\/wp-json\/wp\/v2\/product"}],"about":[{"href":"https:\/\/obender.eu\/en\/wp-json\/wp\/v2\/types\/product"}],"version-history":[{"count":1,"href":"https:\/\/obender.eu\/en\/wp-json\/wp\/v2\/product\/25881\/revisions"}],"predecessor-version":[{"id":25889,"href":"https:\/\/obender.eu\/en\/wp-json\/wp\/v2\/product\/25881\/revisions\/25889"}],"wp:featuredmedia":[{"embeddable":true,"href":"https:\/\/obender.eu\/en\/wp-json\/wp\/v2\/media\/25883"}],"wp:attachment":[{"href":"https:\/\/obender.eu\/en\/wp-json\/wp\/v2\/media?parent=25881"}],"wp:term":[{"taxonomy":"product_brand","embeddable":true,"href":"https:\/\/obender.eu\/en\/wp-json\/wp\/v2\/product_brand?post=25881"},{"taxonomy":"product_cat","embeddable":true,"href":"https:\/\/obender.eu\/en\/wp-json\/wp\/v2\/product_cat?post=25881"},{"taxonomy":"product_tag","embeddable":true,"href":"https:\/\/obender.eu\/en\/wp-json\/wp\/v2\/product_tag?post=25881"}],"curies":[{"name":"wp","href":"https:\/\/api.w.org\/{rel}","templated":true}]}}