{"id":26175,"date":"2023-06-22T21:33:42","date_gmt":"2023-06-22T18:33:42","guid":{"rendered":"https:\/\/obender.eu\/?post_type=product&#038;p=26175"},"modified":"2026-04-19T14:01:03","modified_gmt":"2026-04-19T11:01:03","slug":"extension-cord-6-socket-50m-3g10-10a-with-switch-entac-kopeeri","status":"publish","type":"product","link":"https:\/\/obender.eu\/en\/toode\/extension-cord-6-socket-50m-3g10-10a-with-switch-entac-kopeeri\/","title":{"rendered":"Extension cord 5 socket 5,0m 3G1,5 16A Entac"},"content":{"rendered":"<p>Extension cord Entac ESE1.5G5-5<\/p>\n<p>5 socket 5,0m 16A 3G1,5<\/p>\n<p>Power 3680W<\/p>\n<p>EAN: 5999097980300<\/p>\n","protected":false},"excerpt":{"rendered":"<p>Extension cord Entac ESE1.5G5-5 5 socket 5,0m 16A 3G1,5 Power 3680W EAN: 5999097980300<\/p>\n","protected":false},"featured_media":26512,"template":"","meta":[],"product_brand":[],"product_cat":[295,293],"product_tag":[603,664,663],"class_list":{"0":"post-26175","1":"product","2":"type-product","3":"status-publish","4":"has-post-thumbnail","6":"product_cat-extension-cords-en","7":"product_cat-power-extension","8":"product_tag-entac-en","9":"product_tag-extension-cord-en","10":"product_tag-pikendusjuhe-en","12":"first","13":"instock","14":"taxable","15":"shipping-taxable","16":"purchasable","17":"product-type-simple"},"yoast_head":"<!-- This site is optimized with the Yoast SEO Premium plugin v20.0 (Yoast SEO v27.4) - https:\/\/yoast.com\/product\/yoast-seo-premium-wordpress\/ -->\n<title>Extension cord 5 socket 5,0m 3G1,5 16A Entac - Obender<\/title>\n<meta name=\"robots\" content=\"index, follow, max-snippet:-1, max-image-preview:large, max-video-preview:-1\" \/>\n<link rel=\"canonical\" href=\"https:\/\/obender.eu\/en\/toode\/extension-cord-6-socket-50m-3g10-10a-with-switch-entac-kopeeri\/\" \/>\n<meta property=\"og:locale\" content=\"en_US\" \/>\n<meta property=\"og:type\" content=\"article\" \/>\n<meta property=\"og:title\" content=\"Extension cord 5 socket 5,0m 3G1,5 16A Entac\" \/>\n<meta property=\"og:description\" content=\"Extension cord Entac ESE1.5G5-5 5 socket 5,0m 16A 3G1,5 Power 3680W EAN: 5999097980300\" \/>\n<meta property=\"og:url\" content=\"https:\/\/obender.eu\/en\/toode\/extension-cord-6-socket-50m-3g10-10a-with-switch-entac-kopeeri\/\" \/>\n<meta property=\"og:site_name\" content=\"Obender\" \/>\n<meta property=\"article:modified_time\" content=\"2026-04-19T11:01:03+00:00\" \/>\n<meta property=\"og:image\" content=\"https:\/\/obender.eu\/wp-content\/uploads\/2023\/06\/5999097980300.jpg\" \/>\n\t<meta property=\"og:image:width\" content=\"800\" \/>\n\t<meta property=\"og:image:height\" content=\"800\" \/>\n\t<meta property=\"og:image:type\" content=\"image\/jpeg\" \/>\n<meta name=\"twitter:card\" content=\"summary_large_image\" \/>\n<meta name=\"twitter:label1\" content=\"Est. reading time\" \/>\n\t<meta name=\"twitter:data1\" content=\"1 minute\" \/>\n<script type=\"application\/ld+json\" class=\"yoast-schema-graph\">{\"@context\":\"https:\\\/\\\/schema.org\",\"@graph\":[{\"@type\":\"WebPage\",\"@id\":\"https:\\\/\\\/obender.eu\\\/en\\\/toode\\\/extension-cord-6-socket-50m-3g10-10a-with-switch-entac-kopeeri\\\/\",\"url\":\"https:\\\/\\\/obender.eu\\\/en\\\/toode\\\/extension-cord-6-socket-50m-3g10-10a-with-switch-entac-kopeeri\\\/\",\"name\":\"Extension cord 5 socket 5,0m 3G1,5 16A Entac - Obender\",\"isPartOf\":{\"@id\":\"https:\\\/\\\/www.obender.eu\\\/#website\"},\"primaryImageOfPage\":{\"@id\":\"https:\\\/\\\/obender.eu\\\/en\\\/toode\\\/extension-cord-6-socket-50m-3g10-10a-with-switch-entac-kopeeri\\\/#primaryimage\"},\"image\":{\"@id\":\"https:\\\/\\\/obender.eu\\\/en\\\/toode\\\/extension-cord-6-socket-50m-3g10-10a-with-switch-entac-kopeeri\\\/#primaryimage\"},\"thumbnailUrl\":\"https:\\\/\\\/obender.eu\\\/wp-content\\\/uploads\\\/2023\\\/06\\\/5999097980300.jpg\",\"datePublished\":\"2023-06-22T18:33:42+00:00\",\"dateModified\":\"2026-04-19T11:01:03+00:00\",\"breadcrumb\":{\"@id\":\"https:\\\/\\\/obender.eu\\\/en\\\/toode\\\/extension-cord-6-socket-50m-3g10-10a-with-switch-entac-kopeeri\\\/#breadcrumb\"},\"inLanguage\":\"en-US\",\"potentialAction\":[{\"@type\":\"ReadAction\",\"target\":[\"https:\\\/\\\/obender.eu\\\/en\\\/toode\\\/extension-cord-6-socket-50m-3g10-10a-with-switch-entac-kopeeri\\\/\"]}]},{\"@type\":\"ImageObject\",\"inLanguage\":\"en-US\",\"@id\":\"https:\\\/\\\/obender.eu\\\/en\\\/toode\\\/extension-cord-6-socket-50m-3g10-10a-with-switch-entac-kopeeri\\\/#primaryimage\",\"url\":\"https:\\\/\\\/obender.eu\\\/wp-content\\\/uploads\\\/2023\\\/06\\\/5999097980300.jpg\",\"contentUrl\":\"https:\\\/\\\/obender.eu\\\/wp-content\\\/uploads\\\/2023\\\/06\\\/5999097980300.jpg\",\"width\":800,\"height\":800},{\"@type\":\"BreadcrumbList\",\"@id\":\"https:\\\/\\\/obender.eu\\\/en\\\/toode\\\/extension-cord-6-socket-50m-3g10-10a-with-switch-entac-kopeeri\\\/#breadcrumb\",\"itemListElement\":[{\"@type\":\"ListItem\",\"position\":1,\"name\":\"Home\",\"item\":\"https:\\\/\\\/obender.eu\\\/en\\\/\"},{\"@type\":\"ListItem\",\"position\":2,\"name\":\"Tooted\",\"item\":\"https:\\\/\\\/www.obender.eu\\\/tooted\\\/\"},{\"@type\":\"ListItem\",\"position\":3,\"name\":\"Extension cord 5 socket 5,0m 3G1,5 16A Entac\"}]},{\"@type\":\"WebSite\",\"@id\":\"https:\\\/\\\/www.obender.eu\\\/#website\",\"url\":\"https:\\\/\\\/www.obender.eu\\\/\",\"name\":\"Obender\",\"description\":\"T\u00f6\u00f6stuskaupade hulgim\u00fc\u00fck\",\"potentialAction\":[{\"@type\":\"SearchAction\",\"target\":{\"@type\":\"EntryPoint\",\"urlTemplate\":\"https:\\\/\\\/www.obender.eu\\\/?s={search_term_string}\"},\"query-input\":{\"@type\":\"PropertyValueSpecification\",\"valueRequired\":true,\"valueName\":\"search_term_string\"}}],\"inLanguage\":\"en-US\"}]}<\/script>\n<!-- \/ Yoast SEO Premium plugin. -->","yoast_head_json":{"title":"Extension cord 5 socket 5,0m 3G1,5 16A Entac - Obender","robots":{"index":"index","follow":"follow","max-snippet":"max-snippet:-1","max-image-preview":"max-image-preview:large","max-video-preview":"max-video-preview:-1"},"canonical":"https:\/\/obender.eu\/en\/toode\/extension-cord-6-socket-50m-3g10-10a-with-switch-entac-kopeeri\/","og_locale":"en_US","og_type":"article","og_title":"Extension cord 5 socket 5,0m 3G1,5 16A Entac","og_description":"Extension cord Entac ESE1.5G5-5 5 socket 5,0m 16A 3G1,5 Power 3680W EAN: 5999097980300","og_url":"https:\/\/obender.eu\/en\/toode\/extension-cord-6-socket-50m-3g10-10a-with-switch-entac-kopeeri\/","og_site_name":"Obender","article_modified_time":"2026-04-19T11:01:03+00:00","og_image":[{"width":800,"height":800,"url":"https:\/\/obender.eu\/wp-content\/uploads\/2023\/06\/5999097980300.jpg","type":"image\/jpeg"}],"twitter_card":"summary_large_image","twitter_misc":{"Est. reading time":"1 minute"},"schema":{"@context":"https:\/\/schema.org","@graph":[{"@type":"WebPage","@id":"https:\/\/obender.eu\/en\/toode\/extension-cord-6-socket-50m-3g10-10a-with-switch-entac-kopeeri\/","url":"https:\/\/obender.eu\/en\/toode\/extension-cord-6-socket-50m-3g10-10a-with-switch-entac-kopeeri\/","name":"Extension cord 5 socket 5,0m 3G1,5 16A Entac - Obender","isPartOf":{"@id":"https:\/\/www.obender.eu\/#website"},"primaryImageOfPage":{"@id":"https:\/\/obender.eu\/en\/toode\/extension-cord-6-socket-50m-3g10-10a-with-switch-entac-kopeeri\/#primaryimage"},"image":{"@id":"https:\/\/obender.eu\/en\/toode\/extension-cord-6-socket-50m-3g10-10a-with-switch-entac-kopeeri\/#primaryimage"},"thumbnailUrl":"https:\/\/obender.eu\/wp-content\/uploads\/2023\/06\/5999097980300.jpg","datePublished":"2023-06-22T18:33:42+00:00","dateModified":"2026-04-19T11:01:03+00:00","breadcrumb":{"@id":"https:\/\/obender.eu\/en\/toode\/extension-cord-6-socket-50m-3g10-10a-with-switch-entac-kopeeri\/#breadcrumb"},"inLanguage":"en-US","potentialAction":[{"@type":"ReadAction","target":["https:\/\/obender.eu\/en\/toode\/extension-cord-6-socket-50m-3g10-10a-with-switch-entac-kopeeri\/"]}]},{"@type":"ImageObject","inLanguage":"en-US","@id":"https:\/\/obender.eu\/en\/toode\/extension-cord-6-socket-50m-3g10-10a-with-switch-entac-kopeeri\/#primaryimage","url":"https:\/\/obender.eu\/wp-content\/uploads\/2023\/06\/5999097980300.jpg","contentUrl":"https:\/\/obender.eu\/wp-content\/uploads\/2023\/06\/5999097980300.jpg","width":800,"height":800},{"@type":"BreadcrumbList","@id":"https:\/\/obender.eu\/en\/toode\/extension-cord-6-socket-50m-3g10-10a-with-switch-entac-kopeeri\/#breadcrumb","itemListElement":[{"@type":"ListItem","position":1,"name":"Home","item":"https:\/\/obender.eu\/en\/"},{"@type":"ListItem","position":2,"name":"Tooted","item":"https:\/\/www.obender.eu\/tooted\/"},{"@type":"ListItem","position":3,"name":"Extension cord 5 socket 5,0m 3G1,5 16A Entac"}]},{"@type":"WebSite","@id":"https:\/\/www.obender.eu\/#website","url":"https:\/\/www.obender.eu\/","name":"Obender","description":"T\u00f6\u00f6stuskaupade hulgim\u00fc\u00fck","potentialAction":[{"@type":"SearchAction","target":{"@type":"EntryPoint","urlTemplate":"https:\/\/www.obender.eu\/?s={search_term_string}"},"query-input":{"@type":"PropertyValueSpecification","valueRequired":true,"valueName":"search_term_string"}}],"inLanguage":"en-US"}]}},"_links":{"self":[{"href":"https:\/\/obender.eu\/en\/wp-json\/wp\/v2\/product\/26175","targetHints":{"allow":["GET"]}}],"collection":[{"href":"https:\/\/obender.eu\/en\/wp-json\/wp\/v2\/product"}],"about":[{"href":"https:\/\/obender.eu\/en\/wp-json\/wp\/v2\/types\/product"}],"version-history":[{"count":2,"href":"https:\/\/obender.eu\/en\/wp-json\/wp\/v2\/product\/26175\/revisions"}],"predecessor-version":[{"id":26514,"href":"https:\/\/obender.eu\/en\/wp-json\/wp\/v2\/product\/26175\/revisions\/26514"}],"wp:featuredmedia":[{"embeddable":true,"href":"https:\/\/obender.eu\/en\/wp-json\/wp\/v2\/media\/26512"}],"wp:attachment":[{"href":"https:\/\/obender.eu\/en\/wp-json\/wp\/v2\/media?parent=26175"}],"wp:term":[{"taxonomy":"product_brand","embeddable":true,"href":"https:\/\/obender.eu\/en\/wp-json\/wp\/v2\/product_brand?post=26175"},{"taxonomy":"product_cat","embeddable":true,"href":"https:\/\/obender.eu\/en\/wp-json\/wp\/v2\/product_cat?post=26175"},{"taxonomy":"product_tag","embeddable":true,"href":"https:\/\/obender.eu\/en\/wp-json\/wp\/v2\/product_tag?post=26175"}],"curies":[{"name":"wp","href":"https:\/\/api.w.org\/{rel}","templated":true}]}}