{"id":26218,"date":"2023-06-22T22:48:03","date_gmt":"2023-06-22T19:48:04","guid":{"rendered":"https:\/\/obender.eu\/?post_type=product&#038;p=26218"},"modified":"2026-04-22T09:00:07","modified_gmt":"2026-04-22T06:00:07","slug":"ilmajaam-emos-e6018-juhtmevaba","status":"publish","type":"product","link":"https:\/\/obender.eu\/en\/toode\/ilmajaam-emos-e6018-juhtmevaba\/","title":{"rendered":"Weather station Emos E6018 wireless"},"content":{"rendered":"<p>Weather station Emos E6018<\/p>\n<p>EAN: 8592920081211<\/p>\n<p>Wireless sensor up to 100m range<\/p>\n<p>Functions: Clock, calendar, alarm, indoor temperature and humidity, outdoor temperature and humidity, MIN-MAX data, air pressure<\/p>\n<p>Transmission frequency 433MHz<\/p>\n<p>Weather station: power 3x AAA LR03, 220V DC 5V adapter included, size 192x127x17mm<\/p>\n<p>Outdoor sensor: power 2x AAA LR03, size 62x100x15mm<\/p>\n<p>Batteries not included<\/p>\n<p>Possibility to add 3 additional sensors Emos E06018<\/p>\n","protected":false},"excerpt":{"rendered":"<p>Weather station Emos E6018 EAN: 8592920081211 Wireless sensor up to 100m range Functions: Clock, calendar, alarm, indoor temperature and humidity,<\/p>\n","protected":false},"featured_media":26220,"template":"","meta":[],"product_brand":[],"product_cat":[380,382],"product_tag":[667,1066,1068],"class_list":{"0":"post-26218","1":"product","2":"type-product","3":"status-publish","4":"has-post-thumbnail","6":"product_cat-home-and-office-equipment","7":"product_cat-weather-stations","8":"product_tag-emos-en","9":"product_tag-weather-station","10":"product_tag-weather-station-en","12":"first","13":"instock","14":"taxable","15":"shipping-taxable","16":"purchasable","17":"product-type-simple"},"yoast_head":"<!-- This site is optimized with the Yoast SEO Premium plugin v20.0 (Yoast SEO v27.4) - https:\/\/yoast.com\/product\/yoast-seo-premium-wordpress\/ -->\n<title>Weather station Emos E6018 wireless - Obender<\/title>\n<meta name=\"robots\" content=\"index, follow, max-snippet:-1, max-image-preview:large, max-video-preview:-1\" \/>\n<link rel=\"canonical\" href=\"https:\/\/obender.eu\/en\/toode\/ilmajaam-emos-e6018-juhtmevaba\/\" \/>\n<meta property=\"og:locale\" content=\"en_US\" \/>\n<meta property=\"og:type\" content=\"article\" \/>\n<meta property=\"og:title\" content=\"Weather station Emos E6018 wireless\" \/>\n<meta property=\"og:description\" content=\"Weather station Emos E6018 EAN: 8592920081211 Wireless sensor up to 100m range Functions: Clock, calendar, alarm, indoor temperature and humidity,\" \/>\n<meta property=\"og:url\" content=\"https:\/\/obender.eu\/en\/toode\/ilmajaam-emos-e6018-juhtmevaba\/\" \/>\n<meta property=\"og:site_name\" content=\"Obender\" \/>\n<meta property=\"article:modified_time\" content=\"2026-04-22T06:00:07+00:00\" \/>\n<meta property=\"og:image\" content=\"https:\/\/obender.eu\/wp-content\/uploads\/2023\/06\/8592920081211.jpg\" \/>\n\t<meta property=\"og:image:width\" content=\"800\" \/>\n\t<meta property=\"og:image:height\" content=\"800\" \/>\n\t<meta property=\"og:image:type\" content=\"image\/jpeg\" \/>\n<meta name=\"twitter:card\" content=\"summary_large_image\" \/>\n<meta name=\"twitter:label1\" content=\"Est. reading time\" \/>\n\t<meta name=\"twitter:data1\" content=\"1 minute\" \/>\n<script type=\"application\/ld+json\" class=\"yoast-schema-graph\">{\"@context\":\"https:\\\/\\\/schema.org\",\"@graph\":[{\"@type\":\"WebPage\",\"@id\":\"https:\\\/\\\/obender.eu\\\/en\\\/toode\\\/ilmajaam-emos-e6018-juhtmevaba\\\/\",\"url\":\"https:\\\/\\\/obender.eu\\\/en\\\/toode\\\/ilmajaam-emos-e6018-juhtmevaba\\\/\",\"name\":\"Weather station Emos E6018 wireless - Obender\",\"isPartOf\":{\"@id\":\"https:\\\/\\\/www.obender.eu\\\/#website\"},\"primaryImageOfPage\":{\"@id\":\"https:\\\/\\\/obender.eu\\\/en\\\/toode\\\/ilmajaam-emos-e6018-juhtmevaba\\\/#primaryimage\"},\"image\":{\"@id\":\"https:\\\/\\\/obender.eu\\\/en\\\/toode\\\/ilmajaam-emos-e6018-juhtmevaba\\\/#primaryimage\"},\"thumbnailUrl\":\"https:\\\/\\\/obender.eu\\\/wp-content\\\/uploads\\\/2023\\\/06\\\/8592920081211.jpg\",\"datePublished\":\"2023-06-22T19:48:04+00:00\",\"dateModified\":\"2026-04-22T06:00:07+00:00\",\"breadcrumb\":{\"@id\":\"https:\\\/\\\/obender.eu\\\/en\\\/toode\\\/ilmajaam-emos-e6018-juhtmevaba\\\/#breadcrumb\"},\"inLanguage\":\"en-US\",\"potentialAction\":[{\"@type\":\"ReadAction\",\"target\":[\"https:\\\/\\\/obender.eu\\\/en\\\/toode\\\/ilmajaam-emos-e6018-juhtmevaba\\\/\"]}]},{\"@type\":\"ImageObject\",\"inLanguage\":\"en-US\",\"@id\":\"https:\\\/\\\/obender.eu\\\/en\\\/toode\\\/ilmajaam-emos-e6018-juhtmevaba\\\/#primaryimage\",\"url\":\"https:\\\/\\\/obender.eu\\\/wp-content\\\/uploads\\\/2023\\\/06\\\/8592920081211.jpg\",\"contentUrl\":\"https:\\\/\\\/obender.eu\\\/wp-content\\\/uploads\\\/2023\\\/06\\\/8592920081211.jpg\",\"width\":800,\"height\":800},{\"@type\":\"BreadcrumbList\",\"@id\":\"https:\\\/\\\/obender.eu\\\/en\\\/toode\\\/ilmajaam-emos-e6018-juhtmevaba\\\/#breadcrumb\",\"itemListElement\":[{\"@type\":\"ListItem\",\"position\":1,\"name\":\"Home\",\"item\":\"https:\\\/\\\/obender.eu\\\/en\\\/\"},{\"@type\":\"ListItem\",\"position\":2,\"name\":\"Tooted\",\"item\":\"https:\\\/\\\/www.obender.eu\\\/tooted\\\/\"},{\"@type\":\"ListItem\",\"position\":3,\"name\":\"Weather station Emos E6018 wireless\"}]},{\"@type\":\"WebSite\",\"@id\":\"https:\\\/\\\/www.obender.eu\\\/#website\",\"url\":\"https:\\\/\\\/www.obender.eu\\\/\",\"name\":\"Obender\",\"description\":\"T\u00f6\u00f6stuskaupade hulgim\u00fc\u00fck\",\"potentialAction\":[{\"@type\":\"SearchAction\",\"target\":{\"@type\":\"EntryPoint\",\"urlTemplate\":\"https:\\\/\\\/www.obender.eu\\\/?s={search_term_string}\"},\"query-input\":{\"@type\":\"PropertyValueSpecification\",\"valueRequired\":true,\"valueName\":\"search_term_string\"}}],\"inLanguage\":\"en-US\"}]}<\/script>\n<!-- \/ Yoast SEO Premium plugin. -->","yoast_head_json":{"title":"Weather station Emos E6018 wireless - Obender","robots":{"index":"index","follow":"follow","max-snippet":"max-snippet:-1","max-image-preview":"max-image-preview:large","max-video-preview":"max-video-preview:-1"},"canonical":"https:\/\/obender.eu\/en\/toode\/ilmajaam-emos-e6018-juhtmevaba\/","og_locale":"en_US","og_type":"article","og_title":"Weather station Emos E6018 wireless","og_description":"Weather station Emos E6018 EAN: 8592920081211 Wireless sensor up to 100m range Functions: Clock, calendar, alarm, indoor temperature and humidity,","og_url":"https:\/\/obender.eu\/en\/toode\/ilmajaam-emos-e6018-juhtmevaba\/","og_site_name":"Obender","article_modified_time":"2026-04-22T06:00:07+00:00","og_image":[{"width":800,"height":800,"url":"https:\/\/obender.eu\/wp-content\/uploads\/2023\/06\/8592920081211.jpg","type":"image\/jpeg"}],"twitter_card":"summary_large_image","twitter_misc":{"Est. reading time":"1 minute"},"schema":{"@context":"https:\/\/schema.org","@graph":[{"@type":"WebPage","@id":"https:\/\/obender.eu\/en\/toode\/ilmajaam-emos-e6018-juhtmevaba\/","url":"https:\/\/obender.eu\/en\/toode\/ilmajaam-emos-e6018-juhtmevaba\/","name":"Weather station Emos E6018 wireless - Obender","isPartOf":{"@id":"https:\/\/www.obender.eu\/#website"},"primaryImageOfPage":{"@id":"https:\/\/obender.eu\/en\/toode\/ilmajaam-emos-e6018-juhtmevaba\/#primaryimage"},"image":{"@id":"https:\/\/obender.eu\/en\/toode\/ilmajaam-emos-e6018-juhtmevaba\/#primaryimage"},"thumbnailUrl":"https:\/\/obender.eu\/wp-content\/uploads\/2023\/06\/8592920081211.jpg","datePublished":"2023-06-22T19:48:04+00:00","dateModified":"2026-04-22T06:00:07+00:00","breadcrumb":{"@id":"https:\/\/obender.eu\/en\/toode\/ilmajaam-emos-e6018-juhtmevaba\/#breadcrumb"},"inLanguage":"en-US","potentialAction":[{"@type":"ReadAction","target":["https:\/\/obender.eu\/en\/toode\/ilmajaam-emos-e6018-juhtmevaba\/"]}]},{"@type":"ImageObject","inLanguage":"en-US","@id":"https:\/\/obender.eu\/en\/toode\/ilmajaam-emos-e6018-juhtmevaba\/#primaryimage","url":"https:\/\/obender.eu\/wp-content\/uploads\/2023\/06\/8592920081211.jpg","contentUrl":"https:\/\/obender.eu\/wp-content\/uploads\/2023\/06\/8592920081211.jpg","width":800,"height":800},{"@type":"BreadcrumbList","@id":"https:\/\/obender.eu\/en\/toode\/ilmajaam-emos-e6018-juhtmevaba\/#breadcrumb","itemListElement":[{"@type":"ListItem","position":1,"name":"Home","item":"https:\/\/obender.eu\/en\/"},{"@type":"ListItem","position":2,"name":"Tooted","item":"https:\/\/www.obender.eu\/tooted\/"},{"@type":"ListItem","position":3,"name":"Weather station Emos E6018 wireless"}]},{"@type":"WebSite","@id":"https:\/\/www.obender.eu\/#website","url":"https:\/\/www.obender.eu\/","name":"Obender","description":"T\u00f6\u00f6stuskaupade hulgim\u00fc\u00fck","potentialAction":[{"@type":"SearchAction","target":{"@type":"EntryPoint","urlTemplate":"https:\/\/www.obender.eu\/?s={search_term_string}"},"query-input":{"@type":"PropertyValueSpecification","valueRequired":true,"valueName":"search_term_string"}}],"inLanguage":"en-US"}]}},"_links":{"self":[{"href":"https:\/\/obender.eu\/en\/wp-json\/wp\/v2\/product\/26218","targetHints":{"allow":["GET"]}}],"collection":[{"href":"https:\/\/obender.eu\/en\/wp-json\/wp\/v2\/product"}],"about":[{"href":"https:\/\/obender.eu\/en\/wp-json\/wp\/v2\/types\/product"}],"version-history":[{"count":1,"href":"https:\/\/obender.eu\/en\/wp-json\/wp\/v2\/product\/26218\/revisions"}],"predecessor-version":[{"id":26228,"href":"https:\/\/obender.eu\/en\/wp-json\/wp\/v2\/product\/26218\/revisions\/26228"}],"wp:featuredmedia":[{"embeddable":true,"href":"https:\/\/obender.eu\/en\/wp-json\/wp\/v2\/media\/26220"}],"wp:attachment":[{"href":"https:\/\/obender.eu\/en\/wp-json\/wp\/v2\/media?parent=26218"}],"wp:term":[{"taxonomy":"product_brand","embeddable":true,"href":"https:\/\/obender.eu\/en\/wp-json\/wp\/v2\/product_brand?post=26218"},{"taxonomy":"product_cat","embeddable":true,"href":"https:\/\/obender.eu\/en\/wp-json\/wp\/v2\/product_cat?post=26218"},{"taxonomy":"product_tag","embeddable":true,"href":"https:\/\/obender.eu\/en\/wp-json\/wp\/v2\/product_tag?post=26218"}],"curies":[{"name":"wp","href":"https:\/\/api.w.org\/{rel}","templated":true}]}}