{"id":26489,"date":"2023-07-18T23:36:17","date_gmt":"2023-07-18T20:36:17","guid":{"rendered":"https:\/\/obender.eu\/toode\/kandelamp-camelion-10w-led-480m-laetav\/"},"modified":"2026-04-22T09:00:34","modified_gmt":"2026-04-22T06:00:34","slug":"kandelamp-camelion-10w-led-480m-laetav","status":"publish","type":"product","link":"https:\/\/obender.eu\/en\/toode\/kandelamp-camelion-10w-led-480m-laetav\/","title":{"rendered":"Search light Camelion 10W LED 480m, rechargeable"},"content":{"rendered":"<p>Search light Camelion RS225 (30200225)<\/p>\n<p>Extremely powerful multi-purpose search light for camping or work light.<\/p>\n<p>7 different lightning modes (see pictures).<\/p>\n<p>Search light 10W LED front: 100% power 1000lm, max 3,5h run time, max 480m; ECO mode 470lm, 9,5h run time; blinking.<\/p>\n<p>Camping light SMD LED (104pcs): 100% power 420lm, 10h run time; ECO mode 270lm, 18h run time.<\/p>\n<p>Emergency red triangle back light: constant or blinking.<\/p>\n<p>Power supply: rechargeable 3,7V 4,8Ah Lithium battery. Also designed as an emergency power solution. Indicators on back side shows charging level of battery.<\/p>\n<p>Color temperature: 5500-7000K<\/p>\n<p>USB-A input charging; power bank via Micro USB. 5V\/1A.<\/p>\n<p>USB cable and shoulder strap included.<\/p>\n<p>EAN: 4260216458163<\/p>\n","protected":false},"excerpt":{"rendered":"<p>Search light Camelion RS225 (30200225) Extremely powerful multi-purpose search light for camping or work light. 7 different lightning modes (see<\/p>\n","protected":false},"featured_media":26477,"template":"","meta":[],"product_brand":[],"product_cat":[402,373,391,335,308],"product_tag":[631,559,962,561,963],"class_list":{"0":"post-26489","1":"product","2":"type-product","3":"status-publish","4":"has-post-thumbnail","6":"product_cat-camping-lights","7":"product_cat-tooriistad-ja-ehitus","8":"product_cat-power-banks","9":"product_cat-sports-and-leisure","10":"product_cat-industrial-luminaires","11":"product_tag-camelion-en","12":"product_tag-camping-en","13":"product_tag-kandelamp-en","14":"product_tag-matkalamp-en","15":"product_tag-search-light-en","17":"first","18":"instock","19":"taxable","20":"shipping-taxable","21":"purchasable","22":"product-type-simple"},"yoast_head":"<!-- This site is optimized with the Yoast SEO Premium plugin v20.0 (Yoast SEO v27.4) - https:\/\/yoast.com\/product\/yoast-seo-premium-wordpress\/ -->\n<title>Search light Camelion 10W LED 480m, rechargeable - Obender<\/title>\n<meta name=\"robots\" content=\"index, follow, max-snippet:-1, max-image-preview:large, max-video-preview:-1\" \/>\n<link rel=\"canonical\" href=\"https:\/\/obender.eu\/en\/toode\/kandelamp-camelion-10w-led-480m-laetav\/\" \/>\n<meta property=\"og:locale\" content=\"en_US\" \/>\n<meta property=\"og:type\" content=\"article\" \/>\n<meta property=\"og:title\" content=\"Search light Camelion 10W LED 480m, rechargeable\" \/>\n<meta property=\"og:description\" content=\"Search light Camelion RS225 (30200225) Extremely powerful multi-purpose search light for camping or work light. 7 different lightning modes (see\" \/>\n<meta property=\"og:url\" content=\"https:\/\/obender.eu\/en\/toode\/kandelamp-camelion-10w-led-480m-laetav\/\" \/>\n<meta property=\"og:site_name\" content=\"Obender\" \/>\n<meta property=\"article:modified_time\" content=\"2026-04-22T06:00:34+00:00\" \/>\n<meta property=\"og:image\" content=\"https:\/\/obender.eu\/wp-content\/uploads\/2023\/07\/4260216458163-1.jpg\" \/>\n\t<meta property=\"og:image:width\" content=\"800\" \/>\n\t<meta property=\"og:image:height\" content=\"800\" \/>\n\t<meta property=\"og:image:type\" content=\"image\/jpeg\" \/>\n<meta name=\"twitter:card\" content=\"summary_large_image\" \/>\n<meta name=\"twitter:label1\" content=\"Est. reading time\" \/>\n\t<meta name=\"twitter:data1\" content=\"1 minute\" \/>\n<script type=\"application\/ld+json\" class=\"yoast-schema-graph\">{\"@context\":\"https:\\\/\\\/schema.org\",\"@graph\":[{\"@type\":\"WebPage\",\"@id\":\"https:\\\/\\\/obender.eu\\\/en\\\/toode\\\/kandelamp-camelion-10w-led-480m-laetav\\\/\",\"url\":\"https:\\\/\\\/obender.eu\\\/en\\\/toode\\\/kandelamp-camelion-10w-led-480m-laetav\\\/\",\"name\":\"Search light Camelion 10W LED 480m, rechargeable - Obender\",\"isPartOf\":{\"@id\":\"https:\\\/\\\/www.obender.eu\\\/#website\"},\"primaryImageOfPage\":{\"@id\":\"https:\\\/\\\/obender.eu\\\/en\\\/toode\\\/kandelamp-camelion-10w-led-480m-laetav\\\/#primaryimage\"},\"image\":{\"@id\":\"https:\\\/\\\/obender.eu\\\/en\\\/toode\\\/kandelamp-camelion-10w-led-480m-laetav\\\/#primaryimage\"},\"thumbnailUrl\":\"https:\\\/\\\/obender.eu\\\/wp-content\\\/uploads\\\/2023\\\/07\\\/4260216458163-1.jpg\",\"datePublished\":\"2023-07-18T20:36:17+00:00\",\"dateModified\":\"2026-04-22T06:00:34+00:00\",\"breadcrumb\":{\"@id\":\"https:\\\/\\\/obender.eu\\\/en\\\/toode\\\/kandelamp-camelion-10w-led-480m-laetav\\\/#breadcrumb\"},\"inLanguage\":\"en-US\",\"potentialAction\":[{\"@type\":\"ReadAction\",\"target\":[\"https:\\\/\\\/obender.eu\\\/en\\\/toode\\\/kandelamp-camelion-10w-led-480m-laetav\\\/\"]}]},{\"@type\":\"ImageObject\",\"inLanguage\":\"en-US\",\"@id\":\"https:\\\/\\\/obender.eu\\\/en\\\/toode\\\/kandelamp-camelion-10w-led-480m-laetav\\\/#primaryimage\",\"url\":\"https:\\\/\\\/obender.eu\\\/wp-content\\\/uploads\\\/2023\\\/07\\\/4260216458163-1.jpg\",\"contentUrl\":\"https:\\\/\\\/obender.eu\\\/wp-content\\\/uploads\\\/2023\\\/07\\\/4260216458163-1.jpg\",\"width\":800,\"height\":800},{\"@type\":\"BreadcrumbList\",\"@id\":\"https:\\\/\\\/obender.eu\\\/en\\\/toode\\\/kandelamp-camelion-10w-led-480m-laetav\\\/#breadcrumb\",\"itemListElement\":[{\"@type\":\"ListItem\",\"position\":1,\"name\":\"Home\",\"item\":\"https:\\\/\\\/obender.eu\\\/en\\\/\"},{\"@type\":\"ListItem\",\"position\":2,\"name\":\"Tooted\",\"item\":\"https:\\\/\\\/www.obender.eu\\\/tooted\\\/\"},{\"@type\":\"ListItem\",\"position\":3,\"name\":\"Search light Camelion 10W LED 480m, rechargeable\"}]},{\"@type\":\"WebSite\",\"@id\":\"https:\\\/\\\/www.obender.eu\\\/#website\",\"url\":\"https:\\\/\\\/www.obender.eu\\\/\",\"name\":\"Obender\",\"description\":\"T\u00f6\u00f6stuskaupade hulgim\u00fc\u00fck\",\"potentialAction\":[{\"@type\":\"SearchAction\",\"target\":{\"@type\":\"EntryPoint\",\"urlTemplate\":\"https:\\\/\\\/www.obender.eu\\\/?s={search_term_string}\"},\"query-input\":{\"@type\":\"PropertyValueSpecification\",\"valueRequired\":true,\"valueName\":\"search_term_string\"}}],\"inLanguage\":\"en-US\"}]}<\/script>\n<!-- \/ Yoast SEO Premium plugin. -->","yoast_head_json":{"title":"Search light Camelion 10W LED 480m, rechargeable - Obender","robots":{"index":"index","follow":"follow","max-snippet":"max-snippet:-1","max-image-preview":"max-image-preview:large","max-video-preview":"max-video-preview:-1"},"canonical":"https:\/\/obender.eu\/en\/toode\/kandelamp-camelion-10w-led-480m-laetav\/","og_locale":"en_US","og_type":"article","og_title":"Search light Camelion 10W LED 480m, rechargeable","og_description":"Search light Camelion RS225 (30200225) Extremely powerful multi-purpose search light for camping or work light. 7 different lightning modes (see","og_url":"https:\/\/obender.eu\/en\/toode\/kandelamp-camelion-10w-led-480m-laetav\/","og_site_name":"Obender","article_modified_time":"2026-04-22T06:00:34+00:00","og_image":[{"width":800,"height":800,"url":"https:\/\/obender.eu\/wp-content\/uploads\/2023\/07\/4260216458163-1.jpg","type":"image\/jpeg"}],"twitter_card":"summary_large_image","twitter_misc":{"Est. reading time":"1 minute"},"schema":{"@context":"https:\/\/schema.org","@graph":[{"@type":"WebPage","@id":"https:\/\/obender.eu\/en\/toode\/kandelamp-camelion-10w-led-480m-laetav\/","url":"https:\/\/obender.eu\/en\/toode\/kandelamp-camelion-10w-led-480m-laetav\/","name":"Search light Camelion 10W LED 480m, rechargeable - Obender","isPartOf":{"@id":"https:\/\/www.obender.eu\/#website"},"primaryImageOfPage":{"@id":"https:\/\/obender.eu\/en\/toode\/kandelamp-camelion-10w-led-480m-laetav\/#primaryimage"},"image":{"@id":"https:\/\/obender.eu\/en\/toode\/kandelamp-camelion-10w-led-480m-laetav\/#primaryimage"},"thumbnailUrl":"https:\/\/obender.eu\/wp-content\/uploads\/2023\/07\/4260216458163-1.jpg","datePublished":"2023-07-18T20:36:17+00:00","dateModified":"2026-04-22T06:00:34+00:00","breadcrumb":{"@id":"https:\/\/obender.eu\/en\/toode\/kandelamp-camelion-10w-led-480m-laetav\/#breadcrumb"},"inLanguage":"en-US","potentialAction":[{"@type":"ReadAction","target":["https:\/\/obender.eu\/en\/toode\/kandelamp-camelion-10w-led-480m-laetav\/"]}]},{"@type":"ImageObject","inLanguage":"en-US","@id":"https:\/\/obender.eu\/en\/toode\/kandelamp-camelion-10w-led-480m-laetav\/#primaryimage","url":"https:\/\/obender.eu\/wp-content\/uploads\/2023\/07\/4260216458163-1.jpg","contentUrl":"https:\/\/obender.eu\/wp-content\/uploads\/2023\/07\/4260216458163-1.jpg","width":800,"height":800},{"@type":"BreadcrumbList","@id":"https:\/\/obender.eu\/en\/toode\/kandelamp-camelion-10w-led-480m-laetav\/#breadcrumb","itemListElement":[{"@type":"ListItem","position":1,"name":"Home","item":"https:\/\/obender.eu\/en\/"},{"@type":"ListItem","position":2,"name":"Tooted","item":"https:\/\/www.obender.eu\/tooted\/"},{"@type":"ListItem","position":3,"name":"Search light Camelion 10W LED 480m, rechargeable"}]},{"@type":"WebSite","@id":"https:\/\/www.obender.eu\/#website","url":"https:\/\/www.obender.eu\/","name":"Obender","description":"T\u00f6\u00f6stuskaupade hulgim\u00fc\u00fck","potentialAction":[{"@type":"SearchAction","target":{"@type":"EntryPoint","urlTemplate":"https:\/\/www.obender.eu\/?s={search_term_string}"},"query-input":{"@type":"PropertyValueSpecification","valueRequired":true,"valueName":"search_term_string"}}],"inLanguage":"en-US"}]}},"_links":{"self":[{"href":"https:\/\/obender.eu\/en\/wp-json\/wp\/v2\/product\/26489","targetHints":{"allow":["GET"]}}],"collection":[{"href":"https:\/\/obender.eu\/en\/wp-json\/wp\/v2\/product"}],"about":[{"href":"https:\/\/obender.eu\/en\/wp-json\/wp\/v2\/types\/product"}],"version-history":[{"count":1,"href":"https:\/\/obender.eu\/en\/wp-json\/wp\/v2\/product\/26489\/revisions"}],"predecessor-version":[{"id":26490,"href":"https:\/\/obender.eu\/en\/wp-json\/wp\/v2\/product\/26489\/revisions\/26490"}],"wp:featuredmedia":[{"embeddable":true,"href":"https:\/\/obender.eu\/en\/wp-json\/wp\/v2\/media\/26477"}],"wp:attachment":[{"href":"https:\/\/obender.eu\/en\/wp-json\/wp\/v2\/media?parent=26489"}],"wp:term":[{"taxonomy":"product_brand","embeddable":true,"href":"https:\/\/obender.eu\/en\/wp-json\/wp\/v2\/product_brand?post=26489"},{"taxonomy":"product_cat","embeddable":true,"href":"https:\/\/obender.eu\/en\/wp-json\/wp\/v2\/product_cat?post=26489"},{"taxonomy":"product_tag","embeddable":true,"href":"https:\/\/obender.eu\/en\/wp-json\/wp\/v2\/product_tag?post=26489"}],"curies":[{"name":"wp","href":"https:\/\/api.w.org\/{rel}","templated":true}]}}