{"id":26717,"date":"2023-09-21T15:17:37","date_gmt":"2023-09-21T12:17:37","guid":{"rendered":"https:\/\/obender.eu\/?post_type=product&#038;p=26717"},"modified":"2026-04-20T16:00:57","modified_gmt":"2026-04-20T13:00:57","slug":"bluetooth-wireless-earbuds-aukey-ep-n5-kopeeri","status":"publish","type":"product","link":"https:\/\/obender.eu\/en\/toode\/bluetooth-wireless-earbuds-aukey-ep-n5-kopeeri\/","title":{"rendered":"Headset ST.90269 wireless BT4.1 black"},"content":{"rendered":"<p>Headset ST.90269 Saatchitech mini wireless<\/p>\n<p>EAN: 80680205064547<\/p>\n<p>Bluetooth 4.1<\/p>\n<p>Mini headset with microphone and answer button, multipoint technology<\/p>\n<p>Multipoint technology<\/p>\n<p>Answer \/ end call button and volume control button<\/p>\n<p>Connection range: up to 10 meters<\/p>\n<p>Call time: up to 3 hours<\/p>\n<p>Stand by time: up to 70 hours<\/p>\n<p>Weight: 4.9 grams<\/p>\n<p>Set includes: different earplugs and data cable<\/p>\n","protected":false},"excerpt":{"rendered":"<p>Headset ST.90269 Saatchitech mini wireless EAN: 80680205064547 Bluetooth 4.1 Mini headset with microphone and answer button, multipoint technology Multipoint technology<\/p>\n","protected":false},"featured_media":26719,"template":"","meta":[],"product_brand":[],"product_cat":[392,299],"product_tag":[1265,780,1467],"class_list":{"0":"post-26717","1":"product","2":"type-product","3":"status-publish","4":"has-post-thumbnail","6":"product_cat-earphones-en","7":"product_cat-phone-holders-and-chargers","8":"product_tag-bluetooth-en","9":"product_tag-headphones","10":"product_tag-peakomplekt-en","12":"first","13":"instock","14":"taxable","15":"shipping-taxable","16":"purchasable","17":"product-type-simple"},"yoast_head":"<!-- This site is optimized with the Yoast SEO Premium plugin v20.0 (Yoast SEO v27.4) - https:\/\/yoast.com\/product\/yoast-seo-premium-wordpress\/ -->\n<title>Headset ST.90269 wireless BT4.1 black - Obender<\/title>\n<meta name=\"robots\" content=\"index, follow, max-snippet:-1, max-image-preview:large, max-video-preview:-1\" \/>\n<link rel=\"canonical\" href=\"https:\/\/obender.eu\/en\/toode\/bluetooth-wireless-earbuds-aukey-ep-n5-kopeeri\/\" \/>\n<meta property=\"og:locale\" content=\"en_US\" \/>\n<meta property=\"og:type\" content=\"article\" \/>\n<meta property=\"og:title\" content=\"Headset ST.90269 wireless BT4.1 black\" \/>\n<meta property=\"og:description\" content=\"Headset ST.90269 Saatchitech mini wireless EAN: 80680205064547 Bluetooth 4.1 Mini headset with microphone and answer button, multipoint technology Multipoint technology\" \/>\n<meta property=\"og:url\" content=\"https:\/\/obender.eu\/en\/toode\/bluetooth-wireless-earbuds-aukey-ep-n5-kopeeri\/\" \/>\n<meta property=\"og:site_name\" content=\"Obender\" \/>\n<meta property=\"article:modified_time\" content=\"2026-04-20T13:00:57+00:00\" \/>\n<meta property=\"og:image\" content=\"https:\/\/obender.eu\/wp-content\/uploads\/2023\/09\/8068020506447-1.jpg\" \/>\n\t<meta property=\"og:image:width\" content=\"1000\" \/>\n\t<meta property=\"og:image:height\" content=\"1000\" \/>\n\t<meta property=\"og:image:type\" content=\"image\/jpeg\" \/>\n<meta name=\"twitter:card\" content=\"summary_large_image\" \/>\n<meta name=\"twitter:label1\" content=\"Est. reading time\" \/>\n\t<meta name=\"twitter:data1\" content=\"1 minute\" \/>\n<script type=\"application\/ld+json\" class=\"yoast-schema-graph\">{\"@context\":\"https:\\\/\\\/schema.org\",\"@graph\":[{\"@type\":\"WebPage\",\"@id\":\"https:\\\/\\\/obender.eu\\\/en\\\/toode\\\/bluetooth-wireless-earbuds-aukey-ep-n5-kopeeri\\\/\",\"url\":\"https:\\\/\\\/obender.eu\\\/en\\\/toode\\\/bluetooth-wireless-earbuds-aukey-ep-n5-kopeeri\\\/\",\"name\":\"Headset ST.90269 wireless BT4.1 black - Obender\",\"isPartOf\":{\"@id\":\"https:\\\/\\\/www.obender.eu\\\/#website\"},\"primaryImageOfPage\":{\"@id\":\"https:\\\/\\\/obender.eu\\\/en\\\/toode\\\/bluetooth-wireless-earbuds-aukey-ep-n5-kopeeri\\\/#primaryimage\"},\"image\":{\"@id\":\"https:\\\/\\\/obender.eu\\\/en\\\/toode\\\/bluetooth-wireless-earbuds-aukey-ep-n5-kopeeri\\\/#primaryimage\"},\"thumbnailUrl\":\"https:\\\/\\\/obender.eu\\\/wp-content\\\/uploads\\\/2023\\\/09\\\/8068020506447-1.jpg\",\"datePublished\":\"2023-09-21T12:17:37+00:00\",\"dateModified\":\"2026-04-20T13:00:57+00:00\",\"breadcrumb\":{\"@id\":\"https:\\\/\\\/obender.eu\\\/en\\\/toode\\\/bluetooth-wireless-earbuds-aukey-ep-n5-kopeeri\\\/#breadcrumb\"},\"inLanguage\":\"en-US\",\"potentialAction\":[{\"@type\":\"ReadAction\",\"target\":[\"https:\\\/\\\/obender.eu\\\/en\\\/toode\\\/bluetooth-wireless-earbuds-aukey-ep-n5-kopeeri\\\/\"]}]},{\"@type\":\"ImageObject\",\"inLanguage\":\"en-US\",\"@id\":\"https:\\\/\\\/obender.eu\\\/en\\\/toode\\\/bluetooth-wireless-earbuds-aukey-ep-n5-kopeeri\\\/#primaryimage\",\"url\":\"https:\\\/\\\/obender.eu\\\/wp-content\\\/uploads\\\/2023\\\/09\\\/8068020506447-1.jpg\",\"contentUrl\":\"https:\\\/\\\/obender.eu\\\/wp-content\\\/uploads\\\/2023\\\/09\\\/8068020506447-1.jpg\",\"width\":1000,\"height\":1000},{\"@type\":\"BreadcrumbList\",\"@id\":\"https:\\\/\\\/obender.eu\\\/en\\\/toode\\\/bluetooth-wireless-earbuds-aukey-ep-n5-kopeeri\\\/#breadcrumb\",\"itemListElement\":[{\"@type\":\"ListItem\",\"position\":1,\"name\":\"Home\",\"item\":\"https:\\\/\\\/obender.eu\\\/en\\\/\"},{\"@type\":\"ListItem\",\"position\":2,\"name\":\"Tooted\",\"item\":\"https:\\\/\\\/www.obender.eu\\\/tooted\\\/\"},{\"@type\":\"ListItem\",\"position\":3,\"name\":\"Headset ST.90269 wireless BT4.1 black\"}]},{\"@type\":\"WebSite\",\"@id\":\"https:\\\/\\\/www.obender.eu\\\/#website\",\"url\":\"https:\\\/\\\/www.obender.eu\\\/\",\"name\":\"Obender\",\"description\":\"T\u00f6\u00f6stuskaupade hulgim\u00fc\u00fck\",\"potentialAction\":[{\"@type\":\"SearchAction\",\"target\":{\"@type\":\"EntryPoint\",\"urlTemplate\":\"https:\\\/\\\/www.obender.eu\\\/?s={search_term_string}\"},\"query-input\":{\"@type\":\"PropertyValueSpecification\",\"valueRequired\":true,\"valueName\":\"search_term_string\"}}],\"inLanguage\":\"en-US\"}]}<\/script>\n<!-- \/ Yoast SEO Premium plugin. -->","yoast_head_json":{"title":"Headset ST.90269 wireless BT4.1 black - Obender","robots":{"index":"index","follow":"follow","max-snippet":"max-snippet:-1","max-image-preview":"max-image-preview:large","max-video-preview":"max-video-preview:-1"},"canonical":"https:\/\/obender.eu\/en\/toode\/bluetooth-wireless-earbuds-aukey-ep-n5-kopeeri\/","og_locale":"en_US","og_type":"article","og_title":"Headset ST.90269 wireless BT4.1 black","og_description":"Headset ST.90269 Saatchitech mini wireless EAN: 80680205064547 Bluetooth 4.1 Mini headset with microphone and answer button, multipoint technology Multipoint technology","og_url":"https:\/\/obender.eu\/en\/toode\/bluetooth-wireless-earbuds-aukey-ep-n5-kopeeri\/","og_site_name":"Obender","article_modified_time":"2026-04-20T13:00:57+00:00","og_image":[{"width":1000,"height":1000,"url":"https:\/\/obender.eu\/wp-content\/uploads\/2023\/09\/8068020506447-1.jpg","type":"image\/jpeg"}],"twitter_card":"summary_large_image","twitter_misc":{"Est. reading time":"1 minute"},"schema":{"@context":"https:\/\/schema.org","@graph":[{"@type":"WebPage","@id":"https:\/\/obender.eu\/en\/toode\/bluetooth-wireless-earbuds-aukey-ep-n5-kopeeri\/","url":"https:\/\/obender.eu\/en\/toode\/bluetooth-wireless-earbuds-aukey-ep-n5-kopeeri\/","name":"Headset ST.90269 wireless BT4.1 black - Obender","isPartOf":{"@id":"https:\/\/www.obender.eu\/#website"},"primaryImageOfPage":{"@id":"https:\/\/obender.eu\/en\/toode\/bluetooth-wireless-earbuds-aukey-ep-n5-kopeeri\/#primaryimage"},"image":{"@id":"https:\/\/obender.eu\/en\/toode\/bluetooth-wireless-earbuds-aukey-ep-n5-kopeeri\/#primaryimage"},"thumbnailUrl":"https:\/\/obender.eu\/wp-content\/uploads\/2023\/09\/8068020506447-1.jpg","datePublished":"2023-09-21T12:17:37+00:00","dateModified":"2026-04-20T13:00:57+00:00","breadcrumb":{"@id":"https:\/\/obender.eu\/en\/toode\/bluetooth-wireless-earbuds-aukey-ep-n5-kopeeri\/#breadcrumb"},"inLanguage":"en-US","potentialAction":[{"@type":"ReadAction","target":["https:\/\/obender.eu\/en\/toode\/bluetooth-wireless-earbuds-aukey-ep-n5-kopeeri\/"]}]},{"@type":"ImageObject","inLanguage":"en-US","@id":"https:\/\/obender.eu\/en\/toode\/bluetooth-wireless-earbuds-aukey-ep-n5-kopeeri\/#primaryimage","url":"https:\/\/obender.eu\/wp-content\/uploads\/2023\/09\/8068020506447-1.jpg","contentUrl":"https:\/\/obender.eu\/wp-content\/uploads\/2023\/09\/8068020506447-1.jpg","width":1000,"height":1000},{"@type":"BreadcrumbList","@id":"https:\/\/obender.eu\/en\/toode\/bluetooth-wireless-earbuds-aukey-ep-n5-kopeeri\/#breadcrumb","itemListElement":[{"@type":"ListItem","position":1,"name":"Home","item":"https:\/\/obender.eu\/en\/"},{"@type":"ListItem","position":2,"name":"Tooted","item":"https:\/\/www.obender.eu\/tooted\/"},{"@type":"ListItem","position":3,"name":"Headset ST.90269 wireless BT4.1 black"}]},{"@type":"WebSite","@id":"https:\/\/www.obender.eu\/#website","url":"https:\/\/www.obender.eu\/","name":"Obender","description":"T\u00f6\u00f6stuskaupade hulgim\u00fc\u00fck","potentialAction":[{"@type":"SearchAction","target":{"@type":"EntryPoint","urlTemplate":"https:\/\/www.obender.eu\/?s={search_term_string}"},"query-input":{"@type":"PropertyValueSpecification","valueRequired":true,"valueName":"search_term_string"}}],"inLanguage":"en-US"}]}},"_links":{"self":[{"href":"https:\/\/obender.eu\/en\/wp-json\/wp\/v2\/product\/26717","targetHints":{"allow":["GET"]}}],"collection":[{"href":"https:\/\/obender.eu\/en\/wp-json\/wp\/v2\/product"}],"about":[{"href":"https:\/\/obender.eu\/en\/wp-json\/wp\/v2\/types\/product"}],"version-history":[{"count":5,"href":"https:\/\/obender.eu\/en\/wp-json\/wp\/v2\/product\/26717\/revisions"}],"predecessor-version":[{"id":28171,"href":"https:\/\/obender.eu\/en\/wp-json\/wp\/v2\/product\/26717\/revisions\/28171"}],"wp:featuredmedia":[{"embeddable":true,"href":"https:\/\/obender.eu\/en\/wp-json\/wp\/v2\/media\/26719"}],"wp:attachment":[{"href":"https:\/\/obender.eu\/en\/wp-json\/wp\/v2\/media?parent=26717"}],"wp:term":[{"taxonomy":"product_brand","embeddable":true,"href":"https:\/\/obender.eu\/en\/wp-json\/wp\/v2\/product_brand?post=26717"},{"taxonomy":"product_cat","embeddable":true,"href":"https:\/\/obender.eu\/en\/wp-json\/wp\/v2\/product_cat?post=26717"},{"taxonomy":"product_tag","embeddable":true,"href":"https:\/\/obender.eu\/en\/wp-json\/wp\/v2\/product_tag?post=26717"}],"curies":[{"name":"wp","href":"https:\/\/api.w.org\/{rel}","templated":true}]}}