{"id":27032,"date":"2023-10-08T10:05:26","date_gmt":"2023-10-08T07:05:26","guid":{"rendered":"https:\/\/obender.eu\/?post_type=product&#038;p=27032"},"modified":"2026-04-21T22:01:04","modified_gmt":"2026-04-21T19:01:04","slug":"norma-tes-04-r-1-8","status":"publish","type":"product","link":"https:\/\/obender.eu\/en\/toode\/norma-tes-04-r-1-8\/","title":{"rendered":"Norma TES 04\/R 1\/8"},"content":{"rendered":"<p>Norma TES 04\/R 1\/8<\/p>\n<p>Materjal: polyamide<\/p>\n<p>Normaplast products are produced in Germany.<\/p>\n<p>NORMAPLAST\u00ae SV products are proven plastic hose and pipe connection components that create secure, reliable and affordable connections in lines used for transporting media.\u00a0NORMAPLAST\u00ae SV hose and pipe connectors are used in the automotive construction industry as well as practically every other industrial sector.<\/p>\n<p>Carton 100pcs, size of carton 12x12x6cm, weight 0,2kg<\/p>\n<p>EAN: 4043171349550<\/p>\n","protected":false},"excerpt":{"rendered":"<p>Norma TES 04\/R 1\/8 Materjal: polyamide Normaplast products are produced in Germany. NORMAPLAST\u00ae SV products are proven plastic hose and<\/p>\n","protected":false},"featured_media":27034,"template":"","meta":[],"product_brand":[],"product_cat":[310,312],"product_tag":[441,1356,1358],"class_list":{"0":"post-27032","1":"product","2":"type-product","3":"status-publish","4":"has-post-thumbnail","6":"product_cat-fasteners","7":"product_cat-norma","8":"product_tag-norma-en","9":"product_tag-normaplast-en","10":"product_tag-tes-en","12":"first","13":"instock","14":"taxable","15":"shipping-taxable","16":"purchasable","17":"product-type-simple"},"yoast_head":"<!-- This site is optimized with the Yoast SEO Premium plugin v20.0 (Yoast SEO v27.4) - https:\/\/yoast.com\/product\/yoast-seo-premium-wordpress\/ -->\n<title>Norma TES 04\/R 1\/8 - Obender<\/title>\n<meta name=\"robots\" content=\"index, follow, max-snippet:-1, max-image-preview:large, max-video-preview:-1\" \/>\n<link rel=\"canonical\" href=\"https:\/\/obender.eu\/en\/toode\/norma-tes-04-r-1-8\/\" \/>\n<meta property=\"og:locale\" content=\"en_US\" \/>\n<meta property=\"og:type\" content=\"article\" \/>\n<meta property=\"og:title\" content=\"Norma TES 04\/R 1\/8\" \/>\n<meta property=\"og:description\" content=\"Norma TES 04\/R 1\/8 Materjal: polyamide Normaplast products are produced in Germany. NORMAPLAST\u00ae SV products are proven plastic hose and\" \/>\n<meta property=\"og:url\" content=\"https:\/\/obender.eu\/en\/toode\/norma-tes-04-r-1-8\/\" \/>\n<meta property=\"og:site_name\" content=\"Obender\" \/>\n<meta property=\"article:modified_time\" content=\"2026-04-21T19:01:04+00:00\" \/>\n<meta property=\"og:image\" content=\"https:\/\/obender.eu\/wp-content\/uploads\/2023\/10\/Norma-TES.jpg\" \/>\n\t<meta property=\"og:image:width\" content=\"455\" \/>\n\t<meta property=\"og:image:height\" content=\"455\" \/>\n\t<meta property=\"og:image:type\" content=\"image\/jpeg\" \/>\n<meta name=\"twitter:card\" content=\"summary_large_image\" \/>\n<meta name=\"twitter:label1\" content=\"Est. reading time\" \/>\n\t<meta name=\"twitter:data1\" content=\"1 minute\" \/>\n<script type=\"application\/ld+json\" class=\"yoast-schema-graph\">{\"@context\":\"https:\\\/\\\/schema.org\",\"@graph\":[{\"@type\":\"WebPage\",\"@id\":\"https:\\\/\\\/obender.eu\\\/en\\\/toode\\\/norma-tes-04-r-1-8\\\/\",\"url\":\"https:\\\/\\\/obender.eu\\\/en\\\/toode\\\/norma-tes-04-r-1-8\\\/\",\"name\":\"Norma TES 04\\\/R 1\\\/8 - Obender\",\"isPartOf\":{\"@id\":\"https:\\\/\\\/www.obender.eu\\\/#website\"},\"primaryImageOfPage\":{\"@id\":\"https:\\\/\\\/obender.eu\\\/en\\\/toode\\\/norma-tes-04-r-1-8\\\/#primaryimage\"},\"image\":{\"@id\":\"https:\\\/\\\/obender.eu\\\/en\\\/toode\\\/norma-tes-04-r-1-8\\\/#primaryimage\"},\"thumbnailUrl\":\"https:\\\/\\\/obender.eu\\\/wp-content\\\/uploads\\\/2023\\\/10\\\/Norma-TES.jpg\",\"datePublished\":\"2023-10-08T07:05:26+00:00\",\"dateModified\":\"2026-04-21T19:01:04+00:00\",\"breadcrumb\":{\"@id\":\"https:\\\/\\\/obender.eu\\\/en\\\/toode\\\/norma-tes-04-r-1-8\\\/#breadcrumb\"},\"inLanguage\":\"en-US\",\"potentialAction\":[{\"@type\":\"ReadAction\",\"target\":[\"https:\\\/\\\/obender.eu\\\/en\\\/toode\\\/norma-tes-04-r-1-8\\\/\"]}]},{\"@type\":\"ImageObject\",\"inLanguage\":\"en-US\",\"@id\":\"https:\\\/\\\/obender.eu\\\/en\\\/toode\\\/norma-tes-04-r-1-8\\\/#primaryimage\",\"url\":\"https:\\\/\\\/obender.eu\\\/wp-content\\\/uploads\\\/2023\\\/10\\\/Norma-TES.jpg\",\"contentUrl\":\"https:\\\/\\\/obender.eu\\\/wp-content\\\/uploads\\\/2023\\\/10\\\/Norma-TES.jpg\",\"width\":455,\"height\":455},{\"@type\":\"BreadcrumbList\",\"@id\":\"https:\\\/\\\/obender.eu\\\/en\\\/toode\\\/norma-tes-04-r-1-8\\\/#breadcrumb\",\"itemListElement\":[{\"@type\":\"ListItem\",\"position\":1,\"name\":\"Home\",\"item\":\"https:\\\/\\\/obender.eu\\\/en\\\/\"},{\"@type\":\"ListItem\",\"position\":2,\"name\":\"Tooted\",\"item\":\"https:\\\/\\\/www.obender.eu\\\/tooted\\\/\"},{\"@type\":\"ListItem\",\"position\":3,\"name\":\"Norma TES 04\\\/R 1\\\/8\"}]},{\"@type\":\"WebSite\",\"@id\":\"https:\\\/\\\/www.obender.eu\\\/#website\",\"url\":\"https:\\\/\\\/www.obender.eu\\\/\",\"name\":\"Obender\",\"description\":\"T\u00f6\u00f6stuskaupade hulgim\u00fc\u00fck\",\"potentialAction\":[{\"@type\":\"SearchAction\",\"target\":{\"@type\":\"EntryPoint\",\"urlTemplate\":\"https:\\\/\\\/www.obender.eu\\\/?s={search_term_string}\"},\"query-input\":{\"@type\":\"PropertyValueSpecification\",\"valueRequired\":true,\"valueName\":\"search_term_string\"}}],\"inLanguage\":\"en-US\"}]}<\/script>\n<!-- \/ Yoast SEO Premium plugin. -->","yoast_head_json":{"title":"Norma TES 04\/R 1\/8 - Obender","robots":{"index":"index","follow":"follow","max-snippet":"max-snippet:-1","max-image-preview":"max-image-preview:large","max-video-preview":"max-video-preview:-1"},"canonical":"https:\/\/obender.eu\/en\/toode\/norma-tes-04-r-1-8\/","og_locale":"en_US","og_type":"article","og_title":"Norma TES 04\/R 1\/8","og_description":"Norma TES 04\/R 1\/8 Materjal: polyamide Normaplast products are produced in Germany. NORMAPLAST\u00ae SV products are proven plastic hose and","og_url":"https:\/\/obender.eu\/en\/toode\/norma-tes-04-r-1-8\/","og_site_name":"Obender","article_modified_time":"2026-04-21T19:01:04+00:00","og_image":[{"width":455,"height":455,"url":"https:\/\/obender.eu\/wp-content\/uploads\/2023\/10\/Norma-TES.jpg","type":"image\/jpeg"}],"twitter_card":"summary_large_image","twitter_misc":{"Est. reading time":"1 minute"},"schema":{"@context":"https:\/\/schema.org","@graph":[{"@type":"WebPage","@id":"https:\/\/obender.eu\/en\/toode\/norma-tes-04-r-1-8\/","url":"https:\/\/obender.eu\/en\/toode\/norma-tes-04-r-1-8\/","name":"Norma TES 04\/R 1\/8 - Obender","isPartOf":{"@id":"https:\/\/www.obender.eu\/#website"},"primaryImageOfPage":{"@id":"https:\/\/obender.eu\/en\/toode\/norma-tes-04-r-1-8\/#primaryimage"},"image":{"@id":"https:\/\/obender.eu\/en\/toode\/norma-tes-04-r-1-8\/#primaryimage"},"thumbnailUrl":"https:\/\/obender.eu\/wp-content\/uploads\/2023\/10\/Norma-TES.jpg","datePublished":"2023-10-08T07:05:26+00:00","dateModified":"2026-04-21T19:01:04+00:00","breadcrumb":{"@id":"https:\/\/obender.eu\/en\/toode\/norma-tes-04-r-1-8\/#breadcrumb"},"inLanguage":"en-US","potentialAction":[{"@type":"ReadAction","target":["https:\/\/obender.eu\/en\/toode\/norma-tes-04-r-1-8\/"]}]},{"@type":"ImageObject","inLanguage":"en-US","@id":"https:\/\/obender.eu\/en\/toode\/norma-tes-04-r-1-8\/#primaryimage","url":"https:\/\/obender.eu\/wp-content\/uploads\/2023\/10\/Norma-TES.jpg","contentUrl":"https:\/\/obender.eu\/wp-content\/uploads\/2023\/10\/Norma-TES.jpg","width":455,"height":455},{"@type":"BreadcrumbList","@id":"https:\/\/obender.eu\/en\/toode\/norma-tes-04-r-1-8\/#breadcrumb","itemListElement":[{"@type":"ListItem","position":1,"name":"Home","item":"https:\/\/obender.eu\/en\/"},{"@type":"ListItem","position":2,"name":"Tooted","item":"https:\/\/www.obender.eu\/tooted\/"},{"@type":"ListItem","position":3,"name":"Norma TES 04\/R 1\/8"}]},{"@type":"WebSite","@id":"https:\/\/www.obender.eu\/#website","url":"https:\/\/www.obender.eu\/","name":"Obender","description":"T\u00f6\u00f6stuskaupade hulgim\u00fc\u00fck","potentialAction":[{"@type":"SearchAction","target":{"@type":"EntryPoint","urlTemplate":"https:\/\/www.obender.eu\/?s={search_term_string}"},"query-input":{"@type":"PropertyValueSpecification","valueRequired":true,"valueName":"search_term_string"}}],"inLanguage":"en-US"}]}},"_links":{"self":[{"href":"https:\/\/obender.eu\/en\/wp-json\/wp\/v2\/product\/27032","targetHints":{"allow":["GET"]}}],"collection":[{"href":"https:\/\/obender.eu\/en\/wp-json\/wp\/v2\/product"}],"about":[{"href":"https:\/\/obender.eu\/en\/wp-json\/wp\/v2\/types\/product"}],"version-history":[{"count":2,"href":"https:\/\/obender.eu\/en\/wp-json\/wp\/v2\/product\/27032\/revisions"}],"predecessor-version":[{"id":27037,"href":"https:\/\/obender.eu\/en\/wp-json\/wp\/v2\/product\/27032\/revisions\/27037"}],"wp:featuredmedia":[{"embeddable":true,"href":"https:\/\/obender.eu\/en\/wp-json\/wp\/v2\/media\/27034"}],"wp:attachment":[{"href":"https:\/\/obender.eu\/en\/wp-json\/wp\/v2\/media?parent=27032"}],"wp:term":[{"taxonomy":"product_brand","embeddable":true,"href":"https:\/\/obender.eu\/en\/wp-json\/wp\/v2\/product_brand?post=27032"},{"taxonomy":"product_cat","embeddable":true,"href":"https:\/\/obender.eu\/en\/wp-json\/wp\/v2\/product_cat?post=27032"},{"taxonomy":"product_tag","embeddable":true,"href":"https:\/\/obender.eu\/en\/wp-json\/wp\/v2\/product_tag?post=27032"}],"curies":[{"name":"wp","href":"https:\/\/api.w.org\/{rel}","templated":true}]}}