{"id":27121,"date":"2023-10-08T12:59:03","date_gmt":"2023-10-08T09:59:03","guid":{"rendered":"https:\/\/obender.eu\/?post_type=product&#038;p=27121"},"modified":"2026-04-20T11:00:59","modified_gmt":"2026-04-20T08:00:59","slug":"hooglamp-iskra-kuunal-25w-b35-e14-200lm-240v","status":"publish","type":"product","link":"https:\/\/obender.eu\/en\/toode\/hooglamp-iskra-kuunal-25w-b35-e14-200lm-240v\/","title":{"rendered":"Light bulb Iskra candle 25W B35 E14 200lm 240V"},"content":{"rendered":"<p>Light bulb Iskra candle 25W<\/p>\n<p>E14 B35 200lm 2700K 240V<\/p>\n<p>EAN: 4823003502540<\/p>\n<p>10pcs in package, size 7&#215;17,5x9cm<\/p>\n<p>SELL OUT! LAST PIECES IN STOCK!<\/p>\n","protected":false},"excerpt":{"rendered":"<p>Light bulb Iskra candle 25W E14 B35 200lm 2700K 240V EAN: 4823003502540 10pcs in package, size 7&#215;17,5x9cm SELL OUT! LAST<\/p>\n","protected":false},"featured_media":27123,"template":"","meta":[],"product_brand":[],"product_cat":[305,404,302,303,309,285],"product_tag":[1372,1366,1368,1365,1371,1367],"class_list":{"0":"post-27121","1":"product","2":"type-product","3":"status-publish","4":"has-post-thumbnail","6":"product_cat-desk-lamps","7":"product_cat-floor-lamps","8":"product_cat-lighting","9":"product_cat-other-light-sources","10":"product_cat-outdoor-lamps","11":"product_cat-sell-out","12":"product_tag-candle-en","13":"product_tag-hooglamp-en","14":"product_tag-incandencent-en","15":"product_tag-iskra-en","16":"product_tag-kuunallamp-en","17":"product_tag-light-bulb-en","19":"first","20":"instock","21":"taxable","22":"shipping-taxable","23":"purchasable","24":"product-type-simple"},"yoast_head":"<!-- This site is optimized with the Yoast SEO Premium plugin v20.0 (Yoast SEO v27.4) - https:\/\/yoast.com\/product\/yoast-seo-premium-wordpress\/ -->\n<title>Light bulb Iskra candle 25W B35 E14 200lm 240V - Obender<\/title>\n<meta name=\"robots\" content=\"index, follow, max-snippet:-1, max-image-preview:large, max-video-preview:-1\" \/>\n<link rel=\"canonical\" href=\"https:\/\/obender.eu\/en\/toode\/hooglamp-iskra-kuunal-25w-b35-e14-200lm-240v\/\" \/>\n<meta property=\"og:locale\" content=\"en_US\" \/>\n<meta property=\"og:type\" content=\"article\" \/>\n<meta property=\"og:title\" content=\"Light bulb Iskra candle 25W B35 E14 200lm 240V\" \/>\n<meta property=\"og:description\" content=\"Light bulb Iskra candle 25W E14 B35 200lm 2700K 240V EAN: 4823003502540 10pcs in package, size 7&#215;17,5x9cm SELL OUT! LAST\" \/>\n<meta property=\"og:url\" content=\"https:\/\/obender.eu\/en\/toode\/hooglamp-iskra-kuunal-25w-b35-e14-200lm-240v\/\" \/>\n<meta property=\"og:site_name\" content=\"Obender\" \/>\n<meta property=\"article:modified_time\" content=\"2026-04-20T08:00:59+00:00\" \/>\n<meta property=\"og:image\" content=\"https:\/\/obender.eu\/wp-content\/uploads\/2023\/10\/iskra-candle.jpg\" \/>\n\t<meta property=\"og:image:width\" content=\"665\" \/>\n\t<meta property=\"og:image:height\" content=\"665\" \/>\n\t<meta property=\"og:image:type\" content=\"image\/jpeg\" \/>\n<meta name=\"twitter:card\" content=\"summary_large_image\" \/>\n<meta name=\"twitter:label1\" content=\"Est. reading time\" \/>\n\t<meta name=\"twitter:data1\" content=\"1 minute\" \/>\n<script type=\"application\/ld+json\" class=\"yoast-schema-graph\">{\"@context\":\"https:\\\/\\\/schema.org\",\"@graph\":[{\"@type\":\"WebPage\",\"@id\":\"https:\\\/\\\/obender.eu\\\/en\\\/toode\\\/hooglamp-iskra-kuunal-25w-b35-e14-200lm-240v\\\/\",\"url\":\"https:\\\/\\\/obender.eu\\\/en\\\/toode\\\/hooglamp-iskra-kuunal-25w-b35-e14-200lm-240v\\\/\",\"name\":\"Light bulb Iskra candle 25W B35 E14 200lm 240V - Obender\",\"isPartOf\":{\"@id\":\"https:\\\/\\\/www.obender.eu\\\/#website\"},\"primaryImageOfPage\":{\"@id\":\"https:\\\/\\\/obender.eu\\\/en\\\/toode\\\/hooglamp-iskra-kuunal-25w-b35-e14-200lm-240v\\\/#primaryimage\"},\"image\":{\"@id\":\"https:\\\/\\\/obender.eu\\\/en\\\/toode\\\/hooglamp-iskra-kuunal-25w-b35-e14-200lm-240v\\\/#primaryimage\"},\"thumbnailUrl\":\"https:\\\/\\\/obender.eu\\\/wp-content\\\/uploads\\\/2023\\\/10\\\/iskra-candle.jpg\",\"datePublished\":\"2023-10-08T09:59:03+00:00\",\"dateModified\":\"2026-04-20T08:00:59+00:00\",\"breadcrumb\":{\"@id\":\"https:\\\/\\\/obender.eu\\\/en\\\/toode\\\/hooglamp-iskra-kuunal-25w-b35-e14-200lm-240v\\\/#breadcrumb\"},\"inLanguage\":\"en-US\",\"potentialAction\":[{\"@type\":\"ReadAction\",\"target\":[\"https:\\\/\\\/obender.eu\\\/en\\\/toode\\\/hooglamp-iskra-kuunal-25w-b35-e14-200lm-240v\\\/\"]}]},{\"@type\":\"ImageObject\",\"inLanguage\":\"en-US\",\"@id\":\"https:\\\/\\\/obender.eu\\\/en\\\/toode\\\/hooglamp-iskra-kuunal-25w-b35-e14-200lm-240v\\\/#primaryimage\",\"url\":\"https:\\\/\\\/obender.eu\\\/wp-content\\\/uploads\\\/2023\\\/10\\\/iskra-candle.jpg\",\"contentUrl\":\"https:\\\/\\\/obender.eu\\\/wp-content\\\/uploads\\\/2023\\\/10\\\/iskra-candle.jpg\",\"width\":665,\"height\":665},{\"@type\":\"BreadcrumbList\",\"@id\":\"https:\\\/\\\/obender.eu\\\/en\\\/toode\\\/hooglamp-iskra-kuunal-25w-b35-e14-200lm-240v\\\/#breadcrumb\",\"itemListElement\":[{\"@type\":\"ListItem\",\"position\":1,\"name\":\"Home\",\"item\":\"https:\\\/\\\/obender.eu\\\/en\\\/\"},{\"@type\":\"ListItem\",\"position\":2,\"name\":\"Tooted\",\"item\":\"https:\\\/\\\/www.obender.eu\\\/tooted\\\/\"},{\"@type\":\"ListItem\",\"position\":3,\"name\":\"Light bulb Iskra candle 25W B35 E14 200lm 240V\"}]},{\"@type\":\"WebSite\",\"@id\":\"https:\\\/\\\/www.obender.eu\\\/#website\",\"url\":\"https:\\\/\\\/www.obender.eu\\\/\",\"name\":\"Obender\",\"description\":\"T\u00f6\u00f6stuskaupade hulgim\u00fc\u00fck\",\"potentialAction\":[{\"@type\":\"SearchAction\",\"target\":{\"@type\":\"EntryPoint\",\"urlTemplate\":\"https:\\\/\\\/www.obender.eu\\\/?s={search_term_string}\"},\"query-input\":{\"@type\":\"PropertyValueSpecification\",\"valueRequired\":true,\"valueName\":\"search_term_string\"}}],\"inLanguage\":\"en-US\"}]}<\/script>\n<!-- \/ Yoast SEO Premium plugin. -->","yoast_head_json":{"title":"Light bulb Iskra candle 25W B35 E14 200lm 240V - Obender","robots":{"index":"index","follow":"follow","max-snippet":"max-snippet:-1","max-image-preview":"max-image-preview:large","max-video-preview":"max-video-preview:-1"},"canonical":"https:\/\/obender.eu\/en\/toode\/hooglamp-iskra-kuunal-25w-b35-e14-200lm-240v\/","og_locale":"en_US","og_type":"article","og_title":"Light bulb Iskra candle 25W B35 E14 200lm 240V","og_description":"Light bulb Iskra candle 25W E14 B35 200lm 2700K 240V EAN: 4823003502540 10pcs in package, size 7&#215;17,5x9cm SELL OUT! LAST","og_url":"https:\/\/obender.eu\/en\/toode\/hooglamp-iskra-kuunal-25w-b35-e14-200lm-240v\/","og_site_name":"Obender","article_modified_time":"2026-04-20T08:00:59+00:00","og_image":[{"width":665,"height":665,"url":"https:\/\/obender.eu\/wp-content\/uploads\/2023\/10\/iskra-candle.jpg","type":"image\/jpeg"}],"twitter_card":"summary_large_image","twitter_misc":{"Est. reading time":"1 minute"},"schema":{"@context":"https:\/\/schema.org","@graph":[{"@type":"WebPage","@id":"https:\/\/obender.eu\/en\/toode\/hooglamp-iskra-kuunal-25w-b35-e14-200lm-240v\/","url":"https:\/\/obender.eu\/en\/toode\/hooglamp-iskra-kuunal-25w-b35-e14-200lm-240v\/","name":"Light bulb Iskra candle 25W B35 E14 200lm 240V - Obender","isPartOf":{"@id":"https:\/\/www.obender.eu\/#website"},"primaryImageOfPage":{"@id":"https:\/\/obender.eu\/en\/toode\/hooglamp-iskra-kuunal-25w-b35-e14-200lm-240v\/#primaryimage"},"image":{"@id":"https:\/\/obender.eu\/en\/toode\/hooglamp-iskra-kuunal-25w-b35-e14-200lm-240v\/#primaryimage"},"thumbnailUrl":"https:\/\/obender.eu\/wp-content\/uploads\/2023\/10\/iskra-candle.jpg","datePublished":"2023-10-08T09:59:03+00:00","dateModified":"2026-04-20T08:00:59+00:00","breadcrumb":{"@id":"https:\/\/obender.eu\/en\/toode\/hooglamp-iskra-kuunal-25w-b35-e14-200lm-240v\/#breadcrumb"},"inLanguage":"en-US","potentialAction":[{"@type":"ReadAction","target":["https:\/\/obender.eu\/en\/toode\/hooglamp-iskra-kuunal-25w-b35-e14-200lm-240v\/"]}]},{"@type":"ImageObject","inLanguage":"en-US","@id":"https:\/\/obender.eu\/en\/toode\/hooglamp-iskra-kuunal-25w-b35-e14-200lm-240v\/#primaryimage","url":"https:\/\/obender.eu\/wp-content\/uploads\/2023\/10\/iskra-candle.jpg","contentUrl":"https:\/\/obender.eu\/wp-content\/uploads\/2023\/10\/iskra-candle.jpg","width":665,"height":665},{"@type":"BreadcrumbList","@id":"https:\/\/obender.eu\/en\/toode\/hooglamp-iskra-kuunal-25w-b35-e14-200lm-240v\/#breadcrumb","itemListElement":[{"@type":"ListItem","position":1,"name":"Home","item":"https:\/\/obender.eu\/en\/"},{"@type":"ListItem","position":2,"name":"Tooted","item":"https:\/\/www.obender.eu\/tooted\/"},{"@type":"ListItem","position":3,"name":"Light bulb Iskra candle 25W B35 E14 200lm 240V"}]},{"@type":"WebSite","@id":"https:\/\/www.obender.eu\/#website","url":"https:\/\/www.obender.eu\/","name":"Obender","description":"T\u00f6\u00f6stuskaupade hulgim\u00fc\u00fck","potentialAction":[{"@type":"SearchAction","target":{"@type":"EntryPoint","urlTemplate":"https:\/\/www.obender.eu\/?s={search_term_string}"},"query-input":{"@type":"PropertyValueSpecification","valueRequired":true,"valueName":"search_term_string"}}],"inLanguage":"en-US"}]}},"_links":{"self":[{"href":"https:\/\/obender.eu\/en\/wp-json\/wp\/v2\/product\/27121","targetHints":{"allow":["GET"]}}],"collection":[{"href":"https:\/\/obender.eu\/en\/wp-json\/wp\/v2\/product"}],"about":[{"href":"https:\/\/obender.eu\/en\/wp-json\/wp\/v2\/types\/product"}],"version-history":[{"count":1,"href":"https:\/\/obender.eu\/en\/wp-json\/wp\/v2\/product\/27121\/revisions"}],"predecessor-version":[{"id":27125,"href":"https:\/\/obender.eu\/en\/wp-json\/wp\/v2\/product\/27121\/revisions\/27125"}],"wp:featuredmedia":[{"embeddable":true,"href":"https:\/\/obender.eu\/en\/wp-json\/wp\/v2\/media\/27123"}],"wp:attachment":[{"href":"https:\/\/obender.eu\/en\/wp-json\/wp\/v2\/media?parent=27121"}],"wp:term":[{"taxonomy":"product_brand","embeddable":true,"href":"https:\/\/obender.eu\/en\/wp-json\/wp\/v2\/product_brand?post=27121"},{"taxonomy":"product_cat","embeddable":true,"href":"https:\/\/obender.eu\/en\/wp-json\/wp\/v2\/product_cat?post=27121"},{"taxonomy":"product_tag","embeddable":true,"href":"https:\/\/obender.eu\/en\/wp-json\/wp\/v2\/product_tag?post=27121"}],"curies":[{"name":"wp","href":"https:\/\/api.w.org\/{rel}","templated":true}]}}