{"id":27245,"date":"2023-10-11T22:51:54","date_gmt":"2023-10-11T19:51:54","guid":{"rendered":"https:\/\/obender.eu\/?post_type=product&#038;p=27245"},"modified":"2026-04-21T21:01:16","modified_gmt":"2026-04-21T18:01:16","slug":"clamp-aba-mini-s10-15-9-c7-w1-kopeeri","status":"publish","type":"product","link":"https:\/\/obender.eu\/en\/toode\/clamp-aba-mini-s10-15-9-c7-w1-kopeeri\/","title":{"rendered":"Clamp Aba Mini S10 16\/9 C7 W1"},"content":{"rendered":"<p>Clamp Aba Mini S10 16\/9 C7 W1<\/p>\n<p>Diameter 16mm, Width 9mm<\/p>\n<p>W1: all details are zinc plated steel DIN3017<\/p>\n<p>Product code: 8106101016<\/p>\n<p>Package 50pcs<\/p>\n<p>Aba clamps are made in Sweden<\/p>\n","protected":false},"excerpt":{"rendered":"<p>Clamp Aba Mini S10 16\/9 C7 W1 Diameter 16mm, Width 9mm W1: all details are zinc plated steel DIN3017 Product<\/p>\n","protected":false},"featured_media":27207,"template":"","meta":[],"product_brand":[],"product_cat":[311,310],"product_tag":[1374,1350,1348,1349],"class_list":{"0":"post-27245","1":"product","2":"type-product","3":"status-publish","4":"has-post-thumbnail","6":"product_cat-aba-hose-clamps","7":"product_cat-fasteners","8":"product_tag-aba-mini-en","9":"product_tag-clamp-en","10":"product_tag-klamber-en","11":"product_tag-w1-en","13":"first","14":"instock","15":"taxable","16":"shipping-taxable","17":"purchasable","18":"product-type-simple"},"yoast_head":"<!-- This site is optimized with the Yoast SEO Premium plugin v20.0 (Yoast SEO v27.4) - https:\/\/yoast.com\/product\/yoast-seo-premium-wordpress\/ -->\n<title>Clamp Aba Mini S10 16\/9 C7 W1 - Obender<\/title>\n<meta name=\"robots\" content=\"index, follow, max-snippet:-1, max-image-preview:large, max-video-preview:-1\" \/>\n<link rel=\"canonical\" href=\"https:\/\/obender.eu\/en\/toode\/clamp-aba-mini-s10-15-9-c7-w1-kopeeri\/\" \/>\n<meta property=\"og:locale\" content=\"en_US\" \/>\n<meta property=\"og:type\" content=\"article\" \/>\n<meta property=\"og:title\" content=\"Clamp Aba Mini S10 16\/9 C7 W1\" \/>\n<meta property=\"og:description\" content=\"Clamp Aba Mini S10 16\/9 C7 W1 Diameter 16mm, Width 9mm W1: all details are zinc plated steel DIN3017 Product\" \/>\n<meta property=\"og:url\" content=\"https:\/\/obender.eu\/en\/toode\/clamp-aba-mini-s10-15-9-c7-w1-kopeeri\/\" \/>\n<meta property=\"og:site_name\" content=\"Obender\" \/>\n<meta property=\"article:modified_time\" content=\"2026-04-21T18:01:16+00:00\" \/>\n<meta property=\"og:image\" content=\"https:\/\/obender.eu\/wp-content\/uploads\/2023\/10\/ABA-Mini-600x600-1.jpg\" \/>\n\t<meta property=\"og:image:width\" content=\"600\" \/>\n\t<meta property=\"og:image:height\" content=\"600\" \/>\n\t<meta property=\"og:image:type\" content=\"image\/jpeg\" \/>\n<meta name=\"twitter:card\" content=\"summary_large_image\" \/>\n<meta name=\"twitter:label1\" content=\"Est. reading time\" \/>\n\t<meta name=\"twitter:data1\" content=\"1 minute\" \/>\n<script type=\"application\/ld+json\" class=\"yoast-schema-graph\">{\"@context\":\"https:\\\/\\\/schema.org\",\"@graph\":[{\"@type\":\"WebPage\",\"@id\":\"https:\\\/\\\/obender.eu\\\/en\\\/toode\\\/clamp-aba-mini-s10-15-9-c7-w1-kopeeri\\\/\",\"url\":\"https:\\\/\\\/obender.eu\\\/en\\\/toode\\\/clamp-aba-mini-s10-15-9-c7-w1-kopeeri\\\/\",\"name\":\"Clamp Aba Mini S10 16\\\/9 C7 W1 - Obender\",\"isPartOf\":{\"@id\":\"https:\\\/\\\/www.obender.eu\\\/#website\"},\"primaryImageOfPage\":{\"@id\":\"https:\\\/\\\/obender.eu\\\/en\\\/toode\\\/clamp-aba-mini-s10-15-9-c7-w1-kopeeri\\\/#primaryimage\"},\"image\":{\"@id\":\"https:\\\/\\\/obender.eu\\\/en\\\/toode\\\/clamp-aba-mini-s10-15-9-c7-w1-kopeeri\\\/#primaryimage\"},\"thumbnailUrl\":\"https:\\\/\\\/obender.eu\\\/wp-content\\\/uploads\\\/2023\\\/10\\\/ABA-Mini-600x600-1.jpg\",\"datePublished\":\"2023-10-11T19:51:54+00:00\",\"dateModified\":\"2026-04-21T18:01:16+00:00\",\"breadcrumb\":{\"@id\":\"https:\\\/\\\/obender.eu\\\/en\\\/toode\\\/clamp-aba-mini-s10-15-9-c7-w1-kopeeri\\\/#breadcrumb\"},\"inLanguage\":\"en-US\",\"potentialAction\":[{\"@type\":\"ReadAction\",\"target\":[\"https:\\\/\\\/obender.eu\\\/en\\\/toode\\\/clamp-aba-mini-s10-15-9-c7-w1-kopeeri\\\/\"]}]},{\"@type\":\"ImageObject\",\"inLanguage\":\"en-US\",\"@id\":\"https:\\\/\\\/obender.eu\\\/en\\\/toode\\\/clamp-aba-mini-s10-15-9-c7-w1-kopeeri\\\/#primaryimage\",\"url\":\"https:\\\/\\\/obender.eu\\\/wp-content\\\/uploads\\\/2023\\\/10\\\/ABA-Mini-600x600-1.jpg\",\"contentUrl\":\"https:\\\/\\\/obender.eu\\\/wp-content\\\/uploads\\\/2023\\\/10\\\/ABA-Mini-600x600-1.jpg\",\"width\":600,\"height\":600},{\"@type\":\"BreadcrumbList\",\"@id\":\"https:\\\/\\\/obender.eu\\\/en\\\/toode\\\/clamp-aba-mini-s10-15-9-c7-w1-kopeeri\\\/#breadcrumb\",\"itemListElement\":[{\"@type\":\"ListItem\",\"position\":1,\"name\":\"Home\",\"item\":\"https:\\\/\\\/obender.eu\\\/en\\\/\"},{\"@type\":\"ListItem\",\"position\":2,\"name\":\"Tooted\",\"item\":\"https:\\\/\\\/www.obender.eu\\\/tooted\\\/\"},{\"@type\":\"ListItem\",\"position\":3,\"name\":\"Clamp Aba Mini S10 16\\\/9 C7 W1\"}]},{\"@type\":\"WebSite\",\"@id\":\"https:\\\/\\\/www.obender.eu\\\/#website\",\"url\":\"https:\\\/\\\/www.obender.eu\\\/\",\"name\":\"Obender\",\"description\":\"T\u00f6\u00f6stuskaupade hulgim\u00fc\u00fck\",\"potentialAction\":[{\"@type\":\"SearchAction\",\"target\":{\"@type\":\"EntryPoint\",\"urlTemplate\":\"https:\\\/\\\/www.obender.eu\\\/?s={search_term_string}\"},\"query-input\":{\"@type\":\"PropertyValueSpecification\",\"valueRequired\":true,\"valueName\":\"search_term_string\"}}],\"inLanguage\":\"en-US\"}]}<\/script>\n<!-- \/ Yoast SEO Premium plugin. -->","yoast_head_json":{"title":"Clamp Aba Mini S10 16\/9 C7 W1 - Obender","robots":{"index":"index","follow":"follow","max-snippet":"max-snippet:-1","max-image-preview":"max-image-preview:large","max-video-preview":"max-video-preview:-1"},"canonical":"https:\/\/obender.eu\/en\/toode\/clamp-aba-mini-s10-15-9-c7-w1-kopeeri\/","og_locale":"en_US","og_type":"article","og_title":"Clamp Aba Mini S10 16\/9 C7 W1","og_description":"Clamp Aba Mini S10 16\/9 C7 W1 Diameter 16mm, Width 9mm W1: all details are zinc plated steel DIN3017 Product","og_url":"https:\/\/obender.eu\/en\/toode\/clamp-aba-mini-s10-15-9-c7-w1-kopeeri\/","og_site_name":"Obender","article_modified_time":"2026-04-21T18:01:16+00:00","og_image":[{"width":600,"height":600,"url":"https:\/\/obender.eu\/wp-content\/uploads\/2023\/10\/ABA-Mini-600x600-1.jpg","type":"image\/jpeg"}],"twitter_card":"summary_large_image","twitter_misc":{"Est. reading time":"1 minute"},"schema":{"@context":"https:\/\/schema.org","@graph":[{"@type":"WebPage","@id":"https:\/\/obender.eu\/en\/toode\/clamp-aba-mini-s10-15-9-c7-w1-kopeeri\/","url":"https:\/\/obender.eu\/en\/toode\/clamp-aba-mini-s10-15-9-c7-w1-kopeeri\/","name":"Clamp Aba Mini S10 16\/9 C7 W1 - Obender","isPartOf":{"@id":"https:\/\/www.obender.eu\/#website"},"primaryImageOfPage":{"@id":"https:\/\/obender.eu\/en\/toode\/clamp-aba-mini-s10-15-9-c7-w1-kopeeri\/#primaryimage"},"image":{"@id":"https:\/\/obender.eu\/en\/toode\/clamp-aba-mini-s10-15-9-c7-w1-kopeeri\/#primaryimage"},"thumbnailUrl":"https:\/\/obender.eu\/wp-content\/uploads\/2023\/10\/ABA-Mini-600x600-1.jpg","datePublished":"2023-10-11T19:51:54+00:00","dateModified":"2026-04-21T18:01:16+00:00","breadcrumb":{"@id":"https:\/\/obender.eu\/en\/toode\/clamp-aba-mini-s10-15-9-c7-w1-kopeeri\/#breadcrumb"},"inLanguage":"en-US","potentialAction":[{"@type":"ReadAction","target":["https:\/\/obender.eu\/en\/toode\/clamp-aba-mini-s10-15-9-c7-w1-kopeeri\/"]}]},{"@type":"ImageObject","inLanguage":"en-US","@id":"https:\/\/obender.eu\/en\/toode\/clamp-aba-mini-s10-15-9-c7-w1-kopeeri\/#primaryimage","url":"https:\/\/obender.eu\/wp-content\/uploads\/2023\/10\/ABA-Mini-600x600-1.jpg","contentUrl":"https:\/\/obender.eu\/wp-content\/uploads\/2023\/10\/ABA-Mini-600x600-1.jpg","width":600,"height":600},{"@type":"BreadcrumbList","@id":"https:\/\/obender.eu\/en\/toode\/clamp-aba-mini-s10-15-9-c7-w1-kopeeri\/#breadcrumb","itemListElement":[{"@type":"ListItem","position":1,"name":"Home","item":"https:\/\/obender.eu\/en\/"},{"@type":"ListItem","position":2,"name":"Tooted","item":"https:\/\/www.obender.eu\/tooted\/"},{"@type":"ListItem","position":3,"name":"Clamp Aba Mini S10 16\/9 C7 W1"}]},{"@type":"WebSite","@id":"https:\/\/www.obender.eu\/#website","url":"https:\/\/www.obender.eu\/","name":"Obender","description":"T\u00f6\u00f6stuskaupade hulgim\u00fc\u00fck","potentialAction":[{"@type":"SearchAction","target":{"@type":"EntryPoint","urlTemplate":"https:\/\/www.obender.eu\/?s={search_term_string}"},"query-input":{"@type":"PropertyValueSpecification","valueRequired":true,"valueName":"search_term_string"}}],"inLanguage":"en-US"}]}},"_links":{"self":[{"href":"https:\/\/obender.eu\/en\/wp-json\/wp\/v2\/product\/27245","targetHints":{"allow":["GET"]}}],"collection":[{"href":"https:\/\/obender.eu\/en\/wp-json\/wp\/v2\/product"}],"about":[{"href":"https:\/\/obender.eu\/en\/wp-json\/wp\/v2\/types\/product"}],"version-history":[{"count":1,"href":"https:\/\/obender.eu\/en\/wp-json\/wp\/v2\/product\/27245\/revisions"}],"predecessor-version":[{"id":27247,"href":"https:\/\/obender.eu\/en\/wp-json\/wp\/v2\/product\/27245\/revisions\/27247"}],"wp:featuredmedia":[{"embeddable":true,"href":"https:\/\/obender.eu\/en\/wp-json\/wp\/v2\/media\/27207"}],"wp:attachment":[{"href":"https:\/\/obender.eu\/en\/wp-json\/wp\/v2\/media?parent=27245"}],"wp:term":[{"taxonomy":"product_brand","embeddable":true,"href":"https:\/\/obender.eu\/en\/wp-json\/wp\/v2\/product_brand?post=27245"},{"taxonomy":"product_cat","embeddable":true,"href":"https:\/\/obender.eu\/en\/wp-json\/wp\/v2\/product_cat?post=27245"},{"taxonomy":"product_tag","embeddable":true,"href":"https:\/\/obender.eu\/en\/wp-json\/wp\/v2\/product_tag?post=27245"}],"curies":[{"name":"wp","href":"https:\/\/api.w.org\/{rel}","templated":true}]}}