{"id":27293,"date":"2023-10-21T08:37:52","date_gmt":"2023-10-21T05:37:52","guid":{"rendered":"https:\/\/obender.eu\/?post_type=product&#038;p=27293"},"modified":"2026-04-18T23:00:19","modified_gmt":"2026-04-18T20:00:19","slug":"patarei-tester-camelion-bt-503","status":"publish","type":"product","link":"https:\/\/obender.eu\/en\/toode\/patarei-tester-camelion-bt-503\/","title":{"rendered":"Battery tester Camelion BT-503"},"content":{"rendered":"<p>Battery tester Camelion BT-503<\/p>\n<p>VKB: 20300503<\/p>\n<p>EAN: 4260033157508<\/p>\n<p>Suitable for almost all alkaline and zinc battery types and NiMH rechargeable types (AA, AAA, C, D, 9V block).<\/p>\n<ul>\n<li>Three-color LED indicator: green = good, yellow = weak, red = not charged \/ charge immediately\u00a0\/ replace<\/li>\n<\/ul>\n<p>Item size: 14 x 31,5 x 82,5mm, weight 20,1g<\/p>\n","protected":false},"excerpt":{"rendered":"<p>Battery tester Camelion BT-503 VKB: 20300503 EAN: 4260033157508 Suitable for almost all alkaline and zinc battery types and NiMH rechargeable<\/p>\n","protected":false},"featured_media":27295,"template":"","meta":[],"product_brand":[],"product_cat":[287,286,380,332],"product_tag":[873,631,874,589],"class_list":{"0":"post-27293","1":"product","2":"type-product","3":"status-publish","4":"has-post-thumbnail","6":"product_cat-alkaline-batteries","7":"product_cat-batteries","8":"product_cat-home-and-office-equipment","9":"product_cat-zinc-carbon-batteries","10":"product_tag-battery-en","11":"product_tag-camelion-en","12":"product_tag-patarei-en","13":"product_tag-tester-en","15":"first","16":"instock","17":"taxable","18":"shipping-taxable","19":"purchasable","20":"product-type-simple"},"yoast_head":"<!-- This site is optimized with the Yoast SEO Premium plugin v20.0 (Yoast SEO v27.4) - https:\/\/yoast.com\/product\/yoast-seo-premium-wordpress\/ -->\n<title>Battery tester Camelion BT-503 - Obender<\/title>\n<meta name=\"robots\" content=\"index, follow, max-snippet:-1, max-image-preview:large, max-video-preview:-1\" \/>\n<link rel=\"canonical\" href=\"https:\/\/obender.eu\/en\/toode\/patarei-tester-camelion-bt-503\/\" \/>\n<meta property=\"og:locale\" content=\"en_US\" \/>\n<meta property=\"og:type\" content=\"article\" \/>\n<meta property=\"og:title\" content=\"Battery tester Camelion BT-503\" \/>\n<meta property=\"og:description\" content=\"Battery tester Camelion BT-503 VKB: 20300503 EAN: 4260033157508 Suitable for almost all alkaline and zinc battery types and NiMH rechargeable\" \/>\n<meta property=\"og:url\" content=\"https:\/\/obender.eu\/en\/toode\/patarei-tester-camelion-bt-503\/\" \/>\n<meta property=\"og:site_name\" content=\"Obender\" \/>\n<meta property=\"article:modified_time\" content=\"2026-04-18T20:00:19+00:00\" \/>\n<meta property=\"og:image\" content=\"https:\/\/obender.eu\/wp-content\/uploads\/2023\/10\/4260033157508.jpg\" \/>\n\t<meta property=\"og:image:width\" content=\"800\" \/>\n\t<meta property=\"og:image:height\" content=\"800\" \/>\n\t<meta property=\"og:image:type\" content=\"image\/jpeg\" \/>\n<meta name=\"twitter:card\" content=\"summary_large_image\" \/>\n<meta name=\"twitter:label1\" content=\"Est. reading time\" \/>\n\t<meta name=\"twitter:data1\" content=\"1 minute\" \/>\n<script type=\"application\/ld+json\" class=\"yoast-schema-graph\">{\"@context\":\"https:\\\/\\\/schema.org\",\"@graph\":[{\"@type\":\"WebPage\",\"@id\":\"https:\\\/\\\/obender.eu\\\/en\\\/toode\\\/patarei-tester-camelion-bt-503\\\/\",\"url\":\"https:\\\/\\\/obender.eu\\\/en\\\/toode\\\/patarei-tester-camelion-bt-503\\\/\",\"name\":\"Battery tester Camelion BT-503 - Obender\",\"isPartOf\":{\"@id\":\"https:\\\/\\\/www.obender.eu\\\/#website\"},\"primaryImageOfPage\":{\"@id\":\"https:\\\/\\\/obender.eu\\\/en\\\/toode\\\/patarei-tester-camelion-bt-503\\\/#primaryimage\"},\"image\":{\"@id\":\"https:\\\/\\\/obender.eu\\\/en\\\/toode\\\/patarei-tester-camelion-bt-503\\\/#primaryimage\"},\"thumbnailUrl\":\"https:\\\/\\\/obender.eu\\\/wp-content\\\/uploads\\\/2023\\\/10\\\/4260033157508.jpg\",\"datePublished\":\"2023-10-21T05:37:52+00:00\",\"dateModified\":\"2026-04-18T20:00:19+00:00\",\"breadcrumb\":{\"@id\":\"https:\\\/\\\/obender.eu\\\/en\\\/toode\\\/patarei-tester-camelion-bt-503\\\/#breadcrumb\"},\"inLanguage\":\"en-US\",\"potentialAction\":[{\"@type\":\"ReadAction\",\"target\":[\"https:\\\/\\\/obender.eu\\\/en\\\/toode\\\/patarei-tester-camelion-bt-503\\\/\"]}]},{\"@type\":\"ImageObject\",\"inLanguage\":\"en-US\",\"@id\":\"https:\\\/\\\/obender.eu\\\/en\\\/toode\\\/patarei-tester-camelion-bt-503\\\/#primaryimage\",\"url\":\"https:\\\/\\\/obender.eu\\\/wp-content\\\/uploads\\\/2023\\\/10\\\/4260033157508.jpg\",\"contentUrl\":\"https:\\\/\\\/obender.eu\\\/wp-content\\\/uploads\\\/2023\\\/10\\\/4260033157508.jpg\",\"width\":800,\"height\":800},{\"@type\":\"BreadcrumbList\",\"@id\":\"https:\\\/\\\/obender.eu\\\/en\\\/toode\\\/patarei-tester-camelion-bt-503\\\/#breadcrumb\",\"itemListElement\":[{\"@type\":\"ListItem\",\"position\":1,\"name\":\"Home\",\"item\":\"https:\\\/\\\/obender.eu\\\/en\\\/\"},{\"@type\":\"ListItem\",\"position\":2,\"name\":\"Tooted\",\"item\":\"https:\\\/\\\/www.obender.eu\\\/tooted\\\/\"},{\"@type\":\"ListItem\",\"position\":3,\"name\":\"Battery tester Camelion BT-503\"}]},{\"@type\":\"WebSite\",\"@id\":\"https:\\\/\\\/www.obender.eu\\\/#website\",\"url\":\"https:\\\/\\\/www.obender.eu\\\/\",\"name\":\"Obender\",\"description\":\"T\u00f6\u00f6stuskaupade hulgim\u00fc\u00fck\",\"potentialAction\":[{\"@type\":\"SearchAction\",\"target\":{\"@type\":\"EntryPoint\",\"urlTemplate\":\"https:\\\/\\\/www.obender.eu\\\/?s={search_term_string}\"},\"query-input\":{\"@type\":\"PropertyValueSpecification\",\"valueRequired\":true,\"valueName\":\"search_term_string\"}}],\"inLanguage\":\"en-US\"}]}<\/script>\n<!-- \/ Yoast SEO Premium plugin. -->","yoast_head_json":{"title":"Battery tester Camelion BT-503 - Obender","robots":{"index":"index","follow":"follow","max-snippet":"max-snippet:-1","max-image-preview":"max-image-preview:large","max-video-preview":"max-video-preview:-1"},"canonical":"https:\/\/obender.eu\/en\/toode\/patarei-tester-camelion-bt-503\/","og_locale":"en_US","og_type":"article","og_title":"Battery tester Camelion BT-503","og_description":"Battery tester Camelion BT-503 VKB: 20300503 EAN: 4260033157508 Suitable for almost all alkaline and zinc battery types and NiMH rechargeable","og_url":"https:\/\/obender.eu\/en\/toode\/patarei-tester-camelion-bt-503\/","og_site_name":"Obender","article_modified_time":"2026-04-18T20:00:19+00:00","og_image":[{"width":800,"height":800,"url":"https:\/\/obender.eu\/wp-content\/uploads\/2023\/10\/4260033157508.jpg","type":"image\/jpeg"}],"twitter_card":"summary_large_image","twitter_misc":{"Est. reading time":"1 minute"},"schema":{"@context":"https:\/\/schema.org","@graph":[{"@type":"WebPage","@id":"https:\/\/obender.eu\/en\/toode\/patarei-tester-camelion-bt-503\/","url":"https:\/\/obender.eu\/en\/toode\/patarei-tester-camelion-bt-503\/","name":"Battery tester Camelion BT-503 - Obender","isPartOf":{"@id":"https:\/\/www.obender.eu\/#website"},"primaryImageOfPage":{"@id":"https:\/\/obender.eu\/en\/toode\/patarei-tester-camelion-bt-503\/#primaryimage"},"image":{"@id":"https:\/\/obender.eu\/en\/toode\/patarei-tester-camelion-bt-503\/#primaryimage"},"thumbnailUrl":"https:\/\/obender.eu\/wp-content\/uploads\/2023\/10\/4260033157508.jpg","datePublished":"2023-10-21T05:37:52+00:00","dateModified":"2026-04-18T20:00:19+00:00","breadcrumb":{"@id":"https:\/\/obender.eu\/en\/toode\/patarei-tester-camelion-bt-503\/#breadcrumb"},"inLanguage":"en-US","potentialAction":[{"@type":"ReadAction","target":["https:\/\/obender.eu\/en\/toode\/patarei-tester-camelion-bt-503\/"]}]},{"@type":"ImageObject","inLanguage":"en-US","@id":"https:\/\/obender.eu\/en\/toode\/patarei-tester-camelion-bt-503\/#primaryimage","url":"https:\/\/obender.eu\/wp-content\/uploads\/2023\/10\/4260033157508.jpg","contentUrl":"https:\/\/obender.eu\/wp-content\/uploads\/2023\/10\/4260033157508.jpg","width":800,"height":800},{"@type":"BreadcrumbList","@id":"https:\/\/obender.eu\/en\/toode\/patarei-tester-camelion-bt-503\/#breadcrumb","itemListElement":[{"@type":"ListItem","position":1,"name":"Home","item":"https:\/\/obender.eu\/en\/"},{"@type":"ListItem","position":2,"name":"Tooted","item":"https:\/\/www.obender.eu\/tooted\/"},{"@type":"ListItem","position":3,"name":"Battery tester Camelion BT-503"}]},{"@type":"WebSite","@id":"https:\/\/www.obender.eu\/#website","url":"https:\/\/www.obender.eu\/","name":"Obender","description":"T\u00f6\u00f6stuskaupade hulgim\u00fc\u00fck","potentialAction":[{"@type":"SearchAction","target":{"@type":"EntryPoint","urlTemplate":"https:\/\/www.obender.eu\/?s={search_term_string}"},"query-input":{"@type":"PropertyValueSpecification","valueRequired":true,"valueName":"search_term_string"}}],"inLanguage":"en-US"}]}},"_links":{"self":[{"href":"https:\/\/obender.eu\/en\/wp-json\/wp\/v2\/product\/27293","targetHints":{"allow":["GET"]}}],"collection":[{"href":"https:\/\/obender.eu\/en\/wp-json\/wp\/v2\/product"}],"about":[{"href":"https:\/\/obender.eu\/en\/wp-json\/wp\/v2\/types\/product"}],"version-history":[{"count":1,"href":"https:\/\/obender.eu\/en\/wp-json\/wp\/v2\/product\/27293\/revisions"}],"predecessor-version":[{"id":27297,"href":"https:\/\/obender.eu\/en\/wp-json\/wp\/v2\/product\/27293\/revisions\/27297"}],"wp:featuredmedia":[{"embeddable":true,"href":"https:\/\/obender.eu\/en\/wp-json\/wp\/v2\/media\/27295"}],"wp:attachment":[{"href":"https:\/\/obender.eu\/en\/wp-json\/wp\/v2\/media?parent=27293"}],"wp:term":[{"taxonomy":"product_brand","embeddable":true,"href":"https:\/\/obender.eu\/en\/wp-json\/wp\/v2\/product_brand?post=27293"},{"taxonomy":"product_cat","embeddable":true,"href":"https:\/\/obender.eu\/en\/wp-json\/wp\/v2\/product_cat?post=27293"},{"taxonomy":"product_tag","embeddable":true,"href":"https:\/\/obender.eu\/en\/wp-json\/wp\/v2\/product_tag?post=27293"}],"curies":[{"name":"wp","href":"https:\/\/api.w.org\/{rel}","templated":true}]}}