{"id":27318,"date":"2023-10-21T14:40:33","date_gmt":"2023-10-21T11:40:34","guid":{"rendered":"https:\/\/obender.eu\/?post_type=product&#038;p=27318"},"modified":"2023-10-21T14:47:29","modified_gmt":"2023-10-21T11:47:29","slug":"clamp-aba-mini-s10-17-9-c7-w1-kopeeri","status":"publish","type":"product","link":"https:\/\/obender.eu\/en\/toode\/clamp-aba-mini-s10-17-9-c7-w1-kopeeri\/","title":{"rendered":"Clamp Aba Tool Clip W1 16-19mm"},"content":{"rendered":"<p>Clamp Aba Tool Clip W1 16-19mm<\/p>\n<p>W1: all details are zinc plated steel DIN3017<\/p>\n<p>VKB: 08165009016<\/p>\n<p>Package 100pcs<\/p>\n<p>Aba clamps are made in Sweden<\/p>\n","protected":false},"excerpt":{"rendered":"<p>Clamp Aba Tool Clip W1 16-19mm W1: all details are zinc plated steel DIN3017 VKB: 08165009016 Package 100pcs Aba clamps<\/p>\n","protected":false},"featured_media":27320,"template":"","meta":[],"product_brand":[],"product_cat":[311,310],"product_tag":[1383,1350,1348],"class_list":{"0":"post-27318","1":"product","2":"type-product","3":"status-publish","4":"has-post-thumbnail","6":"product_cat-aba-hose-clamps","7":"product_cat-fasteners","8":"product_tag-aba-en","9":"product_tag-clamp-en","10":"product_tag-klamber-en","12":"first","13":"instock","14":"taxable","15":"shipping-taxable","16":"purchasable","17":"product-type-simple"},"yoast_head":"<!-- This site is optimized with the Yoast SEO Premium plugin v20.0 (Yoast SEO v27.4) - https:\/\/yoast.com\/product\/yoast-seo-premium-wordpress\/ -->\n<title>Clamp Aba Tool Clip W1 16-19mm - Obender<\/title>\n<meta name=\"robots\" content=\"index, follow, max-snippet:-1, max-image-preview:large, max-video-preview:-1\" \/>\n<link rel=\"canonical\" href=\"https:\/\/obender.eu\/en\/toode\/clamp-aba-mini-s10-17-9-c7-w1-kopeeri\/\" \/>\n<meta property=\"og:locale\" content=\"en_US\" \/>\n<meta property=\"og:type\" content=\"article\" \/>\n<meta property=\"og:title\" content=\"Clamp Aba Tool Clip W1 16-19mm\" \/>\n<meta property=\"og:description\" content=\"Clamp Aba Tool Clip W1 16-19mm W1: all details are zinc plated steel DIN3017 VKB: 08165009016 Package 100pcs Aba clamps\" \/>\n<meta property=\"og:url\" content=\"https:\/\/obender.eu\/en\/toode\/clamp-aba-mini-s10-17-9-c7-w1-kopeeri\/\" \/>\n<meta property=\"og:site_name\" content=\"Obender\" \/>\n<meta property=\"article:modified_time\" content=\"2023-10-21T11:47:29+00:00\" \/>\n<meta property=\"og:image\" content=\"https:\/\/obender.eu\/wp-content\/uploads\/2023\/10\/Aba-8165009016.jpg\" \/>\n\t<meta property=\"og:image:width\" content=\"550\" \/>\n\t<meta property=\"og:image:height\" content=\"550\" \/>\n\t<meta property=\"og:image:type\" content=\"image\/jpeg\" \/>\n<meta name=\"twitter:card\" content=\"summary_large_image\" \/>\n<meta name=\"twitter:label1\" content=\"Est. reading time\" \/>\n\t<meta name=\"twitter:data1\" content=\"1 minute\" \/>\n<script type=\"application\/ld+json\" class=\"yoast-schema-graph\">{\"@context\":\"https:\\\/\\\/schema.org\",\"@graph\":[{\"@type\":\"WebPage\",\"@id\":\"https:\\\/\\\/obender.eu\\\/en\\\/toode\\\/clamp-aba-mini-s10-17-9-c7-w1-kopeeri\\\/\",\"url\":\"https:\\\/\\\/obender.eu\\\/en\\\/toode\\\/clamp-aba-mini-s10-17-9-c7-w1-kopeeri\\\/\",\"name\":\"Clamp Aba Tool Clip W1 16-19mm - Obender\",\"isPartOf\":{\"@id\":\"https:\\\/\\\/www.obender.eu\\\/#website\"},\"primaryImageOfPage\":{\"@id\":\"https:\\\/\\\/obender.eu\\\/en\\\/toode\\\/clamp-aba-mini-s10-17-9-c7-w1-kopeeri\\\/#primaryimage\"},\"image\":{\"@id\":\"https:\\\/\\\/obender.eu\\\/en\\\/toode\\\/clamp-aba-mini-s10-17-9-c7-w1-kopeeri\\\/#primaryimage\"},\"thumbnailUrl\":\"https:\\\/\\\/obender.eu\\\/wp-content\\\/uploads\\\/2023\\\/10\\\/Aba-8165009016.jpg\",\"datePublished\":\"2023-10-21T11:40:34+00:00\",\"dateModified\":\"2023-10-21T11:47:29+00:00\",\"breadcrumb\":{\"@id\":\"https:\\\/\\\/obender.eu\\\/en\\\/toode\\\/clamp-aba-mini-s10-17-9-c7-w1-kopeeri\\\/#breadcrumb\"},\"inLanguage\":\"en-US\",\"potentialAction\":[{\"@type\":\"ReadAction\",\"target\":[\"https:\\\/\\\/obender.eu\\\/en\\\/toode\\\/clamp-aba-mini-s10-17-9-c7-w1-kopeeri\\\/\"]}]},{\"@type\":\"ImageObject\",\"inLanguage\":\"en-US\",\"@id\":\"https:\\\/\\\/obender.eu\\\/en\\\/toode\\\/clamp-aba-mini-s10-17-9-c7-w1-kopeeri\\\/#primaryimage\",\"url\":\"https:\\\/\\\/obender.eu\\\/wp-content\\\/uploads\\\/2023\\\/10\\\/Aba-8165009016.jpg\",\"contentUrl\":\"https:\\\/\\\/obender.eu\\\/wp-content\\\/uploads\\\/2023\\\/10\\\/Aba-8165009016.jpg\",\"width\":550,\"height\":550},{\"@type\":\"BreadcrumbList\",\"@id\":\"https:\\\/\\\/obender.eu\\\/en\\\/toode\\\/clamp-aba-mini-s10-17-9-c7-w1-kopeeri\\\/#breadcrumb\",\"itemListElement\":[{\"@type\":\"ListItem\",\"position\":1,\"name\":\"Home\",\"item\":\"https:\\\/\\\/obender.eu\\\/en\\\/\"},{\"@type\":\"ListItem\",\"position\":2,\"name\":\"Tooted\",\"item\":\"https:\\\/\\\/www.obender.eu\\\/tooted\\\/\"},{\"@type\":\"ListItem\",\"position\":3,\"name\":\"Clamp Aba Tool Clip W1 16-19mm\"}]},{\"@type\":\"WebSite\",\"@id\":\"https:\\\/\\\/www.obender.eu\\\/#website\",\"url\":\"https:\\\/\\\/www.obender.eu\\\/\",\"name\":\"Obender\",\"description\":\"T\u00f6\u00f6stuskaupade hulgim\u00fc\u00fck\",\"potentialAction\":[{\"@type\":\"SearchAction\",\"target\":{\"@type\":\"EntryPoint\",\"urlTemplate\":\"https:\\\/\\\/www.obender.eu\\\/?s={search_term_string}\"},\"query-input\":{\"@type\":\"PropertyValueSpecification\",\"valueRequired\":true,\"valueName\":\"search_term_string\"}}],\"inLanguage\":\"en-US\"}]}<\/script>\n<!-- \/ Yoast SEO Premium plugin. -->","yoast_head_json":{"title":"Clamp Aba Tool Clip W1 16-19mm - Obender","robots":{"index":"index","follow":"follow","max-snippet":"max-snippet:-1","max-image-preview":"max-image-preview:large","max-video-preview":"max-video-preview:-1"},"canonical":"https:\/\/obender.eu\/en\/toode\/clamp-aba-mini-s10-17-9-c7-w1-kopeeri\/","og_locale":"en_US","og_type":"article","og_title":"Clamp Aba Tool Clip W1 16-19mm","og_description":"Clamp Aba Tool Clip W1 16-19mm W1: all details are zinc plated steel DIN3017 VKB: 08165009016 Package 100pcs Aba clamps","og_url":"https:\/\/obender.eu\/en\/toode\/clamp-aba-mini-s10-17-9-c7-w1-kopeeri\/","og_site_name":"Obender","article_modified_time":"2023-10-21T11:47:29+00:00","og_image":[{"width":550,"height":550,"url":"https:\/\/obender.eu\/wp-content\/uploads\/2023\/10\/Aba-8165009016.jpg","type":"image\/jpeg"}],"twitter_card":"summary_large_image","twitter_misc":{"Est. reading time":"1 minute"},"schema":{"@context":"https:\/\/schema.org","@graph":[{"@type":"WebPage","@id":"https:\/\/obender.eu\/en\/toode\/clamp-aba-mini-s10-17-9-c7-w1-kopeeri\/","url":"https:\/\/obender.eu\/en\/toode\/clamp-aba-mini-s10-17-9-c7-w1-kopeeri\/","name":"Clamp Aba Tool Clip W1 16-19mm - Obender","isPartOf":{"@id":"https:\/\/www.obender.eu\/#website"},"primaryImageOfPage":{"@id":"https:\/\/obender.eu\/en\/toode\/clamp-aba-mini-s10-17-9-c7-w1-kopeeri\/#primaryimage"},"image":{"@id":"https:\/\/obender.eu\/en\/toode\/clamp-aba-mini-s10-17-9-c7-w1-kopeeri\/#primaryimage"},"thumbnailUrl":"https:\/\/obender.eu\/wp-content\/uploads\/2023\/10\/Aba-8165009016.jpg","datePublished":"2023-10-21T11:40:34+00:00","dateModified":"2023-10-21T11:47:29+00:00","breadcrumb":{"@id":"https:\/\/obender.eu\/en\/toode\/clamp-aba-mini-s10-17-9-c7-w1-kopeeri\/#breadcrumb"},"inLanguage":"en-US","potentialAction":[{"@type":"ReadAction","target":["https:\/\/obender.eu\/en\/toode\/clamp-aba-mini-s10-17-9-c7-w1-kopeeri\/"]}]},{"@type":"ImageObject","inLanguage":"en-US","@id":"https:\/\/obender.eu\/en\/toode\/clamp-aba-mini-s10-17-9-c7-w1-kopeeri\/#primaryimage","url":"https:\/\/obender.eu\/wp-content\/uploads\/2023\/10\/Aba-8165009016.jpg","contentUrl":"https:\/\/obender.eu\/wp-content\/uploads\/2023\/10\/Aba-8165009016.jpg","width":550,"height":550},{"@type":"BreadcrumbList","@id":"https:\/\/obender.eu\/en\/toode\/clamp-aba-mini-s10-17-9-c7-w1-kopeeri\/#breadcrumb","itemListElement":[{"@type":"ListItem","position":1,"name":"Home","item":"https:\/\/obender.eu\/en\/"},{"@type":"ListItem","position":2,"name":"Tooted","item":"https:\/\/www.obender.eu\/tooted\/"},{"@type":"ListItem","position":3,"name":"Clamp Aba Tool Clip W1 16-19mm"}]},{"@type":"WebSite","@id":"https:\/\/www.obender.eu\/#website","url":"https:\/\/www.obender.eu\/","name":"Obender","description":"T\u00f6\u00f6stuskaupade hulgim\u00fc\u00fck","potentialAction":[{"@type":"SearchAction","target":{"@type":"EntryPoint","urlTemplate":"https:\/\/www.obender.eu\/?s={search_term_string}"},"query-input":{"@type":"PropertyValueSpecification","valueRequired":true,"valueName":"search_term_string"}}],"inLanguage":"en-US"}]}},"_links":{"self":[{"href":"https:\/\/obender.eu\/en\/wp-json\/wp\/v2\/product\/27318","targetHints":{"allow":["GET"]}}],"collection":[{"href":"https:\/\/obender.eu\/en\/wp-json\/wp\/v2\/product"}],"about":[{"href":"https:\/\/obender.eu\/en\/wp-json\/wp\/v2\/types\/product"}],"version-history":[{"count":1,"href":"https:\/\/obender.eu\/en\/wp-json\/wp\/v2\/product\/27318\/revisions"}],"predecessor-version":[{"id":27322,"href":"https:\/\/obender.eu\/en\/wp-json\/wp\/v2\/product\/27318\/revisions\/27322"}],"wp:featuredmedia":[{"embeddable":true,"href":"https:\/\/obender.eu\/en\/wp-json\/wp\/v2\/media\/27320"}],"wp:attachment":[{"href":"https:\/\/obender.eu\/en\/wp-json\/wp\/v2\/media?parent=27318"}],"wp:term":[{"taxonomy":"product_brand","embeddable":true,"href":"https:\/\/obender.eu\/en\/wp-json\/wp\/v2\/product_brand?post=27318"},{"taxonomy":"product_cat","embeddable":true,"href":"https:\/\/obender.eu\/en\/wp-json\/wp\/v2\/product_cat?post=27318"},{"taxonomy":"product_tag","embeddable":true,"href":"https:\/\/obender.eu\/en\/wp-json\/wp\/v2\/product_tag?post=27318"}],"curies":[{"name":"wp","href":"https:\/\/api.w.org\/{rel}","templated":true}]}}