{"id":27388,"date":"2023-10-21T17:14:47","date_gmt":"2023-10-21T14:14:47","guid":{"rendered":"https:\/\/obender.eu\/toode\/kaabliside-entac-25x100mm-valge-50tk-pakis\/"},"modified":"2026-04-13T03:00:57","modified_gmt":"2026-04-13T00:00:57","slug":"kaabliside-entac-25x100mm-valge-50tk-pakis","status":"publish","type":"product","link":"https:\/\/obender.eu\/en\/toode\/kaabliside-entac-25x100mm-valge-50tk-pakis\/","title":{"rendered":"Cable tie Entac 2,5x100mm white 50pcs"},"content":{"rendered":"<p>Cable tie Entac<\/p>\n<p>2,5x100mm<\/p>\n<p>white<\/p>\n<p>50pcs<\/p>\n<p>SKU: ECT-2.5-100-W<\/p>\n<p>EAN: 5999097977027<\/p>\n","protected":false},"excerpt":{"rendered":"<p>Cable tie Entac 2,5x100mm white 50pcs SKU: ECT-2.5-100-W EAN: 5999097977027<\/p>\n","protected":false},"featured_media":27385,"template":"","meta":[],"product_brand":[],"product_cat":[373,1394,310,381,380],"product_tag":[1399,603,1398,1400],"class_list":{"0":"post-27388","1":"product","2":"type-product","3":"status-publish","4":"has-post-thumbnail","6":"product_cat-tooriistad-ja-ehitus","7":"product_cat-entac-cable-ties","8":"product_cat-fasteners","9":"product_cat-home-and-office","10":"product_cat-home-and-office-equipment","11":"product_tag-cable-tie-en","12":"product_tag-entac-en","13":"product_tag-kaabliside-en","14":"product_tag-kabelbinder-en","16":"first","17":"instock","18":"taxable","19":"shipping-taxable","20":"purchasable","21":"product-type-simple"},"yoast_head":"<!-- This site is optimized with the Yoast SEO Premium plugin v20.0 (Yoast SEO v27.3) - https:\/\/yoast.com\/product\/yoast-seo-premium-wordpress\/ -->\n<title>Cable tie Entac 2,5x100mm white 50pcs - Obender<\/title>\n<meta name=\"robots\" content=\"index, follow, max-snippet:-1, max-image-preview:large, max-video-preview:-1\" \/>\n<link rel=\"canonical\" href=\"https:\/\/obender.eu\/en\/toode\/kaabliside-entac-25x100mm-valge-50tk-pakis\/\" \/>\n<meta property=\"og:locale\" content=\"en_US\" \/>\n<meta property=\"og:type\" content=\"article\" \/>\n<meta property=\"og:title\" content=\"Cable tie Entac 2,5x100mm white 50pcs\" \/>\n<meta property=\"og:description\" content=\"Cable tie Entac 2,5x100mm white 50pcs SKU: ECT-2.5-100-W EAN: 5999097977027\" \/>\n<meta property=\"og:url\" content=\"https:\/\/obender.eu\/en\/toode\/kaabliside-entac-25x100mm-valge-50tk-pakis\/\" \/>\n<meta property=\"og:site_name\" content=\"Obender\" \/>\n<meta property=\"article:modified_time\" content=\"2026-04-13T00:00:57+00:00\" \/>\n<meta property=\"og:image\" content=\"https:\/\/obender.eu\/wp-content\/uploads\/2023\/10\/ECT-2.5-100-W.jpg\" \/>\n\t<meta property=\"og:image:width\" content=\"1000\" \/>\n\t<meta property=\"og:image:height\" content=\"1000\" \/>\n\t<meta property=\"og:image:type\" content=\"image\/jpeg\" \/>\n<meta name=\"twitter:card\" content=\"summary_large_image\" \/>\n<meta name=\"twitter:label1\" content=\"Est. reading time\" \/>\n\t<meta name=\"twitter:data1\" content=\"1 minute\" \/>\n<script type=\"application\/ld+json\" class=\"yoast-schema-graph\">{\"@context\":\"https:\\\/\\\/schema.org\",\"@graph\":[{\"@type\":\"WebPage\",\"@id\":\"https:\\\/\\\/obender.eu\\\/en\\\/toode\\\/kaabliside-entac-25x100mm-valge-50tk-pakis\\\/\",\"url\":\"https:\\\/\\\/obender.eu\\\/en\\\/toode\\\/kaabliside-entac-25x100mm-valge-50tk-pakis\\\/\",\"name\":\"Cable tie Entac 2,5x100mm white 50pcs - Obender\",\"isPartOf\":{\"@id\":\"https:\\\/\\\/www.obender.eu\\\/#website\"},\"primaryImageOfPage\":{\"@id\":\"https:\\\/\\\/obender.eu\\\/en\\\/toode\\\/kaabliside-entac-25x100mm-valge-50tk-pakis\\\/#primaryimage\"},\"image\":{\"@id\":\"https:\\\/\\\/obender.eu\\\/en\\\/toode\\\/kaabliside-entac-25x100mm-valge-50tk-pakis\\\/#primaryimage\"},\"thumbnailUrl\":\"https:\\\/\\\/obender.eu\\\/wp-content\\\/uploads\\\/2023\\\/10\\\/ECT-2.5-100-W.jpg\",\"datePublished\":\"2023-10-21T14:14:47+00:00\",\"dateModified\":\"2026-04-13T00:00:57+00:00\",\"breadcrumb\":{\"@id\":\"https:\\\/\\\/obender.eu\\\/en\\\/toode\\\/kaabliside-entac-25x100mm-valge-50tk-pakis\\\/#breadcrumb\"},\"inLanguage\":\"en-US\",\"potentialAction\":[{\"@type\":\"ReadAction\",\"target\":[\"https:\\\/\\\/obender.eu\\\/en\\\/toode\\\/kaabliside-entac-25x100mm-valge-50tk-pakis\\\/\"]}]},{\"@type\":\"ImageObject\",\"inLanguage\":\"en-US\",\"@id\":\"https:\\\/\\\/obender.eu\\\/en\\\/toode\\\/kaabliside-entac-25x100mm-valge-50tk-pakis\\\/#primaryimage\",\"url\":\"https:\\\/\\\/obender.eu\\\/wp-content\\\/uploads\\\/2023\\\/10\\\/ECT-2.5-100-W.jpg\",\"contentUrl\":\"https:\\\/\\\/obender.eu\\\/wp-content\\\/uploads\\\/2023\\\/10\\\/ECT-2.5-100-W.jpg\",\"width\":1000,\"height\":1000},{\"@type\":\"BreadcrumbList\",\"@id\":\"https:\\\/\\\/obender.eu\\\/en\\\/toode\\\/kaabliside-entac-25x100mm-valge-50tk-pakis\\\/#breadcrumb\",\"itemListElement\":[{\"@type\":\"ListItem\",\"position\":1,\"name\":\"Home\",\"item\":\"https:\\\/\\\/obender.eu\\\/en\\\/\"},{\"@type\":\"ListItem\",\"position\":2,\"name\":\"Tooted\",\"item\":\"https:\\\/\\\/www.obender.eu\\\/tooted\\\/\"},{\"@type\":\"ListItem\",\"position\":3,\"name\":\"Cable tie Entac 2,5x100mm white 50pcs\"}]},{\"@type\":\"WebSite\",\"@id\":\"https:\\\/\\\/www.obender.eu\\\/#website\",\"url\":\"https:\\\/\\\/www.obender.eu\\\/\",\"name\":\"Obender\",\"description\":\"T\u00f6\u00f6stuskaupade hulgim\u00fc\u00fck\",\"potentialAction\":[{\"@type\":\"SearchAction\",\"target\":{\"@type\":\"EntryPoint\",\"urlTemplate\":\"https:\\\/\\\/www.obender.eu\\\/?s={search_term_string}\"},\"query-input\":{\"@type\":\"PropertyValueSpecification\",\"valueRequired\":true,\"valueName\":\"search_term_string\"}}],\"inLanguage\":\"en-US\"}]}<\/script>\n<!-- \/ Yoast SEO Premium plugin. -->","yoast_head_json":{"title":"Cable tie Entac 2,5x100mm white 50pcs - Obender","robots":{"index":"index","follow":"follow","max-snippet":"max-snippet:-1","max-image-preview":"max-image-preview:large","max-video-preview":"max-video-preview:-1"},"canonical":"https:\/\/obender.eu\/en\/toode\/kaabliside-entac-25x100mm-valge-50tk-pakis\/","og_locale":"en_US","og_type":"article","og_title":"Cable tie Entac 2,5x100mm white 50pcs","og_description":"Cable tie Entac 2,5x100mm white 50pcs SKU: ECT-2.5-100-W EAN: 5999097977027","og_url":"https:\/\/obender.eu\/en\/toode\/kaabliside-entac-25x100mm-valge-50tk-pakis\/","og_site_name":"Obender","article_modified_time":"2026-04-13T00:00:57+00:00","og_image":[{"width":1000,"height":1000,"url":"https:\/\/obender.eu\/wp-content\/uploads\/2023\/10\/ECT-2.5-100-W.jpg","type":"image\/jpeg"}],"twitter_card":"summary_large_image","twitter_misc":{"Est. reading time":"1 minute"},"schema":{"@context":"https:\/\/schema.org","@graph":[{"@type":"WebPage","@id":"https:\/\/obender.eu\/en\/toode\/kaabliside-entac-25x100mm-valge-50tk-pakis\/","url":"https:\/\/obender.eu\/en\/toode\/kaabliside-entac-25x100mm-valge-50tk-pakis\/","name":"Cable tie Entac 2,5x100mm white 50pcs - Obender","isPartOf":{"@id":"https:\/\/www.obender.eu\/#website"},"primaryImageOfPage":{"@id":"https:\/\/obender.eu\/en\/toode\/kaabliside-entac-25x100mm-valge-50tk-pakis\/#primaryimage"},"image":{"@id":"https:\/\/obender.eu\/en\/toode\/kaabliside-entac-25x100mm-valge-50tk-pakis\/#primaryimage"},"thumbnailUrl":"https:\/\/obender.eu\/wp-content\/uploads\/2023\/10\/ECT-2.5-100-W.jpg","datePublished":"2023-10-21T14:14:47+00:00","dateModified":"2026-04-13T00:00:57+00:00","breadcrumb":{"@id":"https:\/\/obender.eu\/en\/toode\/kaabliside-entac-25x100mm-valge-50tk-pakis\/#breadcrumb"},"inLanguage":"en-US","potentialAction":[{"@type":"ReadAction","target":["https:\/\/obender.eu\/en\/toode\/kaabliside-entac-25x100mm-valge-50tk-pakis\/"]}]},{"@type":"ImageObject","inLanguage":"en-US","@id":"https:\/\/obender.eu\/en\/toode\/kaabliside-entac-25x100mm-valge-50tk-pakis\/#primaryimage","url":"https:\/\/obender.eu\/wp-content\/uploads\/2023\/10\/ECT-2.5-100-W.jpg","contentUrl":"https:\/\/obender.eu\/wp-content\/uploads\/2023\/10\/ECT-2.5-100-W.jpg","width":1000,"height":1000},{"@type":"BreadcrumbList","@id":"https:\/\/obender.eu\/en\/toode\/kaabliside-entac-25x100mm-valge-50tk-pakis\/#breadcrumb","itemListElement":[{"@type":"ListItem","position":1,"name":"Home","item":"https:\/\/obender.eu\/en\/"},{"@type":"ListItem","position":2,"name":"Tooted","item":"https:\/\/www.obender.eu\/tooted\/"},{"@type":"ListItem","position":3,"name":"Cable tie Entac 2,5x100mm white 50pcs"}]},{"@type":"WebSite","@id":"https:\/\/www.obender.eu\/#website","url":"https:\/\/www.obender.eu\/","name":"Obender","description":"T\u00f6\u00f6stuskaupade hulgim\u00fc\u00fck","potentialAction":[{"@type":"SearchAction","target":{"@type":"EntryPoint","urlTemplate":"https:\/\/www.obender.eu\/?s={search_term_string}"},"query-input":{"@type":"PropertyValueSpecification","valueRequired":true,"valueName":"search_term_string"}}],"inLanguage":"en-US"}]}},"_links":{"self":[{"href":"https:\/\/obender.eu\/en\/wp-json\/wp\/v2\/product\/27388","targetHints":{"allow":["GET"]}}],"collection":[{"href":"https:\/\/obender.eu\/en\/wp-json\/wp\/v2\/product"}],"about":[{"href":"https:\/\/obender.eu\/en\/wp-json\/wp\/v2\/types\/product"}],"version-history":[{"count":1,"href":"https:\/\/obender.eu\/en\/wp-json\/wp\/v2\/product\/27388\/revisions"}],"predecessor-version":[{"id":27440,"href":"https:\/\/obender.eu\/en\/wp-json\/wp\/v2\/product\/27388\/revisions\/27440"}],"wp:featuredmedia":[{"embeddable":true,"href":"https:\/\/obender.eu\/en\/wp-json\/wp\/v2\/media\/27385"}],"wp:attachment":[{"href":"https:\/\/obender.eu\/en\/wp-json\/wp\/v2\/media?parent=27388"}],"wp:term":[{"taxonomy":"product_brand","embeddable":true,"href":"https:\/\/obender.eu\/en\/wp-json\/wp\/v2\/product_brand?post=27388"},{"taxonomy":"product_cat","embeddable":true,"href":"https:\/\/obender.eu\/en\/wp-json\/wp\/v2\/product_cat?post=27388"},{"taxonomy":"product_tag","embeddable":true,"href":"https:\/\/obender.eu\/en\/wp-json\/wp\/v2\/product_tag?post=27388"}],"curies":[{"name":"wp","href":"https:\/\/api.w.org\/{rel}","templated":true}]}}