{"id":27984,"date":"2023-11-17T17:09:03","date_gmt":"2023-11-17T15:09:03","guid":{"rendered":"https:\/\/obender.eu\/?post_type=product&#038;p=27984"},"modified":"2026-04-20T06:00:47","modified_gmt":"2026-04-20T03:00:47","slug":"suundvalgusti-avide-slim-ip65-30w-cob","status":"publish","type":"product","link":"https:\/\/obender.eu\/en\/toode\/suundvalgusti-avide-slim-ip65-30w-cob\/","title":{"rendered":"Floodlight Avide Slim IP65 30W 2700lm"},"content":{"rendered":"<p>Floodlight Avide Slim 30W<\/p>\n<p>SKU: ABSFLNW-30W<\/p>\n<p>EAN: 5999562284377<\/p>\n<p>Light source: 30W COB 2700lm, 4000K<\/p>\n<p>IP65 class<\/p>\n<p>Size: 195*230*50mm, weight 1,43kg<\/p>\n","protected":false},"excerpt":{"rendered":"<p>Floodlight Avide Slim 30W SKU: ABSFLNW-30W EAN: 5999562284377 Light source: 30W COB 2700lm, 4000K IP65 class Size: 195*230*50mm, weight 1,43kg<\/p>\n","protected":false},"featured_media":27986,"template":"","meta":[],"product_brand":[],"product_cat":[373,302,309,308],"product_tag":[613,925,1343,924],"class_list":{"0":"post-27984","1":"product","2":"type-product","3":"status-publish","4":"has-post-thumbnail","6":"product_cat-tooriistad-ja-ehitus","7":"product_cat-lighting","8":"product_cat-outdoor-lamps","9":"product_cat-industrial-luminaires","10":"product_tag-avide-en","11":"product_tag-flood-light-en","12":"product_tag-floodlight-en","13":"product_tag-suundvalgusti-en","15":"first","16":"instock","17":"taxable","18":"shipping-taxable","19":"purchasable","20":"product-type-simple"},"yoast_head":"<!-- This site is optimized with the Yoast SEO Premium plugin v20.0 (Yoast SEO v27.4) - https:\/\/yoast.com\/product\/yoast-seo-premium-wordpress\/ -->\n<title>Floodlight Avide Slim IP65 30W 2700lm - Obender<\/title>\n<meta name=\"robots\" content=\"index, follow, max-snippet:-1, max-image-preview:large, max-video-preview:-1\" \/>\n<link rel=\"canonical\" href=\"https:\/\/obender.eu\/en\/toode\/suundvalgusti-avide-slim-ip65-30w-cob\/\" \/>\n<meta property=\"og:locale\" content=\"en_US\" \/>\n<meta property=\"og:type\" content=\"article\" \/>\n<meta property=\"og:title\" content=\"Floodlight Avide Slim IP65 30W 2700lm\" \/>\n<meta property=\"og:description\" content=\"Floodlight Avide Slim 30W SKU: ABSFLNW-30W EAN: 5999562284377 Light source: 30W COB 2700lm, 4000K IP65 class Size: 195*230*50mm, weight 1,43kg\" \/>\n<meta property=\"og:url\" content=\"https:\/\/obender.eu\/en\/toode\/suundvalgusti-avide-slim-ip65-30w-cob\/\" \/>\n<meta property=\"og:site_name\" content=\"Obender\" \/>\n<meta property=\"article:modified_time\" content=\"2026-04-20T03:00:47+00:00\" \/>\n<meta property=\"og:image\" content=\"https:\/\/obender.eu\/wp-content\/uploads\/2023\/11\/5999562284377-1.jpg\" \/>\n\t<meta property=\"og:image:width\" content=\"500\" \/>\n\t<meta property=\"og:image:height\" content=\"500\" \/>\n\t<meta property=\"og:image:type\" content=\"image\/jpeg\" \/>\n<meta name=\"twitter:card\" content=\"summary_large_image\" \/>\n<meta name=\"twitter:label1\" content=\"Est. reading time\" \/>\n\t<meta name=\"twitter:data1\" content=\"1 minute\" \/>\n<script type=\"application\/ld+json\" class=\"yoast-schema-graph\">{\"@context\":\"https:\\\/\\\/schema.org\",\"@graph\":[{\"@type\":\"WebPage\",\"@id\":\"https:\\\/\\\/obender.eu\\\/en\\\/toode\\\/suundvalgusti-avide-slim-ip65-30w-cob\\\/\",\"url\":\"https:\\\/\\\/obender.eu\\\/en\\\/toode\\\/suundvalgusti-avide-slim-ip65-30w-cob\\\/\",\"name\":\"Floodlight Avide Slim IP65 30W 2700lm - Obender\",\"isPartOf\":{\"@id\":\"https:\\\/\\\/www.obender.eu\\\/#website\"},\"primaryImageOfPage\":{\"@id\":\"https:\\\/\\\/obender.eu\\\/en\\\/toode\\\/suundvalgusti-avide-slim-ip65-30w-cob\\\/#primaryimage\"},\"image\":{\"@id\":\"https:\\\/\\\/obender.eu\\\/en\\\/toode\\\/suundvalgusti-avide-slim-ip65-30w-cob\\\/#primaryimage\"},\"thumbnailUrl\":\"https:\\\/\\\/obender.eu\\\/wp-content\\\/uploads\\\/2023\\\/11\\\/5999562284377-1.jpg\",\"datePublished\":\"2023-11-17T15:09:03+00:00\",\"dateModified\":\"2026-04-20T03:00:47+00:00\",\"breadcrumb\":{\"@id\":\"https:\\\/\\\/obender.eu\\\/en\\\/toode\\\/suundvalgusti-avide-slim-ip65-30w-cob\\\/#breadcrumb\"},\"inLanguage\":\"en-US\",\"potentialAction\":[{\"@type\":\"ReadAction\",\"target\":[\"https:\\\/\\\/obender.eu\\\/en\\\/toode\\\/suundvalgusti-avide-slim-ip65-30w-cob\\\/\"]}]},{\"@type\":\"ImageObject\",\"inLanguage\":\"en-US\",\"@id\":\"https:\\\/\\\/obender.eu\\\/en\\\/toode\\\/suundvalgusti-avide-slim-ip65-30w-cob\\\/#primaryimage\",\"url\":\"https:\\\/\\\/obender.eu\\\/wp-content\\\/uploads\\\/2023\\\/11\\\/5999562284377-1.jpg\",\"contentUrl\":\"https:\\\/\\\/obender.eu\\\/wp-content\\\/uploads\\\/2023\\\/11\\\/5999562284377-1.jpg\",\"width\":500,\"height\":500},{\"@type\":\"BreadcrumbList\",\"@id\":\"https:\\\/\\\/obender.eu\\\/en\\\/toode\\\/suundvalgusti-avide-slim-ip65-30w-cob\\\/#breadcrumb\",\"itemListElement\":[{\"@type\":\"ListItem\",\"position\":1,\"name\":\"Home\",\"item\":\"https:\\\/\\\/obender.eu\\\/en\\\/\"},{\"@type\":\"ListItem\",\"position\":2,\"name\":\"Tooted\",\"item\":\"https:\\\/\\\/www.obender.eu\\\/tooted\\\/\"},{\"@type\":\"ListItem\",\"position\":3,\"name\":\"Floodlight Avide Slim IP65 30W 2700lm\"}]},{\"@type\":\"WebSite\",\"@id\":\"https:\\\/\\\/www.obender.eu\\\/#website\",\"url\":\"https:\\\/\\\/www.obender.eu\\\/\",\"name\":\"Obender\",\"description\":\"T\u00f6\u00f6stuskaupade hulgim\u00fc\u00fck\",\"potentialAction\":[{\"@type\":\"SearchAction\",\"target\":{\"@type\":\"EntryPoint\",\"urlTemplate\":\"https:\\\/\\\/www.obender.eu\\\/?s={search_term_string}\"},\"query-input\":{\"@type\":\"PropertyValueSpecification\",\"valueRequired\":true,\"valueName\":\"search_term_string\"}}],\"inLanguage\":\"en-US\"}]}<\/script>\n<!-- \/ Yoast SEO Premium plugin. -->","yoast_head_json":{"title":"Floodlight Avide Slim IP65 30W 2700lm - Obender","robots":{"index":"index","follow":"follow","max-snippet":"max-snippet:-1","max-image-preview":"max-image-preview:large","max-video-preview":"max-video-preview:-1"},"canonical":"https:\/\/obender.eu\/en\/toode\/suundvalgusti-avide-slim-ip65-30w-cob\/","og_locale":"en_US","og_type":"article","og_title":"Floodlight Avide Slim IP65 30W 2700lm","og_description":"Floodlight Avide Slim 30W SKU: ABSFLNW-30W EAN: 5999562284377 Light source: 30W COB 2700lm, 4000K IP65 class Size: 195*230*50mm, weight 1,43kg","og_url":"https:\/\/obender.eu\/en\/toode\/suundvalgusti-avide-slim-ip65-30w-cob\/","og_site_name":"Obender","article_modified_time":"2026-04-20T03:00:47+00:00","og_image":[{"width":500,"height":500,"url":"https:\/\/obender.eu\/wp-content\/uploads\/2023\/11\/5999562284377-1.jpg","type":"image\/jpeg"}],"twitter_card":"summary_large_image","twitter_misc":{"Est. reading time":"1 minute"},"schema":{"@context":"https:\/\/schema.org","@graph":[{"@type":"WebPage","@id":"https:\/\/obender.eu\/en\/toode\/suundvalgusti-avide-slim-ip65-30w-cob\/","url":"https:\/\/obender.eu\/en\/toode\/suundvalgusti-avide-slim-ip65-30w-cob\/","name":"Floodlight Avide Slim IP65 30W 2700lm - Obender","isPartOf":{"@id":"https:\/\/www.obender.eu\/#website"},"primaryImageOfPage":{"@id":"https:\/\/obender.eu\/en\/toode\/suundvalgusti-avide-slim-ip65-30w-cob\/#primaryimage"},"image":{"@id":"https:\/\/obender.eu\/en\/toode\/suundvalgusti-avide-slim-ip65-30w-cob\/#primaryimage"},"thumbnailUrl":"https:\/\/obender.eu\/wp-content\/uploads\/2023\/11\/5999562284377-1.jpg","datePublished":"2023-11-17T15:09:03+00:00","dateModified":"2026-04-20T03:00:47+00:00","breadcrumb":{"@id":"https:\/\/obender.eu\/en\/toode\/suundvalgusti-avide-slim-ip65-30w-cob\/#breadcrumb"},"inLanguage":"en-US","potentialAction":[{"@type":"ReadAction","target":["https:\/\/obender.eu\/en\/toode\/suundvalgusti-avide-slim-ip65-30w-cob\/"]}]},{"@type":"ImageObject","inLanguage":"en-US","@id":"https:\/\/obender.eu\/en\/toode\/suundvalgusti-avide-slim-ip65-30w-cob\/#primaryimage","url":"https:\/\/obender.eu\/wp-content\/uploads\/2023\/11\/5999562284377-1.jpg","contentUrl":"https:\/\/obender.eu\/wp-content\/uploads\/2023\/11\/5999562284377-1.jpg","width":500,"height":500},{"@type":"BreadcrumbList","@id":"https:\/\/obender.eu\/en\/toode\/suundvalgusti-avide-slim-ip65-30w-cob\/#breadcrumb","itemListElement":[{"@type":"ListItem","position":1,"name":"Home","item":"https:\/\/obender.eu\/en\/"},{"@type":"ListItem","position":2,"name":"Tooted","item":"https:\/\/www.obender.eu\/tooted\/"},{"@type":"ListItem","position":3,"name":"Floodlight Avide Slim IP65 30W 2700lm"}]},{"@type":"WebSite","@id":"https:\/\/www.obender.eu\/#website","url":"https:\/\/www.obender.eu\/","name":"Obender","description":"T\u00f6\u00f6stuskaupade hulgim\u00fc\u00fck","potentialAction":[{"@type":"SearchAction","target":{"@type":"EntryPoint","urlTemplate":"https:\/\/www.obender.eu\/?s={search_term_string}"},"query-input":{"@type":"PropertyValueSpecification","valueRequired":true,"valueName":"search_term_string"}}],"inLanguage":"en-US"}]}},"_links":{"self":[{"href":"https:\/\/obender.eu\/en\/wp-json\/wp\/v2\/product\/27984","targetHints":{"allow":["GET"]}}],"collection":[{"href":"https:\/\/obender.eu\/en\/wp-json\/wp\/v2\/product"}],"about":[{"href":"https:\/\/obender.eu\/en\/wp-json\/wp\/v2\/types\/product"}],"version-history":[{"count":1,"href":"https:\/\/obender.eu\/en\/wp-json\/wp\/v2\/product\/27984\/revisions"}],"predecessor-version":[{"id":27990,"href":"https:\/\/obender.eu\/en\/wp-json\/wp\/v2\/product\/27984\/revisions\/27990"}],"wp:featuredmedia":[{"embeddable":true,"href":"https:\/\/obender.eu\/en\/wp-json\/wp\/v2\/media\/27986"}],"wp:attachment":[{"href":"https:\/\/obender.eu\/en\/wp-json\/wp\/v2\/media?parent=27984"}],"wp:term":[{"taxonomy":"product_brand","embeddable":true,"href":"https:\/\/obender.eu\/en\/wp-json\/wp\/v2\/product_brand?post=27984"},{"taxonomy":"product_cat","embeddable":true,"href":"https:\/\/obender.eu\/en\/wp-json\/wp\/v2\/product_cat?post=27984"},{"taxonomy":"product_tag","embeddable":true,"href":"https:\/\/obender.eu\/en\/wp-json\/wp\/v2\/product_tag?post=27984"}],"curies":[{"name":"wp","href":"https:\/\/api.w.org\/{rel}","templated":true}]}}