{"id":28474,"date":"2023-12-21T20:46:49","date_gmt":"2023-12-21T18:46:49","guid":{"rendered":"https:\/\/obender.eu\/toode\/pulsar-spray-paint-chrome-400ml\/"},"modified":"2026-04-13T05:01:05","modified_gmt":"2026-04-13T02:01:05","slug":"pulsar-spray-paint-chrome-400ml","status":"publish","type":"product","link":"https:\/\/obender.eu\/en\/toode\/pulsar-spray-paint-chrome-400ml\/","title":{"rendered":"Pulsar spray paint chrome 400ml"},"content":{"rendered":"<p>Pulsar spray paint chrome 400ml<\/p>\n<p>wheel spray paint<\/p>\n<p>RAL 9006<\/p>\n<p>EAN:<\/p>\n<p>Produced in Poland.<\/p>\n","protected":false},"excerpt":{"rendered":"<p>Pulsar spray paint chrome 400ml wheel spray paint RAL 9006 EAN: Produced in Poland.<\/p>\n","protected":false},"featured_media":28472,"template":"","meta":[],"product_brand":[],"product_cat":[275,270,373],"product_tag":[1515,646,1516],"class_list":{"0":"post-28474","1":"product","2":"type-product","3":"status-publish","4":"has-post-thumbnail","6":"product_cat-adhesives","7":"product_cat-chemical-products","8":"product_cat-tooriistad-ja-ehitus","9":"product_tag-aerosoolvarv-en","10":"product_tag-pulsar-en","11":"product_tag-spray-paint-en","13":"first","14":"instock","15":"taxable","16":"shipping-taxable","17":"purchasable","18":"product-type-simple"},"yoast_head":"<!-- This site is optimized with the Yoast SEO Premium plugin v20.0 (Yoast SEO v27.3) - https:\/\/yoast.com\/product\/yoast-seo-premium-wordpress\/ -->\n<title>Pulsar spray paint chrome 400ml - Obender<\/title>\n<meta name=\"robots\" content=\"index, follow, max-snippet:-1, max-image-preview:large, max-video-preview:-1\" \/>\n<link rel=\"canonical\" href=\"https:\/\/obender.eu\/toode\/pulsar-aerosoolvarv-kroom-400ml\/\" \/>\n<meta property=\"og:locale\" content=\"en_US\" \/>\n<meta property=\"og:type\" content=\"article\" \/>\n<meta property=\"og:title\" content=\"Pulsar spray paint chrome 400ml\" \/>\n<meta property=\"og:description\" content=\"Pulsar spray paint chrome 400ml wheel spray paint RAL 9006 EAN: Produced in Poland.\" \/>\n<meta property=\"og:url\" content=\"https:\/\/obender.eu\/toode\/pulsar-aerosoolvarv-kroom-400ml\/\" \/>\n<meta property=\"og:site_name\" content=\"Obender\" \/>\n<meta property=\"article:modified_time\" content=\"2026-04-13T02:01:05+00:00\" \/>\n<meta property=\"og:image\" content=\"https:\/\/obender.eu\/wp-content\/uploads\/2023\/12\/KLL26SRP9006_1.jpg\" \/>\n\t<meta property=\"og:image:width\" content=\"600\" \/>\n\t<meta property=\"og:image:height\" content=\"600\" \/>\n\t<meta property=\"og:image:type\" content=\"image\/jpeg\" \/>\n<meta name=\"twitter:card\" content=\"summary_large_image\" \/>\n<meta name=\"twitter:label1\" content=\"Est. reading time\" \/>\n\t<meta name=\"twitter:data1\" content=\"1 minute\" \/>\n<script type=\"application\/ld+json\" class=\"yoast-schema-graph\">{\"@context\":\"https:\\\/\\\/schema.org\",\"@graph\":[{\"@type\":\"WebPage\",\"@id\":\"https:\\\/\\\/obender.eu\\\/toode\\\/pulsar-aerosoolvarv-kroom-400ml\\\/\",\"url\":\"https:\\\/\\\/obender.eu\\\/toode\\\/pulsar-aerosoolvarv-kroom-400ml\\\/\",\"name\":\"Pulsar spray paint chrome 400ml - Obender\",\"isPartOf\":{\"@id\":\"https:\\\/\\\/www.obender.eu\\\/#website\"},\"primaryImageOfPage\":{\"@id\":\"https:\\\/\\\/obender.eu\\\/toode\\\/pulsar-aerosoolvarv-kroom-400ml\\\/#primaryimage\"},\"image\":{\"@id\":\"https:\\\/\\\/obender.eu\\\/toode\\\/pulsar-aerosoolvarv-kroom-400ml\\\/#primaryimage\"},\"thumbnailUrl\":\"https:\\\/\\\/obender.eu\\\/wp-content\\\/uploads\\\/2023\\\/12\\\/KLL26SRP9006_1.jpg\",\"datePublished\":\"2023-12-21T18:46:49+00:00\",\"dateModified\":\"2026-04-13T02:01:05+00:00\",\"breadcrumb\":{\"@id\":\"https:\\\/\\\/obender.eu\\\/toode\\\/pulsar-aerosoolvarv-kroom-400ml\\\/#breadcrumb\"},\"inLanguage\":\"en-US\",\"potentialAction\":[{\"@type\":\"ReadAction\",\"target\":[\"https:\\\/\\\/obender.eu\\\/toode\\\/pulsar-aerosoolvarv-kroom-400ml\\\/\"]}]},{\"@type\":\"ImageObject\",\"inLanguage\":\"en-US\",\"@id\":\"https:\\\/\\\/obender.eu\\\/toode\\\/pulsar-aerosoolvarv-kroom-400ml\\\/#primaryimage\",\"url\":\"https:\\\/\\\/obender.eu\\\/wp-content\\\/uploads\\\/2023\\\/12\\\/KLL26SRP9006_1.jpg\",\"contentUrl\":\"https:\\\/\\\/obender.eu\\\/wp-content\\\/uploads\\\/2023\\\/12\\\/KLL26SRP9006_1.jpg\",\"width\":600,\"height\":600},{\"@type\":\"BreadcrumbList\",\"@id\":\"https:\\\/\\\/obender.eu\\\/toode\\\/pulsar-aerosoolvarv-kroom-400ml\\\/#breadcrumb\",\"itemListElement\":[{\"@type\":\"ListItem\",\"position\":1,\"name\":\"Home\",\"item\":\"https:\\\/\\\/obender.eu\\\/en\\\/\"},{\"@type\":\"ListItem\",\"position\":2,\"name\":\"Tooted\",\"item\":\"https:\\\/\\\/www.obender.eu\\\/tooted\\\/\"},{\"@type\":\"ListItem\",\"position\":3,\"name\":\"Pulsar spray paint chrome 400ml\"}]},{\"@type\":\"WebSite\",\"@id\":\"https:\\\/\\\/www.obender.eu\\\/#website\",\"url\":\"https:\\\/\\\/www.obender.eu\\\/\",\"name\":\"Obender\",\"description\":\"T\u00f6\u00f6stuskaupade hulgim\u00fc\u00fck\",\"potentialAction\":[{\"@type\":\"SearchAction\",\"target\":{\"@type\":\"EntryPoint\",\"urlTemplate\":\"https:\\\/\\\/www.obender.eu\\\/?s={search_term_string}\"},\"query-input\":{\"@type\":\"PropertyValueSpecification\",\"valueRequired\":true,\"valueName\":\"search_term_string\"}}],\"inLanguage\":\"en-US\"}]}<\/script>\n<!-- \/ Yoast SEO Premium plugin. -->","yoast_head_json":{"title":"Pulsar spray paint chrome 400ml - Obender","robots":{"index":"index","follow":"follow","max-snippet":"max-snippet:-1","max-image-preview":"max-image-preview:large","max-video-preview":"max-video-preview:-1"},"canonical":"https:\/\/obender.eu\/toode\/pulsar-aerosoolvarv-kroom-400ml\/","og_locale":"en_US","og_type":"article","og_title":"Pulsar spray paint chrome 400ml","og_description":"Pulsar spray paint chrome 400ml wheel spray paint RAL 9006 EAN: Produced in Poland.","og_url":"https:\/\/obender.eu\/toode\/pulsar-aerosoolvarv-kroom-400ml\/","og_site_name":"Obender","article_modified_time":"2026-04-13T02:01:05+00:00","og_image":[{"width":600,"height":600,"url":"https:\/\/obender.eu\/wp-content\/uploads\/2023\/12\/KLL26SRP9006_1.jpg","type":"image\/jpeg"}],"twitter_card":"summary_large_image","twitter_misc":{"Est. reading time":"1 minute"},"schema":{"@context":"https:\/\/schema.org","@graph":[{"@type":"WebPage","@id":"https:\/\/obender.eu\/toode\/pulsar-aerosoolvarv-kroom-400ml\/","url":"https:\/\/obender.eu\/toode\/pulsar-aerosoolvarv-kroom-400ml\/","name":"Pulsar spray paint chrome 400ml - Obender","isPartOf":{"@id":"https:\/\/www.obender.eu\/#website"},"primaryImageOfPage":{"@id":"https:\/\/obender.eu\/toode\/pulsar-aerosoolvarv-kroom-400ml\/#primaryimage"},"image":{"@id":"https:\/\/obender.eu\/toode\/pulsar-aerosoolvarv-kroom-400ml\/#primaryimage"},"thumbnailUrl":"https:\/\/obender.eu\/wp-content\/uploads\/2023\/12\/KLL26SRP9006_1.jpg","datePublished":"2023-12-21T18:46:49+00:00","dateModified":"2026-04-13T02:01:05+00:00","breadcrumb":{"@id":"https:\/\/obender.eu\/toode\/pulsar-aerosoolvarv-kroom-400ml\/#breadcrumb"},"inLanguage":"en-US","potentialAction":[{"@type":"ReadAction","target":["https:\/\/obender.eu\/toode\/pulsar-aerosoolvarv-kroom-400ml\/"]}]},{"@type":"ImageObject","inLanguage":"en-US","@id":"https:\/\/obender.eu\/toode\/pulsar-aerosoolvarv-kroom-400ml\/#primaryimage","url":"https:\/\/obender.eu\/wp-content\/uploads\/2023\/12\/KLL26SRP9006_1.jpg","contentUrl":"https:\/\/obender.eu\/wp-content\/uploads\/2023\/12\/KLL26SRP9006_1.jpg","width":600,"height":600},{"@type":"BreadcrumbList","@id":"https:\/\/obender.eu\/toode\/pulsar-aerosoolvarv-kroom-400ml\/#breadcrumb","itemListElement":[{"@type":"ListItem","position":1,"name":"Home","item":"https:\/\/obender.eu\/en\/"},{"@type":"ListItem","position":2,"name":"Tooted","item":"https:\/\/www.obender.eu\/tooted\/"},{"@type":"ListItem","position":3,"name":"Pulsar spray paint chrome 400ml"}]},{"@type":"WebSite","@id":"https:\/\/www.obender.eu\/#website","url":"https:\/\/www.obender.eu\/","name":"Obender","description":"T\u00f6\u00f6stuskaupade hulgim\u00fc\u00fck","potentialAction":[{"@type":"SearchAction","target":{"@type":"EntryPoint","urlTemplate":"https:\/\/www.obender.eu\/?s={search_term_string}"},"query-input":{"@type":"PropertyValueSpecification","valueRequired":true,"valueName":"search_term_string"}}],"inLanguage":"en-US"}]}},"_links":{"self":[{"href":"https:\/\/obender.eu\/en\/wp-json\/wp\/v2\/product\/28474","targetHints":{"allow":["GET"]}}],"collection":[{"href":"https:\/\/obender.eu\/en\/wp-json\/wp\/v2\/product"}],"about":[{"href":"https:\/\/obender.eu\/en\/wp-json\/wp\/v2\/types\/product"}],"version-history":[{"count":1,"href":"https:\/\/obender.eu\/en\/wp-json\/wp\/v2\/product\/28474\/revisions"}],"predecessor-version":[{"id":28475,"href":"https:\/\/obender.eu\/en\/wp-json\/wp\/v2\/product\/28474\/revisions\/28475"}],"wp:featuredmedia":[{"embeddable":true,"href":"https:\/\/obender.eu\/en\/wp-json\/wp\/v2\/media\/28472"}],"wp:attachment":[{"href":"https:\/\/obender.eu\/en\/wp-json\/wp\/v2\/media?parent=28474"}],"wp:term":[{"taxonomy":"product_brand","embeddable":true,"href":"https:\/\/obender.eu\/en\/wp-json\/wp\/v2\/product_brand?post=28474"},{"taxonomy":"product_cat","embeddable":true,"href":"https:\/\/obender.eu\/en\/wp-json\/wp\/v2\/product_cat?post=28474"},{"taxonomy":"product_tag","embeddable":true,"href":"https:\/\/obender.eu\/en\/wp-json\/wp\/v2\/product_tag?post=28474"}],"curies":[{"name":"wp","href":"https:\/\/api.w.org\/{rel}","templated":true}]}}